{"id":106,"date":"2024-04-04T07:48:32","date_gmt":"2024-04-04T04:48:32","guid":{"rendered":"https:\/\/sisu.ut.ee\/sdce\/module-6-2-en\/"},"modified":"2024-04-05T12:37:10","modified_gmt":"2024-04-05T09:37:10","slug":"module-6-2-en","status":"publish","type":"page","link":"https:\/\/sisu.ut.ee\/sdce\/pt-pt\/module-6-2-en\/","title":{"rendered":"T\u00f3pico 2: Cultivar e Desenvolver uma Comunidade de Envolvimento C\u00edvico de Estudantes"},"content":{"rendered":"<blockquote>\r\n\t<h4>\r\n\t\t<img loading=\"lazy\" decoding=\"async\" width=\"531\" height=\"399\" class=\"alignnone wp-image-179\" style=\"width: 150px;height: 113px;float: right\" src=\"https:\/\/sisu.ut.ee\/wp-content\/uploads\/sites\/545\/sdce_clowd.png\" title=\"sdce_clowd.png\" alt=\"SDCE_clowd\" srcset=\"https:\/\/sisu.ut.ee\/wp-content\/uploads\/sites\/545\/sdce_clowd.png 531w, https:\/\/sisu.ut.ee\/wp-content\/uploads\/sites\/545\/sdce_clowd-300x225.png 300w\" sizes=\"auto, (max-width: 531px) 100vw, 531px\">Este t\u00f3pico abrange informa\u00e7\u00f5es sobre formas de fomentar uma comunidade de envolvimento c\u00edvico dentro da universidade. Os objetivos de aprendizagem deste t\u00f3pico s\u00e3o que os alunos compreendam a import\u00e2ncia de contar hist\u00f3rias no marketing e como isso pode gerar publicidade via boca-a-boca e apoios.\r\n\t<\/h4>\r\n<\/blockquote>\r\n\r\n<p>\r\n\t\u00a0\r\n<\/p>\r\n\r\n<h3>\r\n\t<img loading=\"lazy\" decoding=\"async\" width=\"536\" height=\"668\" class=\"alignnone wp-image-226\" style=\"width: 200px;height: 249px;float: right\" src=\"https:\/\/sisu.ut.ee\/wp-content\/uploads\/sites\/545\/picture_2_1.jpg\" title=\"picture_2_1.jpg\" alt=\"SDCE6-2\" srcset=\"https:\/\/sisu.ut.ee\/wp-content\/uploads\/sites\/545\/picture_2_1.jpg 536w, https:\/\/sisu.ut.ee\/wp-content\/uploads\/sites\/545\/picture_2_1-241x300.jpg 241w\" sizes=\"auto, (max-width: 536px) 100vw, 536px\">\r\n<\/h3>\r\n\r\n<h3 style=\"margin-bottom: 0.0001pt\">\r\n\t<span style=\"line-height:115%\"><b>Cultivar e desenvolver uma comunidade de envolvimento c\u00edvico de estudantes<\/b><\/span>\r\n<\/h3>\r\n\r\n<p style=\"margin-bottom: 0.0001pt\">\r\n\t<span style=\"line-height:115%\">O pr\u00f3ximo passo para garantir que a mensagem do projeto DCE \u00e9 estabelecida \u00e9 cultivar e desenvolver o projeto DCE.<\/span>\r\n<\/p>\r\n\r\n<p style=\"margin-bottom: 0.0001pt\">\r\n\t<span style=\"line-height:115%\">Ao garantir que a comunidade tem conhecimento e debate sobre o projeto, pode garantir que a miss\u00e3o do projeto seja definida e garantir a continuidade do mesmo.<\/span>\r\n<\/p>\r\n\r\n<p style=\"margin-bottom: 0.0001pt\">\r\n\t<span style=\"line-height:115%\">Mas como podemos criar e promover um ambiente onde um projeto DCE \u00e9 discutido e que a difus\u00e3o via boca-a-boca acontece?<\/span>\r\n<\/p>\r\n\r\n<p style=\"margin-bottom: 0.0001pt\">\r\n\t\u00a0\r\n<\/p>\r\n\r\n<h3 style=\"margin-bottom: 0.0001pt\">\r\n\t<span style=\"line-height:115%\"><b>Criar um ambiente positivo<\/b><\/span>\r\n<\/h3>\r\n\r\n<p style=\"margin-bottom: 0.0001pt\">\r\n\t<span style=\"line-height:115%\">Como vimos no t\u00f3pico anterior, ao estabelecer a confian\u00e7a, podemos ajudar a criar um ambiente positivo tanto para os alunos quanto para as comunidades.<\/span>\r\n<\/p>\r\n\r\n<p style=\"margin-bottom: 0.0001pt\">\r\n\t<span style=\"line-height:115%\">Um ambiente positivo tamb\u00e9m ajudar\u00e1 a criar um ambiente positivo, onde not\u00edcias sobre o projeto se v\u00e3o difundir naturalmente.<\/span>\r\n<\/p>\r\n\r\n<p style=\"margin-bottom: 0.0001pt\">\r\n\t<span style=\"line-height:115%\">Um ambiente positivo tamb\u00e9m pode ajudar a estabelecer outros m\u00e9todos de marketing do projeto\u2026<\/span>\r\n<\/p>\r\n\r\n<p style=\"margin-bottom: 0.0001pt\">\r\n\t\u00a0\r\n<\/p>\r\n\r\n<h3 style=\"margin-bottom: 0.0001pt\">\r\n\t<span style=\"line-height:115%\"><b>Criar uma narrativa positiva<\/b><\/span>\r\n<\/h3>\r\n\r\n<p style=\"margin-bottom: 0.0001pt\">\r\n\t<span style=\"line-height:115%\">Um projeto DCE pode ser um servi\u00e7o ou transfer\u00eancia de conhecimento. Vimos no estudo de caso do GMIT que os entrevistados sugeriram que, sem o apoio dos alunos, alguns grupos comunit\u00e1rios podiam ter deixado de existir. O fato deste projeto DCE ter ajudado a garantir o estabelecimento e o crescimento de certos projetos e neg\u00f3cios comunit\u00e1rios \u00e9 uma mensagem fant\u00e1stica que os futuros grupos DCE podem utilizar.<\/span>\r\n<\/p>\r\n\r\n<p style=\"margin-bottom: 0.0001pt\">\r\n\t<span style=\"line-height:115%\">Ao desenvolver o projeto DCE, deve-se pensar no que o projeto oferece. Durante uma atividade de rela\u00e7\u00f5es p\u00fablicas ou de marketing \u00e9 importante que se crie uma narrativa que promova os aspetos positivos do projeto SDCE.<\/span>\r\n<\/p>\r\n\r\n<p style=\"margin-bottom: 0.0001pt\">\r\n\t<span style=\"line-height:115%\">Contar hist\u00f3rias \u00e9 uma forma atrativa do Projeto DCE concretizar isso.<\/span>\r\n<\/p>\r\n\r\n<p style=\"margin-bottom: 0.0001pt\">\r\n\t\u00a0\r\n<\/p>\r\n\r\n<h4 style=\"margin-bottom: 0.0001pt;margin-left: 40px\">\r\n\t<em><span style=\"line-height:115%\">\u201cA pessoa mais poderosa do mundo \u00e9 um contador de hist\u00f3rias. O contador de hist\u00f3rias define a vis\u00e3o, valores e agenda de toda uma gera\u00e7\u00e3o que vem.\u201d<\/span><\/em>\r\n<\/h4>\r\n\r\n<p style=\"margin-bottom: 0.0001pt;margin-left: 40px\">\r\n\t<em><span style=\"line-height:115%\">Steve Jobs.<\/span><\/em>\r\n<\/p>\r\n\r\n<p style=\"margin-bottom: 0.0001pt\">\r\n\t\u00a0\r\n<\/p>\r\n\r\n<h3 style=\"margin-bottom: 0.0001pt\">\r\n\t<span style=\"line-height:115%\"><b>Como usar o <i>storytelling <\/i>como narrativa<\/b><\/span>\r\n<\/h3>\r\n\r\n<p style=\"margin-bottom: 0.0001pt\">\r\n\t<span style=\"line-height:115%\">Contar hist\u00f3rias \u00e9 uma forma poderosa de promover certas narrativas. Estas podem ser usadas a favor do seu projeto. Uma forma de concretizar esta a\u00e7\u00e3o \u00e9 criar hist\u00f3rias de sucesso. Ter as hist\u00f3rias no site do projeto ou nas redes sociais, ajuda a influenciar outras pessoas e a integrar o projeto DCE em movimento de\u00a0 promo\u00e7\u00e3o ou recomenda\u00e7\u00e3o.<\/span>\r\n<\/p>\r\n\r\n<p style=\"margin-bottom: 0.0001pt\">\r\n\t<span style=\"line-height:115%\">Porque funciona? As pessoas adoram ouvir hist\u00f3rias, porque desencadeiam sentimentos de empatia, e a empatia pode ajudar a criar conex\u00f5es humanas. Ao contar as hist\u00f3rias das pessoas que o projeto ajudou, bem como contar as hist\u00f3rias das pessoas por detr\u00e1s do projeto, pode ajudar a atrair novos volunt\u00e1rios e a garantir o sucesso do projeto de DCE, enquanto talvez um evento atraia novos interessados.<\/span>\r\n<\/p>\r\n\r\n<p style=\"margin-bottom: 0.0001pt\">\r\n\t\u00a0\r\n<\/p>\r\n\r\n<h3 style=\"margin-bottom: 0.0001pt\">\r\n\t<span style=\"line-height:115%\"><b>Utilizar as redes sociais<\/b><\/span>\r\n<\/h3>\r\n\r\n<p style=\"margin-bottom: 0.0001pt\">\r\n\t<span style=\"line-height:115%\">Muitos projetos podem divulgar as suas hist\u00f3rias nas plataformas da rede social.<\/span>\r\n<\/p>\r\n\r\n<p>\r\n\t<span lang=\"PT\"><span style=\"line-height:107%\"><span>Atrav\u00e9s da cria\u00e7\u00e3o de v\u00eddeos promocionais e atrav\u00e9s da recolha de depoimentos dos membros do grupo. Estes elementos podem ser combinados com outros aspetos promocionais das redes sociais, como manter os seguidores atualizados sobre os objetivos do projeto, bem como usar a transmiss\u00e3o ao vivo como forma de promo\u00e7\u00e3o.<\/span><\/span><\/span>\r\n<\/p>\r\n\r\n<p>\r\n\t\u00a0\r\n<\/p>\r\n\r\n<h3>\r\n\tSaiba mais sobre o poder de contar hist\u00f3rias no v\u00eddeo abaixo:\u00a0\u201cThe magical science of storytelling\u201d, David JP Phillips\r\n<\/h3>\r\n\r\n<p>\r\n\t\u00a0\r\n<\/p>\r\n\r\n<p>\r\n\t<img loading=\"lazy\" decoding=\"async\" width=\"1716\" height=\"1094\" class=\"alignnone wp-image-227\" style=\"width: 300px;height: 191px\" src=\"https:\/\/sisu.ut.ee\/wp-content\/uploads\/sites\/545\/sdce_video6-2.png\" title=\"sdce_video6-2.png\" alt=\"SDCEvideo6_2\" srcset=\"https:\/\/sisu.ut.ee\/wp-content\/uploads\/sites\/545\/sdce_video6-2.png 1716w, https:\/\/sisu.ut.ee\/wp-content\/uploads\/sites\/545\/sdce_video6-2-300x191.png 300w, https:\/\/sisu.ut.ee\/wp-content\/uploads\/sites\/545\/sdce_video6-2-1024x653.png 1024w, https:\/\/sisu.ut.ee\/wp-content\/uploads\/sites\/545\/sdce_video6-2-768x490.png 768w, https:\/\/sisu.ut.ee\/wp-content\/uploads\/sites\/545\/sdce_video6-2-1536x979.png 1536w\" sizes=\"auto, (max-width: 1716px) 100vw, 1716px\">https:\/\/www.youtube.com\/watch?v=Nj-hdQMa3uA\r\n<\/p>\r\n\r\n<h2>\r\n\t<b>Teste r\u00e1pido<\/b>\r\n<\/h2>\r\n\r\n<p>\r\n\t\u00a0\r\n<\/p>\r\n\r\n<div class=\"h5p-iframe-wrapper\"><div class=\"video-placeholder-wrapper video-placeholder-wrapper--fixed\" style=\"height: 366px;\">\n\t\t\t    <div class=\"video-placeholder d-flex justify-content-center align-items-center\">\n\t\t\t        <div class=\"overlay text-white p-2 w-100 text-center d-block justify-content-center align-items-center\">\n\t\t\t            <div>To view third-party content, please accept cookies.<\/div>\n\t\t\t            <button class=\"btn btn-secondary btn-sm mt-1 consent-change\">Change consent<\/button>\n\t\t\t        <\/div>\n\t\t\t    <\/div>\n\t\t\t<\/div>\n<\/div>\r\n","protected":false},"excerpt":{"rendered":"<p>Este t\u00f3pico abrange informa\u00e7\u00f5es sobre formas de fomentar uma comunidade de envolvimento c\u00edvico dentro da universidade. Os objetivos de aprendizagem deste t\u00f3pico s\u00e3o que os alunos compreendam a import\u00e2ncia de contar hist\u00f3rias no marketing e como isso pode gerar publicidade &#8230;<\/p>\n","protected":false},"author":63,"featured_media":0,"parent":0,"menu_order":0,"comment_status":"closed","ping_status":"closed","template":"","meta":{"_acf_changed":false,"inline_featured_image":false,"footnotes":""},"class_list":["post-106","page","type-page","status-publish","hentry"],"acf":[],"_links":{"self":[{"href":"https:\/\/sisu.ut.ee\/sdce\/pt-pt\/wp-json\/wp\/v2\/pages\/106","targetHints":{"allow":["GET"]}}],"collection":[{"href":"https:\/\/sisu.ut.ee\/sdce\/pt-pt\/wp-json\/wp\/v2\/pages"}],"about":[{"href":"https:\/\/sisu.ut.ee\/sdce\/pt-pt\/wp-json\/wp\/v2\/types\/page"}],"author":[{"embeddable":true,"href":"https:\/\/sisu.ut.ee\/sdce\/pt-pt\/wp-json\/wp\/v2\/users\/63"}],"replies":[{"embeddable":true,"href":"https:\/\/sisu.ut.ee\/sdce\/pt-pt\/wp-json\/wp\/v2\/comments?post=106"}],"version-history":[{"count":3,"href":"https:\/\/sisu.ut.ee\/sdce\/pt-pt\/wp-json\/wp\/v2\/pages\/106\/revisions"}],"predecessor-version":[{"id":809,"href":"https:\/\/sisu.ut.ee\/sdce\/pt-pt\/wp-json\/wp\/v2\/pages\/106\/revisions\/809"}],"wp:attachment":[{"href":"https:\/\/sisu.ut.ee\/sdce\/pt-pt\/wp-json\/wp\/v2\/media?parent=106"}],"curies":[{"name":"wp","href":"https:\/\/api.w.org\/{rel}","templated":true}]}}