{"id":100,"date":"2024-04-04T07:48:31","date_gmt":"2024-04-04T04:48:31","guid":{"rendered":"https:\/\/sisu.ut.ee\/sdce\/module-5-4-en\/"},"modified":"2024-04-05T12:37:10","modified_gmt":"2024-04-05T09:37:10","slug":"module-5-4-en","status":"publish","type":"page","link":"https:\/\/sisu.ut.ee\/sdce\/pt-pt\/module-5-4-en\/","title":{"rendered":"T\u00f3pico 4: Import\u00e2ncia da Responsabilidade Social Corporativa"},"content":{"rendered":"<blockquote>\r\n\t<h4>\r\n\t\t<img loading=\"lazy\" decoding=\"async\" width=\"531\" height=\"399\" class=\"alignnone wp-image-179\" style=\"width: 150px;height: 113px;float: right\" src=\"https:\/\/sisu.ut.ee\/wp-content\/uploads\/sites\/545\/sdce_clowd.png\" title=\"sdce_clowd.png\" alt=\"SDCE_clowd\" srcset=\"https:\/\/sisu.ut.ee\/wp-content\/uploads\/sites\/545\/sdce_clowd.png 531w, https:\/\/sisu.ut.ee\/wp-content\/uploads\/sites\/545\/sdce_clowd-300x225.png 300w\" sizes=\"auto, (max-width: 531px) 100vw, 531px\">Esta se\u00e7\u00e3o destaca a import\u00e2ncia da responsabilidade social corporativa e como pode ser um fator importante no ativismo e na solu\u00e7\u00e3o de poss\u00edveis problemas c\u00edvicos que podem ser resolvidos. Os resultados de aprendizagem desta se\u00e7\u00e3o s\u00e3o fornecer uma compreens\u00e3o da responsabilidade social corporativa e como ela pode ser aplicada a favor do desenvolvimento de um projeto de DCE.\r\n\t<\/h4>\r\n<\/blockquote>\r\n\r\n<p>\r\n\t\u00a0\r\n<\/p>\r\n\r\n<h3>\r\n\t<img loading=\"lazy\" decoding=\"async\" width=\"551\" height=\"720\" class=\"alignnone wp-image-189\" style=\"width: 200px;height: 261px;float: right\" src=\"https:\/\/sisu.ut.ee\/wp-content\/uploads\/sites\/545\/picture4.jpg\" title=\"picture4.jpg\" alt=\"SDCE5-4\" srcset=\"https:\/\/sisu.ut.ee\/wp-content\/uploads\/sites\/545\/picture4.jpg 551w, https:\/\/sisu.ut.ee\/wp-content\/uploads\/sites\/545\/picture4-230x300.jpg 230w\" sizes=\"auto, (max-width: 551px) 100vw, 551px\">\r\n<\/h3>\r\n\r\n<h3 style=\"margin-bottom: 0.0001pt\">\r\n\t<span style=\"line-height:115%\"><b>O que \u00e9 Responsabilidade Social Empresarial?<\/b><\/span>\r\n<\/h3>\r\n\r\n<p style=\"margin-bottom: 0.0001pt\">\r\n\t<span style=\"line-height:115%\">A Responsabilidade Social Corporativa (RSE) \u00e9 quando as empresas assumem a responsabilidade pelo seu impacto na sociedade. \u00c9 quando as empresas v\u00e3o al\u00e9m da legisla\u00e7\u00e3o para causar um impacto moral positivo na comunidade.<\/span>\r\n<\/p>\r\n\r\n<p style=\"margin-bottom: 0.0001pt\">\r\n\t<span style=\"line-height:115%\">A RSE pode traduzir-se em pr\u00e1ticas de Com\u00e9rcio Justo, melhorar as condi\u00e7\u00f5es de trabalho, fazer doa\u00e7\u00f5es ou patroc\u00ednios. A RSE \u00e9 cada vez mais importante para as empresas se envolverem no ambiente atual.<\/span>\r\n<\/p>\r\n\r\n<p style=\"margin-bottom: 0.0001pt\">\r\n\t\u00a0\r\n<\/p>\r\n\r\n<h3 style=\"margin-bottom: 0.0001pt\">\r\n\t<span style=\"line-height:115%\"><b>Por que a RSE \u00e9 importante?<\/b><\/span>\r\n<\/h3>\r\n\r\n<p style=\"margin-bottom: 0.0001pt\">\r\n\t<span style=\"line-height:115%\">A Responsabilidade Social Corporativa beneficia todos, desde o consumidor at\u00e9 a pr\u00f3pria empresa. O consumidor sabe que, ao optar por comprar a uma empresa socialmente respons\u00e1vel, est\u00e1 a contribuir para uma boa causa, e a empresa pode aumentar as vendas, a boa vontade, o reconhecimento da marca e o leque de clientes atrav\u00e9s de pr\u00e1ticas \u00e9ticas. E, \u00e9 claro, a comunidade no seu sentido mais amplo, beneficia com a participa\u00e7\u00e3o da empresa em RSC \u2013 incluindo o seu projeto, espero!<\/span>\r\n<\/p>\r\n\r\n<p style=\"margin-bottom: 0.0001pt\">\r\n\t\u00a0\r\n<\/p>\r\n\r\n<h3 style=\"margin-bottom: 0.0001pt\">\r\n\t<span style=\"line-height:115%\"><b>Constru\u00e7\u00e3o de uma estrat\u00e9gia de RSC<\/b><\/span>\r\n<\/h3>\r\n\r\n<p style=\"margin-bottom: 0.0001pt\">\r\n\t<span style=\"line-height:115%\">Pense no que o seu projeto DCE vai desenvolver. Onde est\u00e3o os pontos fortes? Isso pode ser qualquer coisa, desde uma equipa de marketing s\u00f3lida at\u00e9 uma excelente comunica\u00e7\u00e3o dentro da sua empresa. Trabalhe esses pontos fortes e apoie-se neles ao longo do percurso da RSC. \u00c9 importante identificar o que clientes valorizam ao planear uma estrat\u00e9gia de RSC. Certificar-se de que tudo o que investe est\u00e1 alinhado com a miss\u00e3o do projeto. Recrute ideias da equipa toda.<\/span>\r\n<\/p>\r\n\r\n<p>\r\n\t<span lang=\"PT\"><span style=\"line-height:107%\"><span>A cria\u00e7\u00e3o de um plano de envolvimento de RSC no projeto com os principais volunt\u00e1rios ajudar\u00e1 a construir uma estrat\u00e9gia s\u00f3lida de RSC que poder\u00e1 apresentar aos restantes elementos da equipa. Todos no projeto precisam acreditar na sua estrat\u00e9gia de RSC para garantir que \u00e9 genu\u00edna.<\/span><\/span><\/span>\r\n<\/p>\r\n\r\n<p>\r\n\t\u00a0\r\n<\/p>\r\n\r\n<h3 style=\"margin-bottom: 0.0001pt\">\r\n\tAssista a este v\u00eddeo que avalia a import\u00e2ncia da Responsabilidade Social Corporativa em todas dimens\u00f5es de empresa\/neg\u00f3cio.\r\n<\/h3>\r\n\r\n<h3>\r\n\t\r\n<\/h3>\r\n\r\n<p>\r\n\t<img loading=\"lazy\" decoding=\"async\" width=\"1716\" height=\"1094\" class=\"alignnone wp-image-223\" style=\"width: 300px;height: 191px\" src=\"https:\/\/sisu.ut.ee\/wp-content\/uploads\/sites\/545\/sdce_video5-4.png\" title=\"sdce_video5-4.png\" alt=\"SDCE_video_5-4\" srcset=\"https:\/\/sisu.ut.ee\/wp-content\/uploads\/sites\/545\/sdce_video5-4.png 1716w, https:\/\/sisu.ut.ee\/wp-content\/uploads\/sites\/545\/sdce_video5-4-300x191.png 300w, https:\/\/sisu.ut.ee\/wp-content\/uploads\/sites\/545\/sdce_video5-4-1024x653.png 1024w, https:\/\/sisu.ut.ee\/wp-content\/uploads\/sites\/545\/sdce_video5-4-768x490.png 768w, https:\/\/sisu.ut.ee\/wp-content\/uploads\/sites\/545\/sdce_video5-4-1536x979.png 1536w\" sizes=\"auto, (max-width: 1716px) 100vw, 1716px\"><span><span style=\"line-height:107%\"><span><a href=\"https:\/\/www.youtube.com\/watch?v=dwh93cjDeT0\">https:\/\/www.youtube.com\/watch?v=dwh93cjDeT0<\/a> <\/span><\/span><\/span>\r\n<\/p>\r\n\r\n<p>\r\n\t\u00a0\r\n<\/p>\r\n\r\n<h2>\r\n\t<span style=\"line-height:115%\"><b>Teste r\u00e1pido<\/b><\/span>\r\n<\/h2>\r\n\r\n<div class=\"h5p-iframe-wrapper\"><div class=\"video-placeholder-wrapper video-placeholder-wrapper--fixed\" style=\"height: 366px;\">\n\t\t\t    <div class=\"video-placeholder d-flex justify-content-center align-items-center\">\n\t\t\t        <div class=\"overlay text-white p-2 w-100 text-center d-block justify-content-center align-items-center\">\n\t\t\t            <div>To view third-party content, please accept cookies.<\/div>\n\t\t\t            <button class=\"btn btn-secondary btn-sm mt-1 consent-change\">Change consent<\/button>\n\t\t\t        <\/div>\n\t\t\t    <\/div>\n\t\t\t<\/div>\n<\/div>\r\n","protected":false},"excerpt":{"rendered":"<p>Esta se\u00e7\u00e3o destaca a import\u00e2ncia da responsabilidade social corporativa e como pode ser um fator importante no ativismo e na solu\u00e7\u00e3o de poss\u00edveis problemas c\u00edvicos que podem ser resolvidos. Os resultados de aprendizagem desta se\u00e7\u00e3o s\u00e3o fornecer uma compreens\u00e3o da &#8230;<\/p>\n","protected":false},"author":63,"featured_media":0,"parent":0,"menu_order":0,"comment_status":"closed","ping_status":"closed","template":"","meta":{"_acf_changed":false,"inline_featured_image":false,"footnotes":""},"class_list":["post-100","page","type-page","status-publish","hentry"],"acf":[],"_links":{"self":[{"href":"https:\/\/sisu.ut.ee\/sdce\/pt-pt\/wp-json\/wp\/v2\/pages\/100","targetHints":{"allow":["GET"]}}],"collection":[{"href":"https:\/\/sisu.ut.ee\/sdce\/pt-pt\/wp-json\/wp\/v2\/pages"}],"about":[{"href":"https:\/\/sisu.ut.ee\/sdce\/pt-pt\/wp-json\/wp\/v2\/types\/page"}],"author":[{"embeddable":true,"href":"https:\/\/sisu.ut.ee\/sdce\/pt-pt\/wp-json\/wp\/v2\/users\/63"}],"replies":[{"embeddable":true,"href":"https:\/\/sisu.ut.ee\/sdce\/pt-pt\/wp-json\/wp\/v2\/comments?post=100"}],"version-history":[{"count":3,"href":"https:\/\/sisu.ut.ee\/sdce\/pt-pt\/wp-json\/wp\/v2\/pages\/100\/revisions"}],"predecessor-version":[{"id":813,"href":"https:\/\/sisu.ut.ee\/sdce\/pt-pt\/wp-json\/wp\/v2\/pages\/100\/revisions\/813"}],"wp:attachment":[{"href":"https:\/\/sisu.ut.ee\/sdce\/pt-pt\/wp-json\/wp\/v2\/media?parent=100"}],"curies":[{"name":"wp","href":"https:\/\/api.w.org\/{rel}","templated":true}]}}