{"id":7,"date":"2024-04-04T07:48:21","date_gmt":"2024-04-04T04:48:21","guid":{"rendered":"https:\/\/sisu.ut.ee\/sdce\/module-1-1\/"},"modified":"2024-04-05T12:37:15","modified_gmt":"2024-04-05T09:37:15","slug":"module-1-1","status":"publish","type":"page","link":"https:\/\/sisu.ut.ee\/sdce\/et\/module-1-1\/","title":{"rendered":"Teema 1: Mis on \u00fcli\u00f5pilaste digitaalne kodanikuosalus?"},"content":{"rendered":"<blockquote>\r\n\t<h4>\r\n\t\t<img loading=\"lazy\" decoding=\"async\" width=\"531\" height=\"399\" class=\"alignnone wp-image-179\" style=\"width: 150px;height: 113px;float: right\" src=\"https:\/\/sisu.ut.ee\/wp-content\/uploads\/sites\/545\/sdce_clowd.png\" title=\"sdce_clowd.png\" alt=\"SDCE_clowd\" srcset=\"https:\/\/sisu.ut.ee\/wp-content\/uploads\/sites\/545\/sdce_clowd.png 531w, https:\/\/sisu.ut.ee\/wp-content\/uploads\/sites\/545\/sdce_clowd-300x225.png 300w\" sizes=\"auto, (max-width: 531px) 100vw, 531px\"><span lang=\"EN-GB\"><span style=\"line-height:107%\">Selle teema \u00f5pieesm\u00e4rk on m\u00f5ista \u00f5ppijate digitaalse kodanikuosaluse kontseptsiooni. \u00d5ppijatele tutvustatakse kodanikuosalsue, digitaalse kodanikuosaluse ja \u00fcli\u00f5pilaste digitaalse kodanikuosaluse m\u00f5istete erinevusi. Teema keskendub \u00f5ppijate digitaalse kodanikuosaluse baasteadmiste andmisele.<\/span><\/span>\r\n\t<\/h4>\r\n<\/blockquote>\r\n\r\n<p>\r\n\t\u00a0\r\n<\/p>\r\n\r\n<h3>\r\n\t<img loading=\"lazy\" decoding=\"async\" width=\"536\" height=\"668\" class=\"alignnone wp-image-183\" style=\"width: 200px;height: 249px;float: right\" src=\"https:\/\/sisu.ut.ee\/wp-content\/uploads\/sites\/545\/picture_1_1.jpg\" title=\"picture_1_1.jpg\" alt=\"SDCE1-1\" srcset=\"https:\/\/sisu.ut.ee\/wp-content\/uploads\/sites\/545\/picture_1_1.jpg 536w, https:\/\/sisu.ut.ee\/wp-content\/uploads\/sites\/545\/picture_1_1-241x300.jpg 241w\" sizes=\"auto, (max-width: 536px) 100vw, 536px\"><span lang=\"EN-GB\"><span style=\"line-height:107%\"><span>\u00dcli\u00f5pilaste digitaalne kodanikuosalus h\u00f5lmab laia valdkonda ja l\u00e4bib erinevaid termineid:<\/span><\/span><\/span>\r\n<\/h3>\r\n\r\n<p>\r\n\t<b>Kodanikuosalus <\/b>on \u00fcksikisiku v\u00f5i r\u00fchma kaasamise vorm, mis keskendub osalemisele kas poliitilises tegevuses, kogukonna tegevuses v\u00f5i m\u00f5lemas (nt h\u00e4\u00e4letamine, kogukonna koosolekutel osalemine, riigiametnikega \u00fchenduse v\u00f5tmine, protestides osalemine, petitsioonide allkirjastamine v\u00f5i oma kogukonna kohta artiklite kirjutamine). Kodanikuosalus on p\u00fchendunud olemine kogukonna parimatele huvidele ja keskendub paremale ja demokraatlikule elukvaliteedile.\r\n<\/p>\r\n\r\n<p>\r\n\t<b><span lang=\"EN-US\"><span style=\"line-height:107%\">Digitaalne kodanikuosalus<\/span><\/span><\/b><span lang=\"EN-US\"><span style=\"line-height:107%\"> viitab kodanikuosalusele, mis toimub digivahendite kasutamise kaudu. See h\u00f5lmab tavap\u00e4rasemaid tegevusi (nt uudiste lugemine ja levitamine, e-kirjade kirjutamine valitud esindajale v\u00f5i kogukonnaorganisatsioonile v\u00f5i kuulimine veebip\u00f5hisesse \u00fclikoolilinnakusse v\u00f5i kogukonnagruppi) ja digitaalse suhtluse vorme (nt ajaveebi kirjutamine, petitsiooniplatvormi v\u00f5i \u00fchisrahastuse platvormil lehe loomine sotsiaalv\u00f5rgustike t\u00f6\u00f6riistu kasutades).<\/span><\/span>\r\n<\/p>\r\n\r\n<p style=\"margin-bottom:.0001pt;text-align:justify\">\r\n\t<b><span lang=\"EN-GB\"><span style=\"line-height:107%\">\u00dcli\u00f5pilaste kodanikuosalus<\/span><\/span><\/b><span lang=\"EN-GB\"><span style=\"line-height:107%\"> tekib siis, kui \u00fcli\u00f5pilased osalevad k\u00f5rgkoolides kodanikutegevuses. Need tegevused v\u00f5ivad olla kas valikulised (nt vabatahtlik t\u00f6\u00f6 \u00fcli\u00f5pilasliidus, mentorina tegutsemine) v\u00f5i osa \u00f5ppeprogrammi(de)st (nt praktiline \u00f5pe kursuse raames).<\/span><\/span>\r\n<\/p>\r\n\r\n<p style=\"margin-bottom:.0001pt;text-align:justify\">\r\n\t<b><span lang=\"EN-GB\"><span style=\"line-height:107%\">\u00dcli\u00f5pilaste digitaalne kodanikuosalus<\/span><\/span><\/b><span lang=\"EN-GB\"><span style=\"line-height:107%\"> h\u00f5lmab nii kodaniku- kui ka digitaalset komponenti: see viitab \u00fcli\u00f5pilaste kodanikuosalusele, kasutades digivahendeid oma kodanikutegevuse tutvustamiseks ja l\u00e4biviimiseks.<\/span><\/span>\r\n<\/p>\r\n\r\n<p style=\"margin-bottom:.0001pt;text-align:justify\">\r\n\t\u00a0\r\n<\/p>\r\n\r\n<h2 style=\"margin-bottom: 0.0001pt;text-align: justify\">\r\n\tEnesekontrolli test\r\n<\/h2>\r\n\r\n<p style=\"margin-bottom:.0001pt;text-align:justify\">\r\n\t<\/p><div class=\"h5p-iframe-wrapper\"><div class=\"video-placeholder-wrapper video-placeholder-wrapper--fixed\" style=\"height: 366px;\">\n\t\t\t    <div class=\"video-placeholder d-flex justify-content-center align-items-center\">\n\t\t\t        <div class=\"overlay text-white p-2 w-100 text-center d-block justify-content-center align-items-center\">\n\t\t\t            <div>Kolmandate osapoolte sisu n\u00e4gemiseks palun n\u00f5ustu k\u00fcpsistega.<\/div>\n\t\t\t            <button class=\"btn btn-secondary btn-sm mt-1 consent-change\">Muuda n\u00f5usolekut<\/button>\n\t\t\t        <\/div>\n\t\t\t    <\/div>\n\t\t\t<\/div>\n<\/div>\r\n\r\n","protected":false},"excerpt":{"rendered":"<p>Selle teema \u00f5pieesm\u00e4rk on m\u00f5ista \u00f5ppijate digitaalse kodanikuosaluse kontseptsiooni. \u00d5ppijatele tutvustatakse kodanikuosalsue, digitaalse kodanikuosaluse ja \u00fcli\u00f5pilaste digitaalse kodanikuosaluse m\u00f5istete erinevusi. Teema keskendub \u00f5ppijate digitaalse kodanikuosaluse baasteadmiste andmisele. \u00a0 \u00dcli\u00f5pilaste digitaalne kodanikuosalus h\u00f5lmab laia valdkonda ja l\u00e4bib erinevaid termineid: Kodanikuosalus on &#8230;<\/p>\n","protected":false},"author":63,"featured_media":0,"parent":0,"menu_order":0,"comment_status":"closed","ping_status":"closed","template":"","meta":{"_acf_changed":false,"inline_featured_image":false,"footnotes":""},"class_list":["post-7","page","type-page","status-publish","hentry"],"acf":[],"_links":{"self":[{"href":"https:\/\/sisu.ut.ee\/sdce\/et\/wp-json\/wp\/v2\/pages\/7","targetHints":{"allow":["GET"]}}],"collection":[{"href":"https:\/\/sisu.ut.ee\/sdce\/et\/wp-json\/wp\/v2\/pages"}],"about":[{"href":"https:\/\/sisu.ut.ee\/sdce\/et\/wp-json\/wp\/v2\/types\/page"}],"author":[{"embeddable":true,"href":"https:\/\/sisu.ut.ee\/sdce\/et\/wp-json\/wp\/v2\/users\/63"}],"replies":[{"embeddable":true,"href":"https:\/\/sisu.ut.ee\/sdce\/et\/wp-json\/wp\/v2\/comments?post=7"}],"version-history":[{"count":3,"href":"https:\/\/sisu.ut.ee\/sdce\/et\/wp-json\/wp\/v2\/pages\/7\/revisions"}],"predecessor-version":[{"id":876,"href":"https:\/\/sisu.ut.ee\/sdce\/et\/wp-json\/wp\/v2\/pages\/7\/revisions\/876"}],"wp:attachment":[{"href":"https:\/\/sisu.ut.ee\/sdce\/et\/wp-json\/wp\/v2\/media?parent=7"}],"curies":[{"name":"wp","href":"https:\/\/api.w.org\/{rel}","templated":true}]}}