{"id":5,"date":"2024-04-04T07:48:21","date_gmt":"2024-04-04T04:48:21","guid":{"rendered":"https:\/\/sisu.ut.ee\/sdce\/module-1\/"},"modified":"2024-04-04T07:50:41","modified_gmt":"2024-04-04T04:50:41","slug":"module-1","status":"publish","type":"page","link":"https:\/\/sisu.ut.ee\/sdce\/et\/module-1\/","title":{"rendered":"Moodul 1: Digitaalne kodanikuaktiivsus \u2013 potentsiaal tehnoloogia ja uue meedia ristumiskohas"},"content":{"rendered":"<blockquote>\n<p style=\"margin-bottom:.0001pt\">\n\t\t<img loading=\"lazy\" decoding=\"async\" width=\"455\" height=\"567\" class=\"alignnone wp-image-182\" style=\"float: right\" src=\"https:\/\/sisu.ut.ee\/wp-content\/uploads\/sites\/545\/m1_f1.png\" title=\"m1_f1.png\" alt=\"Image 1\" srcset=\"https:\/\/sisu.ut.ee\/wp-content\/uploads\/sites\/545\/m1_f1.png 455w, https:\/\/sisu.ut.ee\/wp-content\/uploads\/sites\/545\/m1_f1-241x300.png 241w\" sizes=\"auto, (max-width: 455px) 100vw, 455px\">\n\t<\/p>\n<p style=\"margin-bottom:.0001pt\">\n\t\t<span style=\"line-height:normal\"><b><span lang=\"EN-GB\">Alustame!<\/span><\/b><\/span>\n\t<\/p>\n<p style=\"margin-bottom:.0001pt\">\n\t\t<strong><span style=\"line-height:normal\"><span lang=\"EN-GB\">See moodul k\u00e4sitleb \u00f5ppijate digitaalse kodanikuosaluse kontseptsiooni ja selgitab, mis on digitaalne kodanikuosalus ja selle potentsiaali \u00f5ppijate arenemisel ja sotsiaalseks sidususeks \u00fchiskonnas. \u00d5ppijad saavad \u00fclevaate p\u00e4devustest, mida nad omandavad digitaalstes kodanikuosaluse tegevustes osaledes, ning tutvuvad mitmete kodaniku kaasamise projektide n\u00e4idetega.<\/span><\/span><\/strong>\n\t<\/p>\n<p style=\"margin-bottom:.0001pt\">\n\t\t\u00a0\n\t<\/p>\n<\/blockquote>\n<p style=\"margin-bottom:.0001pt\">\n\t<span style=\"line-height:normal\"><b><span lang=\"EN-GB\">Selles moodulis k\u00e4sitletavad teemad:<\/span><\/b><\/span>\n<\/p>\n<p style=\"margin-bottom:.0001pt\">\n\t<span style=\"line-height:normal\"><span lang=\"EN-GB\">1. <\/span><span>Mis on \u00fcli\u00f5pilaste digitaalne kodanikuosalus?\u00a0<\/span><\/span><br><span style=\"line-height:normal\"><span lang=\"EN-GB\">2. <\/span><span lang=\"EN-US\">Kuidas digitaalne kodanikuosalus m\u00f5jutab \u00fclikoole (ja muudki)<\/span><\/span><br><span style=\"line-height:normal\"><span lang=\"EN-GB\">3. <\/span><span lang=\"EN-US\">Milliseid p\u00e4devusi \u00f5ppijad kui kodaniku\u00fchiskonns osalejed arendavad?<\/span><\/span><br><span style=\"line-height:normal\"><span lang=\"EN-GB\">4. \u00dc<\/span><span lang=\"EN-US\">li\u00f5pilaste digitaalse\u00a0kodanikosaluse n\u00e4ited<\/span><\/span>\n<\/p>\n<p style=\"margin-bottom:.0001pt\">\n\t\u00a0\n<\/p>\n<p style=\"margin-bottom:.0001pt\">\n\t<span style=\"line-height:normal\"><b><span lang=\"EN-GB\">Mooduli l\u00e4binud \u00f5ppija<\/span><\/b><\/span>\n<\/p>\n<ul>\n<li style=\"margin-bottom:.0001pt\">\n\t\t<span style=\"line-height:normal\"><span lang=\"EN-US\">teab, mis on \u00fcli\u00f5pilaste digitaalne kodanikuosalus ja kuidas seda kontseptsiooni k\u00f5rgkoolides rakendada;<\/span><\/span>\n\t<\/li>\n<li style=\"margin-bottom:.0001pt\">\n\t\t<span style=\"line-height:normal\"><span lang=\"EN-US\">m\u00f5istab digitehnoloogiate t\u00e4htsust kodanikuosaluses ja kuidas digivahendid saavad kodanikuosalusele kaasa aidata;<\/span><\/span>\n\t<\/li>\n<li style=\"margin-bottom:.0001pt\">\n\t\t<span style=\"line-height:normal\"><span lang=\"EN-US\">teab, milliseid digi- ja ettev\u00f5tlusp\u00e4devusi on v\u00f5imalik oma digitaalse kodanikuosaluse tegevuse kaudu omandada;<\/span><\/span>\n\t<\/li>\n<li style=\"margin-bottom:.0001pt\">\n\t\t<span style=\"line-height:normal\"><span lang=\"EN-US\">oskab tuua erinevaid n\u00e4iteid juhtumitest \u00fcli\u00f5pilaste digitaalse kodanikuosaluse projektidest;<\/span><\/span>\n\t<\/li>\n<li style=\"margin-bottom:.0001pt\">\n\t\t<span lang=\"EN-GB\"><span style=\"line-height:107%\"><span><span lang=\"EN-US\"><span style=\"line-height:107%\"><span>omab ettekujutust, millised v\u00f5iksid digitaalsed kodanikuosaluse projektid tulevikus v\u00e4lja n\u00e4ha.<\/span><\/span><\/span><\/span><\/span><\/span>\n\t<\/li>\n<\/ul>\n<p style=\"margin-bottom:.0001pt\">\n\t\u00a0<\/p>\n","protected":false},"excerpt":{"rendered":"<p>Alustame! See moodul k\u00e4sitleb \u00f5ppijate digitaalse kodanikuosaluse kontseptsiooni ja selgitab, mis on digitaalne kodanikuosalus ja selle potentsiaali \u00f5ppijate arenemisel ja sotsiaalseks sidususeks \u00fchiskonnas. \u00d5ppijad saavad \u00fclevaate p\u00e4devustest, mida nad omandavad digitaalstes kodanikuosaluse tegevustes osaledes, ning tutvuvad mitmete kodaniku kaasamise projektide &#8230;<\/p>\n","protected":false},"author":63,"featured_media":0,"parent":0,"menu_order":0,"comment_status":"closed","ping_status":"closed","template":"","meta":{"_acf_changed":false,"inline_featured_image":false,"footnotes":""},"class_list":["post-5","page","type-page","status-publish","hentry"],"acf":[],"_links":{"self":[{"href":"https:\/\/sisu.ut.ee\/sdce\/et\/wp-json\/wp\/v2\/pages\/5","targetHints":{"allow":["GET"]}}],"collection":[{"href":"https:\/\/sisu.ut.ee\/sdce\/et\/wp-json\/wp\/v2\/pages"}],"about":[{"href":"https:\/\/sisu.ut.ee\/sdce\/et\/wp-json\/wp\/v2\/types\/page"}],"author":[{"embeddable":true,"href":"https:\/\/sisu.ut.ee\/sdce\/et\/wp-json\/wp\/v2\/users\/63"}],"replies":[{"embeddable":true,"href":"https:\/\/sisu.ut.ee\/sdce\/et\/wp-json\/wp\/v2\/comments?post=5"}],"version-history":[{"count":1,"href":"https:\/\/sisu.ut.ee\/sdce\/et\/wp-json\/wp\/v2\/pages\/5\/revisions"}],"predecessor-version":[{"id":629,"href":"https:\/\/sisu.ut.ee\/sdce\/et\/wp-json\/wp\/v2\/pages\/5\/revisions\/629"}],"wp:attachment":[{"href":"https:\/\/sisu.ut.ee\/sdce\/et\/wp-json\/wp\/v2\/media?parent=5"}],"curies":[{"name":"wp","href":"https:\/\/api.w.org\/{rel}","templated":true}]}}