{"id":47,"date":"2024-04-04T07:48:34","date_gmt":"2024-04-04T04:48:34","guid":{"rendered":"https:\/\/sisu.ut.ee\/sdce\/module-6-4\/"},"modified":"2024-05-29T15:39:32","modified_gmt":"2024-05-29T12:39:32","slug":"module-6-4","status":"publish","type":"page","link":"https:\/\/sisu.ut.ee\/sdce\/et\/module-6-4\/","title":{"rendered":"Teema 4: Tehnoloogiad ja t\u00f6\u00f6vahendid, mis aitavad infot jagada ja levitada"},"content":{"rendered":"<blockquote>\r\n\t<h4>\r\n\t\t<img loading=\"lazy\" decoding=\"async\" width=\"531\" height=\"399\" class=\"alignnone wp-image-179\" style=\"width: 150px;height: 113px;float: right\" src=\"https:\/\/sisu.ut.ee\/wp-content\/uploads\/sites\/545\/sdce_clowd.png\" title=\"sdce_clowd.png\" alt=\"SDCE_clowd\" srcset=\"https:\/\/sisu.ut.ee\/wp-content\/uploads\/sites\/545\/sdce_clowd.png 531w, https:\/\/sisu.ut.ee\/wp-content\/uploads\/sites\/545\/sdce_clowd-300x225.png 300w\" sizes=\"auto, (max-width: 531px) 100vw, 531px\"><span><span style=\"line-height:107%\">Selles teemas k\u00e4sitletakse erinevaid digivahendeid ja -platvorme, mida saab kasutada oma projekti kohta info levitamiseks. \u00d5pieesm\u00e4rgiks on osata valida t\u00f6\u00f6vahendeid ja teada, kuidas neid saab projekti kasuks erineval viisil kasutada, alates veebilehe loomisest kuni sotsiaalmeedia kasutamiseni tasuta turundust\u00f6\u00f6riistana.<\/span><\/span>\r\n\t<\/h4>\r\n<\/blockquote>\r\n\r\n<p>\r\n\t\u00a0\r\n<\/p>\r\n\r\n<p>\r\n\t<img loading=\"lazy\" decoding=\"async\" width=\"536\" height=\"668\" class=\"alignnone wp-image-231\" style=\"width: 200px;height: 249px;float: right\" src=\"https:\/\/sisu.ut.ee\/wp-content\/uploads\/sites\/545\/picture6-4.jpg\" title=\"picture6-4.jpg\" alt=\"SDCE6-4\" srcset=\"https:\/\/sisu.ut.ee\/wp-content\/uploads\/sites\/545\/picture6-4.jpg 536w, https:\/\/sisu.ut.ee\/wp-content\/uploads\/sites\/545\/picture6-4-241x300.jpg 241w\" sizes=\"auto, (max-width: 536px) 100vw, 536px\"><b style=\"font-size: 14px\">Digivahendite kasutamine oma kodanikuosaluse projekti info jagamiseks ja levitamiseks<\/b>\r\n<\/p>\r\n\r\n<p>\r\n\t\u00d5igete digivahendite valimine v\u00f5ib tuua teie projektile edu ja v\u00e4ltida eba\u00f5nnestumist.\r\n<\/p>\r\n\r\n<p>\r\n\tKuigi ka varasemates moodulites on k\u00e4sitletud erinevaid digivahendeid ja rakendusi, keskendub see teema digivahenditele, mida saab kasutada oma projekti turundamiseks ja reklaamimiseks.\r\n<\/p>\r\n\r\n<p>\r\n\tKuna enamik DKO projekte viiakse l\u00e4bi vabatahtlikult ja rahalised vahendid on piiratud, on ennek\u00f5ike p\u00f6\u00f6ratud t\u00e4helepanu tasuta digivahenditele.\r\n<\/p>\r\n\r\n<p>\r\n\t\u00a0\r\n<\/p>\r\n\r\n<h3>\r\n\t<b>Digivahendist strateegiani<\/b>\r\n<\/h3>\r\n\r\n<p>\r\n\t<span><span style=\"line-height:107%\"><span>Enne kui hakkame t\u00e4psemalt vaatlema, millised digivahendid on millise strateegia jaoks k\u00f5ige paremad, vaadake seda videot, mis keskendub sellele, kuidas digitaalsed t\u00f6\u00f6vahendid v\u00f5ivad saada osaks strateegiast, et saavutada kodanikuosalust kogukondades<\/span><\/span><\/span>\r\n<\/p>\r\n\r\n<p>\r\n\t<img loading=\"lazy\" decoding=\"async\" width=\"1716\" height=\"1094\" class=\"alignnone wp-image-232\" style=\"width: 300px;height: 191px\" src=\"https:\/\/sisu.ut.ee\/wp-content\/uploads\/sites\/545\/sdce_video6-4.png\" title=\"sdce_video6-4.png\" alt=\"SDCEvideo6-4\" srcset=\"https:\/\/sisu.ut.ee\/wp-content\/uploads\/sites\/545\/sdce_video6-4.png 1716w, https:\/\/sisu.ut.ee\/wp-content\/uploads\/sites\/545\/sdce_video6-4-300x191.png 300w, https:\/\/sisu.ut.ee\/wp-content\/uploads\/sites\/545\/sdce_video6-4-1024x653.png 1024w, https:\/\/sisu.ut.ee\/wp-content\/uploads\/sites\/545\/sdce_video6-4-768x490.png 768w, https:\/\/sisu.ut.ee\/wp-content\/uploads\/sites\/545\/sdce_video6-4-1536x979.png 1536w\" sizes=\"auto, (max-width: 1716px) 100vw, 1716px\"><span lang=\"EN-US\"><span style=\"line-height:107%\"><span>\u00a0<\/span><\/span><\/span><a data-url=\"https:\/\/www.youtube.com\/watch?v=nppvMyznqHc\" href=\"https:\/\/www.youtube.com\/watch?v=nppvMyznqHc\" target=\"_blank\" title=\"\" rel=\"noopener\">https:\/\/www.youtube.com\/watch?v=nppvMyznqHc<\/a>\r\n<\/p>\r\n\r\n<p>\r\n\t\u00a0\r\n<\/p>\r\n\r\n<h3>\r\n\t<strong>Canva<\/strong>\r\n<\/h3>\r\n\r\n<p>\r\n\tCanva on veebip\u00f5hine graafilise disaini t\u00f6\u00f6vahend, mis v\u00f5imaldab luua vapustavat visuaali. See on tasuta ja sisaldab malle, mida saab muuta vastavalt kasutaja vajadustele.\r\n<\/p>\r\n\r\n<p>\r\n\tCanva kasutab pukseerimisliidest (drag and drop) ning l\u00fchikese \u00f5ppimisajaga saab Canvat kasutada erinevat t\u00fc\u00fcpi digitaalse sisu (nt Instagrami postituste, plakatite, videote ja isegi visiitkaartide) kujundamiseks!\r\n<\/p>\r\n\r\n<p>\r\n\t<a data-url=\"http:\/\/www.canva.com\/\" href=\"http:\/\/www.canva.com\/\" target=\"_blank\" title=\"\" rel=\"noopener\">Link Canva lehele.<\/a>\r\n<\/p>\r\n\r\n<p>\r\n\t\u00a0\r\n<\/p>\r\n\r\n<h3>\r\n\t<strong>WordPress<\/strong>\r\n<\/h3>\r\n\r\n<p>\r\n\tVarasemalt oli WordPress t\u00f6\u00f6vahend, mida kasutasid peamiselt \u00fcksikisikud ja organisatsioonid ajaveebi pidamiseks, kuid seda saab kasutada ka veebilehtede loomiseks. Pukseerimisliidese abil on veebilehe loomine WordPressiga lihtne.\r\n<\/p>\r\n\r\n<p>\r\n\tWordpressil on suur hulk kolmandate osapoolte rakendusi, mis v\u00f5imaldavad seda kasutada koos paljude t\u00f6\u00f6vahenditega ning pakub \u00fchtlast kasutust nii mobiilis kui arvutis lehti sirvides.\r\n<\/p>\r\n\r\n<p>\r\n\t<a data-url=\"http:\/\/www.wordpress.com\/\" href=\"http:\/\/www.wordpress.com\/\" target=\"_blank\" title=\"\" rel=\"noopener\">Link WordPress\u2019i lehele.<\/a>\r\n<\/p>\r\n\r\n<p>\r\n\t\u00a0\r\n<\/p>\r\n\r\n<h3>\r\n\t<b>Fotopangad<\/b>\r\n<\/h3>\r\n\r\n<p>\r\n\tVisuaalselt k\u00f6itva sisu loomine on teie DKO projekti edu jaoks \u00e4\u00e4rmiselt oluline. Visuaalselt vapustava sisu loomisega meelitate oma sotsiaalmeediakanalitesse rohkem j\u00e4lgijaid ja suurendate seotust.\r\n<\/p>\r\n\r\n<p>\r\n\tSiiski on oluline, et kasutaksite pilte, mille jaoks teil on luba. Pange t\u00e4hele, et paljude fotode kasutamisel peate maksma fotograafile autoritasu.\r\n<\/p>\r\n\r\n<p>\r\n\tJ\u00e4rgmised veebilehed on paljude lemmikud vaba juurdep\u00e4\u00e4suga fotode hankimiseks (kasutatud ka meie moodulites):\r\n<\/p>\r\n\r\n<ul>\r\n\t<li>\r\n\t\t<a data-url=\"https:\/\/www.pexels.com\/\" href=\"https:\/\/www.pexels.com\/\" target=\"_blank\" title=\"\" rel=\"noopener\">Tasuta fotod ja videod Pexelsist, mida saate k\u00f5ikjal kasutada<\/a>\r\n\t<\/li>\r\n\t<li>\r\n\t\t<a data-url=\"https:\/\/unsplash.com\/\" href=\"https:\/\/unsplash.com\/\" target=\"_blank\" title=\"\" rel=\"noopener\">Unsplash: ilusad tasuta pildid ja fotod<\/a>\r\n\t<\/li>\r\n\t<li>\r\n\t\t<a data-url=\"https:\/\/pixabay.com\/\" href=\"https:\/\/pixabay.com\/\" target=\"_blank\" title=\"\" rel=\"noopener\">Pixabay: 2,4 + miljonit vapustavat tasuta pilti k\u00f5ikjal kasutamiseks<\/a>\r\n\t<\/li>\r\n<\/ul>\r\n\r\n<p>\r\n\t\u00a0\r\n<\/p>\r\n\r\n<h3>\r\n\t<b>Uudiskirjade saatmine Mailchimpiga <\/b>\r\n<\/h3>\r\n\r\n<p>\r\n\tUudiskirja koostamine v\u00f5ib olla suurep\u00e4rane viis hoida inimesi kursis teie projekti edenemisega, samuti teavitada inimesi, kuidas nad saaksid olla projektis kaasatud v\u00f5i projekti toetada.\r\n<\/p>\r\n\r\n<p>\r\n\tMailchimp on e-posti automatiseerimise veebit\u00f6\u00f6vahend, mis v\u00f5imaldab kasutajatel saata e-kirju oma meililistile.\r\n<\/p>\r\n\r\n<p>\r\n\tSeda saab kasutada ka automatiseeritud meiliturunduskampaaniate loomiseks.\r\n<\/p>\r\n\r\n<p>\r\n\t<a data-url=\"https:\/\/mailchimp.com\/\" href=\"https:\/\/mailchimp.com\/\" target=\"_blank\" title=\"\" rel=\"noopener\">Link Mailchimp\u2019i lehele.<\/a>\r\n<\/p>\r\n\r\n<p>\r\n\t\u00a0\r\n<\/p>\r\n\r\n<h3>\r\n\t<strong>PowToon <\/strong><b>jutuvestmiseks<\/b><strong>\u00a0<\/strong>\r\n<\/h3>\r\n\r\n<p>\r\n\tPowToon on t\u00f6\u00f6vahend, mis v\u00f5imaldab kasutajal luua visuaalseid ja kaasahaaravaid videosid ja animeeritud esitlusi. Kiirelt \u00f5pitav PowToon v\u00f5imaldab kasutajatel luua mitmekesist ja visuaalselt m\u00f5juvat videoanimatsiooni. See sobib suurep\u00e4raselt DKO projekti jaoks lugude loomiseks, et p\u00fc\u00fcda uut publikut.\r\n<\/p>\r\n\r\n<p>\r\n\tVaadake PotwTooni veebilehte:\u00a0<a href=\"https:\/\/www.googleadservices.com\/pagead\/aclk?sa=L&amp;ai=DChcSEwjmubil_bTvAhXK7e0KHYuhBUAYABAAGgJkZw&amp;ae=2&amp;ohost=www.google.com&amp;cid=CAESQOD2VKU0tTViFG-5ar3EGRbpx3eB4YNRdpiBRSauKC7ZOOfhRkS32Fowp0y9WzY47vrkAm69KnTLsbS0-ZSc7qU&amp;sig=AOD64_22zT57sC67UpeF4wPtu-LWbOQcEw&amp;q&amp;adurl&amp;ved=2ahUKEwi1wrKl_bTvAhVMVBUIHWRjDGgQ0Qx6BAgCEAE\">PowToon #1 Video Creation Tool \u2013 Used by 27 Million People<\/a>\r\n<\/p>\r\n\r\n<p>\r\n\t\u00a0\r\n<\/p>\r\n\r\n<h3>\r\n\t<b>Millist sotsiaalmeedia platvormi v\u00f5iks kasutada?<\/b>\r\n<\/h3>\r\n\r\n<p>\r\n\tOlenevalt sellest, mis t\u00fc\u00fcpi DKO projekt teil on, v\u00f5ib see oluliselt m\u00f5jutada seda, millist sotsiaalmeedia platvormi te v\u00f5iksite kasutate.\r\n<\/p>\r\n\r\n<p>\r\n\tM\u00f5elge oma projekti kasutajatele, neile, keda te aitate. Mis platvormi nemad teie arvates k\u00f5ige enam kasutavad v\u00f5i kasutama hakkavad?\r\n<\/p>\r\n\r\n<p>\r\n\tOn ka teisi aspekte, mis v\u00f5ivad m\u00f5jutada otsust, millist platvormi soovite kasutada. Kui teil on palju t\u00e4iendusi v\u00f5i soovite kasutada otse\u00fclekande seansse, v\u00f5iksite m\u00f5elda ka Facebooki kasutamisele. Facebook kui platvorm sobib suurep\u00e4raselt ka kohtumiskuup\u00e4evade jagamiseks.\r\n<\/p>\r\n\r\n<p>\r\n\tKui teie projekt on h\u00e4sti n\u00e4htav, v\u00f5iksite kasutada rohkem visuaalsele sisule orienteeritud platvorme, nagu Instagram v\u00f5i TikTok.\r\n<\/p>\r\n\r\n<p>\r\n\tTwitter pakub ka suurep\u00e4rast platvormi osapoolte vahelisteks vestlusteks.\r\n<\/p>\r\n\r\n<p>\r\n\t\u00a0\r\n<\/p>\r\n\r\n<p>\r\n\t\u00a0\r\n<\/p>\r\n\r\n<h2>\r\n\tEnesekontrolli test\r\n<\/h2>\r\n\r\n<div class=\"h5p-iframe-wrapper\"><div class=\"video-placeholder-wrapper video-placeholder-wrapper--fixed\" style=\"height: 366px;\">\n\t\t\t    <div class=\"video-placeholder d-flex justify-content-center align-items-center\">\n\t\t\t        <div class=\"overlay text-white p-2 w-100 text-center d-block justify-content-center align-items-center\">\n\t\t\t            <div>Kolmandate osapoolte sisu n\u00e4gemiseks palun n\u00f5ustu k\u00fcpsistega.<\/div>\n\t\t\t            <button class=\"btn btn-secondary btn-sm mt-1 consent-change\">Muuda n\u00f5usolekut<\/button>\n\t\t\t        <\/div>\n\t\t\t    <\/div>\n\t\t\t<\/div>\n<\/div>\r\n","protected":false},"excerpt":{"rendered":"<p>Selles teemas k\u00e4sitletakse erinevaid digivahendeid ja -platvorme, mida saab kasutada oma projekti kohta info levitamiseks. \u00d5pieesm\u00e4rgiks on osata valida t\u00f6\u00f6vahendeid ja teada, kuidas neid saab projekti kasuks erineval viisil kasutada, alates veebilehe loomisest kuni sotsiaalmeedia kasutamiseni tasuta turundust\u00f6\u00f6riistana. \u00a0 Digivahendite &#8230;<\/p>\n","protected":false},"author":63,"featured_media":0,"parent":0,"menu_order":0,"comment_status":"closed","ping_status":"closed","template":"","meta":{"_acf_changed":false,"inline_featured_image":false,"footnotes":""},"class_list":["post-47","page","type-page","status-publish","hentry"],"acf":[],"_links":{"self":[{"href":"https:\/\/sisu.ut.ee\/sdce\/et\/wp-json\/wp\/v2\/pages\/47","targetHints":{"allow":["GET"]}}],"collection":[{"href":"https:\/\/sisu.ut.ee\/sdce\/et\/wp-json\/wp\/v2\/pages"}],"about":[{"href":"https:\/\/sisu.ut.ee\/sdce\/et\/wp-json\/wp\/v2\/types\/page"}],"author":[{"embeddable":true,"href":"https:\/\/sisu.ut.ee\/sdce\/et\/wp-json\/wp\/v2\/users\/63"}],"replies":[{"embeddable":true,"href":"https:\/\/sisu.ut.ee\/sdce\/et\/wp-json\/wp\/v2\/comments?post=47"}],"version-history":[{"count":3,"href":"https:\/\/sisu.ut.ee\/sdce\/et\/wp-json\/wp\/v2\/pages\/47\/revisions"}],"predecessor-version":[{"id":851,"href":"https:\/\/sisu.ut.ee\/sdce\/et\/wp-json\/wp\/v2\/pages\/47\/revisions\/851"}],"wp:attachment":[{"href":"https:\/\/sisu.ut.ee\/sdce\/et\/wp-json\/wp\/v2\/media?parent=47"}],"curies":[{"name":"wp","href":"https:\/\/api.w.org\/{rel}","templated":true}]}}