{"id":46,"date":"2024-04-04T07:48:25","date_gmt":"2024-04-04T04:48:25","guid":{"rendered":"https:\/\/sisu.ut.ee\/sdce\/module-6-3\/"},"modified":"2024-04-05T12:37:14","modified_gmt":"2024-04-05T09:37:14","slug":"module-6-3","status":"publish","type":"page","link":"https:\/\/sisu.ut.ee\/sdce\/et\/module-6-3\/","title":{"rendered":"Teema 3: Missiooniturundus t\u00e4helepanu keskpunktis"},"content":{"rendered":"<blockquote>\r\n\t<h4>\r\n\t\t<img loading=\"lazy\" decoding=\"async\" width=\"531\" height=\"399\" class=\"alignnone wp-image-179\" style=\"width: 150px;height: 113px;float: right\" src=\"https:\/\/sisu.ut.ee\/wp-content\/uploads\/sites\/545\/sdce_clowd.png\" title=\"sdce_clowd.png\" alt=\"SDCE_clowd\" srcset=\"https:\/\/sisu.ut.ee\/wp-content\/uploads\/sites\/545\/sdce_clowd.png 531w, https:\/\/sisu.ut.ee\/wp-content\/uploads\/sites\/545\/sdce_clowd-300x225.png 300w\" sizes=\"auto, (max-width: 531px) 100vw, 531px\"><span><span style=\"line-height:107%\">See teema k\u00e4sitleb missiooniturunduse kontseptsiooni ja seda, kuidas see v\u00f5ib aidata suurendada \u00f5ppijate DKO projekti edukust. Selle teema \u00f5pieesm\u00e4rgiks on m\u00f5ista missiooni turunduse kontseptsiooni ja teada, kuidas v\u00e4lja t\u00f6\u00f6tada missiooni ja visiooni ning teadvustada neist saadavat kasu.<\/span><\/span>\r\n\t<\/h4>\r\n<\/blockquote>\r\n\r\n<p>\r\n\t\u00a0\r\n<\/p>\r\n\r\n<h3>\r\n\t<img loading=\"lazy\" decoding=\"async\" width=\"536\" height=\"668\" class=\"alignnone wp-image-228\" style=\"width: 200px;height: 249px;float: right\" src=\"https:\/\/sisu.ut.ee\/wp-content\/uploads\/sites\/545\/picture6-3.jpg\" title=\"picture6-3.jpg\" alt=\"SDCE6-3\" srcset=\"https:\/\/sisu.ut.ee\/wp-content\/uploads\/sites\/545\/picture6-3.jpg 536w, https:\/\/sisu.ut.ee\/wp-content\/uploads\/sites\/545\/picture6-3-241x300.jpg 241w\" sizes=\"auto, (max-width: 536px) 100vw, 536px\"><b>Mis on missiooniturundus?<\/b>\r\n<\/h3>\r\n\r\n<p>\r\n\tMissiooniturundus on see, kus organisatsiooni missiooni reklaamitakse turundusstrateegia p\u00f5hiosana.\r\n<\/p>\r\n\r\n<p>\r\n\tDKO projektis v\u00f5ib see j\u00e4rgida projekti eesm\u00e4rkide, tulemuste ja sihtide tutvustamist avalikkusele, et aidata levitada oma projekti s\u00f5numit ja tagada projekti edu.\r\n<\/p>\r\n\r\n<p>\r\n\t\u00dcldiselt saame seda teha, s\u00f5nastades oma <strong>missiooni<\/strong> ja <strong>visiooni<\/strong>.\r\n<\/p>\r\n\r\n<p>\r\n\t\u00a0\r\n<\/p>\r\n\r\n<p>\r\n\t\u00a0\r\n<\/p>\r\n\r\n<h3>\r\n\t<b>Missioon vs visioon<\/b>\r\n<\/h3>\r\n\r\n<p>\r\n\tMissioon keskendub teie DKO projekti eesm\u00e4rgile. Seda v\u00f5ib vaadelda kui teie DKO projekti p\u00f5hieesm\u00e4rke ja p\u00f5hjendust, miks olete selle teekonna ette v\u00f5tnud.\r\n<\/p>\r\n\r\n<p>\r\n\tVisioon kajastab rohkem teie projekti emotsionaalseid aspekte ja annab tulevikuvisiooni. Visioon annab t\u00f6\u00f6tajatele v\u00f5i sidusr\u00fchmadele selge \u00fclevaate teie DKO projekti eesm\u00e4rgist ja t\u00e4hendusest.\r\n<\/p>\r\n\r\n<p>\r\n\t\u00a0\r\n<\/p>\r\n\r\n<h3>\r\n\tVaadake seda videot, mis k\u00e4sitleb visiooni ja missiooni kirjeldusi \u00fcksikasjalikumalt.\r\n<\/h3>\r\n\r\n<p>\r\n\t<img loading=\"lazy\" decoding=\"async\" width=\"1716\" height=\"1094\" class=\"alignnone wp-image-229\" style=\"width: 300px;height: 191px\" src=\"https:\/\/sisu.ut.ee\/wp-content\/uploads\/sites\/545\/sdce_video6-3-1.png\" title=\"sdce_video6-3-1.png\" alt=\"SDCEvideo6-3-1\" srcset=\"https:\/\/sisu.ut.ee\/wp-content\/uploads\/sites\/545\/sdce_video6-3-1.png 1716w, https:\/\/sisu.ut.ee\/wp-content\/uploads\/sites\/545\/sdce_video6-3-1-300x191.png 300w, https:\/\/sisu.ut.ee\/wp-content\/uploads\/sites\/545\/sdce_video6-3-1-1024x653.png 1024w, https:\/\/sisu.ut.ee\/wp-content\/uploads\/sites\/545\/sdce_video6-3-1-768x490.png 768w, https:\/\/sisu.ut.ee\/wp-content\/uploads\/sites\/545\/sdce_video6-3-1-1536x979.png 1536w\" sizes=\"auto, (max-width: 1716px) 100vw, 1716px\"><span lang=\"EN-GB\"><span style=\"line-height:107%\"><span>\u00a0<\/span><\/span><\/span><span lang=\"EN-IE\"><span style=\"line-height:107%\"><span>https:\/\/youtu.be\/lJUrQKY_A5g?t=12<\/span><\/span><\/span>\r\n<\/p>\r\n\r\n<h3>\r\n\t\u00a0\r\n<\/h3>\r\n\r\n<h3>\r\n\t<b>Missiooni v\u00e4ljat\u00f6\u00f6tamise inspiratsiooniks<\/b>\r\n<\/h3>\r\n\r\n<p>\r\n\tTe pole kindel, kust alustada oma missiooni v\u00e4ljat\u00f6\u00f6tamisega? Klikkige alloleval lingil, kust leiate n\u00e4ited 100 missioonist:\r\n<\/p>\r\n\r\n<p>\r\n\t<a href=\"https:\/\/drive.google.com\/file\/d\/18Pk4-XiFYYfcCqUM8ZpLAVHhubtBBeED\/view\">100 Mission Statement Templates &amp; Examples<\/a>\r\n<\/p>\r\n\r\n<p>\r\n\t\u00a0\r\n<\/p>\r\n\r\n<h3>\r\n\tVaadake videot, mis selgitab, kuidas missioonikirjeldust koostada.\r\n<\/h3>\r\n\r\n<p>\r\n\t<img loading=\"lazy\" decoding=\"async\" width=\"1716\" height=\"1094\" class=\"alignnone wp-image-230\" style=\"width:300px;height:191px\" src=\"https:\/\/sisu.ut.ee\/wp-content\/uploads\/sites\/545\/sdce_video6-3-2.png\" title=\"sdce_video6-3-2.png\" alt=\"SDCEvideo6-3-2\" srcset=\"https:\/\/sisu.ut.ee\/wp-content\/uploads\/sites\/545\/sdce_video6-3-2.png 1716w, https:\/\/sisu.ut.ee\/wp-content\/uploads\/sites\/545\/sdce_video6-3-2-300x191.png 300w, https:\/\/sisu.ut.ee\/wp-content\/uploads\/sites\/545\/sdce_video6-3-2-1024x653.png 1024w, https:\/\/sisu.ut.ee\/wp-content\/uploads\/sites\/545\/sdce_video6-3-2-768x490.png 768w, https:\/\/sisu.ut.ee\/wp-content\/uploads\/sites\/545\/sdce_video6-3-2-1536x979.png 1536w\" sizes=\"auto, (max-width: 1716px) 100vw, 1716px\"><span lang=\"EN-IE\"><span style=\"line-height:107%\"><span>\u00a0<\/span><\/span><\/span><span><span style=\"line-height:107%\"><span><a href=\"https:\/\/youtu.be\/lJUrQKY_A5g?t=12\">https:\/\/youtu.be\/lJUrQKY_A5g?t=12<\/a><\/span><\/span><\/span>\r\n<\/p>\r\n\r\n<p>\r\n\t\u00a0\r\n<\/p>\r\n\r\n<h3>\r\n\t<b>Kuidas oma missiooni kasutada?<\/b>\r\n<\/h3>\r\n\r\n<p>\r\n\tKui olete oma missiooni s\u00f5nastanud, on aeg v\u00e4lja m\u00f5elda, kuidas seda oma DKO projekti turundamisel kasutada.\r\n<\/p>\r\n\r\n<p>\r\n\t\u00dcks viis seda teha, on keskenduda oma projekti turundusstrateegias oma projekti missioonile ja eesm\u00e4rgile.\r\n<\/p>\r\n\r\n<p>\r\n\tJ\u00e4rgmises teemas vaatleme l\u00e4hemalt erinevaid digivahendeid, mille abil saate oma s\u00f5numit levitada ja oma DKO projekti reklaamida.\r\n<\/p>\r\n\r\n<p>\r\n\t\u00a0\r\n<\/p>\r\n\r\n<p>\r\n\t\u00a0\r\n<\/p>\r\n\r\n<h2>\r\n\t<span lang=\"EN-US\"><span style=\"line-height:107%\"><span>Enesekontrolli test<\/span><\/span><\/span>\r\n<\/h2>\r\n\r\n<div class=\"h5p-iframe-wrapper\"><div class=\"video-placeholder-wrapper video-placeholder-wrapper--fixed\" style=\"height: 366px;\">\n\t\t\t    <div class=\"video-placeholder d-flex justify-content-center align-items-center\">\n\t\t\t        <div class=\"overlay text-white p-2 w-100 text-center d-block justify-content-center align-items-center\">\n\t\t\t            <div>Kolmandate osapoolte sisu n\u00e4gemiseks palun n\u00f5ustu k\u00fcpsistega.<\/div>\n\t\t\t            <button class=\"btn btn-secondary btn-sm mt-1 consent-change\">Muuda n\u00f5usolekut<\/button>\n\t\t\t        <\/div>\n\t\t\t    <\/div>\n\t\t\t<\/div>\n<\/div>\r\n","protected":false},"excerpt":{"rendered":"<p>See teema k\u00e4sitleb missiooniturunduse kontseptsiooni ja seda, kuidas see v\u00f5ib aidata suurendada \u00f5ppijate DKO projekti edukust. Selle teema \u00f5pieesm\u00e4rgiks on m\u00f5ista missiooni turunduse kontseptsiooni ja teada, kuidas v\u00e4lja t\u00f6\u00f6tada missiooni ja visiooni ning teadvustada neist saadavat kasu. \u00a0 Mis on &#8230;<\/p>\n","protected":false},"author":63,"featured_media":0,"parent":0,"menu_order":0,"comment_status":"closed","ping_status":"closed","template":"","meta":{"_acf_changed":false,"inline_featured_image":false,"footnotes":""},"class_list":["post-46","page","type-page","status-publish","hentry"],"acf":[],"_links":{"self":[{"href":"https:\/\/sisu.ut.ee\/sdce\/et\/wp-json\/wp\/v2\/pages\/46","targetHints":{"allow":["GET"]}}],"collection":[{"href":"https:\/\/sisu.ut.ee\/sdce\/et\/wp-json\/wp\/v2\/pages"}],"about":[{"href":"https:\/\/sisu.ut.ee\/sdce\/et\/wp-json\/wp\/v2\/types\/page"}],"author":[{"embeddable":true,"href":"https:\/\/sisu.ut.ee\/sdce\/et\/wp-json\/wp\/v2\/users\/63"}],"replies":[{"embeddable":true,"href":"https:\/\/sisu.ut.ee\/sdce\/et\/wp-json\/wp\/v2\/comments?post=46"}],"version-history":[{"count":3,"href":"https:\/\/sisu.ut.ee\/sdce\/et\/wp-json\/wp\/v2\/pages\/46\/revisions"}],"predecessor-version":[{"id":852,"href":"https:\/\/sisu.ut.ee\/sdce\/et\/wp-json\/wp\/v2\/pages\/46\/revisions\/852"}],"wp:attachment":[{"href":"https:\/\/sisu.ut.ee\/sdce\/et\/wp-json\/wp\/v2\/media?parent=46"}],"curies":[{"name":"wp","href":"https:\/\/api.w.org\/{rel}","templated":true}]}}