{"id":45,"date":"2024-04-04T07:48:25","date_gmt":"2024-04-04T04:48:25","guid":{"rendered":"https:\/\/sisu.ut.ee\/sdce\/module-6-2\/"},"modified":"2024-04-05T12:37:14","modified_gmt":"2024-04-05T09:37:14","slug":"module-6-2","status":"publish","type":"page","link":"https:\/\/sisu.ut.ee\/sdce\/et\/module-6-2\/","title":{"rendered":"Teema 2: \u00dcli\u00f5pilaste kui aktiivsete kodanike kogukonna arendamine ja kasvatamine"},"content":{"rendered":"<blockquote>\r\n\t<h4>\r\n\t\t<img loading=\"lazy\" decoding=\"async\" width=\"531\" height=\"399\" class=\"alignnone wp-image-179\" style=\"width: 150px;height: 113px;float: right\" src=\"https:\/\/sisu.ut.ee\/wp-content\/uploads\/sites\/545\/sdce_clowd.png\" title=\"sdce_clowd.png\" alt=\"SDCE_clowd\" srcset=\"https:\/\/sisu.ut.ee\/wp-content\/uploads\/sites\/545\/sdce_clowd.png 531w, https:\/\/sisu.ut.ee\/wp-content\/uploads\/sites\/545\/sdce_clowd-300x225.png 300w\" sizes=\"auto, (max-width: 531px) 100vw, 531px\">See teema selgitab, kuidas aidata suurendada kodanikuaktiivsust oma \u00fclikoolis\/kogukonnas. Selle teema \u00f5pieesm\u00e4rgiks on m\u00f5ista, kui oluline on jutuvestmine turunduses ning kuidas see v\u00f5ib tekitada suust-suhu levivat reklaami ja tuge.\r\n\t<\/h4>\r\n<\/blockquote>\r\n\r\n<p>\r\n\t\u00a0\r\n<\/p>\r\n\r\n<h3>\r\n\t<img loading=\"lazy\" decoding=\"async\" width=\"536\" height=\"668\" class=\"alignnone wp-image-226\" style=\"width: 200px;height: 249px;float: right\" src=\"https:\/\/sisu.ut.ee\/wp-content\/uploads\/sites\/545\/picture_2_1.jpg\" title=\"picture_2_1.jpg\" alt=\"SDCE6-2\" srcset=\"https:\/\/sisu.ut.ee\/wp-content\/uploads\/sites\/545\/picture_2_1.jpg 536w, https:\/\/sisu.ut.ee\/wp-content\/uploads\/sites\/545\/picture_2_1-241x300.jpg 241w\" sizes=\"auto, (max-width: 536px) 100vw, 536px\"><b>\u00dcli\u00f5pilaste kui aktiivsete kodanike kogukonna arendamine ja kasvatamine<\/b>\r\n<\/h3>\r\n\r\n<p>\r\n\tJ\u00e4rgmine samm oma DKO projekti kohta info kinnistamiseks on oma DKO projekti edendamine ja arendamine.\r\n<\/p>\r\n\r\n<p>\r\n\tTagades, et teie kogukond on teie projektist teadlik ja sellest r\u00e4\u00e4kimine v\u00f5ib tagada teie projekti missiooni kinnistumise ja garanteerida projekti j\u00e4tkumise.\r\n<\/p>\r\n\r\n<p>\r\n\tKuid kuidas saab luua ja edendada keskkonda, kus DKO projektist pidevalt r\u00e4\u00e4gitakse ja info levib suust suhu?\r\n<\/p>\r\n\r\n<p>\r\n\t\u00a0\r\n<\/p>\r\n\r\n<h3>\r\n\t<b>Positiivse keskkonna loomine<\/b>\r\n<\/h3>\r\n\r\n<p>\r\n\tNagu eelmises teemas n\u00e4gime, saame usaldust tekitades aidata luua nii \u00f5ppijatele kui ka kogukondadele positiivse keskkonna.\r\n<\/p>\r\n\r\n<p>\r\n\tPositiivne \u00f5hkkond aitab luua ka positiivse keskkonna, kus info projektist levib loomulikul teel.\r\n<\/p>\r\n\r\n<p>\r\n\tPositiivne keskkond v\u00f5ib aidata kasutusele v\u00f5tta ka teisi teie projekti turundamise meetodeid.\r\n<\/p>\r\n\r\n<p>\r\n\t\u00a0\r\n<\/p>\r\n\r\n<h3>\r\n\t<b>Positiivse narratiivi loomine<\/b>\r\n<\/h3>\r\n\r\n<p>\r\n\t\u00dcks DKO projekti t\u00fc\u00fcp v\u00f5ib olla teenus v\u00f5i teadmiste jagamine. \u00dcli\u00f5pilaste DKO juhendi GMIT-i juhtumikirjelduses toodi v\u00e4lja, et intervjueeritavad v\u00e4itsid, et ilma \u00fcli\u00f5pilaste abita oleksid v\u00f5inud m\u00f5ned kogukonnar\u00fchmad lakata olemast. Asjaolu, et see DKO projekt aitas tagada teatud kogukonnaprojektide ja ettev\u00f5tete loomise ning kasvu, on fantastiline s\u00f5num, mida tulevased DKO r\u00fchmad v\u00f5iksid kasutada.\r\n<\/p>\r\n\r\n<p>\r\n\tDKO projekti arendades m\u00f5elge sellele, mida teie projekt pakub. Igasuguse avalike suhete tegevuse v\u00f5i turundustegevuse ajal on oluline luua narratiiv, mis toetab teie DKO projekti positiivseid k\u00fclgi.\r\n<\/p>\r\n\r\n<p>\r\n\tLugude jutustamine on \u00fcks viis, kuidas DKO projektis saaks seda teha.\r\n<\/p>\r\n\r\n<p>\r\n\t\u00a0\r\n<\/p>\r\n\r\n<h4 style=\"margin-left: 40px\">\r\n\t<em>\u201cMaailma v\u00f5imsaim inimene on jutuvestja. Jutuvestja paneb paika terve tulevase p\u00f5lvkonna visiooni, v\u00e4\u00e4rtused ja tegevuskava.\u201d<\/em>\r\n<\/h4>\r\n\r\n<p style=\"margin-left: 40px\">\r\n\t<em>Steve Jobs<\/em>\r\n<\/p>\r\n\r\n<h3>\r\n\t\u00a0\r\n<\/h3>\r\n\r\n<h3>\r\n\t<b>Kuidas kasutada jutuvestmist narratiivina<\/b>\r\n<\/h3>\r\n\r\n<p>\r\n\tLugude jutustamine on v\u00f5imas viis teatud narratiivide reklaamimiseks. Need v\u00f5ivad anda projektile eelise. \u00dcks viis seda teha on edulugude loomine. Kui teil on lood oma projekti veebilehel v\u00f5i sotsiaalmeedias, saate m\u00f5jutada teisi, et neis tekiks soov teie DKO projektiga liituda v\u00f5i teie DKO projekti reklaamida\/soovitada.\r\n<\/p>\r\n\r\n<p>\r\n\tMiks see toimib? Inimestele meeldib kuulda lugusid, kuna see kutsub esile empaatiatunde ja empaatia aitab luua inimlikke suhteid. R\u00e4\u00e4kides lugusid inimestest, keda teie projekt on aidanud, ja r\u00e4\u00e4kides projekti taga olevate inimeste lugusid, v\u00f5ib see aidata meelitada ligi uusi vabatahtlikke ja tagada teie DKO projekti edu, samal ajal v\u00f5ib postitus meelitada ligi ka uusi sidusr\u00fchmi.\r\n<\/p>\r\n\r\n<p>\r\n\t\u00a0\r\n<\/p>\r\n\r\n<h3>\r\n\t<b>Sotsiaalmeedia kasutamine<\/b>\r\n<\/h3>\r\n\r\n<p>\r\n\tPaljud projektid levitavad oma projekti lugusid oma sotsiaalmeedia platvormidel.\r\n<\/p>\r\n\r\n<p>\r\n\tSeda saab teha mitmel erineval viisil, n\u00e4iteks luues nende sotsiaalmeedias reklaamvideosid ja koondades oma meeskonnaliikmete iseloomustusi.\r\n<\/p>\r\n\r\n<p>\r\n\tSeda saab kombineerida sotsiaalmeedia teiste reklaamiv\u00f5imalustega, nagu n\u00e4iteks j\u00e4lgijate projekti eesm\u00e4rkidega kursis hoidmine, samuti otse\u00fclekande kasutamine \u00fche reklaamivormina jne.\r\n<\/p>\r\n\r\n<p>\r\n\t\u00a0\r\n<\/p>\r\n\r\n<h3>\r\n\tVaadake David JP Phillips\u2019i videot \u201cThe magical science of storytelling\u201d.\r\n<\/h3>\r\n\r\n<p>\r\n\t\u00a0\r\n<\/p>\r\n\r\n<p>\r\n\t<img loading=\"lazy\" decoding=\"async\" width=\"1716\" height=\"1094\" class=\"alignnone wp-image-227\" style=\"width: 300px;height: 191px\" src=\"https:\/\/sisu.ut.ee\/wp-content\/uploads\/sites\/545\/sdce_video6-2.png\" title=\"sdce_video6-2.png\" alt=\"SDCEvideo6_2\" srcset=\"https:\/\/sisu.ut.ee\/wp-content\/uploads\/sites\/545\/sdce_video6-2.png 1716w, https:\/\/sisu.ut.ee\/wp-content\/uploads\/sites\/545\/sdce_video6-2-300x191.png 300w, https:\/\/sisu.ut.ee\/wp-content\/uploads\/sites\/545\/sdce_video6-2-1024x653.png 1024w, https:\/\/sisu.ut.ee\/wp-content\/uploads\/sites\/545\/sdce_video6-2-768x490.png 768w, https:\/\/sisu.ut.ee\/wp-content\/uploads\/sites\/545\/sdce_video6-2-1536x979.png 1536w\" sizes=\"auto, (max-width: 1716px) 100vw, 1716px\">https:\/\/www.youtube.com\/watch?v=Nj-hdQMa3uA\r\n<\/p>\r\n\r\n<h2>\r\n\tEnesekontrolli test\r\n<\/h2>\r\n\r\n<div class=\"h5p-iframe-wrapper\"><div class=\"video-placeholder-wrapper video-placeholder-wrapper--fixed\" style=\"height: 366px;\">\n\t\t\t    <div class=\"video-placeholder d-flex justify-content-center align-items-center\">\n\t\t\t        <div class=\"overlay text-white p-2 w-100 text-center d-block justify-content-center align-items-center\">\n\t\t\t            <div>Kolmandate osapoolte sisu n\u00e4gemiseks palun n\u00f5ustu k\u00fcpsistega.<\/div>\n\t\t\t            <button class=\"btn btn-secondary btn-sm mt-1 consent-change\">Muuda n\u00f5usolekut<\/button>\n\t\t\t        <\/div>\n\t\t\t    <\/div>\n\t\t\t<\/div>\n<\/div>\r\n","protected":false},"excerpt":{"rendered":"<p>See teema selgitab, kuidas aidata suurendada kodanikuaktiivsust oma \u00fclikoolis\/kogukonnas. Selle teema \u00f5pieesm\u00e4rgiks on m\u00f5ista, kui oluline on jutuvestmine turunduses ning kuidas see v\u00f5ib tekitada suust-suhu levivat reklaami ja tuge. \u00a0 \u00dcli\u00f5pilaste kui aktiivsete kodanike kogukonna arendamine ja kasvatamine J\u00e4rgmine samm &#8230;<\/p>\n","protected":false},"author":63,"featured_media":0,"parent":0,"menu_order":0,"comment_status":"closed","ping_status":"closed","template":"","meta":{"_acf_changed":false,"inline_featured_image":false,"footnotes":""},"class_list":["post-45","page","type-page","status-publish","hentry"],"acf":[],"_links":{"self":[{"href":"https:\/\/sisu.ut.ee\/sdce\/et\/wp-json\/wp\/v2\/pages\/45","targetHints":{"allow":["GET"]}}],"collection":[{"href":"https:\/\/sisu.ut.ee\/sdce\/et\/wp-json\/wp\/v2\/pages"}],"about":[{"href":"https:\/\/sisu.ut.ee\/sdce\/et\/wp-json\/wp\/v2\/types\/page"}],"author":[{"embeddable":true,"href":"https:\/\/sisu.ut.ee\/sdce\/et\/wp-json\/wp\/v2\/users\/63"}],"replies":[{"embeddable":true,"href":"https:\/\/sisu.ut.ee\/sdce\/et\/wp-json\/wp\/v2\/comments?post=45"}],"version-history":[{"count":3,"href":"https:\/\/sisu.ut.ee\/sdce\/et\/wp-json\/wp\/v2\/pages\/45\/revisions"}],"predecessor-version":[{"id":853,"href":"https:\/\/sisu.ut.ee\/sdce\/et\/wp-json\/wp\/v2\/pages\/45\/revisions\/853"}],"wp:attachment":[{"href":"https:\/\/sisu.ut.ee\/sdce\/et\/wp-json\/wp\/v2\/media?parent=45"}],"curies":[{"name":"wp","href":"https:\/\/api.w.org\/{rel}","templated":true}]}}