{"id":44,"date":"2024-04-04T07:48:33","date_gmt":"2024-04-04T04:48:33","guid":{"rendered":"https:\/\/sisu.ut.ee\/sdce\/module-6-1\/"},"modified":"2024-05-29T15:00:26","modified_gmt":"2024-05-29T12:00:26","slug":"module-6-1","status":"publish","type":"page","link":"https:\/\/sisu.ut.ee\/sdce\/et\/module-6-1\/","title":{"rendered":"Teema 1: Miks on usaldusv\u00e4\u00e4rsuse, usalduse ja suhete loomine v\u00f5tmet\u00e4htsusega?"},"content":{"rendered":"<blockquote>\r\n\t<h4>\r\n\t\t<img loading=\"lazy\" decoding=\"async\" width=\"531\" height=\"399\" class=\"alignnone wp-image-179\" style=\"width: 150px;height: 113px;float: right\" src=\"https:\/\/sisu.ut.ee\/wp-content\/uploads\/sites\/545\/sdce_clowd.png\" title=\"sdce_clowd.png\" alt=\"SDCE_clowd\" srcset=\"https:\/\/sisu.ut.ee\/wp-content\/uploads\/sites\/545\/sdce_clowd.png 531w, https:\/\/sisu.ut.ee\/wp-content\/uploads\/sites\/545\/sdce_clowd-300x225.png 300w\" sizes=\"auto, (max-width: 531px) 100vw, 531px\">See teema k\u00e4sitleb, kuidas tudengite DKO meeskonda kujundada ja selles t\u00f6\u00f6tada. Kolmandas moodulis sisalduvale teabele tuginedes on selle teema \u00f5pieesm\u00e4rgiks omandada teadmised selle kohta, kuidas luua inimeste r\u00fchm DKO projekti loomiseks, ning osata anal\u00fc\u00fcsida, millised oskused meeskonnakaaslastel on ja kuidas neid rakendada, et t\u00f6\u00f6r\u00fchm oleks edukas.\r\n\t<\/h4>\r\n<\/blockquote>\r\n\r\n<p>\r\n\t\u00a0\r\n<\/p>\r\n\r\n<h3>\r\n\t<img loading=\"lazy\" decoding=\"async\" width=\"584\" height=\"572\" class=\"alignnone wp-image-224\" style=\"width: 200px;height: 196px;float: right\" src=\"https:\/\/sisu.ut.ee\/wp-content\/uploads\/sites\/545\/picture6-1.jpg\" title=\"picture6-1.jpg\" alt=\"SDCE6-1\" srcset=\"https:\/\/sisu.ut.ee\/wp-content\/uploads\/sites\/545\/picture6-1.jpg 584w, https:\/\/sisu.ut.ee\/wp-content\/uploads\/sites\/545\/picture6-1-300x294.jpg 300w\" sizes=\"auto, (max-width: 584px) 100vw, 584px\"><b>Usalduse ja usaldusv\u00e4\u00e4rsuse loomine on v\u00f5tmet\u00e4htsusega<\/b>\r\n<\/h3>\r\n\r\n<p>\r\n\tUsaldus on teie DKO projekti turundamisel oluline tegur. Kui teie projektil puudub usaldusv\u00e4\u00e4rsus, v\u00f5ib see olla inimeste jaoks v\u00e4hem atraktiivne.\r\n<\/p>\r\n\r\n<p>\r\n\tUsaldus ja usaldusv\u00e4\u00e4rsus v\u00f5ivad olla nii sisemised kui ka v\u00e4lised tegurid. Kui teie projektil puudub sisemine usaldusv\u00e4\u00e4rsus, v\u00f5ib teil olla raske leida vabatahtlikke, kes oleksid valmis teie projekti kallal t\u00f6\u00f6tama.\r\n<\/p>\r\n\r\n<p>\r\n\tV\u00e4lise usalduse puudumine v\u00f5ib t\u00e4hendada, et inimesed ei tunneta projektiga seotud olemist ja nende toetus ei ole k\u00e4ttesaadav. See v\u00f5ib t\u00e4hendada, et projekt v\u00f5ib eba\u00f5nnestuda.\r\n<\/p>\r\n\r\n<p>\r\n\t\u00a0\r\n<\/p>\r\n\r\n<h3>\r\n\t<b>Kuidas luua usaldust DKO projekti vastu?<\/b>\r\n<\/h3>\r\n\r\n<p>\r\n\t\u00dcks kiiremaid viise, kuidas oma DKO projekti raames usaldust luua, on tagada, et teil on projekti jaoks \u00f5iged juhid. Juht, kes suhtub projekti kirglikult ja keskendub tugevalt usaldusele kui projekti v\u00e4\u00e4rtusele, suurendab t\u00f5en\u00e4oliselt usaldust nii sisemisel kui ka v\u00e4lisel tasandil.\r\n<\/p>\r\n\r\n<p>\r\n\tDKO projekti loomisel saate j\u00e4rgida kolme sammu, mis aitavad luua usalduskultuuri.\r\n<\/p>\r\n\r\n<p>\r\n\tLoe edasi, et rohkem teada saada\u2026\r\n<\/p>\r\n\r\n<p>\r\n\t<b>1. samm usalduse loomiseks DKO meeskonnas<\/b>\r\n<\/p>\r\n\r\n<p>\r\n\tEsimene samm on l\u00e4heneda v\u00f5imalikele probleemidele\/konfliktidele pigem meeskonna kui konkurentidena.\r\n<\/p>\r\n\r\n<p>\r\n\tKas teie DKO meeskonnas on oluline meeles pidada, et k\u00f5ik teevad koost\u00f6\u00f6d, et avaldada positiivset m\u00f5ju projektile. Kui meeskonnaliige teeb vea, v\u00f5tke see meeskonnana vastu ja lahendage see koos. Tagades oma meeskonnas usalduskultuuri, loote aluse oma DKO projekti edule.\r\n<\/p>\r\n\r\n<p>\r\n\t<b>2. samm usalduse loomiseks DKO meeskonnas<\/b>\r\n<\/p>\r\n\r\n<p>\r\n\tTeine samm on avatud suhtlemine, et tekitada usaldust.\r\n<\/p>\r\n\r\n<p>\r\n\tAvatud ja selge suhtlus on v\u00f5tmeelement, mis aitab luua DKO projektis ja meeskonnas tugevat usaldus. Kogu projektisisese ja -v\u00e4lise teabe l\u00e4bipaistvus\/selgus tagab, et meeskonnaliikmed ei tunne end k\u00f5rvalej\u00e4etuna ja valeinformatsioon ei levi kogu r\u00fchmas.\r\n<\/p>\r\n\r\n<p>\r\n\t<b>3. samm usalduse loomiseks DKO meeskonnas<\/b>\r\n<\/p>\r\n\r\n<p>\r\n\tKolmas samm on tugeva suhtlemise harjutamine.\r\n<\/p>\r\n\r\n<p>\r\n\tKuigi see samm v\u00f5ib tunduda ilmne, on \u00fcks suurimaid usalduse allikaid \u00fcksteise kuulamine ja hea suhtlemine. Harjutades selliseid oskusi nagu aktiivne kuulamine ja tagades, et iga meeskonnaliige on \u00e4ra kuulatud, v\u00f5ib see aidata lahendada probleeme kohe nende ilmnemisel. K\u00f5iki meeskonnaliikmeid aktiivselt kuulates, v\u00f5ib see kaasa aidata ka tugevama meeskonna loomisele, kus k\u00f5iki austatakse.\r\n<\/p>\r\n\r\n<p>\r\n\t\u00a0\r\n<\/p>\r\n\r\n<h3>\r\n\t<b>Usalduse loomine kaugt\u00f6\u00f6 meeskonnas<\/b>\r\n<\/h3>\r\n\r\n<p>\r\n\tArvestades, et meie maailm on Covid-19 t\u00f5ttu nii palju muutunud, on oluline ka kindlaks teha, kuidas saab usaldust luua veebikeskkonnas.\r\n<\/p>\r\n\r\n<p>\r\n\tSiin on m\u00f5ned n\u00e4pun\u00e4ited usalduse suurendamiseks kaugt\u00f6\u00f6 korral.\r\n<\/p>\r\n\r\n<p>\r\n\t1. Looge suhted 1:1 kohtumistega\r\n<\/p>\r\n\r\n<p>\r\n\t2. Julgusta meeskonnakaaslasi positiivsusega\r\n<\/p>\r\n\r\n<p>\r\n\t3. Sea l\u00fchiajalised eesm\u00e4rgid\r\n<\/p>\r\n\r\n<p>\r\n\t\u00a0\r\n<\/p>\r\n\r\n<p>\r\n\t\u00a0\r\n<\/p>\r\n\r\n<h3>\r\n\tVaadake Ted Talk\u2019i videot 7 t\u00f6\u00f6vahendist, mida kasutada, et luua ettev\u00f5te, mida inimesed saavad usaldada.\u00a0\r\n<\/h3>\r\n\r\n<p>\r\n\t<img loading=\"lazy\" decoding=\"async\" width=\"1716\" height=\"1094\" class=\"alignnone wp-image-225\" style=\"width: 300px;height: 191px\" src=\"https:\/\/sisu.ut.ee\/wp-content\/uploads\/sites\/545\/sdce_video6-1.png\" title=\"sdce_video6-1.png\" alt=\"SDCE_video6-1\" srcset=\"https:\/\/sisu.ut.ee\/wp-content\/uploads\/sites\/545\/sdce_video6-1.png 1716w, https:\/\/sisu.ut.ee\/wp-content\/uploads\/sites\/545\/sdce_video6-1-300x191.png 300w, https:\/\/sisu.ut.ee\/wp-content\/uploads\/sites\/545\/sdce_video6-1-1024x653.png 1024w, https:\/\/sisu.ut.ee\/wp-content\/uploads\/sites\/545\/sdce_video6-1-768x490.png 768w, https:\/\/sisu.ut.ee\/wp-content\/uploads\/sites\/545\/sdce_video6-1-1536x979.png 1536w\" sizes=\"auto, (max-width: 1716px) 100vw, 1716px\"><span><span style=\"line-height:107%\"><span><a href=\"https:\/\/youtu.be\/lJUrQKY_A5g?t=12\">https:\/\/youtu.be\/lJUrQKY_A5g?t=12<\/a><\/span><\/span><\/span>\r\n<\/p>\r\n\r\n<h2>\r\n\tEnesekontrolli test\r\n<\/h2>\r\n\r\n<div class=\"h5p-iframe-wrapper\"><div class=\"video-placeholder-wrapper video-placeholder-wrapper--fixed\" style=\"height: 366px;\">\n\t\t\t    <div class=\"video-placeholder d-flex justify-content-center align-items-center\">\n\t\t\t        <div class=\"overlay text-white p-2 w-100 text-center d-block justify-content-center align-items-center\">\n\t\t\t            <div>Kolmandate osapoolte sisu n\u00e4gemiseks palun n\u00f5ustu k\u00fcpsistega.<\/div>\n\t\t\t            <button class=\"btn btn-secondary btn-sm mt-1 consent-change\">Muuda n\u00f5usolekut<\/button>\n\t\t\t        <\/div>\n\t\t\t    <\/div>\n\t\t\t<\/div>\n<\/div>\r\n","protected":false},"excerpt":{"rendered":"<p>See teema k\u00e4sitleb, kuidas tudengite DKO meeskonda kujundada ja selles t\u00f6\u00f6tada. Kolmandas moodulis sisalduvale teabele tuginedes on selle teema \u00f5pieesm\u00e4rgiks omandada teadmised selle kohta, kuidas luua inimeste r\u00fchm DKO projekti loomiseks, ning osata anal\u00fc\u00fcsida, millised oskused meeskonnakaaslastel on ja kuidas &#8230;<\/p>\n","protected":false},"author":63,"featured_media":0,"parent":0,"menu_order":0,"comment_status":"closed","ping_status":"closed","template":"","meta":{"_acf_changed":false,"inline_featured_image":false,"footnotes":""},"class_list":["post-44","page","type-page","status-publish","hentry"],"acf":[],"_links":{"self":[{"href":"https:\/\/sisu.ut.ee\/sdce\/et\/wp-json\/wp\/v2\/pages\/44","targetHints":{"allow":["GET"]}}],"collection":[{"href":"https:\/\/sisu.ut.ee\/sdce\/et\/wp-json\/wp\/v2\/pages"}],"about":[{"href":"https:\/\/sisu.ut.ee\/sdce\/et\/wp-json\/wp\/v2\/types\/page"}],"author":[{"embeddable":true,"href":"https:\/\/sisu.ut.ee\/sdce\/et\/wp-json\/wp\/v2\/users\/63"}],"replies":[{"embeddable":true,"href":"https:\/\/sisu.ut.ee\/sdce\/et\/wp-json\/wp\/v2\/comments?post=44"}],"version-history":[{"count":3,"href":"https:\/\/sisu.ut.ee\/sdce\/et\/wp-json\/wp\/v2\/pages\/44\/revisions"}],"predecessor-version":[{"id":854,"href":"https:\/\/sisu.ut.ee\/sdce\/et\/wp-json\/wp\/v2\/pages\/44\/revisions\/854"}],"wp:attachment":[{"href":"https:\/\/sisu.ut.ee\/sdce\/et\/wp-json\/wp\/v2\/media?parent=44"}],"curies":[{"name":"wp","href":"https:\/\/api.w.org\/{rel}","templated":true}]}}