{"id":43,"date":"2024-04-04T07:48:22","date_gmt":"2024-04-04T04:48:22","guid":{"rendered":"https:\/\/sisu.ut.ee\/sdce\/module-6-en\/"},"modified":"2024-05-29T14:58:15","modified_gmt":"2024-05-29T11:58:15","slug":"module-6-en","status":"publish","type":"page","link":"https:\/\/sisu.ut.ee\/sdce\/et\/module-6-en\/","title":{"rendered":"Moodul 6: Kodanikuosaluse projekti, eesm\u00e4rgi ja koost\u00f6\u00f6 turundamine"},"content":{"rendered":"<blockquote>\n<h4>\n\t\t<img loading=\"lazy\" decoding=\"async\" width=\"536\" height=\"668\" class=\"alignnone wp-image-193\" style=\"width: 140px;height: 180px;float: right\" src=\"https:\/\/sisu.ut.ee\/wp-content\/uploads\/sites\/545\/picture6.jpg\" title=\"picture6.jpg\" alt=\"SDCE6\" srcset=\"https:\/\/sisu.ut.ee\/wp-content\/uploads\/sites\/545\/picture6.jpg 536w, https:\/\/sisu.ut.ee\/wp-content\/uploads\/sites\/545\/picture6-241x300.jpg 241w\" sizes=\"auto, (max-width: 536px) 100vw, 536px\">Kursuse viimases moodulis on t\u00e4helepanu keskpunktis teie kodanikuosaluse projekti, eesm\u00e4rgi ja koost\u00f6\u00f6 turundamine. Selle mooduli sisu aitab m\u00f5ista usalduse olulisust nii meeskonnaliikmete kui ka projekti toetajate jaoks, lugude jutustamise t\u00e4htsust ettev\u00f5tetes ning seda, kuidas kujundada missiooni ja visiooni. Selles osas tutvustatakse ka erinevaid rakendusi ja t\u00f6\u00f6vahendeid, mis toetavad oma projekti kohta info levitamist.<br>\n\t<\/h4>\n<\/blockquote>\n<p>\n\t\u00a0\n<\/p>\n<p>\n\t<b><span style=\"background:white\"><span style=\"line-height:107%\">Selles moodulis k\u00e4sitletavad teemad:<\/span><\/span><\/b>\n<\/p>\n<ol>\n<li class=\"SDCE-BodyText\" style=\"margin-top:0cm;margin-right:0cm;margin-bottom:.0001pt\">\n\t\t<span><span style=\"line-height:115%\">Miks on usaldusv\u00e4\u00e4rsuse, usalduse ja suhete loomine v\u00f5tmet\u00e4htsusega?<\/span><\/span>\n\t<\/li>\n<li>\n\t\t<span style=\"line-height:107%\">\u00dcli\u00f5pilaste kui aktiivsete kodanike kogukonna arendamine ja kasvatamine<\/span>\n\t<\/li>\n<li>\n\t\t<span style=\"line-height:107%\">Missiooniturundus t\u00e4helepanu keskpunktis<\/span>\n\t<\/li>\n<li>\n\t\t<span style=\"line-height:107%\">Tehnoloogiad ja t\u00f6\u00f6vahendid, mis aitavad infot\u00a0jagada ja levitada<\/span>\n\t<\/li>\n<\/ol>\n<p style=\"margin-left:18.0pt\">\n\t\u00a0\n<\/p>\n<p>\n\t<b>Mooduli l\u00e4binud \u00f5ppija<\/b>\n<\/p>\n<ul>\n<li style=\"margin-left: 18pt\">\n\t\tm\u00f5istab usalduse olulisust nii projekti meeskonnaliikmete kui ka toetajate jaoks;\n\t<\/li>\n<li style=\"margin-left: 18pt\">\n\t\tteab, kuidas jutuvestmist rakendada ettev\u00f5tetes;\n\t<\/li>\n<li style=\"margin-left: 18pt\">\n\t\tteab, kuidas t\u00f6\u00f6tada v\u00e4lja missioon ja visioon;\n\t<\/li>\n<li style=\"margin-left: 18pt\">\n\t\tteab, kuidas erinevaid rakendusi ja t\u00f6\u00f6riistu turunduses kasutada;\n\t<\/li>\n<li style=\"margin-left: 18pt\">\n\t\tteab, kuidas oma projekti kohta infot levitada.\n\t<\/li>\n<\/ul>\n<p>\n\t\u00a0<\/p>\n","protected":false},"excerpt":{"rendered":"<p>Kursuse viimases moodulis on t\u00e4helepanu keskpunktis teie kodanikuosaluse projekti, eesm\u00e4rgi ja koost\u00f6\u00f6 turundamine. Selle mooduli sisu aitab m\u00f5ista usalduse olulisust nii meeskonnaliikmete kui ka projekti toetajate jaoks, lugude jutustamise t\u00e4htsust ettev\u00f5tetes ning seda, kuidas kujundada missiooni ja visiooni. Selles osas &#8230;<\/p>\n","protected":false},"author":63,"featured_media":0,"parent":0,"menu_order":0,"comment_status":"closed","ping_status":"closed","template":"","meta":{"_acf_changed":false,"inline_featured_image":false,"footnotes":""},"class_list":["post-43","page","type-page","status-publish","hentry"],"acf":[],"_links":{"self":[{"href":"https:\/\/sisu.ut.ee\/sdce\/et\/wp-json\/wp\/v2\/pages\/43","targetHints":{"allow":["GET"]}}],"collection":[{"href":"https:\/\/sisu.ut.ee\/sdce\/et\/wp-json\/wp\/v2\/pages"}],"about":[{"href":"https:\/\/sisu.ut.ee\/sdce\/et\/wp-json\/wp\/v2\/types\/page"}],"author":[{"embeddable":true,"href":"https:\/\/sisu.ut.ee\/sdce\/et\/wp-json\/wp\/v2\/users\/63"}],"replies":[{"embeddable":true,"href":"https:\/\/sisu.ut.ee\/sdce\/et\/wp-json\/wp\/v2\/comments?post=43"}],"version-history":[{"count":1,"href":"https:\/\/sisu.ut.ee\/sdce\/et\/wp-json\/wp\/v2\/pages\/43\/revisions"}],"predecessor-version":[{"id":596,"href":"https:\/\/sisu.ut.ee\/sdce\/et\/wp-json\/wp\/v2\/pages\/43\/revisions\/596"}],"wp:attachment":[{"href":"https:\/\/sisu.ut.ee\/sdce\/et\/wp-json\/wp\/v2\/media?parent=43"}],"curies":[{"name":"wp","href":"https:\/\/api.w.org\/{rel}","templated":true}]}}