{"id":41,"date":"2024-04-04T07:48:25","date_gmt":"2024-04-04T04:48:25","guid":{"rendered":"https:\/\/sisu.ut.ee\/sdce\/module-5-4\/"},"modified":"2024-04-05T12:37:14","modified_gmt":"2024-04-05T09:37:14","slug":"module-5-4","status":"publish","type":"page","link":"https:\/\/sisu.ut.ee\/sdce\/et\/module-5-4\/","title":{"rendered":"Teema 4: Ettev\u00f5tte sotsiaalse vastutuse j\u00f5u kasutamine"},"content":{"rendered":"<blockquote>\r\n\t<h4>\r\n\t\t<img loading=\"lazy\" decoding=\"async\" width=\"531\" height=\"399\" class=\"alignnone wp-image-179\" style=\"width: 150px;height: 113px;float: right\" src=\"https:\/\/sisu.ut.ee\/wp-content\/uploads\/sites\/545\/sdce_clowd.png\" title=\"sdce_clowd.png\" alt=\"SDCE_clowd\" srcset=\"https:\/\/sisu.ut.ee\/wp-content\/uploads\/sites\/545\/sdce_clowd.png 531w, https:\/\/sisu.ut.ee\/wp-content\/uploads\/sites\/545\/sdce_clowd-300x225.png 300w\" sizes=\"auto, (max-width: 531px) 100vw, 531px\">Selle teema raames k\u00e4sitletakse ettev\u00f5tete sotsiaalse vastutuse t\u00e4htsust ja kuidas see v\u00f5ib olla oluliseks teguriks, mis aktiveerib inimesi tegelema v\u00f5imalike \u00fchiskonna probleemidega, mida nad saaksid aidata lahendada. Selle teema \u00f5pieesm\u00e4rgiks on omandada arusaam ettev\u00f5tte sotsiaalsest vastutusest ja sellest, kuidas seda DKO projekti arendamiseks kasutada.\r\n\t<\/h4>\r\n<\/blockquote>\r\n\r\n<p>\r\n\t\u00a0\r\n<\/p>\r\n\r\n<h3>\r\n\t<img loading=\"lazy\" decoding=\"async\" width=\"551\" height=\"720\" class=\"alignnone wp-image-189\" style=\"width: 200px;height: 261px;float: right\" src=\"https:\/\/sisu.ut.ee\/wp-content\/uploads\/sites\/545\/picture4.jpg\" title=\"picture4.jpg\" alt=\"SDCE5-4\" srcset=\"https:\/\/sisu.ut.ee\/wp-content\/uploads\/sites\/545\/picture4.jpg 551w, https:\/\/sisu.ut.ee\/wp-content\/uploads\/sites\/545\/picture4-230x300.jpg 230w\" sizes=\"auto, (max-width: 551px) 100vw, 551px\"><strong>Mis on ettev\u00f5tte sotsiaalne vastutus?<\/strong>\r\n<\/h3>\r\n\r\n<p>\r\n\tEttev\u00f5tte sotsiaalne vastutus (CSR) on olukord, kui ettev\u00f5tted v\u00f5tavad vastutuse oma tegevuse m\u00f5ju eest \u00fchiskonnale ja teevad rohkem, kui seadusandluses n\u00f5utud, et omada positiivset moraalset m\u00f5ju kogukonnas.\r\n<\/p>\r\n\r\n<p>\r\n\tCSR v\u00f5ib v\u00e4ljenduda \u00f5iglase kaubanduse tavade j\u00e4rgimisena, t\u00f6\u00f6tingimuste parandamisena, annetuste tegemisena v\u00f5i sponsorlusena. CSR on ettev\u00f5tete jaoks praeguses ettev\u00f5tluskliimas \u00fcha olulisem.\r\n<\/p>\r\n\r\n<p>\r\n\t\u00a0\r\n<\/p>\r\n\r\n<p>\r\n\t\u00a0\r\n<\/p>\r\n\r\n<h3>\r\n\t<b>Miks ettev\u00f5tte sotsiaalne vastutus on oluline?<\/b>\r\n<\/h3>\r\n\r\n<p>\r\n\tEttev\u00f5tte sotsiaalne vastutus on kasulik k\u00f5igile, alates tarbijast kuni ettev\u00f5tte endani. Tarbija teab, et valides ostu sotsiaalselt vastutustundlikust ettev\u00f5ttest, aitab ta kaasa heale eesm\u00e4rgile ning ettev\u00f5te saab eetilisi tavasid j\u00e4rgides suurendada m\u00fc\u00fcki, firma v\u00e4\u00e4rtust, nime tuntust ja kliendibaasi. Ja loomulikult saab laiem kogukond kasu sellest, et ettev\u00f5te tegeleb CSR-iga \u2013 sealhulgas loodetavasti ka teie projekt!\r\n<\/p>\r\n\r\n<p>\r\n\t\u00a0\r\n<\/p>\r\n\r\n<p>\r\n\t\u00a0\r\n<\/p>\r\n\r\n<h3>\r\n\t<b>Ettev\u00f5tte sotsiaalse vastutuse strateegia koostamine<\/b>\r\n<\/h3>\r\n\r\n<p>\r\n\tM\u00f5elge, mida teie DKO projekt kavatseb teha\/saavutada. Kus peituvad teie tugevad k\u00fcljed? See v\u00f5ib olla k\u00f5ik alates tugevast turundusmeeskonnast kuni suurep\u00e4rase suhtluseni teie ettev\u00f5ttes. T\u00f6\u00f6tage nende tugevate k\u00fclgedega ja toetuge neile kogu oma CSR-teekonna jooksul. CSR-strateegia kavandamisel on oluline kindlaks teha, mida teie kliendid v\u00e4\u00e4rtustavad. Veenduge, et k\u00f5ik, millesse investeerite, oleks koosk\u00f5las teie projekti missiooniga.\r\n<\/p>\r\n\r\n<p>\r\n\tKasutage ideid kogu oma meeskonnalt.\r\n<\/p>\r\n\r\n<p>\r\n\tLuues projekti raames ettev\u00f5tete sotsiaalse vastutuse kaasamisplaani koos oluliste vabatahtlikega aitab teil luua kindla CSR-strateegia, mida saate seej\u00e4rel \u00fclej\u00e4\u00e4nud meeskonnale tutvustada. Et tagada selle ehtsus, peavad k\u00f5ik teie projektis osalejad teie CSR-strateegiasse uskuma.\r\n<\/p>\r\n\r\n<p>\r\n\t\u00a0\r\n<\/p>\r\n\r\n<h3>\r\n\tVaadake videot, mis k\u00e4sitleb ettev\u00f5tte sotsiaalse vastutuse t\u00e4htsust igas suuruses ettev\u00f5tetes.\r\n<\/h3>\r\n\r\n<p>\r\n\t<img loading=\"lazy\" decoding=\"async\" width=\"1716\" height=\"1094\" class=\"alignnone wp-image-223\" style=\"width: 300px;height: 191px\" src=\"https:\/\/sisu.ut.ee\/wp-content\/uploads\/sites\/545\/sdce_video5-4.png\" title=\"sdce_video5-4.png\" alt=\"SDCE_video_5-4\" srcset=\"https:\/\/sisu.ut.ee\/wp-content\/uploads\/sites\/545\/sdce_video5-4.png 1716w, https:\/\/sisu.ut.ee\/wp-content\/uploads\/sites\/545\/sdce_video5-4-300x191.png 300w, https:\/\/sisu.ut.ee\/wp-content\/uploads\/sites\/545\/sdce_video5-4-1024x653.png 1024w, https:\/\/sisu.ut.ee\/wp-content\/uploads\/sites\/545\/sdce_video5-4-768x490.png 768w, https:\/\/sisu.ut.ee\/wp-content\/uploads\/sites\/545\/sdce_video5-4-1536x979.png 1536w\" sizes=\"auto, (max-width: 1716px) 100vw, 1716px\"><span><span style=\"line-height:107%\"><span><a href=\"https:\/\/www.youtube.com\/watch?v=dwh93cjDeT0\">https:\/\/www.youtube.com\/watch?v=dwh93cjDeT0<\/a> <\/span><\/span><\/span>\r\n<\/p>\r\n\r\n<p>\r\n\t\u00a0\r\n<\/p>\r\n\r\n<h2>\r\n\t<span><span style=\"line-height:107%\"><span>Enesekontrolli test<\/span><\/span><\/span>\r\n<\/h2>\r\n\r\n<div class=\"h5p-iframe-wrapper\"><div class=\"video-placeholder-wrapper video-placeholder-wrapper--fixed\" style=\"height: 366px;\">\n\t\t\t    <div class=\"video-placeholder d-flex justify-content-center align-items-center\">\n\t\t\t        <div class=\"overlay text-white p-2 w-100 text-center d-block justify-content-center align-items-center\">\n\t\t\t            <div>Kolmandate osapoolte sisu n\u00e4gemiseks palun n\u00f5ustu k\u00fcpsistega.<\/div>\n\t\t\t            <button class=\"btn btn-secondary btn-sm mt-1 consent-change\">Muuda n\u00f5usolekut<\/button>\n\t\t\t        <\/div>\n\t\t\t    <\/div>\n\t\t\t<\/div>\n<\/div>\r\n","protected":false},"excerpt":{"rendered":"<p>Selle teema raames k\u00e4sitletakse ettev\u00f5tete sotsiaalse vastutuse t\u00e4htsust ja kuidas see v\u00f5ib olla oluliseks teguriks, mis aktiveerib inimesi tegelema v\u00f5imalike \u00fchiskonna probleemidega, mida nad saaksid aidata lahendada. Selle teema \u00f5pieesm\u00e4rgiks on omandada arusaam ettev\u00f5tte sotsiaalsest vastutusest ja sellest, kuidas seda &#8230;<\/p>\n","protected":false},"author":63,"featured_media":0,"parent":0,"menu_order":0,"comment_status":"closed","ping_status":"closed","template":"","meta":{"_acf_changed":false,"inline_featured_image":false,"footnotes":""},"class_list":["post-41","page","type-page","status-publish","hentry"],"acf":[],"_links":{"self":[{"href":"https:\/\/sisu.ut.ee\/sdce\/et\/wp-json\/wp\/v2\/pages\/41","targetHints":{"allow":["GET"]}}],"collection":[{"href":"https:\/\/sisu.ut.ee\/sdce\/et\/wp-json\/wp\/v2\/pages"}],"about":[{"href":"https:\/\/sisu.ut.ee\/sdce\/et\/wp-json\/wp\/v2\/types\/page"}],"author":[{"embeddable":true,"href":"https:\/\/sisu.ut.ee\/sdce\/et\/wp-json\/wp\/v2\/users\/63"}],"replies":[{"embeddable":true,"href":"https:\/\/sisu.ut.ee\/sdce\/et\/wp-json\/wp\/v2\/comments?post=41"}],"version-history":[{"count":3,"href":"https:\/\/sisu.ut.ee\/sdce\/et\/wp-json\/wp\/v2\/pages\/41\/revisions"}],"predecessor-version":[{"id":855,"href":"https:\/\/sisu.ut.ee\/sdce\/et\/wp-json\/wp\/v2\/pages\/41\/revisions\/855"}],"wp:attachment":[{"href":"https:\/\/sisu.ut.ee\/sdce\/et\/wp-json\/wp\/v2\/media?parent=41"}],"curies":[{"name":"wp","href":"https:\/\/api.w.org\/{rel}","templated":true}]}}