{"id":40,"date":"2024-04-04T07:48:25","date_gmt":"2024-04-04T04:48:25","guid":{"rendered":"https:\/\/sisu.ut.ee\/sdce\/module-5-3\/"},"modified":"2024-04-05T12:37:14","modified_gmt":"2024-04-05T09:37:14","slug":"module-5-3","status":"publish","type":"page","link":"https:\/\/sisu.ut.ee\/sdce\/et\/module-5-3\/","title":{"rendered":"Teema 3: Kodanikuosaluse projektide\/eesm\u00e4rkide \u00fchisrahastamine"},"content":{"rendered":"<blockquote>\r\n\t<h4>\r\n\t\t<img loading=\"lazy\" decoding=\"async\" width=\"531\" height=\"399\" class=\"alignnone wp-image-179\" style=\"width: 150px;height: 113px;float: right\" src=\"https:\/\/sisu.ut.ee\/wp-content\/uploads\/sites\/545\/sdce_clowd.png\" title=\"sdce_clowd.png\" alt=\"SDCE_clowd\" srcset=\"https:\/\/sisu.ut.ee\/wp-content\/uploads\/sites\/545\/sdce_clowd.png 531w, https:\/\/sisu.ut.ee\/wp-content\/uploads\/sites\/545\/sdce_clowd-300x225.png 300w\" sizes=\"auto, (max-width: 531px) 100vw, 531px\">See teema k\u00e4sitleb \u00fchisrahastuse kontseptsiooni ja seda, kuidas \u00f5ppijad saavad kasutada erinevaid rahastamisviise, luues\u00a0oma DKO projekte. \u00d5pieesm\u00e4rgiks on tunda \u00e4ra ja m\u00f5ista m\u00f5ningaid olemasolevaid t\u00f6\u00f6vahendeid\/platvorme, mida saab potentsiaalselt kasutada oma projektide rahastamisel.\r\n\t<\/h4>\r\n<\/blockquote>\r\n\r\n<p>\r\n\t\u00a0\r\n<\/p>\r\n\r\n<h3>\r\n\t<img loading=\"lazy\" decoding=\"async\" width=\"536\" height=\"668\" class=\"alignnone wp-image-221\" style=\"width: 200px;height: 249px;float: right\" src=\"https:\/\/sisu.ut.ee\/wp-content\/uploads\/sites\/545\/picture5-3.jpg\" title=\"picture5-3.jpg\" alt=\"SDCE5-3\" srcset=\"https:\/\/sisu.ut.ee\/wp-content\/uploads\/sites\/545\/picture5-3.jpg 536w, https:\/\/sisu.ut.ee\/wp-content\/uploads\/sites\/545\/picture5-3-241x300.jpg 241w\" sizes=\"auto, (max-width: 536px) 100vw, 536px\"><b>Mis on \u00fchisrahastus?<\/b>\r\n<\/h3>\r\n\r\n<p>\r\n\t\u00dchisrahastamisest saab r\u00e4\u00e4kida, kui paljud inimesed (\u201crahvahulk\u201d) aitavad projekti rahastada. See v\u00f5ib olla hea v\u00f5imalus koguda paljudelt inimestelt palju v\u00e4ikeseid annetusi oma projekti v\u00f5i eesm\u00e4rgi elluviimiseks, idufirmade v\u00f5i v\u00e4iksematele ettev\u00f5te loomiseks.\r\n<\/p>\r\n\r\n<p>\r\n\t\u00dchisrahastamine n\u00f5uab projekti v\u00f5i ettev\u00f5tet, et veenda \u00fchisrahastajaid selles, et nende projekt on rahastamist v\u00e4\u00e4rt. Lugude jutustamise kunst on siin \u00fclioluline.\r\n<\/p>\r\n\r\n<p>\r\n\t\u00dchisrahastamist on nelja erinevat t\u00fc\u00fcpi: <b>annetused, preemia, v\u00f5lg ja omakapital<\/b>. Vaatleme iga\u00fcht neist pisut p\u00f5hjalikumalt.\r\n<\/p>\r\n\r\n<ol>\r\n\t<li style=\"list-style-type:none\">\r\n\t\t<b>Annetus.<\/b> Annetusp\u00f5hine \u00fchisrahastus on see, kus toetajad ei oota midagi vastu, nad annetavad puhtalt huvist ja toetavad projekti.\r\n\t<\/li>\r\n\t<li>\r\n\t\t<b>V\u00f5lg.<\/b> V\u00f5lap\u00f5hine annetus (v\u00f5i vastastikune laenuandmine) on sarnane laenule. Annetajad annavad raha laenuna ja selle raha peab saaja teatud aja jooksul koos intressidega tagasi maksma.\r\n\t<\/li>\r\n\t<li>\r\n\t\t<b>Preemia.<\/b> Annetajad saavad oma annetuse eest midagi vastu. Tavaliselt on see mingi v\u00e4ikest, n\u00e4iteks t-s\u00e4rk v\u00f5i mingi meene ettev\u00f5tte kaubam\u00e4rgiga. See v\u00f5ib olla ka soodushinnaga toode v\u00f5i teenus ise.\r\n\t<\/li>\r\n\t<li>\r\n\t\t<b>Omakapital.<\/b> M\u00f5nel juhul loovutavad projektid annetuste eest osa oma ettev\u00f5ttest. Annetajad saavad ettev\u00f5ttes osaluse, mis on v\u00f5rdv\u00e4\u00e4rne nende annetatud summaga.\r\n\t<\/li>\r\n<\/ol>\r\n\r\n<p>\r\n\t\u00a0\r\n<\/p>\r\n\r\n<p>\r\n\t\u00a0\r\n<\/p>\r\n\r\n<h3>\r\n\t<b>N\u00e4ited \u00fchisrahastuse veebilehtedest<\/b>\r\n<\/h3>\r\n\r\n<p>\r\n\tTeie jaoks sobiva \u00fchisrahastuse veebilehe uurimine ja valimine on m\u00f5istlik selleks, et teie kampaania oleks edukas. Neil kehtivad oma tingimused \u2013 lugege need kindlasti l\u00e4bi!\r\n<\/p>\r\n\r\n<p>\r\n\t<b>Kickstarter <\/b>on preemiap\u00f5hine \u00fchisrahastuse laht. 2009. aastal loodud Kickstarter on aidanud koguda miljardeid enam kui 100 000 erineva projekti jaoks. Kickstarterid pakuvad tavaliselt oma toodet v\u00f5i teenust preemiana, kui nad oma eesm\u00e4rgi saavutavad.<br><a data-url=\"https:\/\/www.kickstarter.com\/\" href=\"https:\/\/www.kickstarter.com\/\" target=\"_blank\" title=\"\" rel=\"noopener\">Link Kickstarter\u2019i lehele.<\/a>\r\n<\/p>\r\n\r\n<p>\r\n\t<b>GoFundMe <\/b>on annetustel p\u00f5hinev \u00fchisrahastuse leht. Kuigi tavaliselt kasutatakse seda heategevuseks, saavad ettev\u00f5tted platvormi kasutada ka oma kampaania jaoks annetuste kogumiseks.<br><a data-url=\"https:\/\/www.gofundme.com\/\" href=\"https:\/\/www.gofundme.com\/\" target=\"_blank\" title=\"\" rel=\"noopener\">Link GoFundMe lehele.<\/a>\r\n<\/p>\r\n\r\n<p>\r\n\t<b>LendingClub<\/b> on v\u00f5lap\u00f5hine \u00fchisrahastuse leht. See kasutab varem mainitud vastastikuste laenude meetodit. See pakub isiklikke laene ja finantseerimist v\u00e4ikeettev\u00f5tetele 3\u20135 aasta jooksul.<br><a data-url=\"https:\/\/www.lendingclub.com\/\" href=\"https:\/\/www.lendingclub.com\/\" target=\"_blank\" title=\"\" rel=\"noopener\">Link LendingClub\u2019i lehele.<\/a>\r\n<\/p>\r\n\r\n<p>\r\n\t<b>Hubbub <\/b>teeb koost\u00f6\u00f6d \u00fclikoolidega \u00fcli\u00f5pilaste ja vilistlaste projektide \u00fchisrahastamiseks. Nad arvavad \u00f5igustatult, et \u00fchisrahastus on \u00f5ppijatele p\u00f5nev viis ettev\u00f5tlusoskuste arendamiseks. Kui t\u00e4htaja l\u00e4henedes tekib surve eesm\u00e4rgini j\u00f5uda, on kogu see protsess suurep\u00e4rane turunduse \u00f5ppetund, alates \u00fchisrahastusprojekti loomisest kuni projekti reklaamimiseni ja raamidest v\u00e4lja m\u00f5tlemiseni.\u00a0<br><a data-url=\"https:\/\/www.hubbub.net\/\" href=\"https:\/\/www.hubbub.net\/\" target=\"_blank\" title=\"\" rel=\"noopener\">Link Hubbub\u2019i lehele.<\/a>\r\n<\/p>\r\n\r\n<p>\r\n\tHubbub\u2019il on kaks eesm\u00e4rki:\r\n<\/p>\r\n\r\n<ol>\r\n\t<li>\r\n\t\tNende\u00a0eesm\u00e4rk on olla juhtiv digitaalsete rahakogumislahenduste pakkuja haridus- ja mittetulundussektoris, aidates organisatsioonidel l\u00e4bi viia massilise kaasamise, osalemise ja raha kogumise kampaaniaid mobiili-, veebi- ja sotsiaalmeedia kaudu.\r\n\t<\/li>\r\n\t<li>\r\n\t\t<span lang=\"EN-US\"><span style=\"line-height:107%\"><span>Nende teine eesm\u00e4rk on harida inimesi, kes soovivad tasuta platvormil luua headel eesm\u00e4rkidel \u00fchisrahastuskampaaniaid.<\/span><\/span><\/span><br><a href=\"https:\/\/www.hubbub.net\/solutions\/crowdfunding\">https:\/\/www.hubbub.net\/solutions\/crowdfunding<\/a>\u00a0\r\n\t<\/li>\r\n<\/ol>\r\n\r\n<p>\r\n\t\u00a0\r\n<\/p>\r\n\r\n<h3>\r\n\t<b>N\u00e4pun\u00e4iteid edukaks \u00fchisrahastamiseks<\/b>\r\n<\/h3>\r\n\r\n<p>\r\n\t1. <b>Muutke oma kampaania suurep\u00e4raste lugude jutustamisega silmapaistvaks.<\/b><br>Inimesed investeerivad kampaaniatesse, mis neid k\u00f5netavad. V\u00f5ib-olla arvavad nad loo p\u00f5hjal, et kampaaniajuht on ehtne v\u00f5i \u00fchisrahastatav toode\/teenus on nende jaoks asjakohane ja oluline.<br>Tugev loo jutustamise kampaania aitab sul teistest eristuda. Paljude erinevate platvormide, n\u00e4iteks sotsiaalmeedia postitused ja videop\u00f6\u00f6rdumised selle kohta, miks inimesed peaksid teie kampaaniale annetama, v\u00f5ivad olla v\u00e4ga kasulikud.\r\n<\/p>\r\n\r\n<p>\r\n\t2. <b>Hoidke suhtlus selge ja avatud<\/b>.<br>Teie toetajad on olulised, seega hoidke neid oma kampaaniaga ja toimuvaga kursis. \u00dchisrahastamise ajal v\u00f5ib teil tekkida raskusi ja tagasil\u00f6\u00f6ke, mist\u00f5ttu on oluline, et teie toetajad oleksid v\u00f5imalikest viivitustest teadlikud.<br>Isegi p\u00e4rast kampaania l\u00f5ppu andke annetajatele oma projekti j\u00e4rgmisest sammust teada. Toetajate kursis hoidmine v\u00f5ib aidata luua teie projektile nn repertuaari \u2013 see on hea enesetunde tegur, mis j\u00e4\u00e4b kestma.\r\n<\/p>\r\n\r\n<p>\r\n\t3. <b>Valmistuge oma kampaaniaks piisavalt ette<\/b>.<br>\u00c4rge lihtsalt k\u00e4ivitage oma kampaaniat ja eeldage, et toetajad tormavad kohale. Tutvustage endast enne \u00fchisrahastamise alustamist h\u00e4sti. Hoidke oma sotsiaalmeedia profiilid aktiivsed. R\u00e4\u00e4kige inimestele oma tulevasest kampaaniast. Suus\u00f5naline info levitamine v\u00f5ib olla teie kampaania jaoks v\u00e4ga kasulik. J\u00e4tke oma kampaania planeerimiseks piisavalt aega.<br><span lang=\"EN-US\"><span style=\"line-height:107%\"><span>Turundusmaterjalide koostamise ja avalikustamisega kiirustamine \u00fchisrahastuse k\u00e4ivitamise p\u00e4eval ei too teile kasu. V\u00f5tke aega ja \u00e4rge tehke oma toetajatele loobumisotsust kergeks<\/span><\/span><\/span>\r\n<\/p>\r\n\r\n<p>\r\n\t\u00a0\r\n<\/p>\r\n\r\n<h3>\r\n\tVaadake videot, kuidas kirjutada head \u00fchisrahastuslugu, et saavutada edu.\r\n<\/h3>\r\n\r\n<p>\r\n\t<img loading=\"lazy\" decoding=\"async\" width=\"1716\" height=\"1094\" class=\"alignnone wp-image-222\" style=\"width: 300px;height: 191px\" src=\"https:\/\/sisu.ut.ee\/wp-content\/uploads\/sites\/545\/sdce_video5-3.png\" title=\"sdce_video5-3.png\" alt=\"SDCE_video5-3\" srcset=\"https:\/\/sisu.ut.ee\/wp-content\/uploads\/sites\/545\/sdce_video5-3.png 1716w, https:\/\/sisu.ut.ee\/wp-content\/uploads\/sites\/545\/sdce_video5-3-300x191.png 300w, https:\/\/sisu.ut.ee\/wp-content\/uploads\/sites\/545\/sdce_video5-3-1024x653.png 1024w, https:\/\/sisu.ut.ee\/wp-content\/uploads\/sites\/545\/sdce_video5-3-768x490.png 768w, https:\/\/sisu.ut.ee\/wp-content\/uploads\/sites\/545\/sdce_video5-3-1536x979.png 1536w\" sizes=\"auto, (max-width: 1716px) 100vw, 1716px\"><a href=\"https:\/\/www.youtube.com\/watch?v=6fqfQdpYzeQ\">https:\/\/www.youtube.com\/watch?v=6fqfQdpYzeQ<\/a>\r\n<\/p>\r\n\r\n<h2>\r\n\tEnesekontrolli test\r\n<\/h2>\r\n\r\n<div class=\"h5p-iframe-wrapper\"><div class=\"video-placeholder-wrapper video-placeholder-wrapper--fixed\" style=\"height: 366px;\">\n\t\t\t    <div class=\"video-placeholder d-flex justify-content-center align-items-center\">\n\t\t\t        <div class=\"overlay text-white p-2 w-100 text-center d-block justify-content-center align-items-center\">\n\t\t\t            <div>Kolmandate osapoolte sisu n\u00e4gemiseks palun n\u00f5ustu k\u00fcpsistega.<\/div>\n\t\t\t            <button class=\"btn btn-secondary btn-sm mt-1 consent-change\">Muuda n\u00f5usolekut<\/button>\n\t\t\t        <\/div>\n\t\t\t    <\/div>\n\t\t\t<\/div>\n<\/div>\r\n","protected":false},"excerpt":{"rendered":"<p>See teema k\u00e4sitleb \u00fchisrahastuse kontseptsiooni ja seda, kuidas \u00f5ppijad saavad kasutada erinevaid rahastamisviise, luues\u00a0oma DKO projekte. \u00d5pieesm\u00e4rgiks on tunda \u00e4ra ja m\u00f5ista m\u00f5ningaid olemasolevaid t\u00f6\u00f6vahendeid\/platvorme, mida saab potentsiaalselt kasutada oma projektide rahastamisel. \u00a0 Mis on \u00fchisrahastus? \u00dchisrahastamisest saab r\u00e4\u00e4kida, kui &#8230;<\/p>\n","protected":false},"author":63,"featured_media":0,"parent":0,"menu_order":0,"comment_status":"closed","ping_status":"closed","template":"","meta":{"_acf_changed":false,"inline_featured_image":false,"footnotes":""},"class_list":["post-40","page","type-page","status-publish","hentry"],"acf":[],"_links":{"self":[{"href":"https:\/\/sisu.ut.ee\/sdce\/et\/wp-json\/wp\/v2\/pages\/40","targetHints":{"allow":["GET"]}}],"collection":[{"href":"https:\/\/sisu.ut.ee\/sdce\/et\/wp-json\/wp\/v2\/pages"}],"about":[{"href":"https:\/\/sisu.ut.ee\/sdce\/et\/wp-json\/wp\/v2\/types\/page"}],"author":[{"embeddable":true,"href":"https:\/\/sisu.ut.ee\/sdce\/et\/wp-json\/wp\/v2\/users\/63"}],"replies":[{"embeddable":true,"href":"https:\/\/sisu.ut.ee\/sdce\/et\/wp-json\/wp\/v2\/comments?post=40"}],"version-history":[{"count":3,"href":"https:\/\/sisu.ut.ee\/sdce\/et\/wp-json\/wp\/v2\/pages\/40\/revisions"}],"predecessor-version":[{"id":856,"href":"https:\/\/sisu.ut.ee\/sdce\/et\/wp-json\/wp\/v2\/pages\/40\/revisions\/856"}],"wp:attachment":[{"href":"https:\/\/sisu.ut.ee\/sdce\/et\/wp-json\/wp\/v2\/media?parent=40"}],"curies":[{"name":"wp","href":"https:\/\/api.w.org\/{rel}","templated":true}]}}