{"id":39,"date":"2024-04-04T07:48:25","date_gmt":"2024-04-04T04:48:25","guid":{"rendered":"https:\/\/sisu.ut.ee\/sdce\/module-5-2-en\/"},"modified":"2024-04-05T12:37:14","modified_gmt":"2024-04-05T09:37:14","slug":"module-5-2-en","status":"publish","type":"page","link":"https:\/\/sisu.ut.ee\/sdce\/et\/module-5-2-en\/","title":{"rendered":"Teema 2: T\u00e4helepanu Lean Startup\u2019ile ehk nutikale idufirmale ja innovatsioonile"},"content":{"rendered":"<blockquote>\r\n\t<h4>\r\n\t\t<img loading=\"lazy\" decoding=\"async\" width=\"531\" height=\"399\" class=\"alignnone wp-image-179\" style=\"width: 150px;height: 113px;float: right\" src=\"https:\/\/sisu.ut.ee\/wp-content\/uploads\/sites\/545\/sdce_clowd.png\" title=\"sdce_clowd.png\" alt=\"SDCE_clowd\" srcset=\"https:\/\/sisu.ut.ee\/wp-content\/uploads\/sites\/545\/sdce_clowd.png 531w, https:\/\/sisu.ut.ee\/wp-content\/uploads\/sites\/545\/sdce_clowd-300x225.png 300w\" sizes=\"auto, (max-width: 531px) 100vw, 531px\">See teema pakub infot DKO projekti rahastamise v\u00f5imaluste kohta. \u00d5pieesm\u00e4rgiks on tutvuda nutika idufirma kontseptsiooniga ja saada aru, kuidas tehnoloogiaettev\u00f5tted aitavad oma organisatsioone rahastada.\r\n\t<\/h4>\r\n<\/blockquote>\r\n\r\n<p>\r\n\t\u00a0\r\n<\/p>\r\n\r\n<h3>\r\n\t<img loading=\"lazy\" decoding=\"async\" width=\"536\" height=\"668\" class=\"alignnone wp-image-207\" style=\"width: 200px;height: 249px;float: right\" src=\"https:\/\/sisu.ut.ee\/wp-content\/uploads\/sites\/545\/picture5-2.jpg\" title=\"picture5-2.jpg\" alt=\"SDCE5-2\" srcset=\"https:\/\/sisu.ut.ee\/wp-content\/uploads\/sites\/545\/picture5-2.jpg 536w, https:\/\/sisu.ut.ee\/wp-content\/uploads\/sites\/545\/picture5-2-241x300.jpg 241w\" sizes=\"auto, (max-width: 536px) 100vw, 536px\"><b>Mis on <em>Lean Startup<\/em> metoodika?<\/b>\r\n<\/h3>\r\n\r\n<p>\r\n\t<i>Lean Startup<\/i> protsess on ideaalne metoodika \u00f5ppijate kodanikuosaluse projekti aluseks. See annab baasi ja teadusliku l\u00e4henemise uuele projektile\/teenusele v\u00f5i tootearendusele. See \u00f5petab, kuidas projekti luua ja hallata ning projekti tulemusi kiiremini ja t\u00f5husamalt valitud sihtr\u00fchmani\/turule viia.\r\n<\/p>\r\n\r\n<p>\r\n\tOluline on teada, et iga projekt ei \u00f5nnestu. Paljud idufirmad v\u00f5ivad eba\u00f5nnestuda. Paljud veedavad aastaid toote arendamise ja kujundamise etapis, ilma et nad seda potentsiaalsele kliendile kunagi tutvustaksid v\u00f5i n\u00e4itaksid. Kui klient ei ole tootest teadlik ega saa oma panust anda, ei saa ta tootjale\/arendajale \u00f6elda, mis talle toote juures meeldib\/ei meeldi v\u00f5i kas ta toodet kasutaks v\u00f5i ostaks.\r\n<\/p>\r\n\r\n<p>\r\n\tKui idufirma ei n\u00e4i olevat kliendi arvamusest huvitatud, siis miks peaks klient idufirmast huvitatud olema? Keskendudes liiga palju toote t\u00e4iustamisele, ei suuda idufirma piisavalt p\u00f6\u00f6rata t\u00e4helepanu oma kliendibaasile ja nendega suhelda.\r\n<\/p>\r\n\r\n<p>\r\n\t\u00a0\r\n<\/p>\r\n\r\n<h3>\r\n\t<b>Pilk innovatsioonile<\/b>\r\n<\/h3>\r\n\r\n<p>\r\n\tInnovatsioon seisneb millegi tegemiseks erinevate\/uute viiside leidmises \u2013 ideaalne alus teie projektile. \u00c4rimaailmas annab see ettev\u00f5tetele konkurentsieelise.\r\n<\/p>\r\n\r\n<p>\r\n\tUuenduslike toimimisviiside leidmine v\u00f5ib aidata tagada, et teie DKO projekti saadab edu. Ajastul, mil \u00e4ri- ja tehnikavaldkonnad on omavahel tihedalt seotud, soovivad kliendid n\u00e4ha paremaid digiteenuseid. Kuid innovatsioon ei juhtu iseenesest, seda tuleb \u00f5hutada.\r\n<\/p>\r\n\r\n<p>\r\n\t<b>Looge innovaatiline keskkond.\u00a0<\/b>Oluline on julgustada innovatsiooni kui v\u00e4\u00e4rtust. Veenduge, et teie kolleegid\/meeskonna liikmed teaksid, et ideede jagamine ja uute toimimisviiside leidmine on hea. Tegevusetus v\u00f5ib projektile olla suurim kahju.\r\n<\/p>\r\n\r\n<p>\r\n\tArendage oma projektiliikmete loovust ja innovaatilisust \u2013 rakendage t\u00f6\u00f6p\u00e4eva jooksul loovuse arendamiseks selliseid taktikaid nagu ajur\u00fcnnakud, soovituskastid ning aeg ja ruum.\r\n<\/p>\r\n\r\n<p>\r\n\tPositiivsuse tugevdamine aitab edendada innovatsioonikultuuri.\r\n<\/p>\r\n\r\n<h3>\r\n\t\u00a0\r\n<\/h3>\r\n\r\n<h3>\r\n\t<b>Kuidas <em>Lean Startup<\/em> aitab?<\/b>\r\n<\/h3>\r\n\r\n<p>\r\n\t<i>Lean Startup<\/i> l\u00e4henemist kasutades saate luua protsesse oma toote v\u00f5i teenuse arenduse jaoks, luua tellimust ja kasutada t\u00f6\u00f6vahendeid oma visiooni pidevaks testimiseks kogu toote v\u00f5i projekti arendusperioodi jooksul.\r\n<\/p>\r\n\r\n<p>\r\n\t<i>Lean Startup<\/i> metoodika peab algusest peale silmas kasutajat v\u00f5i klienti.\r\n<\/p>\r\n\r\n<p>\r\n\t<b><i>Lean Startup<\/i><\/b><b> metoodika sisaldab 4 p\u00f5hiprintsiipi.<\/b>\r\n<\/p>\r\n\r\n<ol>\r\n\t<li>\r\n\t\t<b>Ettev\u00f5tjaid on k\u00f5ikjal.<\/b><br><i>Lean Startup<\/i> metoodikat saavad rakendada k\u00f5ik, kellel on projekti idee. Olenemata teie projekti suurusest v\u00f5i sellest, kas t\u00f6\u00f6tate oma t\u00f6\u00f6kohas, kodukontoris v\u00f5i aias, ikka saate kasutada <em>Lean Startup <\/em>l\u00e4henemisviisi, et s\u00e4\u00e4sta aega, raha ja ressursse ning tagada oma idufirma edu.\u00a0\u00a0\r\n\t<\/li>\r\n\t<li>\r\n\t\t<b>Ettev\u00f5tlus on juhtimine. <\/b><br>Paljud ettev\u00f5tted v\u00f5i meie puhul projektid eeldavad, et nad ei pea muretsema selliste asjade p\u00e4rast nagu juhtimine, kuna nad on nii v\u00e4ikesed. Nagu igas ettev\u00f5ttes, on juhtimine h\u00e4davajalik. See ei pruugi tunduda traditsioonilise juhtimisena selles m\u00f5ttes, et ei ole v\u00e4ga ametlik, kuid juhtimine on vajalik, et oleks v\u00f5imalik reageerida keerulistes olukordades, suhelda sidusr\u00fchmadega ning suunata kaast\u00f6\u00f6tajaid\/vabatahtlikke otsuste tegemisel ja riskide v\u00f5tmisel, mis v\u00f5ivad tulemusi m\u00f5jutada.\r\n\t<\/li>\r\n\t<li>\r\n\t\t<b>Valideeritud \u00f5pe. <\/b><br>Valideeritud \u00f5pe t\u00e4hendab, et idufirma viib tulemuste saamiseks l\u00e4bi katseid ja teeb k\u00f5ik otsused nende uuringutulemuste p\u00f5hjal tuginedes asjakohastele teaduslikele andmetele. Andmete anal\u00fc\u00fcs annab idufirmale kindla ettekujutuse, kas nende \u00e4ri on eluj\u00f5uline ja j\u00e4tkusuutlik v\u00f5i mitte.<br>DKO projekt peab samuti tuvastama, kas nende toode v\u00f5i teenus lahendab turul mingi probleemi \u2013 kui ei, siis ei saa see olla j\u00e4tkusuutlik. Edu saavutamiseks peab projekt oludega kohanema.\r\n\t<\/li>\r\n\t<li>\r\n\t\t<b>Innovatsiooniga arvestamine. <\/b><br>Eduka ja j\u00e4tkusuutliku projekti loomiseks peab keskenduma teistsugusele raamatupidamisele: objektiivsele edusammude j\u00e4lgimisele, t\u00f6\u00f6de prioritiseerimisele ja projekti vahe-eesm\u00e4rkide seadmisele ning uuringu andmete tulemuste p\u00f5hjal\u00a0 <font color=\"#215990\">o<\/font>tsuste tegemisele.\r\n\t<\/li>\r\n<\/ol>\r\n\r\n<p>\r\n\t\u00a0\r\n<\/p>\r\n\r\n<h3>\r\n\t<b>J\u00e4tkusuutliku \u00e4rimudeli l\u00f5uend<\/b>\r\n<\/h3>\r\n\r\n<p>\r\n\tJ\u00e4tkusuutliku \u00e4rimudeli l\u00f5uend on kasulik t\u00f6\u00f6riist ideede arendamiseks eluj\u00f5uliseks \u00e4rimudeliks. See keskendub suhtele, et need nii projekti sees kui ka v\u00e4ljaspool toimiksid terviklikult. Samuti v\u00f5imaldab tuvastada projekti \u00f6koloogilised ja sotsioloogilised tagaj\u00e4rjed.\r\n<\/p>\r\n\r\n<p>\r\n\tSee on \u00fcli\u00f5pilaste, kui digitaalses kodaniku\u00fchiskonnas osalejate jaoks oluline, kuna selle eesm\u00e4rk on suurendada positiivset m\u00f5ju ja v\u00e4hendada negatiivseid m\u00f5jusid \u00fchiskonnale.\r\n<\/p>\r\n\r\n<p>\r\n\t<b>J\u00e4tkusuutliku \u00e4rimudeli l\u00f5uendi 4 sammu:<\/b>\r\n<\/p>\r\n\r\n<p>\r\n\t<strong>1. samm:<\/strong>\u00a0Tutvuge 11 p\u00f5hielemendiga, mis on r\u00fchmitatud j\u00e4rgmiselt.\r\n<\/p>\r\n\r\n<ul>\r\n\t<li>\r\n\t\tV\u00e4\u00e4rtuspakkumine \u2013 Kliendisuhted \u2013 Kanalid \u2013 Kliendisegmendid\r\n\t<\/li>\r\n\t<li>\r\n\t\tV\u00f5tmepartnerid \u2013 V\u00f5tmetegevused \u2013 P\u00f5hiressursid\r\n\t<\/li>\r\n\t<li>\r\n\t\tKulustruktuur \u2013 tuluvood\r\n\t<\/li>\r\n\t<li>\r\n\t\t\u00d6kosotsiaalsed kulud \u2013 \u00f6kosotsiaalsed h\u00fcved\r\n\t<\/li>\r\n<\/ul>\r\n\r\n<p>\r\n\tTeie v\u00e4\u00e4rtuspakkumise v\u00f5i kliendisegmendi element m\u00e4\u00e4rab, kelle ja millist probleemi teie projekt soovib lahendada.\r\n<\/p>\r\n\r\n<p>\r\n\t<strong>2. samm:\u00a0<\/strong>T\u00f6\u00f6tage oma meeskonnaga, et leida \u00fchine arusaam. Kui iga inimene meeskonnas on kaasatud ettev\u00f5tte visualiseerimisse, annab see v\u00f5imaluse idee edasiarendamiseks.\r\n<\/p>\r\n\r\n<p>\r\n\t<strong>3. samm:<\/strong>\u00a0Esitlege oma ideel\u00f5uendit \u00f5pingukaaslastele, meeskonnale v\u00f5i \u00f5petajale. K\u00fcsige tagasisidet ja tehke j\u00e4rgmistes ideel\u00f5uendi versioonides k\u00f5ik vajalikud muudatused, kuni olete tulemusega rahul.\r\n<\/p>\r\n\r\n<p>\r\n\t<strong>4. samm:<\/strong>\u00a0L\u00f5uendil kirjeldatud sobiva \u00e4rimudeli p\u00f5hjal tehakse plaan ja jaotatakse tegevused etappideks ning seatakse vaheesm\u00e4rgid. N\u00fc\u00fcd saab teha t\u00e4psemaid plaane, vajadusel l\u00f5uendit ja plaani muuta.\r\n<\/p>\r\n\r\n<p>\r\n\t\u00a0\r\n<\/p>\r\n\r\n<h3>\r\n\tVaadake videot, mis tutvustab raamatut \u201cThe Lean Startup\u201d\r\n<\/h3>\r\n\r\n<p>\r\n\t<img loading=\"lazy\" decoding=\"async\" width=\"1716\" height=\"1094\" class=\"alignnone wp-image-209\" style=\"width: 300px;height: 191px\" src=\"https:\/\/sisu.ut.ee\/wp-content\/uploads\/sites\/545\/sdce_video5-2.png\" title=\"sdce_video5-2.png\" alt=\"SDCE_video_5-2\" srcset=\"https:\/\/sisu.ut.ee\/wp-content\/uploads\/sites\/545\/sdce_video5-2.png 1716w, https:\/\/sisu.ut.ee\/wp-content\/uploads\/sites\/545\/sdce_video5-2-300x191.png 300w, https:\/\/sisu.ut.ee\/wp-content\/uploads\/sites\/545\/sdce_video5-2-1024x653.png 1024w, https:\/\/sisu.ut.ee\/wp-content\/uploads\/sites\/545\/sdce_video5-2-768x490.png 768w, https:\/\/sisu.ut.ee\/wp-content\/uploads\/sites\/545\/sdce_video5-2-1536x979.png 1536w\" sizes=\"auto, (max-width: 1716px) 100vw, 1716px\"><a href=\"https:\/\/www.youtube.com\/watch?v=RSaIOCHbuYw\">https:\/\/www.youtube.com\/watch?v=RSaIOCHbuYw<\/a>\r\n<\/p>\r\n\r\n<p>\r\n\t\u00a0\r\n<\/p>\r\n\r\n<p>\r\n\t\u00a0\r\n<\/p>\r\n\r\n<h2>\r\n\tEnesekontrolli test\r\n<\/h2>\r\n\r\n<div class=\"h5p-iframe-wrapper\"><div class=\"video-placeholder-wrapper video-placeholder-wrapper--fixed\" style=\"height: 366px;\">\n\t\t\t    <div class=\"video-placeholder d-flex justify-content-center align-items-center\">\n\t\t\t        <div class=\"overlay text-white p-2 w-100 text-center d-block justify-content-center align-items-center\">\n\t\t\t            <div>Kolmandate osapoolte sisu n\u00e4gemiseks palun n\u00f5ustu k\u00fcpsistega.<\/div>\n\t\t\t            <button class=\"btn btn-secondary btn-sm mt-1 consent-change\">Muuda n\u00f5usolekut<\/button>\n\t\t\t        <\/div>\n\t\t\t    <\/div>\n\t\t\t<\/div>\n<\/div>\r\n","protected":false},"excerpt":{"rendered":"<p>See teema pakub infot DKO projekti rahastamise v\u00f5imaluste kohta. \u00d5pieesm\u00e4rgiks on tutvuda nutika idufirma kontseptsiooniga ja saada aru, kuidas tehnoloogiaettev\u00f5tted aitavad oma organisatsioone rahastada. \u00a0 Mis on Lean Startup metoodika? Lean Startup protsess on ideaalne metoodika \u00f5ppijate kodanikuosaluse projekti aluseks. &#8230;<\/p>\n","protected":false},"author":63,"featured_media":0,"parent":0,"menu_order":0,"comment_status":"closed","ping_status":"closed","template":"","meta":{"_acf_changed":false,"inline_featured_image":false,"footnotes":""},"class_list":["post-39","page","type-page","status-publish","hentry"],"acf":[],"_links":{"self":[{"href":"https:\/\/sisu.ut.ee\/sdce\/et\/wp-json\/wp\/v2\/pages\/39","targetHints":{"allow":["GET"]}}],"collection":[{"href":"https:\/\/sisu.ut.ee\/sdce\/et\/wp-json\/wp\/v2\/pages"}],"about":[{"href":"https:\/\/sisu.ut.ee\/sdce\/et\/wp-json\/wp\/v2\/types\/page"}],"author":[{"embeddable":true,"href":"https:\/\/sisu.ut.ee\/sdce\/et\/wp-json\/wp\/v2\/users\/63"}],"replies":[{"embeddable":true,"href":"https:\/\/sisu.ut.ee\/sdce\/et\/wp-json\/wp\/v2\/comments?post=39"}],"version-history":[{"count":3,"href":"https:\/\/sisu.ut.ee\/sdce\/et\/wp-json\/wp\/v2\/pages\/39\/revisions"}],"predecessor-version":[{"id":857,"href":"https:\/\/sisu.ut.ee\/sdce\/et\/wp-json\/wp\/v2\/pages\/39\/revisions\/857"}],"wp:attachment":[{"href":"https:\/\/sisu.ut.ee\/sdce\/et\/wp-json\/wp\/v2\/media?parent=39"}],"curies":[{"name":"wp","href":"https:\/\/api.w.org\/{rel}","templated":true}]}}