{"id":38,"date":"2024-04-04T07:48:23","date_gmt":"2024-04-04T04:48:23","guid":{"rendered":"https:\/\/sisu.ut.ee\/sdce\/module-5-1-en\/"},"modified":"2024-05-29T15:03:45","modified_gmt":"2024-05-29T12:03:45","slug":"module-5-1-en","status":"publish","type":"page","link":"https:\/\/sisu.ut.ee\/sdce\/et\/module-5-1-en\/","title":{"rendered":"Teema 1: Projekti kulude ja finantsvajaduste hindamine"},"content":{"rendered":"<blockquote>\r\n\t<h4>\r\n\t\t<img loading=\"lazy\" decoding=\"async\" width=\"531\" height=\"399\" class=\"alignnone wp-image-179\" style=\"width: 150px;height: 113px;float: right\" src=\"https:\/\/sisu.ut.ee\/wp-content\/uploads\/sites\/545\/sdce_clowd.png\" title=\"sdce_clowd.png\" alt=\"SDCE_clowd\" srcset=\"https:\/\/sisu.ut.ee\/wp-content\/uploads\/sites\/545\/sdce_clowd.png 531w, https:\/\/sisu.ut.ee\/wp-content\/uploads\/sites\/545\/sdce_clowd-300x225.png 300w\" sizes=\"auto, (max-width: 531px) 100vw, 531px\">See teema selgitab, kuidas alustada DKO projekti kulude m\u00e4\u00e4ratlemist, millised tegurid eelarvega kaasnevad ja kuidas kulusid eelarvestada. Selle teema \u00f5pieesm\u00e4rgiks on luua arusaam eelarve koostamisest ja sellest, milliseid tegureid tuleb arvesse v\u00f5tta, samuti erinevatest vahenditest ja viisidest, kuidas DKO projekt saaks rahastada.\u00a0\r\n\t<\/h4>\r\n<\/blockquote>\r\n\r\n<h3>\r\n\t<img loading=\"lazy\" decoding=\"async\" width=\"413\" height=\"540\" class=\"alignnone wp-image-202\" style=\"width: 200px;height: 262px;float: right\" src=\"https:\/\/sisu.ut.ee\/wp-content\/uploads\/sites\/545\/picture5-1.jpg\" title=\"picture5-1.jpg\" alt=\"SDCE5-1\" srcset=\"https:\/\/sisu.ut.ee\/wp-content\/uploads\/sites\/545\/picture5-1.jpg 413w, https:\/\/sisu.ut.ee\/wp-content\/uploads\/sites\/545\/picture5-1-229x300.jpg 229w\" sizes=\"auto, (max-width: 413px) 100vw, 413px\">\r\n<\/h3>\r\n\r\n<h3>\r\n\t<b>Miks on projekti kavandamine ja eelarvestamine oluline?<\/b>\r\n<\/h3>\r\n\r\n<p>\r\n\tProjektiga saate alustada ainult siis, kui selleks on olemas vajlikud ressursid. Ressursivajaduse kindlaksm\u00e4\u00e4ramine ja vajalike vahendite hankimine on h\u00e4davajalik projekti algusest peale. Selleks et teie projekt saavutaks oma potentsiaali, on vaja see hoolikalt kavandada.\r\n<\/p>\r\n\r\n<p>\r\n\tAlustage projekti eelarvest. Mis see on?\r\n<\/p>\r\n\r\n<p>\r\n\tProjekti eelarve on teie projekti erinevate etappide kogukulude hinnang. See v\u00f5ib h\u00f5lmata selliseid aspekte nagu inimeste t\u00f6\u00f6tasud\/t\u00f6\u00f6j\u00f5ukulud, seadistuskulud (nt. t\u00f6\u00f6koht, t\u00f6\u00f6riistad, seadmed jne), tegevuskulud (t\u00f6\u00f6kohtade ja koosolekuruumide rent, reisikulud jne), kulud vajalikele materjalidele, reklaamikulud jne.\r\n<\/p>\r\n\r\n<p>\r\n\t\u00a0\r\n<\/p>\r\n\r\n<h3>\r\n\t\u00a0\r\n<\/h3>\r\n\r\n<h3>\r\n\t<b>Planeerimise ja eelarvestamise p\u00f5hjused<\/b>\r\n<\/h3>\r\n\r\n<p>\r\n\t\u00a0\r\n<\/p>\r\n\r\n<p>\r\n\tEelarve koostamine aitab tagada, et suudate katta k\u00f5ik projektiga seotud kulud ja k\u00f5ik muud ootamatud kulud, mis v\u00f5ivad projekti eluea jooksul tekkida.\r\n<\/p>\r\n\r\n<p>\r\n\tTeie eelarve edastab sidusr\u00fchmadele ka teie finantsvajaduse ja annab infot selle kohta, kui palju raha on projekti igas etapis vaja.\r\n<\/p>\r\n\r\n<p>\r\n\tSee omakorda on teie projekti rahastamise eesm\u00e4rk\/taotluse t\u00f5endusbaas.\r\n<\/p>\r\n\r\n<p>\r\n\t\u00a0\r\n<\/p>\r\n\r\n<h3>\r\n\t\u00a0\r\n<\/h3>\r\n\r\n<h3>\r\n\t<b>Kuidas koostada projekti eelarvet?<\/b>\r\n<\/h3>\r\n\r\n<p>\r\n\t\u00a0\r\n<\/p>\r\n\r\n<p>\r\n\tNiisiis, me teame, miks projekti eelarvet on vaja, kuid kuidas me saame arvutada summasid ja koostada projekti eelarve, nii, et k\u00f5ik olulised kuluallikad on kaetud?\r\n<\/p>\r\n\r\n<p>\r\n\tEelarve tuleb koostada p\u00f5hjalikult, et teil ei j\u00e4\u00e4ks kahe silma vahele komponendid, mis v\u00f5ivad m\u00f5jutada rahastamise tagamist. See v\u00f5ib kas tagada projekti turvalisuse v\u00f5i viia v\u00f5lgadess.\r\n<\/p>\r\n\r\n<p>\r\n\tEelarve koostamisel peate arvestama\u00a0mitmete p\u00f5hiaspektidega ja kasutada v\u00f5ib eelarve koostamisel kulude hindamise erinevaid meetodeid. Siin on lihtsa eelarve loomise k\u00f5ige elementaarsemad sammud.\r\n<\/p>\r\n\r\n<p>\r\n\t\u00a0\r\n<\/p>\r\n\r\n<table class=\"table table-hover\" border=\"0\" cellpadding=\"5\" cellspacing=\"0\" style=\"width: 100%\">\r\n\t<tbody>\r\n\t\t<tr>\r\n\t\t\t<td>\r\n\t\t\t\t<p>\r\n\t\t\t\t\t<strong>1. <\/strong><b>Koostage \u00fclesannete loend<\/b>\r\n\t\t\t\t<\/p>\r\n\r\n\t\t\t\t<p>\r\n\t\t\t\t\t<img loading=\"lazy\" decoding=\"async\" width=\"640\" height=\"640\" class=\"alignnone wp-image-198\" style=\"width: 110px;height: 110px;float: left\" src=\"https:\/\/sisu.ut.ee\/wp-content\/uploads\/sites\/545\/brief-4510896_640.png\" title=\"brief-4510896_640.png\" alt=\"List\" srcset=\"https:\/\/sisu.ut.ee\/wp-content\/uploads\/sites\/545\/brief-4510896_640.png 640w, https:\/\/sisu.ut.ee\/wp-content\/uploads\/sites\/545\/brief-4510896_640-300x300.png 300w, https:\/\/sisu.ut.ee\/wp-content\/uploads\/sites\/545\/brief-4510896_640-150x150.png 150w\" sizes=\"auto, (max-width: 640px) 100vw, 640px\">See aitab teil kindlaks teha, mida peate projekti iga etapi jaoks saavutama. Samuti aitab see teie meeskonnaliikmetel aru saada, mida neilt projekti igas etapis t\u00e4pselt vaja on. \u00dclesannete loendi saab koostada juba ka teie projekti kavandamise etapis, mida k\u00e4sitleti 4. moodulis.\r\n\t\t\t\t<\/p>\r\n\t\t\t<\/td>\r\n\t\t<\/tr>\r\n\t\t<tr>\r\n\t\t\t<td>\r\n\t\t\t\t<p>\r\n\t\t\t\t\t<strong>2. <\/strong><b>Uurige, miline on iga \u00fclesande\u00a0v\u00f5imalik kulu<\/b>\r\n\t\t\t\t<\/p>\r\n\r\n\t\t\t\t<p>\r\n\t\t\t\t\t<img loading=\"lazy\" decoding=\"async\" width=\"640\" height=\"371\" class=\"alignnone wp-image-200\" style=\"width: 100px;height: 64px;float: left;margin-right:10px\" src=\"https:\/\/sisu.ut.ee\/wp-content\/uploads\/sites\/545\/account-3924281_640.jpg\" title=\"account-3924281_640.jpg\" alt=\"Account\" srcset=\"https:\/\/sisu.ut.ee\/wp-content\/uploads\/sites\/545\/account-3924281_640.jpg 640w, https:\/\/sisu.ut.ee\/wp-content\/uploads\/sites\/545\/account-3924281_640-300x174.jpg 300w\" sizes=\"auto, (max-width: 640px) 100vw, 640px\">Iga \u00fclesande puhul uurige k\u00f5igi selle jaoks vajalike ressursside, materjalide ja aja maksumust. Lisage iga \u00fclesande saavutamiseks realistlikud ajaraamid. Liitke k\u00f5ik kuluprognoosid kokku. See annab teile projekti esialgse eelarve. K\u00f5igi andmete sisestamine arvutustabelisse v\u00f5ib selles etapis olla v\u00e4ga kasulik. Koostades oma arvutustabeli kahe veeruna \u2013 \u00fcks \u201e\u00dclesanded\u201d ja teine \u201eKuluhinnang\u201d, n\u00e4ete \u00fclevaatlikult, mida on vaja teha iga \u00fclesande t\u00e4itmiseks ja kui palju see hinnanguliselt maksab.\r\n\t\t\t\t<\/p>\r\n\t\t\t<\/td>\r\n\t\t<\/tr>\r\n\t\t<tr>\r\n\t\t\t<td>\r\n\t\t\t\t<p>\r\n\t\t\t\t\t<strong>3. <\/strong><b>Omage eelarvet etten\u00e4gematute kulude jaoks<\/b>\r\n\t\t\t\t<\/p>\r\n\r\n\t\t\t\t<p>\r\n\t\t\t\t\t<img loading=\"lazy\" decoding=\"async\" width=\"640\" height=\"418\" class=\"alignnone wp-image-199\" style=\"width: 110px;height: 72px;float: left\" src=\"https:\/\/sisu.ut.ee\/wp-content\/uploads\/sites\/545\/piggy-bank-970340_640.jpg\" title=\"piggy-bank-970340_640.jpg\" alt=\"Pig\" srcset=\"https:\/\/sisu.ut.ee\/wp-content\/uploads\/sites\/545\/piggy-bank-970340_640.jpg 640w, https:\/\/sisu.ut.ee\/wp-content\/uploads\/sites\/545\/piggy-bank-970340_640-300x196.jpg 300w\" sizes=\"auto, (max-width: 640px) 100vw, 640px\">Etten\u00e4gematute olukordadega\/kuludega arvestamine on projekti eelarve jaoks \u00e4\u00e4rmiselt oluline. Kunagi ei tea, millal v\u00f5ivad tekkida t\u00e4iendavad v\u00f5i ootamatud kulud ja viimane asi, mida tahate, on lisakulude t\u00f5ttu projekti elluviimine ohtu seada. Hea l\u00e4htepunkt etten\u00e4gematute kulude jaoks on 10% projekti kogumaksumusest. See tagab, et teil on raha, et hoida projekti kulud eelarve raamides.<br>L\u00f5puks, leidke keegi, kes vaatab teie eelarve \u00fcle, tagamaks, et k\u00f5ik aspektid on arvesse v\u00f5etud.\r\n\t\t\t\t<\/p>\r\n\t\t\t<\/td>\r\n\t\t<\/tr>\r\n\t<\/tbody>\r\n<\/table>\r\n\r\n<p>\r\n\t\u00a0\r\n<\/p>\r\n\r\n<h3>\r\n\tVaadake videot, mis tutvustab projekti kulude haldamise p\u00f5hit\u00f5desid\r\n<\/h3>\r\n\r\n<p>\r\n\t<img loading=\"lazy\" decoding=\"async\" width=\"1716\" height=\"1094\" class=\"alignnone wp-image-203\" style=\"width: 300px;height: 191px\" src=\"https:\/\/sisu.ut.ee\/wp-content\/uploads\/sites\/545\/sdce_video5-1.png\" title=\"sdce_video5-1.png\" alt=\"SDCE_video_5-1\" srcset=\"https:\/\/sisu.ut.ee\/wp-content\/uploads\/sites\/545\/sdce_video5-1.png 1716w, https:\/\/sisu.ut.ee\/wp-content\/uploads\/sites\/545\/sdce_video5-1-300x191.png 300w, https:\/\/sisu.ut.ee\/wp-content\/uploads\/sites\/545\/sdce_video5-1-1024x653.png 1024w, https:\/\/sisu.ut.ee\/wp-content\/uploads\/sites\/545\/sdce_video5-1-768x490.png 768w, https:\/\/sisu.ut.ee\/wp-content\/uploads\/sites\/545\/sdce_video5-1-1536x979.png 1536w\" sizes=\"auto, (max-width: 1716px) 100vw, 1716px\"><a href=\"https:\/\/www.youtube.com\/watch?v=EyPFi0YO32M\">https:\/\/www.youtube.com\/watch?v=EyPFi0YO32M<\/a>\r\n<\/p>\r\n\r\n<p>\r\n\t\u00a0\r\n<\/p>\r\n\r\n<h2>\r\n\tEnesekontrolli test\r\n<\/h2>\r\n\r\n<div class=\"h5p-iframe-wrapper\"><div class=\"video-placeholder-wrapper video-placeholder-wrapper--fixed\" style=\"height: 366px;\">\n\t\t\t    <div class=\"video-placeholder d-flex justify-content-center align-items-center\">\n\t\t\t        <div class=\"overlay text-white p-2 w-100 text-center d-block justify-content-center align-items-center\">\n\t\t\t            <div>Kolmandate osapoolte sisu n\u00e4gemiseks palun n\u00f5ustu k\u00fcpsistega.<\/div>\n\t\t\t            <button class=\"btn btn-secondary btn-sm mt-1 consent-change\">Muuda n\u00f5usolekut<\/button>\n\t\t\t        <\/div>\n\t\t\t    <\/div>\n\t\t\t<\/div>\n<\/div>\r\n","protected":false},"excerpt":{"rendered":"<p>See teema selgitab, kuidas alustada DKO projekti kulude m\u00e4\u00e4ratlemist, millised tegurid eelarvega kaasnevad ja kuidas kulusid eelarvestada. Selle teema \u00f5pieesm\u00e4rgiks on luua arusaam eelarve koostamisest ja sellest, milliseid tegureid tuleb arvesse v\u00f5tta, samuti erinevatest vahenditest ja viisidest, kuidas DKO projekt &#8230;<\/p>\n","protected":false},"author":63,"featured_media":0,"parent":0,"menu_order":0,"comment_status":"closed","ping_status":"closed","template":"","meta":{"_acf_changed":false,"inline_featured_image":false,"footnotes":""},"class_list":["post-38","page","type-page","status-publish","hentry"],"acf":[],"_links":{"self":[{"href":"https:\/\/sisu.ut.ee\/sdce\/et\/wp-json\/wp\/v2\/pages\/38","targetHints":{"allow":["GET"]}}],"collection":[{"href":"https:\/\/sisu.ut.ee\/sdce\/et\/wp-json\/wp\/v2\/pages"}],"about":[{"href":"https:\/\/sisu.ut.ee\/sdce\/et\/wp-json\/wp\/v2\/types\/page"}],"author":[{"embeddable":true,"href":"https:\/\/sisu.ut.ee\/sdce\/et\/wp-json\/wp\/v2\/users\/63"}],"replies":[{"embeddable":true,"href":"https:\/\/sisu.ut.ee\/sdce\/et\/wp-json\/wp\/v2\/comments?post=38"}],"version-history":[{"count":3,"href":"https:\/\/sisu.ut.ee\/sdce\/et\/wp-json\/wp\/v2\/pages\/38\/revisions"}],"predecessor-version":[{"id":858,"href":"https:\/\/sisu.ut.ee\/sdce\/et\/wp-json\/wp\/v2\/pages\/38\/revisions\/858"}],"wp:attachment":[{"href":"https:\/\/sisu.ut.ee\/sdce\/et\/wp-json\/wp\/v2\/media?parent=38"}],"curies":[{"name":"wp","href":"https:\/\/api.w.org\/{rel}","templated":true}]}}