{"id":37,"date":"2024-04-04T07:48:22","date_gmt":"2024-04-04T04:48:22","guid":{"rendered":"https:\/\/sisu.ut.ee\/sdce\/module-5-en\/"},"modified":"2024-05-29T14:56:52","modified_gmt":"2024-05-29T11:56:52","slug":"module-5-en","status":"publish","type":"page","link":"https:\/\/sisu.ut.ee\/sdce\/et\/module-5-en\/","title":{"rendered":"Moodul 5: Kuidas koostada eelarvet ja rahastada oma projekti, rakendades tehnoloogiale keskendunud mudeleid"},"content":{"rendered":"<p>\n\t\u00a0\n<\/p>\n<blockquote>\n<h4>\n\t\t<img loading=\"lazy\" decoding=\"async\" width=\"603\" height=\"402\" class=\"alignnone wp-image-192\" style=\"width: 200px;height: 133px;float: right\" src=\"https:\/\/sisu.ut.ee\/wp-content\/uploads\/sites\/545\/module5.jpg\" title=\"module5.jpg\" alt=\"Module 5\" srcset=\"https:\/\/sisu.ut.ee\/wp-content\/uploads\/sites\/545\/module5.jpg 603w, https:\/\/sisu.ut.ee\/wp-content\/uploads\/sites\/545\/module5-300x200.jpg 300w\" sizes=\"auto, (max-width: 603px) 100vw, 603px\">Oled j\u00f5udnud eelviimasesse moodulisse, kus tutvustatakse eelarve koostamist ja rahastamist, pakkudes ideid ja ressursse, kuidas saaks oma DKO\u00a0projekti rahastada. Samuti tutvustatakse ettev\u00f5tte sotsiaalse vastutuse kontseptsiooni ning kuidas see v\u00f5ib DKO projekti positiivselt m\u00f5jutada.<br>\n\t<\/h4>\n<\/blockquote>\n<p>\n\t\u00a0\n<\/p>\n<p>\n\t<b><span><span style=\"background:white\"><span style=\"line-height:107%\">Selles moodulis k\u00e4sitletavad teemad:<\/span><\/span><\/span><\/b>\n<\/p>\n<ol>\n<li class=\"SDCE-BodyText\" style=\"margin-top:0cm;margin-right:0cm;margin-bottom:.0001pt\">\n\t\t<span><span style=\"line-height:115%\">Projekti kulude ja finantsvajaduste hindamine<\/span><\/span>\n\t<\/li>\n<li class=\"SDCE-BodyText\" style=\"margin-top:0cm;margin-right:0cm;margin-bottom:.0001pt\">\n\t\t<span><span style=\"line-height:115%\">T\u00e4helepanu\u00a0<em>L<\/em><i>ean Startup<\/i>-ile ehk nutikale idufirmale ja innovatsioonile<\/span><\/span>\n\t<\/li>\n<li class=\"SDCE-BodyText\" style=\"margin-top:0cm;margin-right:0cm;margin-bottom:.0001pt\">\n\t\t<span><span style=\"line-height:115%\">Kodanikuosaluse projektide\/eesm\u00e4rkide \u00fchisrahastamine<\/span><\/span>\n\t<\/li>\n<li class=\"SDCE-BodyText\" style=\"margin-top:0cm;margin-right:0cm;margin-bottom:.0001pt\">\n\t\t<span><span style=\"line-height:115%\">Ettev\u00f5tte sotsiaalse vastutuse j\u00f5u kasutamine<\/span><\/span>\n\t<\/li>\n<\/ol>\n<p>\n\t\u00a0\n<\/p>\n<p>\n\t<strong><span><span style=\"background:white\"><span style=\"line-height:107%\"><span>Mooduli l\u00e4binud \u00f5ppija<\/span><\/span><\/span><\/span><\/strong>\n<\/p>\n<ul>\n<li>\n\t\t<strong><span style=\"background:white\"><span><span style=\"font-weight:normal\">teab, kuidas koostada eelarvet;<\/span><\/span><\/span><\/strong>\n\t<\/li>\n<li>\n\t\t<strong><span style=\"background:white\"><span style=\"line-height:107%\"><span><span style=\"font-weight:normal\">teab,<\/span><\/span><\/span><\/span><\/strong> milliseid tegureid tuleb arvesse v\u00f5tta,\n\t<\/li>\n<li>\n\t\ton teadlik erinevatest vahenditest ja viisidest, kuidas DKO projekti\u00a0saaks rahastada<strong><span style=\"background:white\"><span style=\"line-height:107%\"><span><span style=\"font-weight:normal\">;<\/span><\/span><\/span><\/span><\/strong>\n\t<\/li>\n<li>\n\t\t<strong><span style=\"background:white\"><span style=\"line-height:107%\"><span><span style=\"font-weight:normal\">teab, mis on <\/span><\/span><\/span><\/span><\/strong>nutikas idufirma ja kuidas tehnoloogiaettev\u00f5tted aitavad oma organisatsioone rahastada<strong><span style=\"background:white\"><span style=\"line-height:107%\"><span><span style=\"font-weight:normal\">;<\/span><\/span><\/span><\/span><\/strong>\n\t<\/li>\n<li>\n\t\t<strong><span style=\"background:white\"><span style=\"line-height:107%\"><span><span style=\"font-weight:normal\">teab m\u00f5ningaid t<\/span><\/span><\/span><\/span><\/strong>\u00f6\u00f6vahendeid\/platvorme, mida on v\u00f5imalik potentsiaalselt kasutada oma projekti\u00a0rahastamisel<strong><span style=\"background:white\"><span style=\"line-height:107%\"><span><span style=\"font-weight:normal\">;<\/span><\/span><\/span><\/span><\/strong>\n\t<\/li>\n<li>\n\t\t<strong><span><span style=\"background:white\"><span style=\"line-height:107%\"><span><span style=\"font-weight:normal\">teab, mis on ettev\u00f5tte sotsiaalne vastutus ja kuidas seda DKO projekti arendamiseks kasutada.<\/span><\/span><\/span><\/span><\/span><\/strong>\n\t<\/li>\n<\/ul>\n","protected":false},"excerpt":{"rendered":"<p>\u00a0 Oled j\u00f5udnud eelviimasesse moodulisse, kus tutvustatakse eelarve koostamist ja rahastamist, pakkudes ideid ja ressursse, kuidas saaks oma DKO\u00a0projekti rahastada. Samuti tutvustatakse ettev\u00f5tte sotsiaalse vastutuse kontseptsiooni ning kuidas see v\u00f5ib DKO projekti positiivselt m\u00f5jutada. \u00a0 Selles moodulis k\u00e4sitletavad teemad: Projekti &#8230;<\/p>\n","protected":false},"author":63,"featured_media":0,"parent":0,"menu_order":0,"comment_status":"closed","ping_status":"closed","template":"","meta":{"_acf_changed":false,"inline_featured_image":false,"footnotes":""},"class_list":["post-37","page","type-page","status-publish","hentry"],"acf":[],"_links":{"self":[{"href":"https:\/\/sisu.ut.ee\/sdce\/et\/wp-json\/wp\/v2\/pages\/37","targetHints":{"allow":["GET"]}}],"collection":[{"href":"https:\/\/sisu.ut.ee\/sdce\/et\/wp-json\/wp\/v2\/pages"}],"about":[{"href":"https:\/\/sisu.ut.ee\/sdce\/et\/wp-json\/wp\/v2\/types\/page"}],"author":[{"embeddable":true,"href":"https:\/\/sisu.ut.ee\/sdce\/et\/wp-json\/wp\/v2\/users\/63"}],"replies":[{"embeddable":true,"href":"https:\/\/sisu.ut.ee\/sdce\/et\/wp-json\/wp\/v2\/comments?post=37"}],"version-history":[{"count":1,"href":"https:\/\/sisu.ut.ee\/sdce\/et\/wp-json\/wp\/v2\/pages\/37\/revisions"}],"predecessor-version":[{"id":608,"href":"https:\/\/sisu.ut.ee\/sdce\/et\/wp-json\/wp\/v2\/pages\/37\/revisions\/608"}],"wp:attachment":[{"href":"https:\/\/sisu.ut.ee\/sdce\/et\/wp-json\/wp\/v2\/media?parent=37"}],"curies":[{"name":"wp","href":"https:\/\/api.w.org\/{rel}","templated":true}]}}