{"id":35,"date":"2024-04-04T07:48:24","date_gmt":"2024-04-04T04:48:24","guid":{"rendered":"https:\/\/sisu.ut.ee\/sdce\/module-4-4\/"},"modified":"2024-04-05T12:37:14","modified_gmt":"2024-04-05T09:37:14","slug":"module-4-4","status":"publish","type":"page","link":"https:\/\/sisu.ut.ee\/sdce\/et\/module-4-4\/","title":{"rendered":"Teema 4: M\u00f5ju hindamine"},"content":{"rendered":"<blockquote>\r\n\t<h4>\r\n\t\t<img loading=\"lazy\" decoding=\"async\" width=\"531\" height=\"399\" class=\"alignnone wp-image-179\" style=\"width: 150px;height: 113px;float: right\" src=\"https:\/\/sisu.ut.ee\/wp-content\/uploads\/sites\/545\/sdce_clowd.png\" title=\"sdce_clowd.png\" alt=\"SDCE_clowd\" srcset=\"https:\/\/sisu.ut.ee\/wp-content\/uploads\/sites\/545\/sdce_clowd.png 531w, https:\/\/sisu.ut.ee\/wp-content\/uploads\/sites\/545\/sdce_clowd-300x225.png 300w\" sizes=\"auto, (max-width: 531px) 100vw, 531px\">Selles osas tuuakse esile hindamise t\u00e4htsuse ja selgitatakse, miks seda projektijuhtimise raames tehakse. \u00d5ppijad saavad aru, kuidas projekti hinnata, ja m\u00f5istavad selle eeliseid.\r\n\t<\/h4>\r\n<\/blockquote>\r\n\r\n<h4>\r\n\t\u00a0\r\n<\/h4>\r\n\r\n<h3>\r\n\t<img loading=\"lazy\" decoding=\"async\" width=\"536\" height=\"668\" class=\"alignnone wp-image-220\" style=\"width: 200px;height: 249px;float: right\" src=\"https:\/\/sisu.ut.ee\/wp-content\/uploads\/sites\/545\/picture4-4.jpg\" title=\"picture4-4.jpg\" alt=\"SDCE4-4\" srcset=\"https:\/\/sisu.ut.ee\/wp-content\/uploads\/sites\/545\/picture4-4.jpg 536w, https:\/\/sisu.ut.ee\/wp-content\/uploads\/sites\/545\/picture4-4-241x300.jpg 241w\" sizes=\"auto, (max-width: 536px) 100vw, 536px\">\r\n<\/h3>\r\n\r\n<h3>\r\n\t<b>Mis on hindamine ja miks hinnata projekti m\u00f5ju?<\/b>\r\n<\/h3>\r\n\r\n<p>\r\n\tHindamine on struktureeritud protsess, mille k\u00e4igus hinnatakse ja m\u00f5istetakse projekti tegevusi.\r\n<\/p>\r\n\r\n<p>\r\n\tProjekti kohta k\u00e4ivaid andmeid pidevalt j\u00e4lgides, anal\u00fc\u00fcsides ja t\u00f5lgendades on lihtsam saavutusi tuvastada.\r\n<\/p>\r\n\r\n<p>\r\n\t<span lang=\"EN-IE\"><span style=\"line-height:107%\"><span>Hindamine v\u00f5ib tuua esile ka n\u00f5rkused, mis v\u00f5imaldab nendega tegeleda ja projekti k\u00e4igus vastavaid aspekte kohandada ja t\u00e4iustada<\/span><\/span><\/span>.\r\n<\/p>\r\n\r\n<p>\r\n\t\u00a0\r\n<\/p>\r\n\r\n<h3>\r\n\t<b>Hindamine aitab:<\/b>\r\n<\/h3>\r\n\r\n<p>\r\n\t\u2022 \u00f5ppida varasematest kogemustest \u2013 mis l\u00e4ks \u00f5igesti, mida saaks tulevikus paremini teha?\r\n<\/p>\r\n\r\n<p>\r\n\t\u2022 kontrollida edenemist \u2013 kas projekt edeneb, kas liigutakse seatud eesm\u00e4rkide poole?\r\n<\/p>\r\n\r\n<p>\r\n\t\u2022 koostada tulevikuplaan koos selge ajakavaga.\r\n<\/p>\r\n\r\n<p>\r\n\t\u2022 n\u00e4idata rahastajatele ja peamistele sidusr\u00fchmadele edusamme.\r\n<\/p>\r\n\r\n<p>\r\n\t\u00a0\r\n<\/p>\r\n\r\n<h3>\r\n\t<b>Kuidas hinnata oma projekti m\u00f5ju ja edu:<\/b>\r\n<\/h3>\r\n\r\n<p>\r\n\t<span>DKO projekti hindamiseks on palju v\u00f5imalusi. \u00dcks v\u00f5imalus on visualiseerida tulevikku, millalgi p\u00e4rast projekti l\u00f5ppu.\u00a0<span>Kujutage ette, mis projektil h\u00e4sti l\u00e4ks. Kas see saavutas selle, mida meeskond kavatses saavutada? M\u00f5elge, mis v\u00f5is valesti minna ja kuidas oleksite saanud selle parandada.<\/span><\/span>\r\n<\/p>\r\n\r\n<p>\r\n\tKui m\u00f5tleme sellele, mida projekt saavutas, nimetatakse neid m\u00f5judeks. M\u00f5juna v\u00f5ib n\u00e4ha, millised muutused ja erinevused tekkisid koos projekti elluviimisega.\r\n<\/p>\r\n\r\n<p>\r\n\tM\u00f5juna v\u00f5ib k\u00e4sitleda DKO projekti nelja erinevat valdkonda:\r\n<\/p>\r\n\r\n<ul>\r\n\t<li>\r\n\t\t<span>Projekti liikmed<\/span>\r\n\t<\/li>\r\n\t<li>\r\n\t\t<span>Projektiga seotud asutus<\/span>\r\n\t<\/li>\r\n\t<li>\r\n\t\t<span>Projektist kasusaajad<\/span>\r\n\t<\/li>\r\n\t<li>\r\n\t\t<span>Projekti taustal olevad s\u00fcsteemid ja protseduurid<\/span>\r\n\t<\/li>\r\n<\/ul>\r\n\r\n<p>\r\n\tKui tahame hinnata oma projektide m\u00f5jusid, tuleb tuvastada andmeallikad.\r\n<\/p>\r\n\r\n<p>\r\n\tNeed v\u00f5ivad olla erinevad teabeallikad, mida saab kasutada projekti m\u00f5jude ja edu tuvastamiseks. Andmeallikad v\u00f5ivad h\u00f5lmata k\u00fcsimustikke, k\u00fcsitlusi, intervjuusid, fookusgruppe ja vaatlusi. Oluline on koguda tagasisidet projekti erinevates etappides, kuna see aitab tagada probleemide v\u00f5i riskidega tegelemise ning projekti edu.\r\n<\/p>\r\n\r\n<p>\r\n\t<span lang=\"EN-GB\"><span style=\"line-height:107%\"><span>Kui oleme andmed kogunud ja tuvastanud m\u00f5ju valdkonnad, tuleb kogutud teavet hinnata ja selle alusel tegutseda. See on aeg, mil hinnatakse projekti senist \u00f5nnestumist ja p\u00fcstitatud (vahe)eesm\u00e4rkide saavutatust. Kas projekt on \u00f5igel teel? Kas (vahe)eesm\u00e4rgid on t\u00e4idetud? Mida saaks teha teisiti v\u00f5i t\u00f5husamalt? Selles etapis on oluline kogu teavet h\u00e4sti hinnata, et tagada projekti edu tulevikus.<\/span><\/span><\/span>\r\n<\/p>\r\n\r\n<p>\r\n\t\u00a0\r\n<\/p>\r\n\r\n<h2>\r\n\tEnesekontrolli test\r\n<\/h2>\r\n\r\n<div class=\"h5p-iframe-wrapper\"><div class=\"video-placeholder-wrapper video-placeholder-wrapper--fixed\" style=\"height: 366px;\">\n\t\t\t    <div class=\"video-placeholder d-flex justify-content-center align-items-center\">\n\t\t\t        <div class=\"overlay text-white p-2 w-100 text-center d-block justify-content-center align-items-center\">\n\t\t\t            <div>Kolmandate osapoolte sisu n\u00e4gemiseks palun n\u00f5ustu k\u00fcpsistega.<\/div>\n\t\t\t            <button class=\"btn btn-secondary btn-sm mt-1 consent-change\">Muuda n\u00f5usolekut<\/button>\n\t\t\t        <\/div>\n\t\t\t    <\/div>\n\t\t\t<\/div>\n<\/div>\r\n","protected":false},"excerpt":{"rendered":"<p>Selles osas tuuakse esile hindamise t\u00e4htsuse ja selgitatakse, miks seda projektijuhtimise raames tehakse. \u00d5ppijad saavad aru, kuidas projekti hinnata, ja m\u00f5istavad selle eeliseid. \u00a0 Mis on hindamine ja miks hinnata projekti m\u00f5ju? Hindamine on struktureeritud protsess, mille k\u00e4igus hinnatakse ja &#8230;<\/p>\n","protected":false},"author":63,"featured_media":0,"parent":0,"menu_order":0,"comment_status":"closed","ping_status":"closed","template":"","meta":{"_acf_changed":false,"inline_featured_image":false,"footnotes":""},"class_list":["post-35","page","type-page","status-publish","hentry"],"acf":[],"_links":{"self":[{"href":"https:\/\/sisu.ut.ee\/sdce\/et\/wp-json\/wp\/v2\/pages\/35","targetHints":{"allow":["GET"]}}],"collection":[{"href":"https:\/\/sisu.ut.ee\/sdce\/et\/wp-json\/wp\/v2\/pages"}],"about":[{"href":"https:\/\/sisu.ut.ee\/sdce\/et\/wp-json\/wp\/v2\/types\/page"}],"author":[{"embeddable":true,"href":"https:\/\/sisu.ut.ee\/sdce\/et\/wp-json\/wp\/v2\/users\/63"}],"replies":[{"embeddable":true,"href":"https:\/\/sisu.ut.ee\/sdce\/et\/wp-json\/wp\/v2\/comments?post=35"}],"version-history":[{"count":3,"href":"https:\/\/sisu.ut.ee\/sdce\/et\/wp-json\/wp\/v2\/pages\/35\/revisions"}],"predecessor-version":[{"id":859,"href":"https:\/\/sisu.ut.ee\/sdce\/et\/wp-json\/wp\/v2\/pages\/35\/revisions\/859"}],"wp:attachment":[{"href":"https:\/\/sisu.ut.ee\/sdce\/et\/wp-json\/wp\/v2\/media?parent=35"}],"curies":[{"name":"wp","href":"https:\/\/api.w.org\/{rel}","templated":true}]}}