{"id":34,"date":"2024-04-04T07:48:24","date_gmt":"2024-04-04T04:48:24","guid":{"rendered":"https:\/\/sisu.ut.ee\/sdce\/module-4-3\/"},"modified":"2024-04-05T12:37:14","modified_gmt":"2024-04-05T09:37:14","slug":"module-4-3","status":"publish","type":"page","link":"https:\/\/sisu.ut.ee\/sdce\/et\/module-4-3\/","title":{"rendered":"Teema 3: Projekti v\u00e4simuse v\u00e4ltimine"},"content":{"rendered":"<blockquote>\r\n\t<h4 style=\"margin-left: 0cm\">\r\n\t\t<img loading=\"lazy\" decoding=\"async\" width=\"531\" height=\"399\" class=\"alignnone wp-image-179\" style=\"width: 150px;height: 113px;float: right\" src=\"https:\/\/sisu.ut.ee\/wp-content\/uploads\/sites\/545\/sdce_clowd.png\" title=\"sdce_clowd.png\" alt=\"SDCE_clowd\" srcset=\"https:\/\/sisu.ut.ee\/wp-content\/uploads\/sites\/545\/sdce_clowd.png 531w, https:\/\/sisu.ut.ee\/wp-content\/uploads\/sites\/545\/sdce_clowd-300x225.png 300w\" sizes=\"auto, (max-width: 531px) 100vw, 531px\">See teema k\u00e4sitleb projekti v\u00e4simuse kontseptsiooni ja muid v\u00e4simuse allikaid, mis v\u00f5ivad projekti edukust m\u00f5jutada (nt Zoomi v\u00e4simus). \u00d5ppijad peaksid suutma \u00e4ra tunda projektiv\u00e4simuse s\u00fcmptomeid ning rakendama oma projekti kavandamisel lahendusi, mis aitavad nende v\u00f5imalike probleemidega v\u00f5idelda\r\n\t<\/h4>\r\n<\/blockquote>\r\n\r\n<p style=\"margin-left:0cm\">\r\n\t\u00a0\r\n<\/p>\r\n\r\n<p style=\"margin-left:0cm\">\r\n\t<img loading=\"lazy\" decoding=\"async\" width=\"536\" height=\"668\" class=\"alignnone wp-image-219\" style=\"width: 200px;height: 249px;float: right\" src=\"https:\/\/sisu.ut.ee\/wp-content\/uploads\/sites\/545\/picture4-3.jpg\" title=\"picture4-3.jpg\" alt=\"SDCE4-3\" srcset=\"https:\/\/sisu.ut.ee\/wp-content\/uploads\/sites\/545\/picture4-3.jpg 536w, https:\/\/sisu.ut.ee\/wp-content\/uploads\/sites\/545\/picture4-3-241x300.jpg 241w\" sizes=\"auto, (max-width: 536px) 100vw, 536px\">\r\n<\/p>\r\n\r\n<p>\r\n\tProjektiv\u00e4simus v\u00f5ib olla keeruline teema, kuid seda on lihtne \u00e4ra tunda. Seda v\u00f5ib vaadelda kui hajumise protsessi, kus inimestel v\u00f5ib olla k\u00fcll palju t\u00f6\u00f6d, kuid nad j\u00e4\u00e4vad vaikselt tegevustest eemale.\r\n<\/p>\r\n\r\n<p style=\"margin-left:0cm\">\r\n\tProjekti puhul v\u00f5ib juhtuda, et projekt on l\u00f5pusirgel ja t\u00e4ita on veel mitu \u00fclesannet, kuid meeskonnaliikmed otsustavad hajuda v\u00f5i l\u00f5petada nende meelest ebaoluliste \u00fclesannete t\u00e4itmise.\r\n<\/p>\r\n\r\n<p style=\"margin-left:0cm\">\r\n\t\u00a0\r\n<\/p>\r\n\r\n<h3 style=\"margin-left: 0cm\">\r\n\t<strong>N\u00e4pun\u00e4iteid projekti v\u00e4simuse v\u00e4hendamiseks:<\/strong>\r\n<\/h3>\r\n\r\n<p>\r\n\tGrupijuhid saavad mitmel viisil tagada, et r\u00fchm ei kannataks projektiv\u00e4simuse all:\r\n<\/p>\r\n\r\n<ul>\r\n\t<li>\r\n\t\tTagada juhtimise selge struktuur\u00a0 \u2013 kas projekti juhib \u00fcli\u00f5pilane v\u00f5i \u00f5ppej\u00f5ud? \u00dcli\u00f5pilaste DKO projektide puhul on oluline luua selge ettekujutus, kes on juhid, eriti kui projekt on \u00fcli\u00f5pilaste juhitud, kuid toimub \u00f5ppej\u00f5udude juhendamisel.\r\n\t<\/li>\r\n\t<li>\r\n\t\tTagada, et meeskonnal oleks selge n\u00e4gemus sellest, mida ja millal on vaja teha. Meeskonna motivatsiooni tagamiseks koguge l\u00fchiajalisi \u201cv\u00f5ite\u201d.\r\n\t<\/li>\r\n\t<li>\r\n\t\tV\u00e4ltida tegevusetuse ts\u00fcklit! Suure projekti k\u00e4igus v\u00f5ib ette tulla olukord, kus otsuseid on vaja teha, kuid meeskonna liikmed pole kindlad, kes otsuse langetama peab. R\u00fchm lepib kokku, mida tuleb teha, kuid keegi ei v\u00f5ta midagi ette ega tegutse. See tekitab tegevusetuse ts\u00fckli!\r\n\t<\/li>\r\n<\/ul>\r\n\r\n<p style=\"margin-left:0cm\">\r\n\t\u00a0\r\n<\/p>\r\n\r\n<p>\r\n\t\u00a0\r\n<\/p>\r\n\r\n<p>\r\n\tPiisava aja jooksul v\u00f5ib see tegevusetuse ts\u00fckkel p\u00f5hjustada demotivatsiooni ja lahkul\u00f6\u00f6mist. Sellest \u00fclesaamiseks on mitu v\u00f5imalust.\r\n<\/p>\r\n\r\n<p>\r\n\t<span lang=\"EN-US\"><span style=\"line-height:107%\"><span>Kaks peamist meetodit on j\u00e4rgmised:<\/span><\/span><\/span>\r\n<\/p>\r\n\r\n<p>\r\n\t\u00a0\r\n<\/p>\r\n\r\n<ul>\r\n\t<li>\r\n\t\t<b>M\u00e4\u00e4ratlege uuesti projekti eesm\u00e4rk<\/b>:<br>K\u00f5ik r\u00fchmaliikmed v\u00f5ivad arvata, et nad on projekti eesm\u00e4rgiga kursis, kuid r\u00fchmale ja projektile tuleb alati kasuks anal\u00fc\u00fcsida, kuidas grupp teeb kindlaks, mida tuleb teha.\u00a0<br>See tagab, et k\u00f5ik meeskonna liikmed teavad, mida ja kuidas tuleb teha. Selgete ja \u00fchem\u00f5tteliste rollide omamine v\u00f5ib olla v\u00f5tmeks projekti<strong> \u00f5nnestumise <\/strong>ja <strong>eba\u00f5nnestumise<\/strong> vahel.\r\n\t<\/li>\r\n<\/ul>\r\n\r\n<p>\r\n\t\u00a0\r\n<\/p>\r\n\r\n<ul>\r\n\t<li>\r\n\t\t<b>M\u00e4\u00e4ratlege uuesti otsustaja:<\/b><br>Otsuseid tuleb alati teha projekti eluea jooksul, kuid selge otsustaja v\u00f5i otsustusprotsessi puudumine v\u00f5ib viia projekti v\u00e4simiseni ja tegevusetuse ts\u00fcklini! Projekti loomisel koostage selge otsuste tegemise metoodika. Kas seda teeb \u00fcks inimene?\u00a0<span lang=\"EN-GB\"><span style=\"line-height:107%\"><span>Kas see on h\u00e4\u00e4letus? Teadmine, kes ja kuidas otsuseid langetab, v\u00f5ib olla ka v\u00f5tmeks projekti <strong>\u00f5nnestumise<\/strong> ja <strong>eba\u00f5nnestumise<\/strong> vahel.<\/span><\/span><\/span>\r\n\t<\/li>\r\n<\/ul>\r\n\r\n<p style=\"margin-left:0cm\">\r\n\t\u00a0\r\n<\/p>\r\n\r\n<h3 style=\"margin-left: 0cm\">\r\n\t<b>Kaugt\u00f6\u00f6 projekti v\u00e4simuse v\u00e4hendamine:<\/b>\r\n<\/h3>\r\n\r\n<p style=\"margin-left:0cm\">\r\n\t\u00a0\r\n<\/p>\r\n\r\n<p>\r\n\tKui tegemist on digiprojektiga, on oluline t\u00e4hele panna, et kaugt\u00f6\u00f6 ja digitehnoloogiate kasutamine v\u00f5ivad tekitada ka v\u00e4simustunnet.\u00a0Uuringute kohaselt on kaugt\u00f6\u00f6tajad empaatilisemad ja virtuaalkoosolekud v\u00f5ivad tekitada rohkem stressi kui isiklikud kohtumised.\u00a0\r\n<\/p>\r\n\r\n<p>\r\n\tSiin m\u00f5ned meetodid, mida saab kasutada kaugt\u00f6\u00f6v\u00e4simuse v\u00e4hendamiseks:\r\n<\/p>\r\n\r\n<p>\r\n\t\u2022 Veebikoosolekute l\u00e4biviimisel veenduge, et koosolek ei oleks pikem kui 30 minutit ja kui see on pikem, tehke regulaarseid pause.\r\n<\/p>\r\n\r\n<p>\r\n\t\u2022 Looge konkreetsed kellaajad, mil projekti liikmetega saab \u00fchendust v\u00f5tta, et projekti liikmetega ei v\u00f5etaks \u00fchendust ebasobival ajal.\r\n<\/p>\r\n\r\n<p>\r\n\t\u2022 Veenduge, et projektijuhid toetaksid vastupidavust suurendavaid tegevusi ja praktiseeriksid neid koos projektiliikmetega\r\n<\/p>\r\n\r\n<p style=\"margin-left:0cm\">\r\n\t\u00a0\r\n<\/p>\r\n\r\n<p>\r\n\t\u00a0\r\n<\/p>\r\n\r\n<h2>\r\n\tEnesekontrolli test\r\n<\/h2>\r\n\r\n<div class=\"h5p-iframe-wrapper\"><div class=\"video-placeholder-wrapper video-placeholder-wrapper--fixed\" style=\"height: 366px;\">\n\t\t\t    <div class=\"video-placeholder d-flex justify-content-center align-items-center\">\n\t\t\t        <div class=\"overlay text-white p-2 w-100 text-center d-block justify-content-center align-items-center\">\n\t\t\t            <div>Kolmandate osapoolte sisu n\u00e4gemiseks palun n\u00f5ustu k\u00fcpsistega.<\/div>\n\t\t\t            <button class=\"btn btn-secondary btn-sm mt-1 consent-change\">Muuda n\u00f5usolekut<\/button>\n\t\t\t        <\/div>\n\t\t\t    <\/div>\n\t\t\t<\/div>\n<\/div>\r\n","protected":false},"excerpt":{"rendered":"<p>See teema k\u00e4sitleb projekti v\u00e4simuse kontseptsiooni ja muid v\u00e4simuse allikaid, mis v\u00f5ivad projekti edukust m\u00f5jutada (nt Zoomi v\u00e4simus). \u00d5ppijad peaksid suutma \u00e4ra tunda projektiv\u00e4simuse s\u00fcmptomeid ning rakendama oma projekti kavandamisel lahendusi, mis aitavad nende v\u00f5imalike probleemidega v\u00f5idelda \u00a0 Projektiv\u00e4simus v\u00f5ib &#8230;<\/p>\n","protected":false},"author":63,"featured_media":0,"parent":0,"menu_order":0,"comment_status":"closed","ping_status":"closed","template":"","meta":{"_acf_changed":false,"inline_featured_image":false,"footnotes":""},"class_list":["post-34","page","type-page","status-publish","hentry"],"acf":[],"_links":{"self":[{"href":"https:\/\/sisu.ut.ee\/sdce\/et\/wp-json\/wp\/v2\/pages\/34","targetHints":{"allow":["GET"]}}],"collection":[{"href":"https:\/\/sisu.ut.ee\/sdce\/et\/wp-json\/wp\/v2\/pages"}],"about":[{"href":"https:\/\/sisu.ut.ee\/sdce\/et\/wp-json\/wp\/v2\/types\/page"}],"author":[{"embeddable":true,"href":"https:\/\/sisu.ut.ee\/sdce\/et\/wp-json\/wp\/v2\/users\/63"}],"replies":[{"embeddable":true,"href":"https:\/\/sisu.ut.ee\/sdce\/et\/wp-json\/wp\/v2\/comments?post=34"}],"version-history":[{"count":3,"href":"https:\/\/sisu.ut.ee\/sdce\/et\/wp-json\/wp\/v2\/pages\/34\/revisions"}],"predecessor-version":[{"id":860,"href":"https:\/\/sisu.ut.ee\/sdce\/et\/wp-json\/wp\/v2\/pages\/34\/revisions\/860"}],"wp:attachment":[{"href":"https:\/\/sisu.ut.ee\/sdce\/et\/wp-json\/wp\/v2\/media?parent=34"}],"curies":[{"name":"wp","href":"https:\/\/api.w.org\/{rel}","templated":true}]}}