{"id":33,"date":"2024-04-04T07:48:31","date_gmt":"2024-04-04T04:48:31","guid":{"rendered":"https:\/\/sisu.ut.ee\/sdce\/module-4-2\/"},"modified":"2024-05-29T15:35:53","modified_gmt":"2024-05-29T12:35:53","slug":"module-4-2","status":"publish","type":"page","link":"https:\/\/sisu.ut.ee\/sdce\/et\/module-4-2\/","title":{"rendered":"Teema 2: Takistuste muutmine tugevusteks"},"content":{"rendered":"<blockquote>\r\n\t<h4>\r\n\t\t<img loading=\"lazy\" decoding=\"async\" width=\"531\" height=\"399\" class=\"alignnone wp-image-179\" style=\"width: 150px;height: 113px;float: right\" src=\"https:\/\/sisu.ut.ee\/wp-content\/uploads\/sites\/545\/sdce_clowd.png\" title=\"sdce_clowd.png\" alt=\"SDCE_clowd\" srcset=\"https:\/\/sisu.ut.ee\/wp-content\/uploads\/sites\/545\/sdce_clowd.png 531w, https:\/\/sisu.ut.ee\/wp-content\/uploads\/sites\/545\/sdce_clowd-300x225.png 300w\" sizes=\"auto, (max-width: 531px) 100vw, 531px\">See teema k\u00e4sitleb, kuidas tegeleda projektijuhtimise negatiivsete juhtumitega ja kuidas neid muuta positiivseks. Selle mooduli l\u00e4binud \u00f5ppijad peaksid suutma m\u00f5ista juurdekasvu-uskumuse m\u00f5tteviisi kontseptsiooni ja selle loomise eeliseid.\r\n\t<\/h4>\r\n\r\n\t<p>\r\n\t\t\u00a0\r\n\t<\/p>\r\n<\/blockquote>\r\n\r\n<p>\r\n\t<img loading=\"lazy\" decoding=\"async\" width=\"536\" height=\"668\" class=\"alignnone wp-image-217\" style=\"width: 200px;height: 249px;float: right\" src=\"https:\/\/sisu.ut.ee\/wp-content\/uploads\/sites\/545\/picture_ds.jpg\" title=\"picture_ds.jpg\" alt=\"SDCE4-2\" srcset=\"https:\/\/sisu.ut.ee\/wp-content\/uploads\/sites\/545\/picture_ds.jpg 536w, https:\/\/sisu.ut.ee\/wp-content\/uploads\/sites\/545\/picture_ds-241x300.jpg 241w\" sizes=\"auto, (max-width: 536px) 100vw, 536px\">Pole midagi masendavamat kui tagasil\u00f6\u00f6gi kogemine \u2013 kui midagi, mida teie v\u00f5i teie meeskond on teinud, ei l\u00e4he l\u00f5puks nii, nagu lootsite. Kuid m\u00f5nikord on oluline meeles pidada, et see pingutus pole raisatud ja iga\u00fcks saab oma vigadest \u00f5ppida \u2013 <b>muutke need tagasil\u00f6\u00f6gid edasiminekuks!<\/b>\r\n<\/p>\r\n\r\n<p>\r\n\t\u00a0\r\n<\/p>\r\n\r\n<h3>\r\n\t<b>Tagasil\u00f6\u00f6kide \u00fcmberkujundamine edasiminekuks:<\/b>\r\n<\/h3>\r\n\r\n<p>\r\n\t\u00dcks v\u00f5imalus tagasil\u00f6\u00f6giga toimetulemiseks on k\u00e4sitleda seda \u00f5ppimisv\u00f5imalusena \u2013 teha kindlaks, mis l\u00e4ks valesti ja kuidas saaks grupis selliseid probleeme tulevikus v\u00e4ltida.\r\n<\/p>\r\n\r\n<p>\r\n\tVaadates tagasil\u00f6\u00f6ke sellistena, millega k\u00f5ik r\u00fchmad mingil hetkel kokku puutuvad, v\u00f5imaldab grupi liikmetel suurendada vastupidavust ja tulevikus sellistest t\u00f5ketest l\u00e4bi murda. \u00dcks viis tagasil\u00f6\u00f6kide positiivses valguses \u00fcmber kujundamiseks on omaks v\u00f5tta<strong> juurdekasvu-uskumuse <\/strong><b>m\u00f5tteviisi<\/b>.\r\n<\/p>\r\n\r\n<p>\r\n\tJuurdekasvu-uskumuse m\u00f5tteviis on fikseeritud m\u00f5tteviisi vastand. Juurdekasvu-uskumuse m\u00f5tteviis viitab sellele, et saame oma vigadest \u00f5ppida ja iga tehtud tagasil\u00f6\u00f6k v\u00f5ib viia selleni, et muutume tugevamaks, vastupidavamaks ja v\u00f5ime l\u00f5puks rohkem \u00f5ppida.\r\n<\/p>\r\n\r\n<p>\r\n\tTeadusuuringud seovad tugevalt inimesi, kes j\u00e4lgivad juurdekasvu-uskumuse m\u00f5tteviisi, edukaks saamisega!\r\n<\/p>\r\n\r\n<p>\r\n\t\u00a0\r\n<\/p>\r\n\r\n<h3>\r\n\t<b><span lang=\"EN-US\"><span style=\"line-height:107%\"><span>Vaadake juurdekasvu-uskumuse m\u00f5tteviisi asutaja Carol Dwecki k\u00f5net! <\/span><\/span><\/span><\/b>\r\n<\/h3>\r\n\r\n<p>\r\n\t\u00a0\r\n<\/p>\r\n\r\n<p>\r\n\t<img loading=\"lazy\" decoding=\"async\" width=\"1716\" height=\"1094\" class=\"alignnone wp-image-218\" style=\"width: 300px;height: 191px\" src=\"https:\/\/sisu.ut.ee\/wp-content\/uploads\/sites\/545\/sdce_video4_2.png\" title=\"sdce_video4_2.png\" alt=\"SDCEvideo4_2\" srcset=\"https:\/\/sisu.ut.ee\/wp-content\/uploads\/sites\/545\/sdce_video4_2.png 1716w, https:\/\/sisu.ut.ee\/wp-content\/uploads\/sites\/545\/sdce_video4_2-300x191.png 300w, https:\/\/sisu.ut.ee\/wp-content\/uploads\/sites\/545\/sdce_video4_2-1024x653.png 1024w, https:\/\/sisu.ut.ee\/wp-content\/uploads\/sites\/545\/sdce_video4_2-768x490.png 768w, https:\/\/sisu.ut.ee\/wp-content\/uploads\/sites\/545\/sdce_video4_2-1536x979.png 1536w\" sizes=\"auto, (max-width: 1716px) 100vw, 1716px\">https:\/\/www.youtube.com\/watch?v=_X0mgOOSpLU\r\n<\/p>\r\n\r\n<h2>\r\n\tEnesekontrolli test\r\n<\/h2>\r\n\r\n<div class=\"h5p-iframe-wrapper\"><div class=\"video-placeholder-wrapper video-placeholder-wrapper--fixed\" style=\"height: 366px;\">\n\t\t\t    <div class=\"video-placeholder d-flex justify-content-center align-items-center\">\n\t\t\t        <div class=\"overlay text-white p-2 w-100 text-center d-block justify-content-center align-items-center\">\n\t\t\t            <div>Kolmandate osapoolte sisu n\u00e4gemiseks palun n\u00f5ustu k\u00fcpsistega.<\/div>\n\t\t\t            <button class=\"btn btn-secondary btn-sm mt-1 consent-change\">Muuda n\u00f5usolekut<\/button>\n\t\t\t        <\/div>\n\t\t\t    <\/div>\n\t\t\t<\/div>\n<\/div>\r\n\r\n<p>\r\n\t\u00a0\r\n<\/p>\r\n","protected":false},"excerpt":{"rendered":"<p>See teema k\u00e4sitleb, kuidas tegeleda projektijuhtimise negatiivsete juhtumitega ja kuidas neid muuta positiivseks. Selle mooduli l\u00e4binud \u00f5ppijad peaksid suutma m\u00f5ista juurdekasvu-uskumuse m\u00f5tteviisi kontseptsiooni ja selle loomise eeliseid. \u00a0 Pole midagi masendavamat kui tagasil\u00f6\u00f6gi kogemine \u2013 kui midagi, mida teie v\u00f5i &#8230;<\/p>\n","protected":false},"author":63,"featured_media":0,"parent":0,"menu_order":0,"comment_status":"closed","ping_status":"closed","template":"","meta":{"_acf_changed":false,"inline_featured_image":false,"footnotes":""},"class_list":["post-33","page","type-page","status-publish","hentry"],"acf":[],"_links":{"self":[{"href":"https:\/\/sisu.ut.ee\/sdce\/et\/wp-json\/wp\/v2\/pages\/33","targetHints":{"allow":["GET"]}}],"collection":[{"href":"https:\/\/sisu.ut.ee\/sdce\/et\/wp-json\/wp\/v2\/pages"}],"about":[{"href":"https:\/\/sisu.ut.ee\/sdce\/et\/wp-json\/wp\/v2\/types\/page"}],"author":[{"embeddable":true,"href":"https:\/\/sisu.ut.ee\/sdce\/et\/wp-json\/wp\/v2\/users\/63"}],"replies":[{"embeddable":true,"href":"https:\/\/sisu.ut.ee\/sdce\/et\/wp-json\/wp\/v2\/comments?post=33"}],"version-history":[{"count":3,"href":"https:\/\/sisu.ut.ee\/sdce\/et\/wp-json\/wp\/v2\/pages\/33\/revisions"}],"predecessor-version":[{"id":861,"href":"https:\/\/sisu.ut.ee\/sdce\/et\/wp-json\/wp\/v2\/pages\/33\/revisions\/861"}],"wp:attachment":[{"href":"https:\/\/sisu.ut.ee\/sdce\/et\/wp-json\/wp\/v2\/media?parent=33"}],"curies":[{"name":"wp","href":"https:\/\/api.w.org\/{rel}","templated":true}]}}