{"id":32,"date":"2024-04-04T07:48:24","date_gmt":"2024-04-04T04:48:24","guid":{"rendered":"https:\/\/sisu.ut.ee\/sdce\/module-4-1\/"},"modified":"2024-04-05T12:37:14","modified_gmt":"2024-04-05T09:37:14","slug":"module-4-1","status":"publish","type":"page","link":"https:\/\/sisu.ut.ee\/sdce\/et\/module-4-1\/","title":{"rendered":"Teema 1: Digitaalse kodanikuosaluse meeskonna disainimine ja selles t\u00f6\u00f6tamine"},"content":{"rendered":"<blockquote>\r\n\t<h4>\r\n\t\t<img loading=\"lazy\" decoding=\"async\" width=\"531\" height=\"399\" class=\"alignnone wp-image-179\" style=\"width: 150px;height: 113px;float: right\" src=\"https:\/\/sisu.ut.ee\/wp-content\/uploads\/sites\/545\/sdce_clowd.png\" title=\"sdce_clowd.png\" alt=\"SDCE_clowd\" srcset=\"https:\/\/sisu.ut.ee\/wp-content\/uploads\/sites\/545\/sdce_clowd.png 531w, https:\/\/sisu.ut.ee\/wp-content\/uploads\/sites\/545\/sdce_clowd-300x225.png 300w\" sizes=\"auto, (max-width: 531px) 100vw, 531px\">Selle teema \u00f5pieesm\u00e4rk on m\u00f5ista, kuidas luua meeskonda idee v\u00e4ljat\u00f6\u00f6tamiseks, ning \u00f5ppida anal\u00fc\u00fcsima, millised oskuse on meeskonnakaaslastel ja kuidas neid eduka projekti heaks rakendada.\r\n\t<\/h4>\r\n<\/blockquote>\r\n\r\n<h3>\r\n\t\u00a0\r\n<\/h3>\r\n\r\n<h3>\r\n\t<b>Esialgse meeskonna loomine:<\/b>\r\n<\/h3>\r\n\r\n<p>\r\n\t<span lang=\"EN-GB\"><span style=\"line-height:107%\"><span>Selle teema raames vaatame, kuidas luua r\u00fchm ideede v\u00e4ljat\u00f6\u00f6tamiseks, \u00f5ppida anal\u00fc\u00fcsima, millised oskused meeskonnakaaslastel on ja kuidas neid kasutada eduka projekti elluviimiseks. Digitaalse kodanikuosaluse juhendi\u00a0koostamiseks l\u00e4biviidud uuringus leidsime, et digitaalse kodanikuosaluse (DKO) projektide juurutamiseks oli palju erinevaid p\u00f5hjuseid ja viise.\u00a0<\/span><\/span><\/span>Digitaalse kodanikuosaluse juhendi leiab<span lang=\"EN-GB\"><span style=\"line-height:107%\"><span>\u00a0<\/span><\/span><\/span><a data-url=\"https:\/\/www.studentcivicengagers.eu\/guide-to-digital-civic-engagement-en\/\" href=\"https:\/\/www.studentcivicengagers.eu\/guide-to-digital-civic-engagement-en\/\" target=\"_blank\" title=\"\" rel=\"noopener\">sellelt lingilt.<\/a>\r\n<\/p>\r\n\r\n<p>\r\n\t\u00a0\r\n<\/p>\r\n\r\n<p>\r\n\t<strong>V\u00f5imalikud DKO meeskondade t\u00fc\u00fcbid:<\/strong>\r\n<\/p>\r\n\r\n<ul>\r\n\t<li>\r\n\t\tTudengi poolt juhitud (Student Led) \u2013 DKO meeskond, mis on asutatud ja mida juhivad peamiselt \u00fcli\u00f5pilased.\r\n\t<\/li>\r\n\t<li>\r\n\t\t\u00d5ppej\u00f5u poolt juhitud (Educator Led) \u2013 DKO meeskond, mis on asutatud ja mida juhivad peamiselt koolitajad.\r\n\t<\/li>\r\n\t<li>\r\n\t\t<span lang=\"EN-GB\"><span style=\"line-height:107%\"><span>Lisame n\u00fc\u00fcd kolmanda meeskonnat\u00fc\u00fcbi: Praktilise \u00f5ppe eesm\u00e4rgil (Service Led) \u2013 DKO meeskond, mis on asutatud ja juhitud praktilise \u00f5ppe eesm\u00e4rgil.<\/span><\/span><\/span>\r\n\t<\/li>\r\n<\/ul>\r\n\r\n<p>\r\n\t\u00a0\r\n<\/p>\r\n\r\n<p>\r\n\t<img loading=\"lazy\" decoding=\"async\" width=\"1280\" height=\"576\" class=\"alignnone wp-image-216\" style=\"width: 800px;height: 360px\" src=\"https:\/\/sisu.ut.ee\/wp-content\/uploads\/sites\/545\/picture4-1_ee.jpg\" title=\"picture4-1_ee.jpg\" alt=\"SDCE4-1-ee\" srcset=\"https:\/\/sisu.ut.ee\/wp-content\/uploads\/sites\/545\/picture4-1_ee.jpg 1280w, https:\/\/sisu.ut.ee\/wp-content\/uploads\/sites\/545\/picture4-1_ee-300x135.jpg 300w, https:\/\/sisu.ut.ee\/wp-content\/uploads\/sites\/545\/picture4-1_ee-1024x461.jpg 1024w, https:\/\/sisu.ut.ee\/wp-content\/uploads\/sites\/545\/picture4-1_ee-768x346.jpg 768w\" sizes=\"auto, (max-width: 1280px) 100vw, 1280px\">\r\n<\/p>\r\n\r\n<p>\r\n\t\u00a0\r\n<\/p>\r\n\r\n<p>\r\n\tM\u00f5istmine, <strong>kuidas meeskond moodustub <\/strong>(kas see on meeskonnaliikmete valik v\u00f5i meeskonna automaatne moodustamine), v\u00f5imaldab meeskonna juhtidel luua<strong> tugeva<\/strong> ja <strong>t\u00f5husa <\/strong>meeskonna.\r\n<\/p>\r\n\r\n<p>\r\n\t<span lang=\"EN-GB\"><span style=\"line-height:107%\"><span>Samuti on selles etapis oluline otsustada, kes on projekti <strong>juhid<\/strong>? Kas<strong> \u00f5ppej\u00f5ud j\u00e4lgivad projekti<\/strong> v\u00f5<strong>i vastutavad \u00fcli\u00f5pilased<\/strong> ise?<\/span><\/span><\/span>\r\n<\/p>\r\n\r\n<p>\r\n\t\u00a0\r\n<\/p>\r\n\r\n<p>\r\n\t\u00a0\r\n<\/p>\r\n\r\n<p>\r\n\t<strong>Oma DKO meeskonna t\u00f5hususe tagamiseks saate teha mitmeid samme:<\/strong>\r\n<\/p>\r\n\r\n<ul>\r\n\t<li>\r\n\t\tMeeskonna loomise esimene samm on grupi missiooni paika panemine. Missioon on teie projekti eesm\u00e4rk v\u00f5i p\u00f5hjus. Missiooni kindlakstegemine aitab tagada ka selle, et k\u00f5ik meeskonnaliikmed on \u00fchel lainel ja k\u00f5ik m\u00f5istavad oma eesm\u00e4rki.\r\n\t<\/li>\r\n\t<li>\r\n\t\tJ\u00e4rgmiseks peavad grupijuhid hindama iga liikme <strong>oskuste pagasit<\/strong>. Iga projekti liige toob meeskonda midagi <strong>erinevat,<\/strong> alates suhtumisest kuni oskusteni \u2013 m\u00f5elge, kuidas iga liige v\u00f5iks oma rollidesse sobida. Jagades \u00f5iged \u00fclesanded \u00f5igetele r\u00fchmaliikmetele, aitate tagada <strong>projekti edu.<\/strong>\r\n\t<\/li>\r\n\t<li>\r\n\t\tJ\u00e4rgmise sammuna tuleb paika panna grupi liikmete rollid, sest see aitab tagada projekti edu. Oluline on m\u00e4\u00e4rata igale meeskonnaliikmele oma roll(id), et k\u00f5igil oleks selge, mida nad projekti heaks tegema peavad. See etapp pakub \u00f5ppijatele ka suurep\u00e4raseid v\u00f5imalusi \u00fcksteiselt \u00f5ppida.\r\n\t<\/li>\r\n<\/ul>\r\n\r\n<p>\r\n\t\u00a0\r\n<\/p>\r\n\r\n<h2>\r\n\tEnesekontrolli test\r\n<\/h2>\r\n\r\n<div class=\"h5p-iframe-wrapper\"><div class=\"video-placeholder-wrapper video-placeholder-wrapper--fixed\" style=\"height: 366px;\">\n\t\t\t    <div class=\"video-placeholder d-flex justify-content-center align-items-center\">\n\t\t\t        <div class=\"overlay text-white p-2 w-100 text-center d-block justify-content-center align-items-center\">\n\t\t\t            <div>Kolmandate osapoolte sisu n\u00e4gemiseks palun n\u00f5ustu k\u00fcpsistega.<\/div>\n\t\t\t            <button class=\"btn btn-secondary btn-sm mt-1 consent-change\">Muuda n\u00f5usolekut<\/button>\n\t\t\t        <\/div>\n\t\t\t    <\/div>\n\t\t\t<\/div>\n<\/div>\r\n","protected":false},"excerpt":{"rendered":"<p>Selle teema \u00f5pieesm\u00e4rk on m\u00f5ista, kuidas luua meeskonda idee v\u00e4ljat\u00f6\u00f6tamiseks, ning \u00f5ppida anal\u00fc\u00fcsima, millised oskuse on meeskonnakaaslastel ja kuidas neid eduka projekti heaks rakendada. \u00a0 Esialgse meeskonna loomine: Selle teema raames vaatame, kuidas luua r\u00fchm ideede v\u00e4ljat\u00f6\u00f6tamiseks, \u00f5ppida anal\u00fc\u00fcsima, millised &#8230;<\/p>\n","protected":false},"author":63,"featured_media":0,"parent":0,"menu_order":0,"comment_status":"closed","ping_status":"closed","template":"","meta":{"_acf_changed":false,"inline_featured_image":false,"footnotes":""},"class_list":["post-32","page","type-page","status-publish","hentry"],"acf":[],"_links":{"self":[{"href":"https:\/\/sisu.ut.ee\/sdce\/et\/wp-json\/wp\/v2\/pages\/32","targetHints":{"allow":["GET"]}}],"collection":[{"href":"https:\/\/sisu.ut.ee\/sdce\/et\/wp-json\/wp\/v2\/pages"}],"about":[{"href":"https:\/\/sisu.ut.ee\/sdce\/et\/wp-json\/wp\/v2\/types\/page"}],"author":[{"embeddable":true,"href":"https:\/\/sisu.ut.ee\/sdce\/et\/wp-json\/wp\/v2\/users\/63"}],"replies":[{"embeddable":true,"href":"https:\/\/sisu.ut.ee\/sdce\/et\/wp-json\/wp\/v2\/comments?post=32"}],"version-history":[{"count":3,"href":"https:\/\/sisu.ut.ee\/sdce\/et\/wp-json\/wp\/v2\/pages\/32\/revisions"}],"predecessor-version":[{"id":862,"href":"https:\/\/sisu.ut.ee\/sdce\/et\/wp-json\/wp\/v2\/pages\/32\/revisions\/862"}],"wp:attachment":[{"href":"https:\/\/sisu.ut.ee\/sdce\/et\/wp-json\/wp\/v2\/media?parent=32"}],"curies":[{"name":"wp","href":"https:\/\/api.w.org\/{rel}","templated":true}]}}