{"id":31,"date":"2024-04-04T07:48:22","date_gmt":"2024-04-04T04:48:22","guid":{"rendered":"https:\/\/sisu.ut.ee\/sdce\/module-4-en\/"},"modified":"2024-05-29T14:56:01","modified_gmt":"2024-05-29T11:56:01","slug":"module-4-en","status":"publish","type":"page","link":"https:\/\/sisu.ut.ee\/sdce\/et\/module-4-en\/","title":{"rendered":"Moodul 4: Digitaalse kodanikuosaluse projekti juhtimine"},"content":{"rendered":"<div style=\"border-left:solid#4472c41.5pt;padding:0cm0cm0cm9.0pt\">\n<blockquote>\n<p style=\"border:none;padding:0cm\">\n\t\t\t<img loading=\"lazy\" decoding=\"async\" width=\"536\" height=\"668\" class=\"alignnone wp-image-190\" style=\"width: 140px;height: 174px;float: right\" src=\"https:\/\/sisu.ut.ee\/wp-content\/uploads\/sites\/545\/picture4-2.jpg\" title=\"picture4-2.jpg\" alt=\"SDCE_4\" srcset=\"https:\/\/sisu.ut.ee\/wp-content\/uploads\/sites\/545\/picture4-2.jpg 536w, https:\/\/sisu.ut.ee\/wp-content\/uploads\/sites\/545\/picture4-2-241x300.jpg 241w\" sizes=\"auto, (max-width: 536px) 100vw, 536px\"><strong>Sa oled poolel teel. Kolm moodulit on seljataga, kolm on veel ees. N\u00fc\u00fcd j\u00e4tka mooduliga, kus tutvustatakse projektijuhtimise kontseptsiooni. P\u00e4rast selle mooduli l\u00e4bimist peaksid suutma luua meeskonna ja sobitada t\u00f6\u00f6r\u00fchmadesse oskuste alusel, mis on vajalikud, et tagada projekti \u00f5nnestumine. Samuti k\u00e4sitletakse selliseid teemasid, mis v\u00f5ivad m\u00f5jutada DKO projekti juhtimist, sh kuidas projekti \u00f5igesti hinnata<\/strong>\n\t\t<\/p>\n<\/blockquote>\n<p style=\"border:none;padding:0cm\">\n\t\t\u00a0\n\t<\/p>\n<p>\n\t\t<strong>Selles moodulis k\u00e4sitlatevad teemad:<\/strong>\n\t<\/p>\n<ol>\n<li>\n\t\t\tDigitaalse kodanikuosaluse meeskonna disainimine ja selles t\u00f6\u00f6tamine\n\t\t<\/li>\n<li>\n\t\t\tTakistuste muutmine tugevusteks\n\t\t<\/li>\n<li>\n\t\t\tProjekti v\u00e4simuse v\u00e4ltimine\n\t\t<\/li>\n<li>\n\t\t\tM\u00f5ju hindamine\n\t\t<\/li>\n<\/ol>\n<p style=\"border:none;padding:0cm\">\n\t\t\u00a0\n\t<\/p>\n<p>\n\t\t\u00a0\n\t<\/p>\n<p>\n\t\t<b>Mooduli l\u00e4binud \u00f5ppija<\/b>\n\t<\/p>\n<ul>\n<li>\n\t\t\tteab, kuidas panna kokku meeskond, kasutades iga meeskonnaliikme tugevusi ja oskusi, et projekt oleks edukas;\n\t\t<\/li>\n<li>\n\t\t\tteab, kuidas muuta takistused tugevusteks vastavalt juurdekasvu-uskumuse\u00a0kontseptsioonile;\n\t\t<\/li>\n<li>\n\t\t\tteab, kuidas v\u00e4ltida projekti v\u00e4simust;\n\t\t<\/li>\n<li>\n\t\t\t<span lang=\"EN-US\"><span style=\"line-height:107%\"><span><span lang=\"EN-GB\"><span style=\"line-height:107%\"><span>teab, kuidas hinnata oma DKO projekti, et tagada selle edu.<\/span><\/span><\/span><\/span><\/span><\/span>\n\t\t<\/li>\n<\/ul>\n<div>\n<div>\n<div class=\"msocomtxt\" id=\"_com_1\">\n\t\t\t\t\u00a0\n<p class=\"MsoCommentText\">\n\t\t\t\t\t\u00a0\n\t\t\t\t<\/p>\n<\/div>\n<\/div>\n<\/div>\n<p style=\"border:none;padding:0cm\">\n\t\t\u00a0\n\t<\/p>\n<\/div>\n","protected":false},"excerpt":{"rendered":"<p>Sa oled poolel teel. Kolm moodulit on seljataga, kolm on veel ees. N\u00fc\u00fcd j\u00e4tka mooduliga, kus tutvustatakse projektijuhtimise kontseptsiooni. P\u00e4rast selle mooduli l\u00e4bimist peaksid suutma luua meeskonna ja sobitada t\u00f6\u00f6r\u00fchmadesse oskuste alusel, mis on vajalikud, et tagada projekti \u00f5nnestumine. Samuti &#8230;<\/p>\n","protected":false},"author":63,"featured_media":0,"parent":0,"menu_order":0,"comment_status":"closed","ping_status":"closed","template":"","meta":{"_acf_changed":false,"inline_featured_image":false,"footnotes":""},"class_list":["post-31","page","type-page","status-publish","hentry"],"acf":[],"_links":{"self":[{"href":"https:\/\/sisu.ut.ee\/sdce\/et\/wp-json\/wp\/v2\/pages\/31","targetHints":{"allow":["GET"]}}],"collection":[{"href":"https:\/\/sisu.ut.ee\/sdce\/et\/wp-json\/wp\/v2\/pages"}],"about":[{"href":"https:\/\/sisu.ut.ee\/sdce\/et\/wp-json\/wp\/v2\/types\/page"}],"author":[{"embeddable":true,"href":"https:\/\/sisu.ut.ee\/sdce\/et\/wp-json\/wp\/v2\/users\/63"}],"replies":[{"embeddable":true,"href":"https:\/\/sisu.ut.ee\/sdce\/et\/wp-json\/wp\/v2\/comments?post=31"}],"version-history":[{"count":1,"href":"https:\/\/sisu.ut.ee\/sdce\/et\/wp-json\/wp\/v2\/pages\/31\/revisions"}],"predecessor-version":[{"id":602,"href":"https:\/\/sisu.ut.ee\/sdce\/et\/wp-json\/wp\/v2\/pages\/31\/revisions\/602"}],"wp:attachment":[{"href":"https:\/\/sisu.ut.ee\/sdce\/et\/wp-json\/wp\/v2\/media?parent=31"}],"curies":[{"name":"wp","href":"https:\/\/api.w.org\/{rel}","templated":true}]}}