{"id":30,"date":"2024-04-04T07:48:24","date_gmt":"2024-04-04T04:48:24","guid":{"rendered":"https:\/\/sisu.ut.ee\/sdce\/module-3-ref\/"},"modified":"2024-04-04T07:50:40","modified_gmt":"2024-04-04T04:50:40","slug":"module-3-ref","status":"publish","type":"page","link":"https:\/\/sisu.ut.ee\/sdce\/et\/module-3-ref\/","title":{"rendered":"Allikad ja lisamaterjalid"},"content":{"rendered":"<p>\n\t\u00a0\n<\/p>\n<p>\n\t<strong>Allikad\u00a0ja inglisekeelsed lisamaterjalid:<\/strong>\n<\/p>\n<ul>\n<li>\n\t\t<a data-url=\"https:\/\/www.studentcivicengagers.eu\/guide-to-digital-civic-engagement-est\/\" href=\"https:\/\/www.studentcivicengagers.eu\/guide-to-digital-civic-engagement-est\/\" target=\"_blank\" title=\"\" rel=\"noopener\">DKO juhend<\/a>\n\t<\/li>\n<li>\n\t\t<a data-url=\"https:\/\/www.studentcivicengagers.eu\/toolkit-est\/\" href=\"https:\/\/www.studentcivicengagers.eu\/toolkit-est\/\" target=\"_blank\" title=\"\" rel=\"noopener\">DKO t\u00f6\u00f6vahendite komplekt<\/a>\n\t<\/li>\n<li>\n\t\tVideo kodanikuosaluse n\u00e4idetest sotsiaalmeedias:\u00a0<a href=\"https:\/\/www.youtube.com\/watch?v=n8cMCdnQN40\">https:\/\/www.youtube.com\/watch?v=n8cMCdnQN40<\/a>\n\t<\/li>\n<li>\n\t\tVideo\u00a0kodanikuosaluse platvormi loomisest:\u00a0<a href=\"https:\/\/www.youtube.com\/watch?v=-iT4a2Mpf0M\">https:\/\/www.youtube.com\/watch?v=-iT4a2Mpf0M<\/a>\n\t<\/li>\n<li>\n\t\t<a href=\"https:\/\/civicengagement.illinoisstate.edu\/faculty-staff\/engagement-types\/\">Illinois State University provides different description of practices of civic engagement<\/a>\u00a0\n\t<\/li>\n<li>\n\t\t<a href=\"https:\/\/news.microsoft.com\/en-my\/2020\/07\/17\/worlds-first-ever-youth-led-digital-parliament-goes-remote-with-microsoft-teams\/\">1st Digital Parliament first initiative done through teams<\/a>\n\t<\/li>\n<li>\n\t\t<a href=\"https:\/\/eyp.org\/digital-health-forum\/\">Digital Health Forum \u00e0 digital initiative held by the European Youth Parliament<\/a>\n\t<\/li>\n<li>\n\t\t<a href=\"https:\/\/www.brookings.edu\/blog\/brown-center-chalkboard\/2018\/07\/23\/what-does-civics-education-look-like-in-america\">Example for inspiration about what (digital) civic engagement projects may include<\/a>\n\t<\/li>\n<li>\n\t\t<a data-url=\"https:\/\/www.citizenlab.co\/blog\/civic-engagement\/10-easy-ways-to-be-a-more-engaged-citizen\/\" href=\"https:\/\/www.citizenlab.co\/blog\/civic-engagement\/10-easy-ways-to-be-a-more-engaged-citizen\/\" target=\"_blank\" title=\"\" rel=\"noopener\">Article for ideas on how to become civically engaged<\/a>\n\t<\/li>\n<li>\n\t\t<a data-url=\"https:\/\/www.civicplus.com\/blog\/ce\/12-inspiring-examples-of-citizen-engagement-initiatives-for-smart-cities\" href=\"https:\/\/www.civicplus.com\/blog\/ce\/12-inspiring-examples-of-citizen-engagement-initiatives-for-smart-cities\" target=\"_blank\" title=\"\" rel=\"noopener\">Inspiring examples of Civic Engagement project.<\/a>\n\t<\/li>\n<li>\n\t\t<a data-url=\"https:\/\/statetechmagazine.com\/article\/2018\/11\/how-technology-can-be-tool-civic-engagement\" href=\"https:\/\/statetechmagazine.com\/article\/2018\/11\/how-technology-can-be-tool-civic-engagement\" target=\"_blank\" title=\"\" rel=\"noopener\">Article on how to use technology in Civic Engagement<\/a>\n\t<\/li>\n<\/ul>\n","protected":false},"excerpt":{"rendered":"<p>\u00a0 Allikad\u00a0ja inglisekeelsed lisamaterjalid: DKO juhend DKO t\u00f6\u00f6vahendite komplekt Video kodanikuosaluse n\u00e4idetest sotsiaalmeedias:\u00a0https:\/\/www.youtube.com\/watch?v=n8cMCdnQN40 Video\u00a0kodanikuosaluse platvormi loomisest:\u00a0https:\/\/www.youtube.com\/watch?v=-iT4a2Mpf0M Illinois State University provides different description of practices of civic engagement\u00a0 1st Digital Parliament first initiative done through teams Digital Health Forum \u00e0 digital &#8230;<\/p>\n","protected":false},"author":63,"featured_media":0,"parent":0,"menu_order":0,"comment_status":"closed","ping_status":"closed","template":"","meta":{"_acf_changed":false,"inline_featured_image":false,"footnotes":""},"class_list":["post-30","page","type-page","status-publish","hentry"],"acf":[],"_links":{"self":[{"href":"https:\/\/sisu.ut.ee\/sdce\/et\/wp-json\/wp\/v2\/pages\/30","targetHints":{"allow":["GET"]}}],"collection":[{"href":"https:\/\/sisu.ut.ee\/sdce\/et\/wp-json\/wp\/v2\/pages"}],"about":[{"href":"https:\/\/sisu.ut.ee\/sdce\/et\/wp-json\/wp\/v2\/types\/page"}],"author":[{"embeddable":true,"href":"https:\/\/sisu.ut.ee\/sdce\/et\/wp-json\/wp\/v2\/users\/63"}],"replies":[{"embeddable":true,"href":"https:\/\/sisu.ut.ee\/sdce\/et\/wp-json\/wp\/v2\/comments?post=30"}],"version-history":[{"count":1,"href":"https:\/\/sisu.ut.ee\/sdce\/et\/wp-json\/wp\/v2\/pages\/30\/revisions"}],"predecessor-version":[{"id":601,"href":"https:\/\/sisu.ut.ee\/sdce\/et\/wp-json\/wp\/v2\/pages\/30\/revisions\/601"}],"wp:attachment":[{"href":"https:\/\/sisu.ut.ee\/sdce\/et\/wp-json\/wp\/v2\/media?parent=30"}],"curies":[{"name":"wp","href":"https:\/\/api.w.org\/{rel}","templated":true}]}}