{"id":3,"date":"2024-04-04T07:48:21","date_gmt":"2024-04-04T04:48:21","guid":{"rendered":"https:\/\/sisu.ut.ee\/sdce\/et\/"},"modified":"2024-04-04T07:50:41","modified_gmt":"2024-04-04T04:50:41","slug":"et","status":"publish","type":"page","link":"https:\/\/sisu.ut.ee\/sdce\/et\/","title":{"rendered":"Avaleht"},"content":{"rendered":"<blockquote>\n<h4>\n\t\t<img loading=\"lazy\" decoding=\"async\" width=\"733\" height=\"220\" class=\"alignnone wp-image-180\" style=\"float:right;width:440px;height:132px\" src=\"https:\/\/sisu.ut.ee\/wp-content\/uploads\/sites\/545\/sdce.jpg\" title=\"sdce.jpg\" alt=\"SDCE\" srcset=\"https:\/\/sisu.ut.ee\/wp-content\/uploads\/sites\/545\/sdce.jpg 733w, https:\/\/sisu.ut.ee\/wp-content\/uploads\/sites\/545\/sdce-300x90.jpg 300w\" sizes=\"auto, (max-width: 733px) 100vw, 733px\">Tere tulemast \u00f5ppima MOOCil \u201c\u00dcli\u00f5pilased kui digitaalses kodaniku\u00fchiskonnas osalejad\u201d, mis on loodud Erasmus+ projekti \u201eStudents as Digital Civic Engagers\u201c (Students DCE) raames eesm\u00e4rgiga suurendada \u00f5ppijate digioskusi ja teadmisi kodanikuaktiivsusest, et v\u00f5imaldada \u00fcli\u00f5pilastel digitehnoloogiaid kasutades saada enesekindlateks kodanikeks.<br><a href=\"https:\/\/www.studentcivicengagers.eu\/\"><b><span lang=\"EN-IE\"><span style=\"line-height:115%\"><span style=\"color:#c00000\">https:\/\/www.studentcivicengagers.eu\/<\/span><\/span><\/span><\/b><\/a><br>\n\t<\/h4>\n<\/blockquote>\n<blockquote>\n<h4 class=\"SDCE-BodyText\">\n\t\t<img loading=\"lazy\" decoding=\"async\" width=\"531\" height=\"399\" class=\"alignnone wp-image-179\" style=\"width:150px;height:113px;float:right\" src=\"https:\/\/sisu.ut.ee\/wp-content\/uploads\/sites\/545\/sdce_clowd.png\" title=\"sdce_clowd.png\" alt=\"SDCE_clowd\" srcset=\"https:\/\/sisu.ut.ee\/wp-content\/uploads\/sites\/545\/sdce_clowd.png 531w, https:\/\/sisu.ut.ee\/wp-content\/uploads\/sites\/545\/sdce_clowd-300x225.png 300w\" sizes=\"auto, (max-width: 531px) 100vw, 531px\"><strong>MOOC on koostatud Student DCE projekti raames koost\u00f6\u00f6s partneritega Austriast, Eestist, Iirimaalt, Portugalist, Hispaaniast ja \u00dchendkuningriigist v\u00e4lja t\u00f6\u00f6tatud avatud \u00f5ppematerjalide p\u00f5hjal.<\/strong><br>\n\t<\/h4>\n<p>\n\t\tKursuse materjalide kujundamisel on kasutatud fotosid <span lang=\"EN-IE\"><span><a href=\"https:\/\/www.pexels.com\/\">Pexels<\/a> <\/span><\/span> keskkonnast<strong>.<\/strong>\n\t<\/p>\n<\/blockquote>\n<p class=\"SDCE-BodyText\">\n\t\u00a0\n<\/p>\n<h3 class=\"SDCE-BodyText\">\n\t<strong>MOOC koosneb kuuest moodulist<span lang=\"EN-IE\"><span style=\"line-height:115%\">:<\/span><\/span><\/strong><br>\n<\/h3>\n<ol>\n<li class=\"SDCE-BodyText\">\n\t\t<span><span lang=\"EN-IE\"><span style=\"line-height:115%\">moodul: Digitaalne kodanikuaktiivsus \u2013 potentsiaal tehnoloogia ja uue meedia ristumiskohas<\/span><\/span><\/span>\n\t<\/li>\n<li class=\"SDCE-BodyText\">\n\t\t<span><span lang=\"EN-IE\"><span style=\"line-height:115%\">moodul: Millised on \u00f5ppijate v\u00f5imalused?<\/span><\/span><\/span>\n\t<\/li>\n<li class=\"SDCE-BodyText\">\n\t\t<span><span lang=\"EN-IE\"><span style=\"line-height:115%\">moodul: Kuidas luua digitaalse kodanikuosaluse projekti?<\/span><\/span><\/span>\n\t<\/li>\n<li class=\"SDCE-BodyText\">\n\t\t<span><span lang=\"EN-IE\"><span style=\"line-height:115%\">moodul: Digitaalse kodanikuosaluse projekti juhtimine<\/span><\/span><\/span>\n\t<\/li>\n<li class=\"SDCE-BodyText\">\n\t\t<span><span lang=\"EN-IE\"><span style=\"line-height:115%\">moodul: Kuidas koostada eelarvet ja rahastada oma projekti, rakendades\u00a0tehnoloogiale keskendunud mudeleid<\/span><\/span><\/span>\n\t<\/li>\n<li class=\"SDCE-BodyText\">\n\t\t<span lang=\"EN-IE\"><span style=\"line-height:107%\"><span>moodul: Kodanikuosaluse projekti, eesm\u00e4rgi ja koost\u00f6\u00f6 turundamine<\/span><\/span><\/span>\n\t<\/li>\n<\/ol>\n<p class=\"SDCE-BodyText\">\n\tMoodulid on loodud, et \u00f5ppijatele tutvustada erinevaid digitaalset kodanikuosalust puudutavaid kontseptsioone ja anda teadmised, kuidas tuvastada vajadus\u00a0digitaalse kodanikuosaluse projekti j\u00e4rele, ning\u00a0vajalikud t\u00f6\u00f6riistad ja info kodaniku\u00fchiskonnas osalemiseks v\u00f5i oma digitaalse kodanikuosaluse projekti loomiseks.\n<\/p>\n<p class=\"SDCE-BodyText\">\n\t\u00a0\n<\/p>\n<h3>\n\t<strong>MOOCi l\u00e4binud \u00f5ppija:<\/strong><br>\n<\/h3>\n<ul>\n<li>\n\t\t<span><span><span style=\"line-height:107%\">teab, mis on kodanikuaktiivsus ja mis m\u00e4\u00e4ratleb digitaalse kodanikuosaluse projekti;<\/span><\/span><\/span>\n\t<\/li>\n<li>\n\t\t<span><span><span style=\"line-height:107%\">teab, millised on digitaalse kodanikuosaluse projekti erinevad t\u00fc\u00fcbid;<\/span><\/span><\/span>\n\t<\/li>\n<li>\n\t\t<span><span><span style=\"line-height:107%\">teab, millised on erinevad viisid, kuidas kodanikuosaluse projektis osaleda;<\/span><\/span><\/span>\n\t<\/li>\n<li>\n\t\t<span><span><span style=\"line-height:107%\">omab infot Euroopa kompetentsiraamistikest DigComp ja Entrecomp;<\/span><\/span><\/span>\n\t<\/li>\n<li>\n\t\t<span><span><span style=\"line-height:107%\">teab, millised on kompetentsid, mida saab arendada osaledes digitaalse kodanikuosaluse projektis;<\/span><\/span><\/span>\n\t<\/li>\n<li>\n\t\t<span><span><span style=\"line-height:107%\">teab, kuidas luua digitaalse kodanikuosaluse projekt algusest l\u00f5puni;<\/span><\/span><\/span>\n\t<\/li>\n<li>\n\t\t<span><span><span style=\"line-height:107%\">on saanud juhised digitaalse kodanikuosaluse projekti juhtimiseks;<\/span><\/span><\/span>\n\t<\/li>\n<li>\n\t\t<span><span><span style=\"line-height:107%\">teab, kuidas projekti eelarvestada ja rahastada;<\/span><\/span><\/span>\n\t<\/li>\n<li class=\"SDCE-BodyText\">\n\t\t<span><span style=\"line-height:107%\"><span>teab, kuidas oma digitaalset kodaniku\u00fchiskonna projekti turundada.<\/span><\/span><\/span>\n\t<\/li>\n<\/ul>\n<p>\n\t\u00a0<\/p>\n","protected":false},"excerpt":{"rendered":"<p>Tere tulemast \u00f5ppima MOOCil \u201c\u00dcli\u00f5pilased kui digitaalses kodaniku\u00fchiskonnas osalejad\u201d, mis on loodud Erasmus+ projekti \u201eStudents as Digital Civic Engagers\u201c (Students DCE) raames eesm\u00e4rgiga suurendada \u00f5ppijate digioskusi ja teadmisi kodanikuaktiivsusest, et v\u00f5imaldada \u00fcli\u00f5pilastel digitehnoloogiaid kasutades saada enesekindlateks kodanikeks.https:\/\/www.studentcivicengagers.eu\/ MOOC on koostatud &#8230;<\/p>\n","protected":false},"author":63,"featured_media":0,"parent":0,"menu_order":0,"comment_status":"closed","ping_status":"closed","template":"","meta":{"_acf_changed":false,"inline_featured_image":false,"footnotes":""},"class_list":["post-3","page","type-page","status-publish","hentry"],"acf":[],"_links":{"self":[{"href":"https:\/\/sisu.ut.ee\/sdce\/et\/wp-json\/wp\/v2\/pages\/3","targetHints":{"allow":["GET"]}}],"collection":[{"href":"https:\/\/sisu.ut.ee\/sdce\/et\/wp-json\/wp\/v2\/pages"}],"about":[{"href":"https:\/\/sisu.ut.ee\/sdce\/et\/wp-json\/wp\/v2\/types\/page"}],"author":[{"embeddable":true,"href":"https:\/\/sisu.ut.ee\/sdce\/et\/wp-json\/wp\/v2\/users\/63"}],"replies":[{"embeddable":true,"href":"https:\/\/sisu.ut.ee\/sdce\/et\/wp-json\/wp\/v2\/comments?post=3"}],"version-history":[{"count":1,"href":"https:\/\/sisu.ut.ee\/sdce\/et\/wp-json\/wp\/v2\/pages\/3\/revisions"}],"predecessor-version":[{"id":627,"href":"https:\/\/sisu.ut.ee\/sdce\/et\/wp-json\/wp\/v2\/pages\/3\/revisions\/627"}],"wp:attachment":[{"href":"https:\/\/sisu.ut.ee\/sdce\/et\/wp-json\/wp\/v2\/media?parent=3"}],"curies":[{"name":"wp","href":"https:\/\/api.w.org\/{rel}","templated":true}]}}