{"id":29,"date":"2024-04-04T07:48:24","date_gmt":"2024-04-04T04:48:24","guid":{"rendered":"https:\/\/sisu.ut.ee\/sdce\/module-3-4\/"},"modified":"2024-04-05T12:37:14","modified_gmt":"2024-04-05T09:37:14","slug":"module-3-4","status":"publish","type":"page","link":"https:\/\/sisu.ut.ee\/sdce\/et\/module-3-4\/","title":{"rendered":"Teema 4: Digitaalsete kodanikuosaluse projektide kavandamine"},"content":{"rendered":"<blockquote>\r\n\t<h4>\r\n\t\t<img loading=\"lazy\" decoding=\"async\" width=\"531\" height=\"399\" class=\"alignnone wp-image-179\" style=\"width: 150px;height: 113px;float: right\" src=\"https:\/\/sisu.ut.ee\/wp-content\/uploads\/sites\/545\/sdce_clowd.png\" title=\"sdce_clowd.png\" alt=\"SDCE_clowd\" srcset=\"https:\/\/sisu.ut.ee\/wp-content\/uploads\/sites\/545\/sdce_clowd.png 531w, https:\/\/sisu.ut.ee\/wp-content\/uploads\/sites\/545\/sdce_clowd-300x225.png 300w\" sizes=\"auto, (max-width: 531px) 100vw, 531px\">See teema selgitab, kuidas pakkuda lahendusi probleemidele, mida digitaalse kodanikuosaluse projekt v\u00f5ib lahendada. Selle teema \u00f5piv\u00e4ljundiks on teha kindlaks, kuidas digitehnoloogiad v\u00f5ivad m\u00f5jutada DKO projekti kavandamist ja elluviimist ning kuidas neid rakendada.\r\n\t<\/h4>\r\n<\/blockquote>\r\n\r\n<p>\r\n\t\u00a0\r\n<\/p>\r\n\r\n<h3 style=\"margin-bottom: 0.0001pt\">\r\n\t<img loading=\"lazy\" decoding=\"async\" width=\"536\" height=\"668\" class=\"alignnone wp-image-213\" style=\"width: 200px;height: 249px;float: right\" src=\"https:\/\/sisu.ut.ee\/wp-content\/uploads\/sites\/545\/picture3_4.jpg\" title=\"picture3_4.jpg\" alt=\"SDCE3-4\" srcset=\"https:\/\/sisu.ut.ee\/wp-content\/uploads\/sites\/545\/picture3_4.jpg 536w, https:\/\/sisu.ut.ee\/wp-content\/uploads\/sites\/545\/picture3_4-241x300.jpg 241w\" sizes=\"auto, (max-width: 536px) 100vw, 536px\">\r\n<\/h3>\r\n\r\n<h3 style=\"margin-bottom: 0.0001pt\">\r\n\t<span style=\"line-height:normal\"><span style=\"vertical-align:baseline\"><b><span lang=\"EN-IE\" style=\"color:black\">DKO juhtumikirjeldused ja digitaalsed lahendused<\/span><\/b><\/span><\/span>\r\n<\/h3>\r\n\r\n<p style=\"margin-bottom:.0001pt\">\r\n\t<span style=\"line-height:normal\"><span style=\"vertical-align:baseline\"><span lang=\"EN-IE\" style=\"color:black\">Selle teema raames vaatleme l\u00e4hemalt m\u00f5ningaid juhtumikirjeldusi, mis koostati DKO juhendi uurimist\u00f6\u00f6 raames.<\/span><\/span><\/span>\r\n<\/p>\r\n\r\n<p style=\"margin-bottom:.0001pt\">\r\n\t<span style=\"line-height:normal\"><span style=\"vertical-align:baseline\"><span lang=\"EN-IE\" style=\"color:black\">Juhtumikirjeldusi on erinevates moodulites k\u00e4sitletud. Selle teema raames vaatame, kuidas nende tegevuste raames kasutati digtehnoloogiat, pakkudes samal ajal lahendusi kodanikuaosaluse probleemile.<\/span><\/span><\/span>\r\n<\/p>\r\n\r\n<p style=\"margin-bottom:.0001pt\">\r\n\t\u00a0\r\n<\/p>\r\n\r\n<h3 style=\"margin-bottom: 0.0001pt\">\r\n\t<span style=\"line-height:normal\"><span style=\"vertical-align:baseline\"><b><span lang=\"EN-IE\" style=\"color:black\">V\u00f5imaldame \u00f5ppijatel luua lahendusi \u00fchiskonna probleemidele<\/span><\/b><\/span><\/span>\r\n<\/h3>\r\n\r\n<p style=\"margin-bottom:.0001pt\">\r\n\t<span style=\"line-height:normal\"><span style=\"vertical-align:baseline\"><span lang=\"EN-IE\" style=\"color:black\">Eelnevalt tutvusime Tartu \u00dclikooli poolt korraldatava STARTER programmiga, mis on suunatud neile, kes soovivad kogeda toote v\u00f5i teenuse turuletoomise idee v\u00e4ljat\u00f6\u00f6tamise protsessi.<\/span><\/span><\/span>\r\n<\/p>\r\n\r\n<p style=\"margin-bottom:.0001pt\">\r\n\t<span style=\"line-height:normal\"><span style=\"vertical-align:baseline\"><span lang=\"EN-IE\" style=\"color:black\">Covidi pandeemia on avaldanud maailmale tohutut m\u00f5ju ja ka Tartu \u00dclikooli tudengid kavandasid muuhulgas lahendusi Covidist tingitud probleemidele. <\/span><\/span><\/span>\r\n<\/p>\r\n\r\n<p style=\"margin-bottom:.0001pt\">\r\n\t<a data-url=\"https:\/\/starteridea.ee\/startertartu\/\" href=\"https:\/\/starteridea.ee\/startertartu\/\" target=\"_blank\" title=\"\" rel=\"noopener\">Link STARTER programmi lehele.<\/a>\r\n<\/p>\r\n\r\n<p style=\"margin-bottom:.0001pt\">\r\n\t\u00a0\r\n<\/p>\r\n\r\n<h3 style=\"margin-bottom: 0.0001pt\">\r\n\t<span style=\"line-height:normal\"><span style=\"vertical-align:baseline\"><b><span lang=\"EN-IE\" style=\"color:black\">STARTER programmi\u00a0lahendused<\/span><\/b><\/span><\/span>\r\n<\/h3>\r\n\r\n<p style=\"margin-bottom:.0001pt\">\r\n\t<span style=\"line-height:normal\"><span style=\"vertical-align:baseline\"><span lang=\"EN-IE\" style=\"color:black\">M\u00f5ned n\u00e4ited probleemidest, millega \u00f5ppijad STARTER programmi raames tegelesid:<\/span><\/span><\/span>\r\n<\/p>\r\n\r\n<ul>\r\n\t<li style=\"margin-bottom: 0.0001pt\">\r\n\t\t<span style=\"line-height:normal\"><span><span style=\"vertical-align:baseline\"><span lang=\"EN-IE\" style=\"color:black\">Maasikakorjamise robot (kuna p\u00f5llumehed ei saanud Covidist tingitud piirangute t\u00f5ttu v\u00e4list\u00f6\u00f6lisi palgata)<\/span><\/span><\/span><\/span>\r\n\t<\/li>\r\n\t<li style=\"margin-bottom: 0.0001pt\">\r\n\t\t<span style=\"line-height:normal\"><span><span style=\"vertical-align:baseline\"><span lang=\"EN-IE\" style=\"color:black\">Tarkvara, et hooldekodudes elavad eakate saaksid \u00fchendust v\u00f5tta vabatahtlike ja l\u00e4hedastega<\/span><\/span><\/span><\/span>\r\n\t<\/li>\r\n\t<li style=\"margin-bottom: 0.0001pt\">\r\n\t\t<span style=\"line-height:normal\"><span><span style=\"vertical-align:baseline\"><span lang=\"EN-IE\" style=\"color:black\">Interaktiivsed 3D-mudelid s\u00fcndmuste planeerimise jms lihtsustamiseks.<\/span><\/span><\/span><\/span>\r\n\t<\/li>\r\n\t<li style=\"margin-top: 0cm;margin-right: 0cm;margin-bottom: 0.0001pt\">\r\n\t\t<span style=\"line-height:normal\"><span><span style=\"vertical-align:baseline\"><span lang=\"EN-US\" style=\"color:black\"><span lang=\"EN-IE\"><span style=\"line-height:107%\"><span><span style=\"color:black\">Rakendus j\u00e4\u00e4tmete sorteerimise m\u00f5istmiseks (suur probleem \u00fchiskonnas).<\/span><\/span><\/span><\/span><\/span><\/span><\/span><\/span>\r\n\t<\/li>\r\n<\/ul>\r\n\r\n<p style=\"margin-top: 0cm;margin-right: 0cm;margin-bottom: 0.0001pt\">\r\n\t\u00a0\r\n<\/p>\r\n\r\n<p>\r\n\t<span style=\"vertical-align:baseline\"><b><span lang=\"EN-IE\" style=\"color:black\">Rakendus SORTER <\/span><\/b><\/span>\r\n<\/p>\r\n\r\n<p>\r\n\t<span style=\"vertical-align:baseline\"><span lang=\"EN-IE\" style=\"color:black\">Oma teadmiste kasutamine \u00fchiskondlikele probleemidele lahenduste leidmiseks on sageli suurep\u00e4rane viis uute lahenduste loomiseks. See toimus ka STARTER programmis, mille raames SORTER rakendus v\u00e4lja t\u00f6\u00f6tati.<\/span><\/span>\r\n<\/p>\r\n\r\n<p>\r\n\t<span style=\"vertical-align:baseline\"><span lang=\"EN-IE\" style=\"color:black\">\u00dcks selle idee algatajaid ja lahendusega tegelejaid oli \u00fcli\u00f5pilane, kes \u00f5ppis muutuste juhtimist ja valis j\u00e4\u00e4tmek\u00e4itluse teema, millele lahendust otsida. Nad t\u00f5desid, et inimesed ei ole sageli kindlad, millised j\u00e4\u00e4tmed tuleks \u00e4ra visata v\u00f5i milliseid materjale saaks taaskasutada.<\/span><\/span>\r\n<\/p>\r\n\r\n<p>\r\n\t<span style=\"vertical-align:baseline\"><span lang=\"EN-IE\" style=\"color:black\">SORTER rakendus v\u00f5imaldab inimestel oma pakendite koode sk\u00e4nneerida ja seej\u00e4rel n\u00e4itab rakendus inimestele, kuidas neid \u00f5igesti k\u00e4idelda ja millist pr\u00fcgikasti nad peaksid kasutama.<\/span><\/span>\r\n<\/p>\r\n\r\n<p>\r\n\t<span style=\"vertical-align:baseline\"><span lang=\"EN-IE\" style=\"color:black\">Eestis on suur ringmajandust praktiseeriv kogukond. Ringmajandus on tootmise ja tarbimise mudel, mis h\u00f5lmab olemasolevate materjalide ja toodete jagamist, liisimist, taaskasutamist, parandamist, uuendamist ja taaskasutamist nii kaua kui v\u00f5imalik.<\/span><\/span>\r\n<\/p>\r\n\r\n<p>\r\n\t<span style=\"vertical-align:baseline\"><span lang=\"EN-IE\" style=\"color:black\">SORTER rakenduse taga olevad \u00f5ppijad kasutasid ringmajanduse kogukonda enda huvides ja kasutasid seda projekti kohta info levitamiseks. Nad leidsid ka, et digivahendeid saab kasutada paljudel eesm\u00e4rkidel ja kasutasid erinevaid digivahendeid (videoklipid, e-kirjad, meililistid, intervjuud vilistlastega jne) oma rakenduse kohta info jagamiseks <\/span><\/span>\r\n<\/p>\r\n\r\n<p>\r\n\t<span style=\"vertical-align:baseline\"><span lang=\"EN-IE\" style=\"color:black\">Samuti leidsid \u00f5ppijad, et Facebook, LinkedIn ja Instagram olid\u00a0kasulikud projketi kohta info jagamisel.<\/span><\/span>\r\n<\/p>\r\n\r\n<p style=\"margin-top: 0cm;margin-right: 0cm;margin-bottom: 0.0001pt\">\r\n\t\u00a0\r\n<\/p>\r\n\r\n<p style=\"margin-bottom:.0001pt\">\r\n\t\u00a0\r\n<\/p>\r\n\r\n<h3 style=\"margin-bottom: 0.0001pt\">\r\n\t<span style=\"line-height:normal\"><span style=\"vertical-align:baseline\"><b><span lang=\"EN-IE\" style=\"color:black\">P5 meditsiinikeskus<\/span><\/b><\/span><\/span>\r\n<\/h3>\r\n\r\n<p style=\"margin-bottom:.0001pt\">\r\n\t<span style=\"line-height:normal\"><span style=\"vertical-align:baseline\"><span lang=\"EN-IE\" style=\"color:black\">P5 on digitaalne meditsiini keskus, mille l\u00f5i Minho \u00fclikooli meditsiinikool digitaalse tervishoiu edendamiseks.<\/span><\/span><\/span>\r\n<\/p>\r\n\r\n<p style=\"margin-bottom:.0001pt\">\r\n\t<span style=\"line-height:normal\"><span style=\"vertical-align:baseline\"><span lang=\"EN-IE\" style=\"color:black\">P5 sai alguse visioonist, et t\u00f6\u00f6d saab digitehnoloogia abil paremaks muuta ja see v\u00f5ib tervishoius\u00fcsteemile lisav\u00e4\u00e4rtust anda.<\/span><\/span><\/span>\r\n<\/p>\r\n\r\n<p style=\"margin-bottom:.0001pt\">\r\n\t<span style=\"line-height:normal\"><span style=\"vertical-align:baseline\"><span lang=\"EN-IE\" style=\"color:black\">Enne Covid pandeemiat t\u00f6\u00f6tas P5 meditsiinikeskuse meeskond s\u00fcmptomite hindamise projektiga. Kui aga pandeemia puhkes, tuli kohanemiseks ja kogukonna abistamiseks midagi teha.\u00a0<\/span><\/span><\/span><span style=\"line-height:normal\"><span style=\"vertical-align:baseline\"><span lang=\"EN-IE\" style=\"color:black\">Kui pandeemia esimest korda puhkes, olid paljud inimesed pandeemiat puudutavast teabest segaduses ja vajasid abi ning vastuseid oma k\u00fcsimustele.<\/span><\/span><\/span>\r\n<\/p>\r\n\r\n<p style=\"margin-bottom:.0001pt\">\r\n\t<span style=\"line-height:normal\"><span style=\"vertical-align:baseline\"><span lang=\"EN-IE\" style=\"color:black\">P5 meditsiinikeskuse meeskond otsustas, et nemad saavad aidata, ja l\u00f5id veebip\u00f5hise kasutajatoe, mida inimesed said seoses Covidist tingitud piirangutega kasutada tervishoiut\u00f6\u00f6tajatega \u00fchenduse v\u00f5tmiseks.\u00a0<\/span><\/span><\/span><span style=\"line-height:normal\"><span style=\"vertical-align:baseline\"><span lang=\"EN-IE\" style=\"color:black\">Kuid P5 t\u00f6\u00f6tajate piiratud arvu t\u00f5ttu oli vaja leida uusi lahendusi, mis aitaksid patsientide k\u00fcsimustele vastata.<\/span><\/span><\/span>\r\n<\/p>\r\n\r\n<p style=\"margin-bottom:.0001pt\">\r\n\t<span style=\"line-height:normal\"><span style=\"vertical-align:baseline\"><span lang=\"EN-IE\" style=\"color:black\">P5 meditsiinikeskus otsustas projekti kaasata 5. ja 6. kursuse arstitudengeid. Kontroll ja juhtimine anti \u00fci\u00f5pilastele ja neil paluti leida lahendus kasutajatoele.\u00a0<\/span><\/span><\/span><span style=\"line-height:normal\"><span style=\"vertical-align:baseline\"><span lang=\"EN-IE\" style=\"color:black\">\u00dcli\u00f5pilased suutsid kahe n\u00e4dala jooksul l\u00fchendada ooteaegu, mille jooksul inimesed vastuse saamist ootasid, ning loodi ka spetsiaalne telefoniliin, mille kaudu said inimesed kasutajatoega \u00fchendust v\u00f5tta ning enam kui 700 k\u00fcsimust said vastused.<\/span><\/span><\/span>\r\n<\/p>\r\n\r\n<p style=\"margin-bottom:.0001pt\">\r\n\t<span style=\"line-height:normal\"><span style=\"vertical-align:baseline\"><span lang=\"EN-US\" style=\"color:black\"><span lang=\"EN-IE\"><span style=\"line-height:107%\"><span><span style=\"color:black\">\u00dcli\u00f5pilased t\u00f6\u00f6tasid kiiresti koos lahenduse leidmiseks. \u00dcks idee, mille kallal t\u00f6\u00f6tati, oli tagada, et kui keegi saadab kasutajatoele k\u00fcsimuse, edastatakse see meili teel kellelegi, kes on kvalifitseeritud k\u00fcsimusele vastama. P5 meditsiinikeskuses oli kaasatud \u00fcle 200 \u00fcli\u00f5pilase.<\/span><\/span><\/span><\/span><\/span><\/span><\/span>\r\n<\/p>\r\n\r\n<p style=\"margin-bottom:.0001pt\">\r\n\t<a data-url=\"https:\/\/www.p5.pt\/\" href=\"https:\/\/www.p5.pt\/\" target=\"_blank\" title=\"\" rel=\"noopener\">Link P5 meditsiinikeskuse lehele.<\/a>\r\n<\/p>\r\n\r\n<h2>\r\n\t\u00a0\r\n<\/h2>\r\n\r\n<h2>\r\n\tEnesekontrolli test\r\n<\/h2>\r\n\r\n<div class=\"h5p-iframe-wrapper\"><div class=\"video-placeholder-wrapper video-placeholder-wrapper--fixed\" style=\"height: 366px;\">\n\t\t\t    <div class=\"video-placeholder d-flex justify-content-center align-items-center\">\n\t\t\t        <div class=\"overlay text-white p-2 w-100 text-center d-block justify-content-center align-items-center\">\n\t\t\t            <div>Kolmandate osapoolte sisu n\u00e4gemiseks palun n\u00f5ustu k\u00fcpsistega.<\/div>\n\t\t\t            <button class=\"btn btn-secondary btn-sm mt-1 consent-change\">Muuda n\u00f5usolekut<\/button>\n\t\t\t        <\/div>\n\t\t\t    <\/div>\n\t\t\t<\/div>\n<\/div>\r\n","protected":false},"excerpt":{"rendered":"<p>See teema selgitab, kuidas pakkuda lahendusi probleemidele, mida digitaalse kodanikuosaluse projekt v\u00f5ib lahendada. Selle teema \u00f5piv\u00e4ljundiks on teha kindlaks, kuidas digitehnoloogiad v\u00f5ivad m\u00f5jutada DKO projekti kavandamist ja elluviimist ning kuidas neid rakendada. \u00a0 DKO juhtumikirjeldused ja digitaalsed lahendused Selle teema &#8230;<\/p>\n","protected":false},"author":63,"featured_media":0,"parent":0,"menu_order":0,"comment_status":"closed","ping_status":"closed","template":"","meta":{"_acf_changed":false,"inline_featured_image":false,"footnotes":""},"class_list":["post-29","page","type-page","status-publish","hentry"],"acf":[],"_links":{"self":[{"href":"https:\/\/sisu.ut.ee\/sdce\/et\/wp-json\/wp\/v2\/pages\/29","targetHints":{"allow":["GET"]}}],"collection":[{"href":"https:\/\/sisu.ut.ee\/sdce\/et\/wp-json\/wp\/v2\/pages"}],"about":[{"href":"https:\/\/sisu.ut.ee\/sdce\/et\/wp-json\/wp\/v2\/types\/page"}],"author":[{"embeddable":true,"href":"https:\/\/sisu.ut.ee\/sdce\/et\/wp-json\/wp\/v2\/users\/63"}],"replies":[{"embeddable":true,"href":"https:\/\/sisu.ut.ee\/sdce\/et\/wp-json\/wp\/v2\/comments?post=29"}],"version-history":[{"count":3,"href":"https:\/\/sisu.ut.ee\/sdce\/et\/wp-json\/wp\/v2\/pages\/29\/revisions"}],"predecessor-version":[{"id":863,"href":"https:\/\/sisu.ut.ee\/sdce\/et\/wp-json\/wp\/v2\/pages\/29\/revisions\/863"}],"wp:attachment":[{"href":"https:\/\/sisu.ut.ee\/sdce\/et\/wp-json\/wp\/v2\/media?parent=29"}],"curies":[{"name":"wp","href":"https:\/\/api.w.org\/{rel}","templated":true}]}}