{"id":28,"date":"2024-04-04T07:48:23","date_gmt":"2024-04-04T04:48:23","guid":{"rendered":"https:\/\/sisu.ut.ee\/sdce\/module-3-3\/"},"modified":"2024-04-05T12:37:15","modified_gmt":"2024-04-05T09:37:15","slug":"module-3-3","status":"publish","type":"page","link":"https:\/\/sisu.ut.ee\/sdce\/et\/module-3-3\/","title":{"rendered":"Teema 3: Tehnoloogia kasutamine oma kodanikuosaluse t\u00f5hustamiseks"},"content":{"rendered":"<blockquote>\r\n\t<h4>\r\n\t\t<img loading=\"lazy\" decoding=\"async\" width=\"531\" height=\"399\" class=\"alignnone wp-image-179\" style=\"width: 150px;height: 113px;float: right\" src=\"https:\/\/sisu.ut.ee\/wp-content\/uploads\/sites\/545\/sdce_clowd.png\" title=\"sdce_clowd.png\" alt=\"SDCE_clowd\" srcset=\"https:\/\/sisu.ut.ee\/wp-content\/uploads\/sites\/545\/sdce_clowd.png 531w, https:\/\/sisu.ut.ee\/wp-content\/uploads\/sites\/545\/sdce_clowd-300x225.png 300w\" sizes=\"auto, (max-width: 531px) 100vw, 531px\">Selle teema raames k\u00e4sitletakse t\u00f6\u00f6vahendeid ja p\u00f5hjusi, miks \u00f5ppijad peaksid oma DKO projektis digitehnoloogiat kasutama. Selle teema \u00f5piv\u00e4ljundid v\u00f5imaldavad\u00a0tundma \u00f5ppida erinevaid digivahendeid ja seda, kuidas neid kasutada digitaalse kodanikuosaluse projekti v\u00e4ljat\u00f6\u00f6tamisel\/arendamisel.\r\n\t<\/h4>\r\n<\/blockquote>\r\n\r\n<p>\r\n\t\u00a0\r\n<\/p>\r\n\r\n<h3>\r\n\t<img loading=\"lazy\" decoding=\"async\" width=\"536\" height=\"668\" class=\"alignnone wp-image-212\" style=\"width: 200px;height: 249px;float: right\" src=\"https:\/\/sisu.ut.ee\/wp-content\/uploads\/sites\/545\/picture3_3.jpg\" title=\"picture3_3.jpg\" alt=\"SDCE3-3\" srcset=\"https:\/\/sisu.ut.ee\/wp-content\/uploads\/sites\/545\/picture3_3.jpg 536w, https:\/\/sisu.ut.ee\/wp-content\/uploads\/sites\/545\/picture3_3-241x300.jpg 241w\" sizes=\"auto, (max-width: 536px) 100vw, 536px\">\r\n<\/h3>\r\n\r\n<h3>\r\n\t<span style=\"line-height:normal\"><span style=\"vertical-align:baseline\"><b><span lang=\"EN-IE\" style=\"color:black\">Tehnoloogia kasutamine oma DKO projektis<\/span><\/b><\/span><\/span>\r\n<\/h3>\r\n\r\n<p>\r\n\t<span style=\"line-height:normal\"><span style=\"vertical-align:baseline\"><span lang=\"EN-IE\" style=\"color:black\">Kui olete kindlaks teinud, kes teie DKO projekti juhib, ja m\u00f5istate projektis osalemise p\u00f5hjusi, on oluline ka m\u00f5elda, kuidas saaksite oma projektis paremaks toimimiseks kasutada tehnoloogiat.<\/span><\/span><\/span>\r\n<\/p>\r\n\r\n<p>\r\n\t<span style=\"line-height:normal\"><span style=\"vertical-align:baseline\"><span lang=\"EN-IE\" style=\"color:black\">Tehnoloogia v\u00f5ib DKO projektis mitmeti abiks olla, alustades nt veebip\u00f5histe kohtumiste v\u00f5i koosolekute korraldamisest kuni turunduseni.<\/span><\/span><\/span>\r\n<\/p>\r\n\r\n<p>\r\n\t\u00a0\r\n<\/p>\r\n\r\n<h3>\r\n\t<span style=\"line-height:normal\"><span style=\"vertical-align:baseline\"><b><span lang=\"EN-IE\" style=\"color:black\">Tehnoloogia kasutamine sarnaselt m\u00f5tlevate inimeste leidmiseks<\/span><\/b><\/span><\/span>\r\n<\/h3>\r\n\r\n<p>\r\n\t<span style=\"line-height:normal\"><span style=\"vertical-align:baseline\"><span lang=\"EN-IE\" style=\"color:black\">On palju t\u00f6\u00f6riistu ja platvorme, mille abil saate leida sarnaselt m\u00f5tlevaid inimesi, kellel on teiega sarnased kired. Sotsiaalmeedia platvormid v\u00f5imaldavad leida sarnaselt m\u00f5tlevaid inimesi r\u00fchmade v\u00f5i lehtede kaudu. Kuidas alustada? Proovige otsida Facebookist kogukonnagruppe, keskendudes lehtedele v\u00f5i r\u00fchmadele, mis asuvad teie piirkonnas ja on seotud teie ideega. Kui te ei leia midagi kohalikku, proovige laiendada otsingut teistesse piirkondadesse l\u00e4htudes teid huvitavast teemast.<\/span><\/span><\/span>\r\n<\/p>\r\n\r\n<p>\r\n\t\u00a0\r\n<\/p>\r\n\r\n<h3>\r\n\t<strong><span style=\"line-height:normal\"><span style=\"vertical-align:baseline\"><span lang=\"EN-IE\" style=\"color:black\">Digivahendid \u00fchenduse v\u00f5tmiseks<\/span><\/span><\/span><\/strong>\r\n<\/h3>\r\n\r\n<p>\r\n\t<span style=\"line-height:normal\"><span style=\"vertical-align:baseline\"><span lang=\"EN-IE\" style=\"color:black\">Vaadake j\u00e4rgmisi digivahendeid, mida saab kasutada sarnaselt m\u00f5tlevate inimestega \u00fchenduse v\u00f5tmiseks.<\/span><\/span><\/span>\r\n<\/p>\r\n\r\n<p>\r\n\t\u00a0\r\n<\/p>\r\n\r\n<p>\r\n\t<span style=\"line-height:normal\"><span style=\"vertical-align:baseline\"><b><span lang=\"EN-IE\" style=\"color:black\">Meetup<\/span><\/b><span lang=\"EN-IE\" style=\"color:black\"> on t\u00f6\u00f6vahend, mille abil saate kohtuda sarnaste huvidega inimestega nii professionaalselt kui ka juhuslikult. Saate valida grupiga liitumise v\u00f5i leida teid huvitavaid s\u00fcndmusi. Kui te ei leia gruppi, mis vastaks t\u00e4pselt sellele, mida otsite, proovige luua see ise!<\/span><\/span><\/span><br><span style=\"line-height:normal\"><span style=\"vertical-align:baseline\"><a href=\"https:\/\/www.meetup.com\/\">https:\/\/www.meetup.com\/<\/a><\/span><\/span>\r\n<\/p>\r\n\r\n<p>\r\n\t\u00a0\r\n<\/p>\r\n\r\n<p>\r\n\t<span style=\"line-height:normal\"><span style=\"vertical-align:baseline\"><b><span lang=\"EN-IE\" style=\"color:black\">Meet Me <\/span><\/b><span lang=\"EN-IE\" style=\"color:black\">on Androidi ja iOS-i jaoks saadaval olev rakendus, mis v\u00f5imaldab sarnaste huvidega inimestel \u00fcksteisega suhelda. See toimib reaalajas vestlusena ja v\u00f5imaldab suhelda l\u00e4heduses olevate inimestega, kellel on teiega samad huvid.<\/span><\/span><\/span><br><span style=\"line-height:normal\"><span style=\"vertical-align:baseline\"><a href=\"https:\/\/www.meetme.com\/\">https:\/\/www.meetme.com\/#home<\/a><\/span><\/span>\r\n<\/p>\r\n\r\n<p>\r\n\t\u00a0\r\n<\/p>\r\n\r\n<p>\r\n\t\u00a0\r\n<\/p>\r\n\r\n<h3>\r\n\t<strong>Digivahendid suhtlemiseks<\/strong>\r\n<\/h3>\r\n\r\n<p>\r\n\t<span style=\"line-height:normal\"><span style=\"vertical-align:baseline\"><span lang=\"EN-IE\" style=\"color:black\">Kui olete kohanud inimesi, kellega koos v\u00f5iksite luua DKO projekti v\u00f5i kelle projektis osalemisest olete huvitatud, peate projektiga alustamiseks\/liitumiseks ja kohtumiste korraldamiseks nendega \u00fchendust v\u00f5tma.<\/span><\/span><\/span>\r\n<\/p>\r\n\r\n<p>\r\n\t<span style=\"line-height:normal\"><span style=\"vertical-align:baseline\"><span lang=\"EN-IE\" style=\"color:black\">Tutvuge j\u00e4rgmiste rakendustega, et saada ettekujutus, mida v\u00f5iksite kasutada oma meeskonnakaaslastega veebivestluste pidamiseks.<\/span><\/span><\/span>\r\n<\/p>\r\n\r\n<p>\r\n\t<span style=\"line-height:normal\"><span style=\"vertical-align:baseline\"><span lang=\"EN-IE\" style=\"color:black\">Neid digivahendeid saab kasutada ka kohtumiste korraldamiseks kogukonnar\u00fchmadega, ajur\u00fcnnakuteks ja muuks.<\/span><\/span><\/span>\r\n<\/p>\r\n\r\n<p>\r\n\t<span style=\"line-height:normal\"><span style=\"vertical-align:baseline\"><span lang=\"EN-US\" style=\"color:black\"><b><span lang=\"EN-US\"><span style=\"line-height:107%\"><span><span style=\"color:black\">Zoom <\/span><\/span><\/span><\/span><\/b><span lang=\"EN-US\"><span style=\"line-height:107%\"><span><span style=\"color:black\">on videovestluse t\u00f6\u00f6vahend. Zoomi saab kasutada nii veebikoosolekute l\u00e4biviimiseks kui ka veebi\u00f5ppe korraldamiseks. Kasutajad saavad ka virtuaalsel valgel tahvlil ajur\u00fcnnakut teha ja projektide raames koost\u00f6\u00f6d teha, lisades dokumentidele m\u00e4rkusi teiste \u00f5ppijate ekraanidel.<\/span><\/span><\/span><\/span><\/span><\/span><\/span><br><a data-url=\"https:\/\/zoom.us\/\" href=\"https:\/\/zoom.us\/\" target=\"_blank\" title=\"\" rel=\"noopener\">Link Zoomi lehele.<\/a>\r\n<\/p>\r\n\r\n<p>\r\n\t\u00a0\r\n<\/p>\r\n\r\n<p>\r\n\t<span style=\"line-height:normal\"><span style=\"vertical-align:baseline\"><b><span lang=\"EN-US\" style=\"color:black\">Facebook Live <\/span><\/b><span lang=\"EN-US\" style=\"color:black\">on t\u00f6\u00f6vahend, mis v\u00f5imaldab kasutajatel Facebooki lehe v\u00f5i grupi kaudu videot otse voogesitada. Seda saab kasutada kogunemiste, s\u00fcndmuste, etenduste ja \u00f5ppetundide salvestamiseks.<\/span><\/span><\/span>\r\n<\/p>\r\n\r\n<p>\r\n\t\u00a0\r\n<\/p>\r\n\r\n<p>\r\n\t<span style=\"line-height:normal\"><span style=\"vertical-align:baseline\"><b><span lang=\"EN-US\" style=\"color:black\">Webex <\/span><\/b><span lang=\"EN-US\" style=\"color:black\">on veebirakendus, mis v\u00f5imaldab kasutajatel pidada veebivestlusi kuni 100 osalejaga. Webexit saab kasutada h\u00e4\u00e4l- v\u00f5i videok\u00f5ne teel suhtlemiseks. Seda saab kasutada ka ekraani jagamiseks v\u00f5i dokumentide jagamiseks inimeste vahel.<\/span><\/span><\/span>\r\n<\/p>\r\n\r\n<p>\r\n\t<span lang=\"EN-US\"><span style=\"line-height:107%\"><span><span style=\"color:black\">Webexi peetakse k\u00f5ikeh\u00f5lmavaks tarkvaraks, mis pakub v\u00f5rdseid v\u00f5imalusi k\u00f5igile, olenemata geograafiast, keelest v\u00f5i suhtlusstiilist.<\/span><\/span><\/span><\/span><br><a data-url=\"https:\/\/www.webex.com\/\" href=\"https:\/\/www.webex.com\/\" target=\"_blank\" title=\"\" rel=\"noopener\">Link Webexi lehele.<\/a>\r\n<\/p>\r\n\r\n<p>\r\n\t\u00a0\r\n<\/p>\r\n\r\n<h3>\r\n\t<strong>Projektihalduse t\u00f6\u00f6vahendid<\/strong>\r\n<\/h3>\r\n\r\n<p>\r\n\t<span style=\"line-height:normal\"><span style=\"vertical-align:baseline\"><span lang=\"EN-IE\" style=\"color:black\">Projektihalduse t\u00f6\u00f6vahendid v\u00f5imaldavad inimestel projekte algatada, kavandada ja hallata lihtsal ja t\u00f5husal viisil. Need<\/span><\/span><\/span><span style=\"line-height:normal\"><span style=\"vertical-align:baseline\"><span lang=\"EN-IE\" style=\"color:black\">\u00a0teil veenduda, et k\u00f5ik on kursis sellega, mida on vaja teha ja millise projekti protsessiga tegeletakse.<\/span><\/span><\/span>\r\n<\/p>\r\n\r\n<p>\r\n\t<span style=\"line-height:normal\"><span style=\"vertical-align:baseline\"><span lang=\"EN-IE\" style=\"color:black\">On olemas palju erinevat t\u00fc\u00fcpi projektijuhtimise t\u00f6\u00f6riistu \u2013 peate otsustama, mis sibib teie projektile k\u00f5ige paremini.<\/span><\/span><\/span>\r\n<\/p>\r\n\r\n<p>\r\n\t\u00a0\r\n<\/p>\r\n\r\n<p>\r\n\t<span style=\"line-height:normal\"><span style=\"vertical-align:baseline\"><b><span lang=\"EN-IE\" style=\"color:black\">Trello <\/span><\/b><span lang=\"EN-IE\" style=\"color:black\">v\u00f5imaldab kasutajatel luua tahvleid, loendeid ja kaarte, mis aitavad teil oma projekte korras hoida. Iga tahvliga saab jagada infot paljudest erinevatest allikatest, nagu ajaveebid, veebilehed ja uudised, mis teevad kasutajatele teabe kiiresti k\u00e4ttesaadavaks.<\/span><\/span><\/span>\r\n<\/p>\r\n\r\n<p>\r\n\t<span style=\"line-height:normal\"><span style=\"vertical-align:baseline\"><span lang=\"EN-US\" style=\"color:black\"><span lang=\"EN-IE\"><span style=\"line-height:107%\"><span><span style=\"color:black\">Trellot saab kasutada ka tasuta versioonina! <\/span><\/span><\/span><\/span><\/span><\/span><\/span><br><a data-url=\"https:\/\/trello.com\/en\" href=\"https:\/\/trello.com\/en\" target=\"_blank\" title=\"\" rel=\"noopener\">Link Trello lehele.<\/a>\r\n<\/p>\r\n\r\n<p>\r\n\t\u00a0\r\n<\/p>\r\n\r\n<p>\r\n\t<b>Microsoft Teamsi<\/b> ei peeta tavap\u00e4raselt projektihalduse tarkvaraks, kuid see platvorm on hea keskkond meeskonnat\u00f6\u00f6ks. Teams kasutab failikaustade asemel pigem kanaleid ja meilide asemel vestlusi. See v\u00f5imaldab igal meeskonnaliikmel samaaegselt samadele failidele juurde p\u00e4\u00e4seda ja nendega t\u00f6\u00f6tada.<br><a data-url=\"https:\/\/www.microsoft.com\/en-ie\/microsoft-teams\/group-chat-software\" href=\"https:\/\/www.microsoft.com\/en-ie\/microsoft-teams\/group-chat-software\" target=\"_blank\" title=\"\" rel=\"noopener\">Link Teamsi lehele<\/a>.\r\n<\/p>\r\n\r\n<p>\r\n\t\u00a0\r\n<\/p>\r\n\r\n<h3>\r\n\t<span style=\"line-height:normal\"><span style=\"vertical-align:baseline\"><b><span lang=\"EN-IE\" style=\"color:black\">DKO t\u00f6\u00f6vahendite komplekt<\/span><\/b><\/span><\/span>\r\n<\/h3>\r\n\r\n<p>\r\n\t<span style=\"line-height:normal\"><span style=\"vertical-align:baseline\"><span lang=\"EN-IE\" style=\"color:black\">Selle teema raames on tutvustatud mitmeid erinevaid digivahendeid. Kuid soovitame tutvuda ka projekti raames v\u00e4lja t\u00f6\u00f6tatud \u201c\u00dcli\u00f5pilaste kui digitaalses kodaniku\u00fchiskonnas osalejate t\u00f6\u00f6vahendite komplektiga\u201d.<\/span><\/span><\/span>\r\n<\/p>\r\n\r\n<p>\r\n\t<span style=\"line-height:normal\"><span style=\"vertical-align:baseline\"><span lang=\"EN-US\" style=\"color:black\"><span lang=\"EN-IE\"><span style=\"line-height:107%\"><span><span style=\"color:black\">DKO t\u00f6\u00f6vahendite komplekt on suurep\u00e4rane ressurss, mis aitab leida ideid selle kohta, milliseid t\u00f6\u00f6vahendeid ja millal kasutada \u2013 see sisaldab mitmeid inspireerivaid t\u00f6\u00f6vahendeid, mida on kasutatud kohalike kogukondade abistamiseks \u00fcle Euroopa.<\/span><\/span><\/span><\/span><\/span><\/span><\/span>\r\n<\/p>\r\n\r\n<p>\r\n\t<a data-url=\"https:\/\/www.studentcivicengagers.eu\/toolkit-est\/\" href=\"https:\/\/www.studentcivicengagers.eu\/toolkit-est\/\" target=\"_blank\" title=\"\" rel=\"noopener\">Link DKO t\u00f6\u00f6vahendite komplektile<\/a>.\r\n<\/p>\r\n\r\n<h2>\r\n\t\u00a0\r\n<\/h2>\r\n\r\n<h2>\r\n\tEnesekontrolli test\r\n<\/h2>\r\n\r\n<div class=\"h5p-iframe-wrapper\"><div class=\"video-placeholder-wrapper video-placeholder-wrapper--fixed\" style=\"height: 366px;\">\n\t\t\t    <div class=\"video-placeholder d-flex justify-content-center align-items-center\">\n\t\t\t        <div class=\"overlay text-white p-2 w-100 text-center d-block justify-content-center align-items-center\">\n\t\t\t            <div>Kolmandate osapoolte sisu n\u00e4gemiseks palun n\u00f5ustu k\u00fcpsistega.<\/div>\n\t\t\t            <button class=\"btn btn-secondary btn-sm mt-1 consent-change\">Muuda n\u00f5usolekut<\/button>\n\t\t\t        <\/div>\n\t\t\t    <\/div>\n\t\t\t<\/div>\n<\/div>\r\n","protected":false},"excerpt":{"rendered":"<p>Selle teema raames k\u00e4sitletakse t\u00f6\u00f6vahendeid ja p\u00f5hjusi, miks \u00f5ppijad peaksid oma DKO projektis digitehnoloogiat kasutama. Selle teema \u00f5piv\u00e4ljundid v\u00f5imaldavad\u00a0tundma \u00f5ppida erinevaid digivahendeid ja seda, kuidas neid kasutada digitaalse kodanikuosaluse projekti v\u00e4ljat\u00f6\u00f6tamisel\/arendamisel. \u00a0 Tehnoloogia kasutamine oma DKO projektis Kui olete kindlaks &#8230;<\/p>\n","protected":false},"author":63,"featured_media":0,"parent":0,"menu_order":0,"comment_status":"closed","ping_status":"closed","template":"","meta":{"_acf_changed":false,"inline_featured_image":false,"footnotes":""},"class_list":["post-28","page","type-page","status-publish","hentry"],"acf":[],"_links":{"self":[{"href":"https:\/\/sisu.ut.ee\/sdce\/et\/wp-json\/wp\/v2\/pages\/28","targetHints":{"allow":["GET"]}}],"collection":[{"href":"https:\/\/sisu.ut.ee\/sdce\/et\/wp-json\/wp\/v2\/pages"}],"about":[{"href":"https:\/\/sisu.ut.ee\/sdce\/et\/wp-json\/wp\/v2\/types\/page"}],"author":[{"embeddable":true,"href":"https:\/\/sisu.ut.ee\/sdce\/et\/wp-json\/wp\/v2\/users\/63"}],"replies":[{"embeddable":true,"href":"https:\/\/sisu.ut.ee\/sdce\/et\/wp-json\/wp\/v2\/comments?post=28"}],"version-history":[{"count":3,"href":"https:\/\/sisu.ut.ee\/sdce\/et\/wp-json\/wp\/v2\/pages\/28\/revisions"}],"predecessor-version":[{"id":864,"href":"https:\/\/sisu.ut.ee\/sdce\/et\/wp-json\/wp\/v2\/pages\/28\/revisions\/864"}],"wp:attachment":[{"href":"https:\/\/sisu.ut.ee\/sdce\/et\/wp-json\/wp\/v2\/media?parent=28"}],"curies":[{"name":"wp","href":"https:\/\/api.w.org\/{rel}","templated":true}]}}