{"id":27,"date":"2024-04-04T07:48:30","date_gmt":"2024-04-04T04:48:30","guid":{"rendered":"https:\/\/sisu.ut.ee\/sdce\/module-3-2\/"},"modified":"2024-05-29T15:04:28","modified_gmt":"2024-05-29T12:04:28","slug":"module-3-2","status":"publish","type":"page","link":"https:\/\/sisu.ut.ee\/sdce\/et\/module-3-2\/","title":{"rendered":"Teema 2: Osalemine oma esimeses digitaalses kodanikuosaluse projektis\/algatuses"},"content":{"rendered":"<blockquote>\r\n\t<h4>\r\n\t\t<img loading=\"lazy\" decoding=\"async\" width=\"531\" height=\"399\" class=\"alignnone wp-image-179\" style=\"width: 150px;height: 113px;float: right\" src=\"https:\/\/sisu.ut.ee\/wp-content\/uploads\/sites\/545\/sdce_clowd.png\" title=\"sdce_clowd.png\" alt=\"SDCE_clowd\" srcset=\"https:\/\/sisu.ut.ee\/wp-content\/uploads\/sites\/545\/sdce_clowd.png 531w, https:\/\/sisu.ut.ee\/wp-content\/uploads\/sites\/545\/sdce_clowd-300x225.png 300w\" sizes=\"auto, (max-width: 531px) 100vw, 531px\">See teema raames k\u00e4sitletakse, kuidas alustada\u00a0digitaalse kodanikuosaluse projektiga. Selle teema \u00f5piv\u00e4ljundiks on m\u00f5ista, kuidas luua digitaalse kodanikuosaluse projekti ja kuidas teha esimesi samme, j\u00f5udmaks toimiva projektini. Juhtumikirjeldused pakuvad reaalseid n\u00e4iteid, kuidas kodanikuosaluse projektid on kujunenud.\r\n\t<\/h4>\r\n<\/blockquote>\r\n\r\n<p>\r\n\t\u00a0\r\n<\/p>\r\n\r\n<h3>\r\n\t<img loading=\"lazy\" decoding=\"async\" width=\"551\" height=\"720\" class=\"alignnone wp-image-211\" style=\"width: 200px;height: 261px;float: right\" src=\"https:\/\/sisu.ut.ee\/wp-content\/uploads\/sites\/545\/picture3_2.jpg\" title=\"picture3_2.jpg\" alt=\"SDCE3-2\" srcset=\"https:\/\/sisu.ut.ee\/wp-content\/uploads\/sites\/545\/picture3_2.jpg 551w, https:\/\/sisu.ut.ee\/wp-content\/uploads\/sites\/545\/picture3_2-230x300.jpg 230w\" sizes=\"auto, (max-width: 551px) 100vw, 551px\">\r\n<\/h3>\r\n\r\n<h3>\r\n\t<span style=\"line-height:normal\"><span style=\"vertical-align:baseline\"><b><span lang=\"EN-US\" style=\"color:black\">Esimesed sammud oma DKO projekti\/algatuse suunas<\/span><\/b><\/span><\/span>\r\n<\/h3>\r\n\r\n<p>\r\n\t<span style=\"line-height:normal\"><span style=\"vertical-align:baseline\"><span lang=\"EN-US\" style=\"color:black\">Oleme nende moodulite jooksul \u00f5ppinud tundma DKO projektis osalemise erinevaid aspekte. Kuid millised on esimesed sammud DKO projekti k\u00e4ivitamiseks?<\/span><\/span><\/span>\r\n<\/p>\r\n\r\n<p>\r\n\t<span style=\"line-height:normal\"><span style=\"vertical-align:baseline\"><b><span lang=\"EN-US\" style=\"color:black\">Esimene samm on v\u00e4lja selgitada, kes vastutab teie DKO projekti eest ja kes seda korraldab.<\/span><\/b><\/span><\/span>\r\n<\/p>\r\n\r\n<p>\r\n\t<span style=\"line-height:normal\"><span style=\"vertical-align:baseline\"><span lang=\"EN-US\" style=\"color:black\">Selle, kuidas te projekti v\u00e4lja t\u00f6\u00f6tate, m\u00e4\u00e4rab see, kuidas seda hakatakse korraldama\/juhtima.<\/span><\/span><\/span>\r\n<\/p>\r\n\r\n<p>\r\n\t<span style=\"line-height:normal\"><span style=\"vertical-align:baseline\"><span lang=\"EN-US\" style=\"color:black\">DKO projekti juhtimiseks on kaks peamist viisi: <\/span><\/span><\/span>\r\n<\/p>\r\n\r\n<p>\r\n\t<span style=\"line-height:normal\"><span style=\"vertical-align:baseline\"><span lang=\"EN-US\" style=\"color:black\">1. <b>\u00dcli\u00f5pilaste poolt juhitud DKO projektid<\/b> on need, kus \u00fcli\u00f5pilased on peamised projekti korraldajad ja DKO projekti otsuste tegemisel v\u00f5tmet\u00e4htsusega.<\/span><\/span><\/span>\r\n<\/p>\r\n\r\n<p>\r\n\t<span style=\"line-height:normal\"><span style=\"vertical-align:baseline\"><span lang=\"EN-US\" style=\"color:black\"><span lang=\"EN-US\"><span style=\"line-height:107%\"><span><span style=\"color:black\">2. <b>\u00d5ppej\u00f5u v\u00f5i \u00fclikooli poolt juhitud projekte<\/b> juhib kolmanda astme asutus ja \u00fcli\u00f5pilased kaasatakse kodanikuosaluse tegevustesse. Projekti p\u00f5hivastutus j\u00e4\u00e4b aga kolmanda astme asutusele.<\/span><\/span><\/span><\/span><\/span><\/span><\/span>\r\n<\/p>\r\n\r\n<p>\r\n\t<a data-url=\"https:\/\/www.studentcivicengagers.eu\/guide-to-digital-civic-engagement-est\/\" href=\"https:\/\/www.studentcivicengagers.eu\/guide-to-digital-civic-engagement-est\/\" target=\"_blank\" title=\"\" rel=\"noopener\">T\u00e4psemalt vaata DKO juhendist<\/a>\r\n<\/p>\r\n\r\n<p>\r\n\t\u00a0\r\n<\/p>\r\n\r\n<h3>\r\n\t<span style=\"line-height:normal\"><span style=\"vertical-align:baseline\"><b><span lang=\"EN-US\" style=\"color:black\">Kuidas olla kaasatud DKO-s ?<\/span><\/b><\/span><\/span>\r\n<\/h3>\r\n\r\n<p>\r\n\t<span style=\"line-height:normal\"><span style=\"vertical-align:baseline\"><span lang=\"EN-US\" style=\"color:black\">Et astuda esimesi same, on oluline vaadata, kuidas DKO project on korraldatud.<\/span><\/span><\/span>\r\n<\/p>\r\n\r\n<p>\r\n\t<span style=\"line-height:normal\"><span style=\"vertical-align:baseline\"><span lang=\"EN-US\" style=\"color:black\">Anal\u00fc\u00fcsides projekti juhtumikirjeldusi leiti, et on mitu v\u00f5imalust, kuidas \u00f5ppijaid DKO projekti kaasata:<\/span><\/span><\/span>\r\n<\/p>\r\n\r\n<ul>\r\n\t<li>\r\n\t\t<span style=\"line-height:normal\"><span style=\"vertical-align:baseline\"><b><span lang=\"EN-US\" style=\"color:black\">Kohustuslik osalemine<\/span><\/b><span lang=\"EN-US\" style=\"color:black\"> \u2013 kui \u00f5ppija peab osalema DKO projektis, kuna see on osa kursusest, millel ta \u00f5pib. See l\u00e4henemine v\u00f5ib olla asutuseti ja riigiti erinev, kuid need \u00f5ppijad, kes pidid osalema kohustuslikus koras m\u00f5nes DKO tegevuses, tegid seda \u00fcldjuhul m\u00f5ne kursuse v\u00f5i mooduli raames.<\/span><\/span><\/span>\r\n\t<\/li>\r\n\t<li>\r\n\t\t<span style=\"line-height:normal\"><span style=\"vertical-align:baseline\"><b><span lang=\"EN-US\" style=\"color:black\">Vabatahtlikuna tegutsemine\u00a0<\/span><\/b><span lang=\"EN-US\" style=\"color:black\">\u2013 paljud \u00f5ppijad osalevad vabatahtlikuna erinevates tegevustes tegutsedes mingi eesm\u00e4rgi nimel ja see on nende p\u00f5hjus, miks DKO projektiga liituda. Vabatahtlikul tegevusel v\u00f5ib olla palju erinevaid vorme ja s\u00f5ltuvalt teie elukohast v\u00f5ib vabatahtlikuna t\u00f6\u00f6tamiseks olla mitmeid ka erinevaid viise. M\u00f5ned soovivad vabatahtlikult inimesi aidata ja oma kogukonda paremaks muuta, samas kui teised pakkusid end vabatahtlikuks, et kohtuda uute inimestega ja saada kogemusi.<\/span><\/span><\/span>\r\n\t<\/li>\r\n\t<li>\r\n\t\t<span style=\"line-height:normal\"><span style=\"vertical-align:baseline\"><b><span lang=\"EN-US\" style=\"color:black\">Osalemine kogemuste saamise ja oskuste arendamine eesm\u00e4rgil\u00a0<\/span><\/b><span lang=\"EN-US\" style=\"color:black\">\u2013 \u00fcheks p\u00f5hjuseks, miks \u00f5ppijad osalevad DKO projektis, on asjakohased oskused ja p\u00e4devused, mida arendatakse DKO projektis osalemisel. Need oskused on \u00f5ppijale olulised nii tema isiklikuks arenguks kui ka tulevikus. Oleme moodulites 1 ja 2 n\u00e4inud, et kodanikutegevuste osalemine arendab mitmeid EntreCompi ja DigiCompi raamistike p\u00e4devusi.<\/span><\/span><\/span>\r\n\t<\/li>\r\n\t<li>\r\n\t\t<span style=\"line-height:normal\"><span style=\"vertical-align:baseline\"><b><span lang=\"EN-US\" style=\"color:black\">Probleemi lahendamise vajadus<\/span><\/b><span lang=\"EN-US\" style=\"color:black\"> \u2013 veel \u00fcheks p\u00f5hjuseks, miks \u00f5ppijad v\u00f5ivad soovida DKO projektis osaleda, on lahendada probleem, mille nad on oma kogukonnas tuvastanud. \u00dcli\u00f5pilaste DKO uuringu k\u00e4igus leidsime, et m\u00f5ned DKO projektid t\u00f6\u00f6tati v\u00e4lja selleks, et aidata \u00f5ppijatel leida lahendusi olemasolevatele probleemidele.<\/span><\/span><\/span>\r\n\t<\/li>\r\n<\/ul>\r\n\r\n<p>\r\n\t\u00a0\r\n<\/p>\r\n\r\n<p>\r\n\t<span style=\"line-height:normal\"><span style=\"vertical-align:baseline\"><b><span lang=\"EN-IE\" style=\"color:black\">Kuidas alustada DKO projektiga?<\/span><\/b><\/span><\/span>\r\n<\/p>\r\n\r\n<p>\r\n\t<span style=\"line-height:normal\"><span style=\"vertical-align:baseline\"><span lang=\"EN-IE\" style=\"color:black\">Kui olete mingil p\u00f5hjusel otsustanud DKO projektiga liituda, peate j\u00e4rgmiseks v\u00e4lja m\u00f5tlema, millised v\u00f5imalused on teil kas kohapeal v\u00f5i \u00fclikools saadaval.<\/span><\/span><\/span>\r\n<\/p>\r\n\r\n<p>\r\n\t<span style=\"line-height:normal\"><span style=\"vertical-align:baseline\"><span lang=\"EN-IE\" style=\"color:black\">Kui teie piirkonnas pole teie vajadustele vastavat DKO projekti, kaaluge oma projekti k\u00e4ivitamist!<\/span><\/span><\/span>\r\n<\/p>\r\n\r\n<ul>\r\n\t<li>\r\n\t\t<span style=\"line-height:normal\"><span><span style=\"vertical-align:baseline\"><b><span lang=\"EN-IE\" style=\"color:black\">DKO projekti loomine algusest<\/span><\/b><br><span lang=\"EN-IE\" style=\"color:black\">Paljude \u00f5ppijate jaoks ei pruugi kodanikuosaluseks olla v\u00e4ga palju v\u00f5imalusi ja on soov luua oma projekt, mitte liituda m\u00f5ne olemasolevaga. Aga kuidas seda teha?<br>Esiteks, \u00e4rge kartke abi k\u00fcsida! Leidke grupp sarnaselt m\u00f5tlevaid inimesi, kellel on sama kirg kui teil \u2013 see aitab tagada projekti edu! Samamoodi k\u00fcsi n\u00f5u kas \u00f5ppej\u00f5ududelt v\u00f5i \u00fcli\u00f5pilasesinduselt.<\/span><\/span><\/span><\/span>\r\n\t<\/li>\r\n\t<li>\r\n\t\t<span style=\"line-height:normal\"><span><span style=\"vertical-align:baseline\"><b><span lang=\"EN-IE\" style=\"color:black\">Inimeste leidmine, kes saavad aidata<\/span><\/b><br><span lang=\"EN-IE\" style=\"color:black\">Samamoodi v\u00f5ite k\u00fcsida n\u00f5u ka oma \u00fclikoolist! \u00d5ppej\u00f5ud, kes osaleb m\u00f5nes kodanikuosaluse projektis, v\u00f5ib anda teile n\u00e4pun\u00e4iteid, kuidas alustada oma projektiga \u00fclikoolis. Nad v\u00f5ivad teid suunata ka teiste \u00f5ppej\u00f5udude juurde, kellel on kogemusi teie valitud valdkonnas. Ka teie \u00fcli\u00f5pilasesindus v\u00f5ib teid aitata. Nad saavad tutvustada olemasolevaid v\u00f5imalusi ja saavad aidata teil luua sidemeid sarnaselt m\u00f5tlevate \u00fcli\u00f5pilastega.\u00a0<\/span><\/span><\/span><\/span>\r\n\t<\/li>\r\n\t<li>\r\n\t\t<span style=\"line-height:normal\"><span style=\"vertical-align:baseline\"><span lang=\"EN-US\" style=\"color:black\"><b><span lang=\"EN-IE\"><span style=\"line-height:107%\"><span><span style=\"color:black\">Vabatahtlikuna DKO projektiga liitumine<\/span><\/span><\/span><\/span><\/b><br><span lang=\"EN-IE\"><span style=\"line-height:107%\"><span><span style=\"color:black\">V\u00f5ib-olla soovite osaleda m\u00f5nes olemasolevas DKO projektis, et n\u00e4ha, mida see endast kujutab. Teie \u00fclikoolis v\u00f5ivad olemas olla vabatahtliku t\u00f6\u00f6 programmid \u2013 k\u00fcsige oma \u00fclikoolist, mida saaksite teha! Samuti saate otsida veebist, millised vabatahtliku t\u00f6\u00f6 v\u00f5imalused v\u00f5ivad k\u00e4ttesaadavad olla. N\u00e4iteks Iirimaal on suurep\u00e4rane vabatahtlike t\u00f6\u00f6 andmebaas, mis toob esile v\u00f5imalused erinevates piirkondades.\u00a0<\/span><\/span><\/span><\/span><\/span><\/span><\/span><a data-url=\"https:\/\/www.i-vol.ie\/\" href=\"https:\/\/www.i-vol.ie\/\" target=\"_blank\" title=\"\" rel=\"noopener\">N\u00e4iteks, Iirimaa I-Vol rakendusega saab tutvuda klikkides siin<\/a>.\r\n\t<\/li>\r\n\t<li>\r\n\t\t<span style=\"line-height:normal\"><span><span style=\"vertical-align:baseline\"><b><span lang=\"EN-IE\" style=\"color:black\">Kohustuslik DKO projektiga liitumine<\/span><\/b><\/span><\/span><\/span><br><span style=\"line-height:normal\"><span><span style=\"vertical-align:baseline\"><span lang=\"EN-IE\" style=\"color:black\">V\u00f5ite liituda ka DKO projektiga, kuna see on \u00f5pitava kursuse kohustuslik osa. Sel juhul ei pruugi teil olla palju s\u00f5na\u00f5igust selle kohta, miks ja kuidas projektiga liituda, annab see teile samas palju kogemusi, mille baasil luua oma DKO projekt. Samamoodi v\u00f5imaldab kohustuslik projektiga liitumine \u00f5ppijatel saada kontakte, mis v\u00f5ivad aidata neil luua oma DKO projekti.<\/span><\/span><\/span><\/span>\r\n\t<\/li>\r\n<\/ul>\r\n\r\n<ul>\r\n<\/ul>\r\n\r\n<h2>\r\n\t\u00a0\r\n<\/h2>\r\n\r\n<h2>\r\n\tEnesekontrolli test\r\n<\/h2>\r\n\r\n<div class=\"h5p-iframe-wrapper\"><div class=\"video-placeholder-wrapper video-placeholder-wrapper--fixed\" style=\"height: 366px;\">\n\t\t\t    <div class=\"video-placeholder d-flex justify-content-center align-items-center\">\n\t\t\t        <div class=\"overlay text-white p-2 w-100 text-center d-block justify-content-center align-items-center\">\n\t\t\t            <div>Kolmandate osapoolte sisu n\u00e4gemiseks palun n\u00f5ustu k\u00fcpsistega.<\/div>\n\t\t\t            <button class=\"btn btn-secondary btn-sm mt-1 consent-change\">Muuda n\u00f5usolekut<\/button>\n\t\t\t        <\/div>\n\t\t\t    <\/div>\n\t\t\t<\/div>\n<\/div>\r\n","protected":false},"excerpt":{"rendered":"<p>See teema raames k\u00e4sitletakse, kuidas alustada\u00a0digitaalse kodanikuosaluse projektiga. Selle teema \u00f5piv\u00e4ljundiks on m\u00f5ista, kuidas luua digitaalse kodanikuosaluse projekti ja kuidas teha esimesi samme, j\u00f5udmaks toimiva projektini. Juhtumikirjeldused pakuvad reaalseid n\u00e4iteid, kuidas kodanikuosaluse projektid on kujunenud. \u00a0 Esimesed sammud oma DKO &#8230;<\/p>\n","protected":false},"author":63,"featured_media":0,"parent":0,"menu_order":0,"comment_status":"closed","ping_status":"closed","template":"","meta":{"_acf_changed":false,"inline_featured_image":false,"footnotes":""},"class_list":["post-27","page","type-page","status-publish","hentry"],"acf":[],"_links":{"self":[{"href":"https:\/\/sisu.ut.ee\/sdce\/et\/wp-json\/wp\/v2\/pages\/27","targetHints":{"allow":["GET"]}}],"collection":[{"href":"https:\/\/sisu.ut.ee\/sdce\/et\/wp-json\/wp\/v2\/pages"}],"about":[{"href":"https:\/\/sisu.ut.ee\/sdce\/et\/wp-json\/wp\/v2\/types\/page"}],"author":[{"embeddable":true,"href":"https:\/\/sisu.ut.ee\/sdce\/et\/wp-json\/wp\/v2\/users\/63"}],"replies":[{"embeddable":true,"href":"https:\/\/sisu.ut.ee\/sdce\/et\/wp-json\/wp\/v2\/comments?post=27"}],"version-history":[{"count":3,"href":"https:\/\/sisu.ut.ee\/sdce\/et\/wp-json\/wp\/v2\/pages\/27\/revisions"}],"predecessor-version":[{"id":865,"href":"https:\/\/sisu.ut.ee\/sdce\/et\/wp-json\/wp\/v2\/pages\/27\/revisions\/865"}],"wp:attachment":[{"href":"https:\/\/sisu.ut.ee\/sdce\/et\/wp-json\/wp\/v2\/media?parent=27"}],"curies":[{"name":"wp","href":"https:\/\/api.w.org\/{rel}","templated":true}]}}