{"id":26,"date":"2024-04-04T07:48:23","date_gmt":"2024-04-04T04:48:23","guid":{"rendered":"https:\/\/sisu.ut.ee\/sdce\/module-3-1\/"},"modified":"2024-04-05T12:37:15","modified_gmt":"2024-04-05T09:37:15","slug":"module-3-1","status":"publish","type":"page","link":"https:\/\/sisu.ut.ee\/sdce\/et\/module-3-1\/","title":{"rendered":"Teema 1: Mida sisaldab suurep\u00e4rane digitaalne kodanikuosaluse projekt?"},"content":{"rendered":"<blockquote>\r\n\t<h4>\r\n\t\t<img loading=\"lazy\" decoding=\"async\" width=\"531\" height=\"399\" class=\"alignnone wp-image-179\" style=\"width: 150px;height: 113px;float: right\" src=\"https:\/\/sisu.ut.ee\/wp-content\/uploads\/sites\/545\/sdce_clowd.png\" title=\"sdce_clowd.png\" alt=\"SDCE_clowd\" srcset=\"https:\/\/sisu.ut.ee\/wp-content\/uploads\/sites\/545\/sdce_clowd.png 531w, https:\/\/sisu.ut.ee\/wp-content\/uploads\/sites\/545\/sdce_clowd-300x225.png 300w\" sizes=\"auto, (max-width: 531px) 100vw, 531px\">See teema k\u00e4sitleb sarnasusi digitaalsete kodanikuosaluse projektide vahel, aidates esile t\u00f5sta seda, mis v\u00f5ib tagada digitaalse kodanikuosaluse projekti edu. Selle teema \u00f5piv\u00e4ljundid h\u00f5lmavad arusaama sellest, mis teeb kodanikuosaluse projekti heaks, samuti kuidas alustada enda digitaalse kodanikuosaluse projekti loomist ja selles osaleda.\r\n\t<\/h4>\r\n<\/blockquote>\r\n\r\n<p>\r\n\t\u00a0\r\n<\/p>\r\n\r\n<p>\r\n\t<img loading=\"lazy\" decoding=\"async\" width=\"536\" height=\"668\" class=\"alignnone wp-image-210\" style=\"width: 200px;height: 249px;float: right\" src=\"https:\/\/sisu.ut.ee\/wp-content\/uploads\/sites\/545\/picture3_1.jpg\" title=\"picture3_1.jpg\" alt=\"SDCE3-1\" srcset=\"https:\/\/sisu.ut.ee\/wp-content\/uploads\/sites\/545\/picture3_1.jpg 536w, https:\/\/sisu.ut.ee\/wp-content\/uploads\/sites\/545\/picture3_1-241x300.jpg 241w\" sizes=\"auto, (max-width: 536px) 100vw, 536px\">\r\n<\/p>\r\n\r\n<p>\r\n\t<span style=\"line-height:normal\"><span style=\"vertical-align:baseline\"><span lang=\"EN-US\" style=\"color:black\">On mitmeid n\u00e4itajaid\/edufaktoreid, mida saab kasutada selleks, et tagada projekti edu ja anda ka meie kogukondadele parim v\u00f5imalus edu saavutamiseks.<\/span><\/span><\/span>\r\n<\/p>\r\n\r\n<p>\r\n\t<span lang=\"EN-US\"><span style=\"line-height:107%\"><span><span style=\"color:black\">J\u00e4rgmised kontseptsioonid aitavad tagada, et \u00fcli\u00f5pilaste DKO projekt oleks parim.<\/span><\/span><\/span><\/span><span style=\"line-height:normal\"><span style=\"vertical-align:baseline\"><span lang=\"EN-US\" style=\"color:black\"> <\/span><\/span><\/span>\r\n<\/p>\r\n\r\n<p>\r\n\t\u00a0\r\n<\/p>\r\n\r\n<h3>\r\n\t<span style=\"line-height:normal\"><span style=\"vertical-align:baseline\"><b><span lang=\"EN-US\" style=\"color:black\">Otsesuhtlus ja kogukonnauuringud<\/span><\/b><\/span><\/span>\r\n<\/h3>\r\n\r\n<p>\r\n\t<span style=\"line-height:normal\"><span style=\"vertical-align:baseline\"><span lang=\"EN-US\" style=\"color:black\">Suurep\u00e4rased \u00fcli\u00f5pilaste DKO projektid h\u00f5lmavad kindlasti otsesuhtlust ja kogukonnauuringuid.<\/span><\/span><\/span>\r\n<\/p>\r\n\r\n<ul>\r\n\t<li>\r\n\t\t<span style=\"line-height:normal\"><span style=\"vertical-align:baseline\"><span lang=\"EN-US\" style=\"color:black\"><b>Otsesuhtluse<\/b> k\u00e4igus p\u00fchendatakse projektile isiklikku aega, et aidata vastata kogukonna vajadustele.<\/span><\/span><\/span>\r\n\t<\/li>\r\n\t<li>\r\n\t\t<span style=\"line-height:normal\"><span style=\"vertical-align:baseline\"><span lang=\"EN-US\" style=\"color:black\"><b>Kogukonnauuringud<\/b> h\u00f5lmavad kogukonna uurimist, et hinnata selle varasid ja seda, kuidas praegused sotsiaalsed probleemid seda m\u00f5jutavad.<\/span><\/span><\/span>\r\n\t<\/li>\r\n<\/ul>\r\n\r\n<p>\r\n\t<span style=\"line-height:normal\"><span style=\"vertical-align:baseline\"><span lang=\"EN-US\" style=\"color:black\"><span lang=\"EN-US\"><span style=\"line-height:107%\"><span><span style=\"color:black\">M\u00f5lemat kontseptsiooni kasutades saate tagada, et teie projekt pakub lahenduse t\u00f5elisele \u00fchiskonna probleemi, ja et inimesed toetavad teie projekti.<\/span><\/span><\/span><\/span><\/span><\/span><\/span>\r\n<\/p>\r\n\r\n<p>\r\n\t\u00a0\r\n<\/p>\r\n\r\n<h3>\r\n\t<span style=\"line-height:normal\"><span style=\"vertical-align:baseline\"><b><span lang=\"EN-US\" style=\"color:black\">Toetus ja haridus ning suutlikkuse suurendamine<\/span><\/b><\/span><\/span>\r\n<\/h3>\r\n\r\n<p>\r\n\t<span style=\"line-height:normal\"><span style=\"vertical-align:baseline\"><b><span lang=\"EN-US\" style=\"color:black\">Toetus ja haridus<\/span><\/b><span lang=\"EN-US\" style=\"color:black\"> on olukord, kus teie meeskond koolitab kogukonda nendes valdkonadades, kus kogukonnal on probleeme. Selle tulemuseks v\u00f5ib olla toetus, kus teie projekt kasutab muudatuste j\u00f5ustamiseks erinevaid viise, nagu petitsioonid, protestid v\u00f5i kirjade kirjutamine, et veenda ettev\u00f5tteid v\u00f5i valitsust muutuma.<\/span><\/span><\/span>\r\n<\/p>\r\n\r\n<p>\r\n\t<span style=\"line-height:normal\"><span style=\"vertical-align:baseline\"><b><span lang=\"EN-US\" style=\"color:black\">Suutlikkuse suurendamine<\/span><\/b><span lang=\"EN-US\" style=\"color:black\"> tuvastab kogukonna tugevad k\u00fcljed ja t\u00f6\u00f6tab nendega, et luua kogukonna probleemidega toimetulemiseks tugevam probleemide lahendamise v\u00f5rgustik.<\/span><\/span><\/span>\r\n<\/p>\r\n\r\n<p>\r\n\t\u00a0\r\n<\/p>\r\n\r\n<h3>\r\n\t<span style=\"line-height:normal\"><span style=\"vertical-align:baseline\"><b><span lang=\"EN-US\" style=\"color:black\">Poliitiline kaasatus ja sotsiaalne vastutus<\/span><\/b><\/span><\/span>\r\n<\/h3>\r\n\r\n<p>\r\n\t<span style=\"line-height:normal\"><span style=\"vertical-align:baseline\"><b><span lang=\"EN-US\" style=\"color:black\">Poliitiline kaasatus<\/span><\/b><span lang=\"EN-US\" style=\"color:black\"> on olukord, kus julgustatakse teisi aktiivselt osalema kodanikutegevustes, registreerima inimesi h\u00e4\u00e4letusele v\u00f5i poliitilistel eesm\u00e4rkidel kampaaniat tegema.<\/span><\/span><\/span>\r\n<\/p>\r\n\r\n<p>\r\n\t<span style=\"line-height:normal\"><span style=\"vertical-align:baseline\"><b><span lang=\"EN-US\" style=\"color:black\">Sotsiaalne vastutus<\/span><\/b><span lang=\"EN-US\" style=\"color:black\"> tagab, et k\u00f5ik tegevused m\u00f5jutavad professionaalselt ja isiklikult projekti ja kogukonda vastutustundlikul ja positiivsel viisil.<\/span><\/span><\/span>\r\n<\/p>\r\n\r\n<p>\r\n\t\u00a0\r\n<\/p>\r\n\r\n<h3>\r\n\t<span style=\"line-height:normal\"><span style=\"vertical-align:baseline\"><b><span lang=\"EN-IE\" style=\"color:black\">Heategevuslik annetamine ja assotsiatsioonis osalemine<\/span><\/b><\/span><\/span>\r\n<\/h3>\r\n\r\n<p>\r\n\t<span style=\"line-height:normal\"><span style=\"vertical-align:baseline\"><b><span lang=\"EN-IE\" style=\"color:black\">Heategevuslik annetamine<\/span><\/b><span lang=\"EN-IE\" style=\"color:black\"> tagab, et ressursse antakse neile, kes neid vajavad. See v\u00f5ib olla erinevate projektide rahastamine, vajalike asjade annetamine v\u00f5i ka osalemine raha kogumise \u00fcritustel.<\/span><\/span><\/span>\r\n<\/p>\r\n\r\n<p>\r\n\t<span style=\"line-height:normal\"><span style=\"vertical-align:baseline\"><b><span lang=\"EN-IE\" style=\"color:black\">Assotsiatsioonis osalemine<\/span><\/b><span lang=\"EN-IE\" style=\"color:black\"> toimub siis, kui osaletakse erinevates kogukonnaprojektides ja -ettev\u00f5tetes. See annab vajalikud v\u00f5rgustikud, et tagada teie enda DKO projekti edu.<\/span><\/span><\/span>\r\n<\/p>\r\n\r\n<p>\r\n\t\u00a0\r\n<\/p>\r\n\r\n<h3>\r\n\t<span style=\"line-height:normal\"><span style=\"vertical-align:baseline\"><b><span lang=\"EN-IE\" style=\"color:black\">Hea n\u00e4ide: STARTER programm:<\/span><\/b><\/span><\/span>\r\n<\/h3>\r\n\r\n<p>\r\n\t<span style=\"line-height:normal\"><span style=\"vertical-align:baseline\"><span lang=\"EN-IE\" style=\"color:black\">Tartu \u00dclikooli STARTER programm on \u00fcli\u00f5pilastele m\u00f5eldud \u00f5ppekavav\u00e4line tegevus, mille eesm\u00e4rk on arendada nende ettev\u00f5tlusp\u00e4devust.<\/span><\/span><\/span>\r\n<\/p>\r\n\r\n<p>\r\n\t<span style=\"line-height:normal\"><span style=\"vertical-align:baseline\"><span lang=\"EN-IE\" style=\"color:black\">See on kolm kuud kestev \u00e4riidee arendusprogramm, mida rahastab EL Sotsiaalfond. Programm sisaldab ava\u00fcritust, mitmeid koolitusi ja t\u00f6\u00f6tubasid, v\u00f5rgustiku\u00fcritust, mentorsessioone ja demop\u00e4eva.<\/span><\/span><\/span>\r\n<\/p>\r\n\r\n<p>\r\n\t<span style=\"line-height:normal\"><span style=\"vertical-align:baseline\"><span lang=\"EN-IE\" style=\"color:black\">Programm on suunatud \u00f5ppijatele, kes soovivad kogeda toote v\u00f5i teenuse turuletoomise idee v\u00e4ljat\u00f6\u00f6tamise protsessi. Selle protsessi k\u00e4igus arutatakse kogukonna probleeme ja p\u00fc\u00fctakse v\u00e4lja t\u00f6\u00f6tada lahendusi.<\/span><\/span><\/span>\r\n<\/p>\r\n\r\n<p>\r\n\t<span style=\"line-height:normal\"><span style=\"vertical-align:baseline\"><span lang=\"EN-IE\" style=\"color:black\">STARTER programmis t\u00f6\u00f6tavad tudengitiimid iseseisvalt oma ideede kallal, p\u00fc\u00fcdes teatud probleemidele leida lahendus, kasutades tihti erinevaid digitaalseid suhtluskanaleid.<\/span><\/span><\/span>\r\n<\/p>\r\n\r\n<p>\r\n\t<span style=\"line-height:normal\"><span style=\"vertical-align:baseline\"><span lang=\"EN-US\" style=\"color:black\"><span lang=\"EN-IE\"><span style=\"line-height:107%\"><span><span style=\"color:black\">\u00dcsna sageli j\u00f5utakse uute digivahendite v\u00f5i -lahenduste ideeni ning ka juurutatakse see l\u00e4htudes kogukonna konkreetsest vajadusest.<\/span><\/span><\/span><\/span><\/span><\/span><\/span>\r\n<\/p>\r\n\r\n<p>\r\n\tTutvu erinevate n\u00e4idetega <a data-url=\"https:\/\/www.studentcivicengagers.eu\/guide-to-digital-civic-engagement-est\/\" href=\"https:\/\/www.studentcivicengagers.eu\/guide-to-digital-civic-engagement-est\/\" target=\"_blank\" title=\"\" rel=\"noopener\">Digitaalse kodanikuosaluse juhendis<\/a>\r\n<\/p>\r\n\r\n<p>\r\n\t\u00a0\r\n<\/p>\r\n\r\n<h2>\r\n\t<span style=\"line-height:normal\"><span style=\"vertical-align:baseline\">Enesekontrolli test<\/span><\/span>\r\n<\/h2>\r\n\r\n<div class=\"h5p-iframe-wrapper\"><div class=\"video-placeholder-wrapper video-placeholder-wrapper--fixed\" style=\"height: 366px;\">\n\t\t\t    <div class=\"video-placeholder d-flex justify-content-center align-items-center\">\n\t\t\t        <div class=\"overlay text-white p-2 w-100 text-center d-block justify-content-center align-items-center\">\n\t\t\t            <div>Kolmandate osapoolte sisu n\u00e4gemiseks palun n\u00f5ustu k\u00fcpsistega.<\/div>\n\t\t\t            <button class=\"btn btn-secondary btn-sm mt-1 consent-change\">Muuda n\u00f5usolekut<\/button>\n\t\t\t        <\/div>\n\t\t\t    <\/div>\n\t\t\t<\/div>\n<\/div>\r\n","protected":false},"excerpt":{"rendered":"<p>See teema k\u00e4sitleb sarnasusi digitaalsete kodanikuosaluse projektide vahel, aidates esile t\u00f5sta seda, mis v\u00f5ib tagada digitaalse kodanikuosaluse projekti edu. Selle teema \u00f5piv\u00e4ljundid h\u00f5lmavad arusaama sellest, mis teeb kodanikuosaluse projekti heaks, samuti kuidas alustada enda digitaalse kodanikuosaluse projekti loomist ja selles &#8230;<\/p>\n","protected":false},"author":63,"featured_media":0,"parent":0,"menu_order":0,"comment_status":"closed","ping_status":"closed","template":"","meta":{"_acf_changed":false,"inline_featured_image":false,"footnotes":""},"class_list":["post-26","page","type-page","status-publish","hentry"],"acf":[],"_links":{"self":[{"href":"https:\/\/sisu.ut.ee\/sdce\/et\/wp-json\/wp\/v2\/pages\/26","targetHints":{"allow":["GET"]}}],"collection":[{"href":"https:\/\/sisu.ut.ee\/sdce\/et\/wp-json\/wp\/v2\/pages"}],"about":[{"href":"https:\/\/sisu.ut.ee\/sdce\/et\/wp-json\/wp\/v2\/types\/page"}],"author":[{"embeddable":true,"href":"https:\/\/sisu.ut.ee\/sdce\/et\/wp-json\/wp\/v2\/users\/63"}],"replies":[{"embeddable":true,"href":"https:\/\/sisu.ut.ee\/sdce\/et\/wp-json\/wp\/v2\/comments?post=26"}],"version-history":[{"count":3,"href":"https:\/\/sisu.ut.ee\/sdce\/et\/wp-json\/wp\/v2\/pages\/26\/revisions"}],"predecessor-version":[{"id":866,"href":"https:\/\/sisu.ut.ee\/sdce\/et\/wp-json\/wp\/v2\/pages\/26\/revisions\/866"}],"wp:attachment":[{"href":"https:\/\/sisu.ut.ee\/sdce\/et\/wp-json\/wp\/v2\/media?parent=26"}],"curies":[{"name":"wp","href":"https:\/\/api.w.org\/{rel}","templated":true}]}}