{"id":25,"date":"2024-04-04T07:48:21","date_gmt":"2024-04-04T04:48:21","guid":{"rendered":"https:\/\/sisu.ut.ee\/sdce\/module-3-en\/"},"modified":"2024-05-29T14:55:26","modified_gmt":"2024-05-29T11:55:26","slug":"module-3-en","status":"publish","type":"page","link":"https:\/\/sisu.ut.ee\/sdce\/et\/module-3-en\/","title":{"rendered":"Moodul 3: Kuidas luua digitaalset kodanikuosaluse projekti?"},"content":{"rendered":"<blockquote>\n<h4>\n\t\t<img loading=\"lazy\" decoding=\"async\" width=\"536\" height=\"416\" class=\"alignnone wp-image-186\" style=\"float: right;width: 180px;height: 150px\" src=\"https:\/\/sisu.ut.ee\/wp-content\/uploads\/sites\/545\/picture_3.jpg\" title=\"picture_3.jpg\" alt=\"SDCE_3\" srcset=\"https:\/\/sisu.ut.ee\/wp-content\/uploads\/sites\/545\/picture_3.jpg 536w, https:\/\/sisu.ut.ee\/wp-content\/uploads\/sites\/545\/picture_3-300x233.jpg 300w\" sizes=\"auto, (max-width: 536px) 100vw, 536px\">Oled j\u00f5udnud kolmanda modulini, kus tutvustatakse, kuidas \u00f5ppijad saavad osaleda nende enda digitaalsetes kodanikuosaluse tegevustes. \u00d5ppijad saavad tutvuda erinevate DKO n\u00e4idetega \u00d5pid tundma suurep\u00e4raste digitaalsete kodanikuosaluse projektide komponente, kuidas osaleda ja kuidas kasutada tehnoloogiat parimate tulemuste saavutamiseks. See moodul selgitab, kuidas \u00f5ppijad saavad oma digitaalse kodanikuosaluse projektiga alustada.<br>\n\t<\/h4>\n<\/blockquote>\n<p>\n\t\u00a0\n<\/p>\n<p style=\"margin-bottom:.0001pt\">\n\t<span style=\"line-height:115%\"><b>Selles moodulis k\u00e4sitletavad teemad:<\/b><\/span>\n<\/p>\n<ol>\n<li>\n\t\tMillest koosnevad v\u00f5i mida sisaldavad suurep\u00e4rased digitaalsed kodanikuosaluse projektid?\n\t<\/li>\n<li>\n\t\tOsalemine oma esimeses digitaalses kodanikuosaluse projektis\/algatuses\n\t<\/li>\n<li>\n\t\tTehnoloogia kasutamine oma kodanikuaktiivsuse t\u00f5hustamiseks\n\t<\/li>\n<li>\n\t\tDigitaalsete kodanike kaasamise lahenduste kavandamine\/pakkumine\n\t<\/li>\n<\/ol>\n<p>\n\t\u00a0\n<\/p>\n<p>\n\t<strong><span style=\"line-height:115%\">Mooduli l\u00e4binud \u00f5ppija<\/span><\/strong>\n<\/p>\n<ul>\n<li style=\"margin: 0cm 0cm 0.0001pt 18pt\">\n\t\t<span style=\"line-height:115%\">m\u00f5istab, milline on hea kodanikuosaluse projekt;<\/span>\n\t<\/li>\n<li style=\"margin: 0cm 0cm 0.0001pt 18pt\">\n\t\t<span style=\"line-height:115%\">teab, kuidas alustada enda digitaalse kodanikuosaluse projekti loomist ja selles osaleda;<\/span>\n\t<\/li>\n<li style=\"margin: 0cm 0cm 0.0001pt 18pt\">\n\t\t<span style=\"line-height:115%\">teab, kuidas luua digitaalse kodanikuosaluse projekti ja kuidas teha esimesi samme, j\u00f5udmaks toimiva projektini;<\/span>\n\t<\/li>\n<li style=\"margin: 0cm 0cm 0.0001pt 18pt\">\n\t\t<span style=\"line-height:115%\">on tutvunud reaalsete kodanikuosaluse projektide n\u00e4idetega ja nende kujunemislooga;<\/span>\n\t<\/li>\n<li style=\"margin: 0cm 0cm 0.0001pt 18pt\">\n\t\t<span style=\"line-height:115%\">tunneb erinevaid digivahendeid ja teab, kuidas neid kasutada digitaalse kodanikuosaluse projekti v\u00e4ljat\u00f6\u00f6tamisel\/arendamisel;<\/span>\n\t<\/li>\n<li style=\"margin: 0cm 0cm 0.0001pt 18pt\">\n\t\t<span><span style=\"line-height:107%\"><span>teab, kuidas digitehnoloogiad v\u00f5ivad m\u00f5jutada DKO projekti kavandamist ja elluviimist ning kuidas neid rakendada.<\/span><\/span><\/span>\n\t<\/li>\n<\/ul>\n<p>\n\t\u00a0\n<\/p>\n<p>\n\t\u00a0<\/p>\n","protected":false},"excerpt":{"rendered":"<p>Oled j\u00f5udnud kolmanda modulini, kus tutvustatakse, kuidas \u00f5ppijad saavad osaleda nende enda digitaalsetes kodanikuosaluse tegevustes. \u00d5ppijad saavad tutvuda erinevate DKO n\u00e4idetega \u00d5pid tundma suurep\u00e4raste digitaalsete kodanikuosaluse projektide komponente, kuidas osaleda ja kuidas kasutada tehnoloogiat parimate tulemuste saavutamiseks. See moodul selgitab, &#8230;<\/p>\n","protected":false},"author":63,"featured_media":0,"parent":0,"menu_order":0,"comment_status":"closed","ping_status":"closed","template":"","meta":{"_acf_changed":false,"inline_featured_image":false,"footnotes":""},"class_list":["post-25","page","type-page","status-publish","hentry"],"acf":[],"_links":{"self":[{"href":"https:\/\/sisu.ut.ee\/sdce\/et\/wp-json\/wp\/v2\/pages\/25","targetHints":{"allow":["GET"]}}],"collection":[{"href":"https:\/\/sisu.ut.ee\/sdce\/et\/wp-json\/wp\/v2\/pages"}],"about":[{"href":"https:\/\/sisu.ut.ee\/sdce\/et\/wp-json\/wp\/v2\/types\/page"}],"author":[{"embeddable":true,"href":"https:\/\/sisu.ut.ee\/sdce\/et\/wp-json\/wp\/v2\/users\/63"}],"replies":[{"embeddable":true,"href":"https:\/\/sisu.ut.ee\/sdce\/et\/wp-json\/wp\/v2\/comments?post=25"}],"version-history":[{"count":1,"href":"https:\/\/sisu.ut.ee\/sdce\/et\/wp-json\/wp\/v2\/pages\/25\/revisions"}],"predecessor-version":[{"id":614,"href":"https:\/\/sisu.ut.ee\/sdce\/et\/wp-json\/wp\/v2\/pages\/25\/revisions\/614"}],"wp:attachment":[{"href":"https:\/\/sisu.ut.ee\/sdce\/et\/wp-json\/wp\/v2\/media?parent=25"}],"curies":[{"name":"wp","href":"https:\/\/api.w.org\/{rel}","templated":true}]}}