{"id":22,"date":"2024-04-04T07:48:23","date_gmt":"2024-04-04T04:48:23","guid":{"rendered":"https:\/\/sisu.ut.ee\/sdce\/module-2-4\/"},"modified":"2024-04-05T12:37:15","modified_gmt":"2024-04-05T09:37:15","slug":"module-2-4","status":"publish","type":"page","link":"https:\/\/sisu.ut.ee\/sdce\/et\/module-2-4\/","title":{"rendered":"Teema 4: DKO t\u00f5stab \u00f5ppijate p\u00e4devuste taset. Sellised on v\u00f5imalused"},"content":{"rendered":"<blockquote>\r\n\t<h4 style=\"margin-bottom: 0.0001pt\">\r\n\t\t<img loading=\"lazy\" decoding=\"async\" width=\"531\" height=\"399\" class=\"alignnone wp-image-179\" style=\"width: 150px;height: 113px;float: right\" src=\"https:\/\/sisu.ut.ee\/wp-content\/uploads\/sites\/545\/sdce_clowd.png\" title=\"sdce_clowd.png\" alt=\"SDCE_clowd\" srcset=\"https:\/\/sisu.ut.ee\/wp-content\/uploads\/sites\/545\/sdce_clowd.png 531w, https:\/\/sisu.ut.ee\/wp-content\/uploads\/sites\/545\/sdce_clowd-300x225.png 300w\" sizes=\"auto, (max-width: 531px) 100vw, 531px\"><span style=\"line-height:115%\">Selles teemas tuleme tagasi DigCompi ja EntreCompi raamistike juurde ning uurime p\u00e4devusi, mida \u00f5ppijad arendavad, kui nad osalevad digitaalsetes kodanikuosaluse tegevustes. \u00d5ppijatele tutvustatakse p\u00e4devusi \u201c2.3 Kodanikutegevuses osalemine digitehnoloogiate kaudu \u201d (DigComp) ja \u201c1.5 Eetiline ja j\u00e4tkusuutlik m\u00f5tlemine\u201d (EntreComp).<\/span>\r\n\t<\/h4>\r\n<\/blockquote>\r\n\r\n<p style=\"margin-bottom:.0001pt\">\r\n\t\u00a0\r\n<\/p>\r\n\r\n<p style=\"margin-bottom:.0001pt\">\r\n\t<span style=\"line-height:115%\">\u00d5ppijad, kes osalevad digitaalse kodanikuosaluse tegevustes, saavad v\u00f5imaluse arendada ja t\u00e4iendada erinevaid digip\u00e4devusi. Oluline on v\u00e4lja tuua, milliseid p\u00e4devusi saab digitaalse kodanikuosaluse kaudu arendada. Need on struktureeritud ja kategoriseeritud DigComp 2.1-s, mis on Euroopa kodanike digitaalp\u00e4devuse raamistik, mille on heaks kiitnud ja kasutab EL Komisjon.<\/span>\r\n<\/p>\r\n\r\n<p style=\"margin-bottom:.0001pt\">\r\n\t\u00a0\r\n<\/p>\r\n\r\n<h3 style=\"margin-bottom: 0.0001pt\">\r\n\t<b>DigComp sisaldab 21 digip\u00e4devust 5 v\u00f5tmevaldkonnas, nagu on n\u00e4idatud joonisel<\/b>\r\n<\/h3>\r\n\r\n<p style=\"margin-bottom:.0001pt\">\r\n\t<img loading=\"lazy\" decoding=\"async\" width=\"353\" height=\"314\" class=\"alignnone wp-image-204\" style=\"float: right;width: 400px;height: 377px\" src=\"https:\/\/sisu.ut.ee\/wp-content\/uploads\/sites\/545\/digcomp_2.png\" title=\"digcomp_2.png\" alt=\"DigComp_2\" srcset=\"https:\/\/sisu.ut.ee\/wp-content\/uploads\/sites\/545\/digcomp_2.png 353w, https:\/\/sisu.ut.ee\/wp-content\/uploads\/sites\/545\/digcomp_2-300x267.png 300w\" sizes=\"auto, (max-width: 353px) 100vw, 353px\">\r\n<\/p>\r\n\r\n<p style=\"margin-bottom:.0001pt\">\r\n\t<span style=\"line-height:115%\">(doi:10.2767\/744360)<\/span>\r\n<\/p>\r\n\r\n<p style=\"margin-bottom:.0001pt\">\r\n\t\u00a0\r\n<\/p>\r\n\r\n<p style=\"margin-bottom:.0001pt\">\r\n\t<span style=\"line-height:115%\">Digitaalse kodanikuosaluse tegevustes osalemine v\u00f5imaldab arendada digip\u00e4devust 2.3 \u201eKodanikutegevuses osalemine digitehnoloogiate kaudu\u201c. See on 2. valdkonna \u201eSuhtlemine ja koost\u00f6\u00f6\u201d p\u00e4devus, mis h\u00f5lmab p\u00e4devusi p\u00f6\u00f6rduda, suhelda ja teha koost\u00f6\u00f6d digitehnoloogia abil, olles samal ajal teadlik kultuurilisest ja p\u00f5lvkondade vahelisest mitmekesisusest; osaleda \u00fchiskonnaelus avalike ja erasektori digiteenuste ning kodanikuosaluse kaudu; ning hallata oma digitaalset identiteeti ja mainet.<\/span>\r\n<\/p>\r\n\r\n<p style=\"margin-bottom:.0001pt\">\r\n\t<span style=\"line-height:115%\">Digip\u00e4devust 2.3 \u201eKodanikutegevuses osalemine digitehnoloogiate kaudu\u201c v\u00f5ib vaadelda kui \u00fchiskonnaelus osalemist avalikke ja erasektori digiteenuseid kasutades, aga ka v\u00f5imaluste otsimist enesej\u00f5ustamiseks ja kodanikuosaluseks asjakohaste digitehnoloogiate kaudu.<\/span>\r\n<\/p>\r\n\r\n<p style=\"margin-bottom:.0001pt\">\r\n\t<span><span style=\"line-height:107%\"><span>DKO tegevustes osalemine v\u00f5imaldab \u00f5ppijatel arendada ka ettev\u00f5tlusp\u00e4devusi, millele v\u00f5ib kinnitust leida EntreComp-ist, Euroopa ettev\u00f5tlusp\u00e4devuse raamistikust ehk raamistikust inimestele, kes on huvitatud \u00f5ppimisest, \u00f5petamisest ning teadmiste, oskuste ja hoiakute omandamiseks, mis kujundavad ettev\u00f5tliku m\u00f5tteviisi.<\/span><\/span><\/span>\r\n<\/p>\r\n\r\n<p style=\"margin-bottom:.0001pt\">\r\n\t\u00a0\r\n<\/p>\r\n\r\n<h3 style=\"margin-bottom: 0.0001pt\">\r\n\t<b>EntreComp sisaldab 15 p\u00e4devust kolmes v\u00f5tmevaldkonnas, nagu on n\u00e4idatud joonisel.<\/b>\r\n<\/h3>\r\n\r\n<p style=\"margin-bottom:.0001pt\">\r\n\t\u00a0\r\n<\/p>\r\n\r\n<p style=\"margin-bottom:.0001pt\">\r\n\tDKO tegevustes osalevatel \u00f5ppijatel on v\u00f5imalus arendada mitmesuguseid ettev\u00f5tlusoskusi. Alustada v\u00f5iks kogukonnas lahendamist vajava probleemi tuvastamisest ja seej\u00e4rel koost\u00f6\u00f6st teistega, et m\u00f5elda v\u00e4lja loovad lahendused \u00fchiskondliku probleemi lahendamiseks.<img loading=\"lazy\" decoding=\"async\" width=\"2126\" height=\"2126\" class=\"alignnone wp-image-205\" style=\"width:400px;height:400px;float:right\" src=\"https:\/\/sisu.ut.ee\/wp-content\/uploads\/sites\/545\/entrecomp_01.png\" title=\"entrecomp_01.png\" alt=\"EntreComp\" srcset=\"https:\/\/sisu.ut.ee\/wp-content\/uploads\/sites\/545\/entrecomp_01.png 2126w, https:\/\/sisu.ut.ee\/wp-content\/uploads\/sites\/545\/entrecomp_01-300x300.png 300w, https:\/\/sisu.ut.ee\/wp-content\/uploads\/sites\/545\/entrecomp_01-1024x1024.png 1024w, https:\/\/sisu.ut.ee\/wp-content\/uploads\/sites\/545\/entrecomp_01-150x150.png 150w, https:\/\/sisu.ut.ee\/wp-content\/uploads\/sites\/545\/entrecomp_01-768x768.png 768w, https:\/\/sisu.ut.ee\/wp-content\/uploads\/sites\/545\/entrecomp_01-1536x1536.png 1536w, https:\/\/sisu.ut.ee\/wp-content\/uploads\/sites\/545\/entrecomp_01-2048x2048.png 2048w, https:\/\/sisu.ut.ee\/wp-content\/uploads\/sites\/545\/entrecomp_01-1920x1920.png 1920w\" sizes=\"auto, (max-width: 2126px) 100vw, 2126px\">\r\n<\/p>\r\n\r\n<p style=\"margin-bottom:.0001pt\">\r\n\t\u00a0\r\n<\/p>\r\n\r\n<p style=\"margin-bottom:.0001pt\">\r\n\t<span style=\"line-height:115%\">Ettev\u00f5tlusoskusi, mida \u00f5ppijad omandavad DKO tegevuste kaudu, kirjeldab h\u00e4sti EntreComp 1. kompetentsivaldkonna\u00a0\u201cIdeed ja v\u00f5imalused\u201d p\u00e4devus 1.5 \u201cEetiline ja j\u00e4tkusuutlik m\u00f5tlemine\u201d, mis k\u00e4sitleb ideede tagaj\u00e4rgede ja m\u00f5ju hindamist, v\u00f5imalusi ja tegevusi:<\/span>\r\n<\/p>\r\n\r\n<ul>\r\n\t<li style=\"margin-bottom: 0.0001pt\">\r\n\t\t<span style=\"line-height:115%\">V\u00e4\u00e4rtust toovate ideede tagaj\u00e4rgede ja ettev\u00f5tliku tegevuse m\u00f5ju hindamine sihtkogukonnale, turule, \u00fchiskonnale ja keskkonnale.<\/span>\r\n\t<\/li>\r\n\t<li style=\"margin-bottom: 0.0001pt\">\r\n\t\t<span style=\"line-height:115%\">Reflekteerimine, kui j\u00e4tkusuutlikud on pikaajalised sotsiaalsed, kultuurilised ja majanduslikud eesm\u00e4rgid ning valitud tegevussuund.<\/span>\r\n\t<\/li>\r\n\t<li style=\"margin-bottom: 0.0001pt\">\r\n\t\t<span style=\"line-height:115%\">Vastutustundlik k\u00e4itumine<\/span>\r\n\t<\/li>\r\n<\/ul>\r\n\r\n<p style=\"margin-bottom:.0001pt\">\r\n\t\u00a0\r\n<\/p>\r\n\r\n<p style=\"margin-bottom:.0001pt\">\r\n\t<span lang=\"EN-GB\"><span style=\"line-height:107%\"><span>(<a href=\"https:\/\/ec.europa.eu\/jrc\/en\/entrecomp\">https:\/\/ec.europa.eu\/jrc\/en\/entrecomp<\/a>)<\/span><\/span><\/span>\r\n<\/p>\r\n\r\n<h3 style=\"margin-bottom: 0.0001pt\">\r\n\t\u00a0\r\n<\/h3>\r\n\r\n<h3 style=\"margin-bottom: 0.0001pt\">\r\n\t<span><span style=\"line-height:107%\"><span><span style=\"color:#565656\"><span style=\"font-weight:normal\">Vaadake seda videot Euroopa digip\u00e4devuse raamistiku kohta. <\/span><\/span><\/span><\/span><\/span>\r\n<\/h3>\r\n\r\n<p style=\"margin-bottom:.0001pt\">\r\n\t<img loading=\"lazy\" decoding=\"async\" width=\"1716\" height=\"1094\" class=\"alignnone wp-image-206\" style=\"width: 300px;height: 191px\" src=\"https:\/\/sisu.ut.ee\/wp-content\/uploads\/sites\/545\/sdce_video2-4.png\" title=\"sdce_video2-4.png\" alt=\"SDCE_video2-4\" srcset=\"https:\/\/sisu.ut.ee\/wp-content\/uploads\/sites\/545\/sdce_video2-4.png 1716w, https:\/\/sisu.ut.ee\/wp-content\/uploads\/sites\/545\/sdce_video2-4-300x191.png 300w, https:\/\/sisu.ut.ee\/wp-content\/uploads\/sites\/545\/sdce_video2-4-1024x653.png 1024w, https:\/\/sisu.ut.ee\/wp-content\/uploads\/sites\/545\/sdce_video2-4-768x490.png 768w, https:\/\/sisu.ut.ee\/wp-content\/uploads\/sites\/545\/sdce_video2-4-1536x979.png 1536w\" sizes=\"auto, (max-width: 1716px) 100vw, 1716px\">https:\/\/fb.watch\/aMVet-HlyW\/\r\n<\/p>\r\n\r\n<h2 style=\"margin-bottom: 0.0001pt\">\r\n\tEnesekontrolli test\r\n<\/h2>\r\n\r\n<p style=\"margin-bottom:.0001pt\">\r\n\t<\/p><div class=\"h5p-iframe-wrapper\"><div class=\"video-placeholder-wrapper video-placeholder-wrapper--fixed\" style=\"height: 366px;\">\n\t\t\t    <div class=\"video-placeholder d-flex justify-content-center align-items-center\">\n\t\t\t        <div class=\"overlay text-white p-2 w-100 text-center d-block justify-content-center align-items-center\">\n\t\t\t            <div>Kolmandate osapoolte sisu n\u00e4gemiseks palun n\u00f5ustu k\u00fcpsistega.<\/div>\n\t\t\t            <button class=\"btn btn-secondary btn-sm mt-1 consent-change\">Muuda n\u00f5usolekut<\/button>\n\t\t\t        <\/div>\n\t\t\t    <\/div>\n\t\t\t<\/div>\n<\/div>\r\n\r\n","protected":false},"excerpt":{"rendered":"<p>Selles teemas tuleme tagasi DigCompi ja EntreCompi raamistike juurde ning uurime p\u00e4devusi, mida \u00f5ppijad arendavad, kui nad osalevad digitaalsetes kodanikuosaluse tegevustes. \u00d5ppijatele tutvustatakse p\u00e4devusi \u201c2.3 Kodanikutegevuses osalemine digitehnoloogiate kaudu \u201d (DigComp) ja \u201c1.5 Eetiline ja j\u00e4tkusuutlik m\u00f5tlemine\u201d (EntreComp). \u00a0 \u00d5ppijad, &#8230;<\/p>\n","protected":false},"author":63,"featured_media":0,"parent":0,"menu_order":0,"comment_status":"closed","ping_status":"closed","template":"","meta":{"_acf_changed":false,"inline_featured_image":false,"footnotes":""},"class_list":["post-22","page","type-page","status-publish","hentry"],"acf":[],"_links":{"self":[{"href":"https:\/\/sisu.ut.ee\/sdce\/et\/wp-json\/wp\/v2\/pages\/22","targetHints":{"allow":["GET"]}}],"collection":[{"href":"https:\/\/sisu.ut.ee\/sdce\/et\/wp-json\/wp\/v2\/pages"}],"about":[{"href":"https:\/\/sisu.ut.ee\/sdce\/et\/wp-json\/wp\/v2\/types\/page"}],"author":[{"embeddable":true,"href":"https:\/\/sisu.ut.ee\/sdce\/et\/wp-json\/wp\/v2\/users\/63"}],"replies":[{"embeddable":true,"href":"https:\/\/sisu.ut.ee\/sdce\/et\/wp-json\/wp\/v2\/comments?post=22"}],"version-history":[{"count":3,"href":"https:\/\/sisu.ut.ee\/sdce\/et\/wp-json\/wp\/v2\/pages\/22\/revisions"}],"predecessor-version":[{"id":868,"href":"https:\/\/sisu.ut.ee\/sdce\/et\/wp-json\/wp\/v2\/pages\/22\/revisions\/868"}],"wp:attachment":[{"href":"https:\/\/sisu.ut.ee\/sdce\/et\/wp-json\/wp\/v2\/media?parent=22"}],"curies":[{"name":"wp","href":"https:\/\/api.w.org\/{rel}","templated":true}]}}