{"id":20,"date":"2024-04-04T07:48:29","date_gmt":"2024-04-04T04:48:29","guid":{"rendered":"https:\/\/sisu.ut.ee\/sdce\/module-2-3\/"},"modified":"2024-05-29T15:36:35","modified_gmt":"2024-05-29T12:36:35","slug":"module-2-3","status":"publish","type":"page","link":"https:\/\/sisu.ut.ee\/sdce\/et\/module-2-3\/","title":{"rendered":"Teema 3: DKO projekt praktilise \u00f5ppe (service learning) metoodikat rakendades"},"content":{"rendered":"<blockquote>\r\n\t<h4 style=\"margin-bottom: 0.0001pt\">\r\n\t\t<img loading=\"lazy\" decoding=\"async\" width=\"531\" height=\"399\" class=\"alignnone wp-image-179\" style=\"width: 150px;height: 113px;float: right\" src=\"https:\/\/sisu.ut.ee\/wp-content\/uploads\/sites\/545\/sdce_clowd.png\" title=\"sdce_clowd.png\" alt=\"SDCE_clowd\" srcset=\"https:\/\/sisu.ut.ee\/wp-content\/uploads\/sites\/545\/sdce_clowd.png 531w, https:\/\/sisu.ut.ee\/wp-content\/uploads\/sites\/545\/sdce_clowd-300x225.png 300w\" sizes=\"auto, (max-width: 531px) 100vw, 531px\">See moodul k\u00e4sitleb praktilise \u00f5ppe kontseptsiooni ja selle m\u00f5ju \u00f5ppijatele kui kodaniku\u00fchiskonnas oselejatele. Peale selle teema k\u00e4sitlemist peaksid \u00f5ppijad suutma selgitada praktilise \u00f5ppe kontseptsiooni ja tuua selle kohta n\u00e4iteid. Lisaks k\u00e4sitletakse ka praktilise \u00f5ppe eeliseid ja seda, milline on praktilise \u00f5ppe kui pedagoogilise l\u00e4henemise v\u00f5imalused.\r\n\t<\/h4>\r\n<\/blockquote>\r\n\r\n<p style=\"margin-bottom:.0001pt\">\r\n\t\u00a0\r\n<\/p>\r\n\r\n<h3 style=\"margin-bottom: 0.0001pt\">\r\n\t<img loading=\"lazy\" decoding=\"async\" width=\"536\" height=\"668\" class=\"alignnone wp-image-196\" style=\"width: 200px;height: 249px;float: right\" src=\"https:\/\/sisu.ut.ee\/wp-content\/uploads\/sites\/545\/picture_2_3.jpg\" title=\"picture_2_3.jpg\" alt=\"SDCE2-3\" srcset=\"https:\/\/sisu.ut.ee\/wp-content\/uploads\/sites\/545\/picture_2_3.jpg 536w, https:\/\/sisu.ut.ee\/wp-content\/uploads\/sites\/545\/picture_2_3-241x300.jpg 241w\" sizes=\"auto, (max-width: 536px) 100vw, 536px\"><span style=\"line-height:115%\"><b>Praktilise \u00f5ppe metoodika<\/b><\/span>\r\n<\/h3>\r\n\r\n<p style=\"margin-bottom:.0001pt\">\r\n\t<span style=\"line-height:115%\">Praktiline \u00f5pe realiseerub siis, kui \u00f5ppimine toimub tegevuse ja selle refleksiooni kaudu. See aitab suurendada arusaamist ja \u00f5ppimist, aga ka harjutada \u00f5ppimisega seotud praktilisi oskusi.<\/span>\r\n<\/p>\r\n\r\n<p style=\"margin-bottom:.0001pt\">\r\n\t<span style=\"line-height:115%\">Praktiline \u00f5pe on pedagoogika, mille m\u00f5ned uuringud n\u00e4itavad, et \u00f5ppimisel on vabatahtliku tegevuse ees palju eeliseid. Eeliseks v\u00f5ivad olla n\u00e4iteks esimese aasta \u00fcli\u00f5pilaste k\u00f5rgem l\u00f5petamise m\u00e4\u00e4r, \u00fcli\u00f5pilaste juhtimisoskuse k\u00f5rgem tase aga see v\u00f5ib suurendada ka akadeemilist tulemuslikkust.<\/span>\r\n<\/p>\r\n\r\n<p style=\"margin-bottom:.0001pt\">\r\n\t\u00a0\r\n<\/p>\r\n\r\n<h3 style=\"margin-bottom: 0.0001pt\">\r\n\t<span style=\"line-height:115%\"><b>Praktilises \u00f5ppes peab sisalduma<\/b><b>:<\/b><\/span>\r\n<\/h3>\r\n\r\n<ol>\r\n\t<li style=\"margin-bottom:.0001pt\">\r\n\t\t<span style=\"line-height:115%\">Vastastikune kasu. Praktiline \u00f5pe v\u00f5ib rahuldada nii konkreetse kogukonna vajadusi kui tuua kasu \u00fcli\u00f5pilaste akadeemilisele \u00f5ppimisele ja kodanikuks olemisele.<\/span>\r\n\t<\/li>\r\n\t<li style=\"margin-bottom:.0001pt\">\r\n\t\t<span style=\"line-height:115%\">Planeerimine ja refleksioon. Juhitud refleksioon aitab \u00f5ppijatel oma kogemusi arvesse v\u00f5tta, v\u00f5imaldades neil \u00f5pitut tuvastada.<\/span>\r\n\t<\/li>\r\n\t<li style=\"margin-bottom:.0001pt\">\r\n\t\t<span style=\"line-height:115%\">Seos kursuse sisuga. Kuna tegevused on alati otseselt seotud \u00f5pieesm\u00e4rkidega, toetab see \u201ekogemuslikku haridust\u201d v\u00f5i \u00f5ppimist kogemuste kaudu.<\/span>\r\n\t<\/li>\r\n<\/ol>\r\n\r\n<p style=\"margin-bottom:.0001pt\">\r\n\t\u00a0\r\n<\/p>\r\n\r\n<h3 style=\"margin-bottom: 0.0001pt\">\r\n\t<span style=\"line-height:115%\"><b>Praktilise \u00f5ppe n\u00e4ited<\/b><\/span>\r\n<\/h3>\r\n\r\n<p style=\"margin-bottom:.0001pt\">\r\n\t<span style=\"line-height:115%\">STARTER programm Tartu \u00dclikoolis ja Belfasti Queensi \u00dclikooli dementsuse teadlikkuse m\u00e4ng.\u00a0<\/span>\r\n<\/p>\r\n\r\n<p style=\"margin-bottom:.0001pt\">\r\n\t<span style=\"line-height:115%\">M\u00f5lemad on lisatud meie Digitaalse kodanikuosaluse juhendisse, lisateabe saamiseks kl\u00f5psake <a href=\"https:\/\/www.studentcivicengagers.eu\/guide-to-digital-civic-engagement-est\/\">siin<\/a>.<\/span>\r\n<\/p>\r\n\r\n<p style=\"margin-bottom:.0001pt\">\r\n\t\u00a0\r\n<\/p>\r\n\r\n<p style=\"margin-bottom:.0001pt\">\r\n\t\u00a0\r\n<\/p>\r\n\r\n<p style=\"margin-bottom:.0001pt\">\r\n\t<b>SDCE juhtumiuuringu\u00a0n\u00e4ide: vabatahtlik osalemine \u2013 STARTER programm<\/b>\r\n<\/p>\r\n\r\n<p style=\"margin-bottom:.0001pt\">\r\n\t<span style=\"line-height:115%\">STARTER programm on peamiselt \u00fcli\u00f5pilastele suunatud \u00f5ppekavav\u00e4line tegevus, mille eesm\u00e4rk on arendada \u00f5ppijate ettev\u00f5tlusp\u00e4devust ja -m\u00f5tteviisi. See on kolm kuud kestev ideearendusprogramm, mis koosneb ava\u00fcritusest, mitmetest koolitustest ja t\u00f6\u00f6tubadest, v\u00f5rgustikut\u00f6\u00f6\/mentorlus\u00fcritusest, mentorlusseanssidest ja demop\u00e4evast.<\/span>\r\n<\/p>\r\n\r\n<p style=\"margin-bottom:.0001pt\">\r\n\t<span style=\"line-height:115%\"><a href=\"https:\/\/starteridea.ee\/startertartu\/\"><span style=\"color:#1155cc\">https:\/\/starteridea.ee\/startertartu\/<\/span><\/a><\/span>\r\n<\/p>\r\n\r\n<p style=\"margin-bottom:.0001pt\">\r\n\t\u00a0\r\n<\/p>\r\n\r\n<h3 style=\"margin-bottom: 0.0001pt\">\r\n\tVaadake videot, inspireerivat TED-i k\u00f5ne videot \u00fcli\u00f5pilaste kodanikuosalusest.\r\n<\/h3>\r\n\r\n<p style=\"margin-bottom:.0001pt\">\r\n\t<img loading=\"lazy\" decoding=\"async\" width=\"1716\" height=\"1094\" class=\"alignnone wp-image-197\" style=\"width: 300px;height: 191px\" src=\"https:\/\/sisu.ut.ee\/wp-content\/uploads\/sites\/545\/sdce_video_2-3.png\" title=\"sdce_video_2-3.png\" alt=\"SDCE_video_2-3\" srcset=\"https:\/\/sisu.ut.ee\/wp-content\/uploads\/sites\/545\/sdce_video_2-3.png 1716w, https:\/\/sisu.ut.ee\/wp-content\/uploads\/sites\/545\/sdce_video_2-3-300x191.png 300w, https:\/\/sisu.ut.ee\/wp-content\/uploads\/sites\/545\/sdce_video_2-3-1024x653.png 1024w, https:\/\/sisu.ut.ee\/wp-content\/uploads\/sites\/545\/sdce_video_2-3-768x490.png 768w, https:\/\/sisu.ut.ee\/wp-content\/uploads\/sites\/545\/sdce_video_2-3-1536x979.png 1536w\" sizes=\"auto, (max-width: 1716px) 100vw, 1716px\"><a href=\"https:\/\/www.youtube.com\/watch?v=wqrHkM_6dsM&amp;t=1s\"><span style=\"color:#1155cc\">https:\/\/www.youtube.com\/watch?v=wqrHkM_6dsM&amp;t=1s<\/span><\/a>\r\n<\/p>\r\n\r\n<h3>\r\n\tEnesekontrolli test\r\n<\/h3>\r\n\r\n<div class=\"h5p-iframe-wrapper\"><div class=\"video-placeholder-wrapper video-placeholder-wrapper--fixed\" style=\"height: 366px;\">\n\t\t\t    <div class=\"video-placeholder d-flex justify-content-center align-items-center\">\n\t\t\t        <div class=\"overlay text-white p-2 w-100 text-center d-block justify-content-center align-items-center\">\n\t\t\t            <div>Kolmandate osapoolte sisu n\u00e4gemiseks palun n\u00f5ustu k\u00fcpsistega.<\/div>\n\t\t\t            <button class=\"btn btn-secondary btn-sm mt-1 consent-change\">Muuda n\u00f5usolekut<\/button>\n\t\t\t        <\/div>\n\t\t\t    <\/div>\n\t\t\t<\/div>\n<\/div>\r\n","protected":false},"excerpt":{"rendered":"<p>See moodul k\u00e4sitleb praktilise \u00f5ppe kontseptsiooni ja selle m\u00f5ju \u00f5ppijatele kui kodaniku\u00fchiskonnas oselejatele. Peale selle teema k\u00e4sitlemist peaksid \u00f5ppijad suutma selgitada praktilise \u00f5ppe kontseptsiooni ja tuua selle kohta n\u00e4iteid. Lisaks k\u00e4sitletakse ka praktilise \u00f5ppe eeliseid ja seda, milline on praktilise &#8230;<\/p>\n","protected":false},"author":63,"featured_media":0,"parent":0,"menu_order":0,"comment_status":"closed","ping_status":"closed","template":"","meta":{"_acf_changed":false,"inline_featured_image":false,"footnotes":""},"class_list":["post-20","page","type-page","status-publish","hentry"],"acf":[],"_links":{"self":[{"href":"https:\/\/sisu.ut.ee\/sdce\/et\/wp-json\/wp\/v2\/pages\/20","targetHints":{"allow":["GET"]}}],"collection":[{"href":"https:\/\/sisu.ut.ee\/sdce\/et\/wp-json\/wp\/v2\/pages"}],"about":[{"href":"https:\/\/sisu.ut.ee\/sdce\/et\/wp-json\/wp\/v2\/types\/page"}],"author":[{"embeddable":true,"href":"https:\/\/sisu.ut.ee\/sdce\/et\/wp-json\/wp\/v2\/users\/63"}],"replies":[{"embeddable":true,"href":"https:\/\/sisu.ut.ee\/sdce\/et\/wp-json\/wp\/v2\/comments?post=20"}],"version-history":[{"count":3,"href":"https:\/\/sisu.ut.ee\/sdce\/et\/wp-json\/wp\/v2\/pages\/20\/revisions"}],"predecessor-version":[{"id":870,"href":"https:\/\/sisu.ut.ee\/sdce\/et\/wp-json\/wp\/v2\/pages\/20\/revisions\/870"}],"wp:attachment":[{"href":"https:\/\/sisu.ut.ee\/sdce\/et\/wp-json\/wp\/v2\/media?parent=20"}],"curies":[{"name":"wp","href":"https:\/\/api.w.org\/{rel}","templated":true}]}}