{"id":19,"date":"2024-04-04T07:48:22","date_gmt":"2024-04-04T04:48:22","guid":{"rendered":"https:\/\/sisu.ut.ee\/sdce\/module-2-2\/"},"modified":"2024-04-05T12:37:15","modified_gmt":"2024-04-05T09:37:15","slug":"module-2-2","status":"publish","type":"page","link":"https:\/\/sisu.ut.ee\/sdce\/et\/module-2-2\/","title":{"rendered":"Teema 2: Oma kogukonna arendamine kodanikuosaluse kaudu"},"content":{"rendered":"<blockquote>\r\n\t<h4 style=\"margin-bottom: 0.0001pt\">\r\n\t\t<img loading=\"lazy\" decoding=\"async\" width=\"531\" height=\"399\" class=\"alignnone wp-image-179\" style=\"width: 150px;height: 113px;float: right\" src=\"https:\/\/sisu.ut.ee\/wp-content\/uploads\/sites\/545\/sdce_clowd.png\" title=\"sdce_clowd.png\" alt=\"SDCE_clowd\" srcset=\"https:\/\/sisu.ut.ee\/wp-content\/uploads\/sites\/545\/sdce_clowd.png 531w, https:\/\/sisu.ut.ee\/wp-content\/uploads\/sites\/545\/sdce_clowd-300x225.png 300w\" sizes=\"auto, (max-width: 531px) 100vw, 531px\"><span style=\"line-height:115%\">Selle teema raames tutvustatakse \u00f5ppijatele m\u00f5ningaid h\u00e4id praktikaid, mis on v\u00f5etud juhtumiuuringutest. \u00d5ppijad peaksid suutma tuvastada, mis m\u00f5jutab projektide toimimist ja miks nad on kogukonnale kasulikud.<\/span>\r\n\t<\/h4>\r\n\r\n\t<p style=\"margin-bottom:.0001pt\">\r\n\t\t\u00a0\r\n\t<\/p>\r\n<\/blockquote>\r\n\r\n<p style=\"margin-bottom:.0001pt\">\r\n\t<img loading=\"lazy\" decoding=\"async\" width=\"536\" height=\"668\" class=\"alignnone wp-image-195\" style=\"width: 200px;height: 249px;float: right\" src=\"https:\/\/sisu.ut.ee\/wp-content\/uploads\/sites\/545\/picture_2_2.jpg\" title=\"picture_2_2.jpg\" alt=\"SDCE2-2\" srcset=\"https:\/\/sisu.ut.ee\/wp-content\/uploads\/sites\/545\/picture_2_2.jpg 536w, https:\/\/sisu.ut.ee\/wp-content\/uploads\/sites\/545\/picture_2_2-241x300.jpg 241w\" sizes=\"auto, (max-width: 536px) 100vw, 536px\"><span style=\"line-height:115%\">Digitaalse kodanikuosaluse juhend toob v\u00e4lja mitmeid eeliseid \u00f5ppijatele, kes osalevad DKO projektis, et oma kogukondi kodanikuosaluse kaudu parendada. <\/span>\r\n<\/p>\r\n\r\n<p style=\"margin-bottom:.0001pt\">\r\n\t<u><span style=\"line-height:115%\">Need eelised on n\u00e4iteks:<\/span><\/u>\r\n<\/p>\r\n\r\n<ul>\r\n\t<li style=\"margin-bottom:.0001pt\">\r\n\t\t<span style=\"line-height:115%\">karj\u00e4\u00e4riga seotud oskuste praktiseerimine ja kogemuste omandamine;<\/span>\r\n\t<\/li>\r\n\t<li style=\"margin-bottom:.0001pt\">\r\n\t\t<span style=\"line-height:115%\">tugevate suhete loomine;<\/span>\r\n\t<\/li>\r\n\t<li style=\"margin-bottom:.0001pt\">\r\n\t\t<span style=\"line-height:115%\">suurep\u00e4raste kogemuste saamine ja v\u00e4ikeste kogukonnaprojektide edukaks saamisele kaasaaitamine. <\/span>\r\n\t<\/li>\r\n<\/ul>\r\n\r\n<p style=\"margin-bottom:.0001pt\">\r\n\t\u00a0\r\n<\/p>\r\n\r\n<h3 style=\"margin: 0cm 0cm 0.0001pt 18pt\">\r\n\t\u00a0\r\n<\/h3>\r\n\r\n<h3>\r\n\t<span style=\"line-height:115%\"><span><span style=\"line-height:115%\">Kolm v\u00f5imalust kodanikuaktiivsuse kaudu oma kogukonda parendada:<\/span><\/span><\/span>\r\n<\/h3>\r\n\r\n<p style=\"margin-top: 0cm;margin-right: 0cm;margin-bottom: 0.0001pt\">\r\n\t<strong><span style=\"line-height:115%\">1.\u00a0<span><span style=\"line-height:115%\">Toetada kogukonnap\u00f5hiseid organisatsioone<\/span><\/span><\/span><\/strong>\r\n<\/p>\r\n\r\n<p style=\"margin-bottom:.0001pt\">\r\n\t<span style=\"line-height:115%\"><span><span style=\"line-height:115%\">Kuidas?<\/span><\/span><\/span>\r\n<\/p>\r\n\r\n<p style=\"margin-bottom:.0001pt\">\r\n\t<span style=\"line-height:115%\"><span><span style=\"line-height:115%\">\u00b7 Valige probleem, mis pakub huvi ja millega soovite tegeleda;<\/span><\/span><\/span>\r\n<\/p>\r\n\r\n<p style=\"margin-bottom:.0001pt\">\r\n\t<span style=\"line-height:115%\"><span><span style=\"line-height:115%\">\u00b7 Saage \u201eaktivistiks\u201c ja toetage kogukonnap\u00f5hiseid organisatsioone;<\/span><\/span><\/span>\r\n<\/p>\r\n\r\n<p style=\"margin-bottom:.0001pt\">\r\n\t<span style=\"line-height:115%\"><span><span style=\"line-height:115%\">\u00b7 Toetage v\u00e4ikesi organisatsioone, mille eesm\u00e4rk on kogukondi parandada.<\/span><\/span><\/span>\r\n<\/p>\r\n\r\n<p style=\"margin-bottom:.0001pt\">\r\n\t\u00a0\r\n<\/p>\r\n\r\n<p style=\"margin-bottom:.0001pt\">\r\n\t<strong><span style=\"line-height:115%\">\u00a02.\u00a0<\/span><span style=\"line-height:115%\"><span><span style=\"line-height:115%\">Osaleda kohaliku linnavolikogu koosolekutel<\/span><\/span><\/span><\/strong>\r\n<\/p>\r\n\r\n<p style=\"margin-bottom:.0001pt\">\r\n\t<span style=\"line-height:115%\"><span><span style=\"line-height:115%\">See on hea viis \u00fclevaate ja esmaste kogemuste saamiseks.<\/span><\/span><\/span>\r\n<\/p>\r\n\r\n<p style=\"margin-bottom:.0001pt\">\r\n\t<span style=\"line-height:115%\"><span><span style=\"line-height:115%\">\u00b7 Ehitage oma v\u00f5rgustikku;<\/span><\/span><\/span>\r\n<\/p>\r\n\r\n<p style=\"margin-bottom:.0001pt\">\r\n\t<span style=\"line-height:115%\"><span><span style=\"line-height:115%\">\u00b7 Kohtuge sarnaselt m\u00f5tlevate inimestega, kes v\u00f5ivad jagada teie ambitsiooni t\u00f6\u00f6tada v\u00e4lja lahendusp\u00f5hine digitaalsel kodanikuosalusel p\u00f5hinev projekt.<\/span><\/span><\/span>\r\n<\/p>\r\n\r\n<p style=\"margin-bottom:.0001pt\">\r\n\t\u00a0\r\n<\/p>\r\n\r\n<p style=\"margin-bottom:.0001pt\">\r\n\t<strong><span style=\"line-height:115%\">3.\u00a0<span><span style=\"line-height:115%\">Toetada kohalikke ettev\u00f5tteid<\/span><\/span><\/span><\/strong>\r\n<\/p>\r\n\r\n<p style=\"margin-bottom:.0001pt\">\r\n\t<span style=\"line-height:115%\"><span><span style=\"line-height:115%\">Toetades kohalikke ettev\u00f5tteid, aitate:<\/span><\/span><\/span>\r\n<\/p>\r\n\r\n<p style=\"margin-bottom:.0001pt\">\r\n\t<span style=\"line-height:115%\"><span><span style=\"line-height:115%\">\u00b7 kohalikul kogukonnal muutuda majanduslikult tugevamaks;<\/span><\/span><\/span>\r\n<\/p>\r\n\r\n<p style=\"margin-bottom:.0001pt\">\r\n\t<span style=\"line-height:115%\"><span><span style=\"line-height:115%\">\u00b7 kohalikke (pere-)ettev\u00f5tteid ning t\u00f6\u00f6tajaid ja kohalikke tarnijaid;<\/span><\/span><\/span>\r\n<\/p>\r\n\r\n<p style=\"margin-bottom:.0001pt\">\r\n\t<span style=\"line-height:115%\"><span><span style=\"line-height:115%\">Kohalike ettev\u00f5tetega suheldes arendate suhteid ja teete kindlaks nende vajadused.<\/span><\/span><\/span>\r\n<\/p>\r\n\r\n<p>\r\n\t\u00a0\r\n<\/p>\r\n\r\n<h2 style=\"margin-bottom: 0.0001pt\">\r\n\tEnesekontrolli test\r\n<\/h2>\r\n\r\n<p style=\"margin-bottom:.0001pt\">\r\n\t<\/p><div class=\"h5p-iframe-wrapper\"><div class=\"video-placeholder-wrapper video-placeholder-wrapper--fixed\" style=\"height: 366px;\">\n\t\t\t    <div class=\"video-placeholder d-flex justify-content-center align-items-center\">\n\t\t\t        <div class=\"overlay text-white p-2 w-100 text-center d-block justify-content-center align-items-center\">\n\t\t\t            <div>Kolmandate osapoolte sisu n\u00e4gemiseks palun n\u00f5ustu k\u00fcpsistega.<\/div>\n\t\t\t            <button class=\"btn btn-secondary btn-sm mt-1 consent-change\">Muuda n\u00f5usolekut<\/button>\n\t\t\t        <\/div>\n\t\t\t    <\/div>\n\t\t\t<\/div>\n<\/div>\r\n\r\n","protected":false},"excerpt":{"rendered":"<p>Selle teema raames tutvustatakse \u00f5ppijatele m\u00f5ningaid h\u00e4id praktikaid, mis on v\u00f5etud juhtumiuuringutest. \u00d5ppijad peaksid suutma tuvastada, mis m\u00f5jutab projektide toimimist ja miks nad on kogukonnale kasulikud. \u00a0 Digitaalse kodanikuosaluse juhend toob v\u00e4lja mitmeid eeliseid \u00f5ppijatele, kes osalevad DKO projektis, et &#8230;<\/p>\n","protected":false},"author":63,"featured_media":0,"parent":0,"menu_order":0,"comment_status":"closed","ping_status":"closed","template":"","meta":{"_acf_changed":false,"inline_featured_image":false,"footnotes":""},"class_list":["post-19","page","type-page","status-publish","hentry"],"acf":[],"_links":{"self":[{"href":"https:\/\/sisu.ut.ee\/sdce\/et\/wp-json\/wp\/v2\/pages\/19","targetHints":{"allow":["GET"]}}],"collection":[{"href":"https:\/\/sisu.ut.ee\/sdce\/et\/wp-json\/wp\/v2\/pages"}],"about":[{"href":"https:\/\/sisu.ut.ee\/sdce\/et\/wp-json\/wp\/v2\/types\/page"}],"author":[{"embeddable":true,"href":"https:\/\/sisu.ut.ee\/sdce\/et\/wp-json\/wp\/v2\/users\/63"}],"replies":[{"embeddable":true,"href":"https:\/\/sisu.ut.ee\/sdce\/et\/wp-json\/wp\/v2\/comments?post=19"}],"version-history":[{"count":3,"href":"https:\/\/sisu.ut.ee\/sdce\/et\/wp-json\/wp\/v2\/pages\/19\/revisions"}],"predecessor-version":[{"id":871,"href":"https:\/\/sisu.ut.ee\/sdce\/et\/wp-json\/wp\/v2\/pages\/19\/revisions\/871"}],"wp:attachment":[{"href":"https:\/\/sisu.ut.ee\/sdce\/et\/wp-json\/wp\/v2\/media?parent=19"}],"curies":[{"name":"wp","href":"https:\/\/api.w.org\/{rel}","templated":true}]}}