{"id":18,"date":"2024-04-04T07:48:22","date_gmt":"2024-04-04T04:48:22","guid":{"rendered":"https:\/\/sisu.ut.ee\/sdce\/module-2-1\/"},"modified":"2024-04-05T12:37:15","modified_gmt":"2024-04-05T09:37:15","slug":"module-2-1","status":"publish","type":"page","link":"https:\/\/sisu.ut.ee\/sdce\/et\/module-2-1\/","title":{"rendered":"Teema 1: Lahendamist vajavad probleemid \u2013 t\u00e4helepanu keskpunktis globaalsed probleemid"},"content":{"rendered":"<blockquote>\r\n\t<h4 style=\"margin-bottom: 0.0001pt\">\r\n\t\t<img loading=\"lazy\" decoding=\"async\" width=\"531\" height=\"399\" class=\"alignnone wp-image-179\" style=\"width: 150px;height: 113px;float: right\" src=\"https:\/\/sisu.ut.ee\/wp-content\/uploads\/sites\/545\/sdce_clowd.png\" title=\"sdce_clowd.png\" alt=\"SDCE_clowd\" srcset=\"https:\/\/sisu.ut.ee\/wp-content\/uploads\/sites\/545\/sdce_clowd.png 531w, https:\/\/sisu.ut.ee\/wp-content\/uploads\/sites\/545\/sdce_clowd-300x225.png 300w\" sizes=\"auto, (max-width: 531px) 100vw, 531px\"><span style=\"line-height:115%\">Selle teema raames tutvustatakse \u00f5ppijatele, kuidas leida lahendamist vajavaid probleeme nii globaalsel kui ka kohaliku kogukonna tasandil. Selle teema \u00f5pieesm\u00e4rgiks on anda ideid erinevate kohalike kogukondade ja globaalsete probleemide tuvastamiseks. <\/span>\r\n\t<\/h4>\r\n<\/blockquote>\r\n\r\n<p>\r\n\t\u00a0\r\n<\/p>\r\n\r\n<p style=\"margin-bottom:.0001pt\">\r\n\t<span style=\"line-height:115%\">\u00dcRO S\u00e4\u00e4stva arengu eesm\u00e4rkide divisjon (DSDG) on \u00fclemaailmne \u00fcleskutse k\u00f5ikidele arenenud v\u00f5i arengumaadele tegutseda nii, et aidata lahendada olulisemaid probleeme, millega inimesed planeedil Maa silmitsi seisavad.<\/span>\r\n<\/p>\r\n\r\n<p style=\"margin-bottom:.0001pt\">\r\n\t<span style=\"line-height:115%\">DSDG on r\u00f5hutanud, et vaesuse ja teise puuduste kaotamine peab tagama ka tervishoiu ja hariduse paranemise, ebav\u00f5rdsuse v\u00e4hendamise ja majanduskasvu soodustamise \u2013 seda k\u00f5ike samal ajal, kui v\u00f5ideldakse kliimamuutustega ning t\u00f6\u00f6tatakse meie ookeanide ja metsade s\u00e4ilitamise nimel.<\/span>\r\n<\/p>\r\n\r\n<p style=\"margin-bottom:.0001pt\">\r\n\t<span style=\"line-height:115%\">\u00a0<\/span>\r\n<\/p>\r\n\r\n<p style=\"margin-bottom:.0001pt\">\r\n\t<span><span style=\"line-height:107%\"><span>DSDG on esile t\u00f5stnud <\/span><\/span><\/span><a data-url=\"https:\/\/sdgs.un.org\/goals\" href=\"https:\/\/sdgs.un.org\/goals\" target=\"_blank\" title=\"\" rel=\"noopener\">17 eesm\u00e4rki <\/a><span><span style=\"line-height:107%\"><span>(SDG), mille nimel peaksime k\u00f5ik p\u00fc\u00fcdma ja pingutama <\/span><\/span><\/span>\r\n<\/p>\r\n\r\n<p style=\"margin-bottom:.0001pt\">\r\n\t<span style=\"line-height:115%\">\u00a0<\/span>\r\n<\/p>\r\n\r\n<p style=\"margin-bottom:.0001pt\">\r\n\t<img loading=\"lazy\" decoding=\"async\" width=\"1667\" height=\"2083\" class=\"alignnone wp-image-194\" style=\"float: right;width: 300px;height: 375px\" src=\"https:\/\/sisu.ut.ee\/wp-content\/uploads\/sites\/545\/sdg.png\" title=\"sdg.png\" alt=\"SDG\" srcset=\"https:\/\/sisu.ut.ee\/wp-content\/uploads\/sites\/545\/sdg.png 1667w, https:\/\/sisu.ut.ee\/wp-content\/uploads\/sites\/545\/sdg-240x300.png 240w, https:\/\/sisu.ut.ee\/wp-content\/uploads\/sites\/545\/sdg-819x1024.png 819w, https:\/\/sisu.ut.ee\/wp-content\/uploads\/sites\/545\/sdg-768x960.png 768w, https:\/\/sisu.ut.ee\/wp-content\/uploads\/sites\/545\/sdg-1229x1536.png 1229w, https:\/\/sisu.ut.ee\/wp-content\/uploads\/sites\/545\/sdg-1639x2048.png 1639w\" sizes=\"auto, (max-width: 1667px) 100vw, 1667px\"><span style=\"line-height:115%\">Oleme valinud kolm SDG eesm\u00e4rki, mis v\u00f5iksid osana digitaalsest kodanikuosalusest saada kasu t\u00e4nu \u00f5ppijate v\u00e4rskele pilgule:<\/span>\r\n<\/p>\r\n\r\n<p style=\"margin-bottom:.0001pt\">\r\n\t<span style=\"line-height:115%\"><b>10. eesm\u00e4rk \u2013 ebav\u00f5rdsuse v\u00e4hendamine<\/b><\/span>\r\n<\/p>\r\n\r\n<p style=\"margin-bottom:.0001pt\">\r\n\t<span style=\"line-height:115%\"><b>12. eesm\u00e4rk \u2013 vastutustundlik tarbimine ja tootmine<\/b><\/span>\r\n<\/p>\r\n\r\n<p style=\"margin-bottom:.0001pt\">\r\n\t<span style=\"line-height:115%\"><b>16. eesm\u00e4rk \u2013 rahu, \u00f5iglus ja tugevad institutsioonid<\/b><\/span>\r\n<\/p>\r\n\r\n<p style=\"margin-bottom:.0001pt\">\r\n\t\u00a0\r\n<\/p>\r\n\r\n<h3 style=\"margin-bottom: 0.0001pt\">\r\n\t<span style=\"line-height:115%\"><b>10. eesm\u00e4rk \u2013 ebav\u00f5rdsuse v\u00e4hendamine<\/b><\/span>\r\n<\/h3>\r\n\r\n<p style=\"margin-bottom:.0001pt\">\r\n\t<span style=\"line-height:115%\">Antud eesm\u00e4rk k\u00e4sitleb ebav\u00f5rdsust ja selle eesm\u00e4rk on v\u00e4hendada ebav\u00f5rdsust riikide sees ja nende vahel.<\/span>\r\n<\/p>\r\n\r\n<p style=\"margin-bottom:.0001pt\">\r\n\t<span><span style=\"line-height:107%\"><span>P\u00e4rast pandeemiat on uuringud n\u00e4idanud, et ebav\u00f5rdsus on suurenenud ja t\u00f5en\u00e4oliselt ka sissetulekute v\u00f5rdsuse suunas tehtud edusammud p\u00f6\u00f6rduvad. Seda pole finantskriisi j\u00e4rel n\u00e4htud.<\/span><\/span><\/span><span style=\"line-height:115%\"> <\/span>\r\n<\/p>\r\n\r\n<p style=\"margin-bottom:.0001pt\">\r\n\t\u00a0\r\n<\/p>\r\n\r\n<h3 style=\"margin-bottom: 0.0001pt\">\r\n\t<span style=\"line-height:115%\"><b>12. eesm\u00e4rk \u2013 vastutustundlik tarbimine ja tootmine<\/b><\/span>\r\n<\/h3>\r\n\r\n<p style=\"margin-bottom:.0001pt\">\r\n\t<span style=\"line-height:115%\">See eesm\u00e4rk toetab s\u00e4\u00e4stvaid ja vastutustundlikke tarbimis- ja tootmismustreid. Kas teadsite, et \u00fclemaailmne \u201cmaterjalide\u201d jalaj\u00e4lg on aastatel 2000\u20132017 kasvanud 70%?<\/span>\r\n<\/p>\r\n\r\n<p style=\"margin-bottom:.0001pt\">\r\n\t<span style=\"line-height:115%\">Isegi selliste ressurssidega osas nagu toit, l\u00e4ks 2016. aastal hinnanguliselt ligi 14 protsenti kogu maailmas toodetud toidust kaduma enne, kui see j\u00f5udis jaekaubandusse.<\/span>\r\n<\/p>\r\n\r\n<p style=\"margin-bottom:.0001pt\">\r\n\t<span style=\"line-height:115%\">\u00a0<\/span>\r\n<\/p>\r\n\r\n<h3 style=\"margin-bottom: 0.0001pt\">\r\n\t<span style=\"line-height:115%\"><b>16. eesm\u00e4rk \u2013 rahu, \u00f5iglus ja tugevad institutsioonid<\/b><\/span>\r\n<\/h3>\r\n\r\n<p style=\"margin-bottom:.0001pt\">\r\n\t<span style=\"line-height:115%\">Selle eesm\u00e4rgi idee on edendada rahumeelset ja kaasavat \u00fchiskonda s\u00e4\u00e4stva arengu nimel, tagada k\u00f5igile juurdep\u00e4\u00e4s \u00f5igusem\u00f5istmisele ning luua t\u00f5husad, vastutustundlikud ja kaasavad institutsioonid k\u00f5igil tasanditel.<\/span>\r\n<\/p>\r\n\r\n<p style=\"margin-bottom:.0001pt\">\r\n\t<span style=\"line-height:115%\">COVID-19 pandeemia on paljastanud ebav\u00f5rdsuse ja diskrimineerimise ning on proovile pannud, n\u00f5rgendanud ja m\u00f5nel juhul purustanud \u00f5igus- ja kaitses\u00fcsteemid riikides ja territooriumidel.<\/span>\r\n<\/p>\r\n\r\n<h2 style=\"margin-bottom: 0.0001pt\">\r\n\t<span style=\"line-height:115%\">Enesekontrolli test<\/span>\r\n<\/h2>\r\n\r\n<p style=\"margin-bottom:.0001pt\">\r\n\t<\/p><div class=\"h5p-iframe-wrapper\"><div class=\"video-placeholder-wrapper video-placeholder-wrapper--fixed\" style=\"height: 366px;\">\n\t\t\t    <div class=\"video-placeholder d-flex justify-content-center align-items-center\">\n\t\t\t        <div class=\"overlay text-white p-2 w-100 text-center d-block justify-content-center align-items-center\">\n\t\t\t            <div>Kolmandate osapoolte sisu n\u00e4gemiseks palun n\u00f5ustu k\u00fcpsistega.<\/div>\n\t\t\t            <button class=\"btn btn-secondary btn-sm mt-1 consent-change\">Muuda n\u00f5usolekut<\/button>\n\t\t\t        <\/div>\n\t\t\t    <\/div>\n\t\t\t<\/div>\n<\/div>\r\n\r\n","protected":false},"excerpt":{"rendered":"<p>Selle teema raames tutvustatakse \u00f5ppijatele, kuidas leida lahendamist vajavaid probleeme nii globaalsel kui ka kohaliku kogukonna tasandil. Selle teema \u00f5pieesm\u00e4rgiks on anda ideid erinevate kohalike kogukondade ja globaalsete probleemide tuvastamiseks. \u00a0 \u00dcRO S\u00e4\u00e4stva arengu eesm\u00e4rkide divisjon (DSDG) on \u00fclemaailmne \u00fcleskutse &#8230;<\/p>\n","protected":false},"author":63,"featured_media":0,"parent":0,"menu_order":0,"comment_status":"closed","ping_status":"closed","template":"","meta":{"_acf_changed":false,"inline_featured_image":false,"footnotes":""},"class_list":["post-18","page","type-page","status-publish","hentry"],"acf":[],"_links":{"self":[{"href":"https:\/\/sisu.ut.ee\/sdce\/et\/wp-json\/wp\/v2\/pages\/18","targetHints":{"allow":["GET"]}}],"collection":[{"href":"https:\/\/sisu.ut.ee\/sdce\/et\/wp-json\/wp\/v2\/pages"}],"about":[{"href":"https:\/\/sisu.ut.ee\/sdce\/et\/wp-json\/wp\/v2\/types\/page"}],"author":[{"embeddable":true,"href":"https:\/\/sisu.ut.ee\/sdce\/et\/wp-json\/wp\/v2\/users\/63"}],"replies":[{"embeddable":true,"href":"https:\/\/sisu.ut.ee\/sdce\/et\/wp-json\/wp\/v2\/comments?post=18"}],"version-history":[{"count":3,"href":"https:\/\/sisu.ut.ee\/sdce\/et\/wp-json\/wp\/v2\/pages\/18\/revisions"}],"predecessor-version":[{"id":872,"href":"https:\/\/sisu.ut.ee\/sdce\/et\/wp-json\/wp\/v2\/pages\/18\/revisions\/872"}],"wp:attachment":[{"href":"https:\/\/sisu.ut.ee\/sdce\/et\/wp-json\/wp\/v2\/media?parent=18"}],"curies":[{"name":"wp","href":"https:\/\/api.w.org\/{rel}","templated":true}]}}