{"id":17,"date":"2024-04-04T07:48:21","date_gmt":"2024-04-04T04:48:21","guid":{"rendered":"https:\/\/sisu.ut.ee\/sdce\/module-2-en\/"},"modified":"2024-05-29T14:54:54","modified_gmt":"2024-05-29T11:54:54","slug":"module-2-en","status":"publish","type":"page","link":"https:\/\/sisu.ut.ee\/sdce\/et\/module-2-en\/","title":{"rendered":"Moodul 2: Millised on \u00f5ppijate v\u00f5imalused?"},"content":{"rendered":"<blockquote>\n<p style=\"margin-bottom:.0001pt\">\n\t\t<img loading=\"lazy\" decoding=\"async\" width=\"305\" height=\"231\" class=\"alignnone wp-image-184\" style=\"width: 180px;height: 151px;float: right\" src=\"https:\/\/sisu.ut.ee\/wp-content\/uploads\/sites\/545\/picture2.jpg\" title=\"picture2.jpg\" alt=\"SDCE2\" srcset=\"https:\/\/sisu.ut.ee\/wp-content\/uploads\/sites\/545\/picture2.jpg 305w, https:\/\/sisu.ut.ee\/wp-content\/uploads\/sites\/545\/picture2-300x227.jpg 300w\" sizes=\"auto, (max-width: 305px) 100vw, 305px\"><strong><span style=\"line-height:115%\">J\u00e4tkake teise mooduliga ja uurige digitaalse kodanikuosaluse (DKO) tegevustes osalemise v\u00e4ljakutseid. Selles moodulis vaadeldakse asjakohaseid juhtumiuuringuid, et t\u00e4iendavate DKO projektide n\u00e4idete varal tuua v\u00e4lja nende eeliseid. Saate teada, kuidas erinevaid kodanikuosaluse projekte \u00e4ra tunda ja milliseid v\u00f5imalusi on uute loomiseks ning milliseid p\u00e4devusi ja oskusi te selle k\u00e4igus omandate. <\/span><\/strong>\n\t<\/p>\n<\/blockquote>\n<p style=\"margin-bottom:.0001pt\">\n\t\u00a0\n<\/p>\n<p style=\"margin-bottom:.0001pt\">\n\t<strong><span style=\"line-height:115%\">Selles moodulis k\u00e4sitletavad teemad:<\/span><\/strong>\n<\/p>\n<ol>\n<li style=\"margin-bottom:.0001pt\">\n\t\t<span style=\"line-height:115%\">Lahendamist vajavad probleemid \u2013 t\u00e4helepanu keskpunktis globaalsed probleemid<\/span>\n\t<\/li>\n<li style=\"margin-bottom:.0001pt\">\n\t\t<span style=\"line-height:115%\">Oma kogukonna arendamine kodanikuosaluse kaudu<\/span>\n\t<\/li>\n<li style=\"margin-bottom:.0001pt\">\n\t\t<span style=\"line-height:115%\">DKO projekt praktilise \u00f5ppe (service learning) meetodit rakendades<\/span>\n\t<\/li>\n<li style=\"margin-bottom:.0001pt\">\n\t\t<span style=\"line-height:115%\">DKO t\u00f5stab \u00f5ppijate p\u00e4devuste taset. Sellised on v\u00f5imalused<\/span>\n\t<\/li>\n<\/ol>\n<p style=\"margin-bottom:.0001pt\">\n\t\u00a0\n<\/p>\n<p style=\"margin-bottom:.0001pt\">\n\t<strong><span style=\"line-height:115%\">Mooduli l\u00e4binud \u00f5ppija<\/span><\/strong>\n<\/p>\n<ul>\n<li style=\"margin-bottom:.0001pt\">\n\t\t<span style=\"line-height:115%\">teab, kuidas tuvastada erinevaid probleeme kohalikes kogukondades ja probleeme globaalses mastaabis;<\/span>\n\t<\/li>\n<li style=\"margin-bottom:.0001pt\">\n\t\t<span style=\"line-height:115%\">oskab teha kindlaks, mis paneb projektid toimima; <\/span>\n\t<\/li>\n<li style=\"margin-bottom:.0001pt\">\n\t\t<span style=\"line-height:115%\">teab, miks DKO projektid oleksid kogukonnale kasulikud;<\/span>\n\t<\/li>\n<li style=\"margin-bottom:.0001pt\">\n\t\t<span style=\"line-height:115%\">m\u00f5istab praktilise \u00f5ppe (service-learning) m\u00f5istet ja eeliseid ning oskab tuua selle kohta n\u00e4iteid;<\/span>\n\t<\/li>\n<li style=\"margin-bottom:.0001pt\">\n\t\t<span style=\"line-height:115%\">teadvustab DigComp ja EntreComp p\u00e4devusi.<\/span>\n\t<\/li>\n<\/ul>\n<p style=\"margin-bottom: 0.0001pt\">\n\t\u00a0<\/p>\n","protected":false},"excerpt":{"rendered":"<p>J\u00e4tkake teise mooduliga ja uurige digitaalse kodanikuosaluse (DKO) tegevustes osalemise v\u00e4ljakutseid. Selles moodulis vaadeldakse asjakohaseid juhtumiuuringuid, et t\u00e4iendavate DKO projektide n\u00e4idete varal tuua v\u00e4lja nende eeliseid. Saate teada, kuidas erinevaid kodanikuosaluse projekte \u00e4ra tunda ja milliseid v\u00f5imalusi on uute loomiseks &#8230;<\/p>\n","protected":false},"author":63,"featured_media":0,"parent":0,"menu_order":0,"comment_status":"closed","ping_status":"closed","template":"","meta":{"_acf_changed":false,"inline_featured_image":false,"footnotes":""},"class_list":["post-17","page","type-page","status-publish","hentry"],"acf":[],"_links":{"self":[{"href":"https:\/\/sisu.ut.ee\/sdce\/et\/wp-json\/wp\/v2\/pages\/17","targetHints":{"allow":["GET"]}}],"collection":[{"href":"https:\/\/sisu.ut.ee\/sdce\/et\/wp-json\/wp\/v2\/pages"}],"about":[{"href":"https:\/\/sisu.ut.ee\/sdce\/et\/wp-json\/wp\/v2\/types\/page"}],"author":[{"embeddable":true,"href":"https:\/\/sisu.ut.ee\/sdce\/et\/wp-json\/wp\/v2\/users\/63"}],"replies":[{"embeddable":true,"href":"https:\/\/sisu.ut.ee\/sdce\/et\/wp-json\/wp\/v2\/comments?post=17"}],"version-history":[{"count":1,"href":"https:\/\/sisu.ut.ee\/sdce\/et\/wp-json\/wp\/v2\/pages\/17\/revisions"}],"predecessor-version":[{"id":624,"href":"https:\/\/sisu.ut.ee\/sdce\/et\/wp-json\/wp\/v2\/pages\/17\/revisions\/624"}],"wp:attachment":[{"href":"https:\/\/sisu.ut.ee\/sdce\/et\/wp-json\/wp\/v2\/media?parent=17"}],"curies":[{"name":"wp","href":"https:\/\/api.w.org\/{rel}","templated":true}]}}