{"id":166,"date":"2024-04-04T07:48:38","date_gmt":"2024-04-04T04:48:38","guid":{"rendered":"https:\/\/sisu.ut.ee\/sdce\/study-guide-en-3\/"},"modified":"2024-06-26T14:20:16","modified_gmt":"2024-06-26T11:20:16","slug":"study-guide-en-3","status":"publish","type":"page","link":"https:\/\/sisu.ut.ee\/sdce\/et\/study-guide-en-3\/","title":{"rendered":"\u00d5pijuhis"},"content":{"rendered":"<h2>Kursuse materjalide \u00fclesehitus<\/h2>\n<p><span style=\"background: white;\"><span style=\"line-height: normal;\"><span style=\"color: #565656;\">Kursuse maht on 1 EAP (26 tundi \u00f5ppija t\u00f6\u00f6d) ja see koosneb 6 moodulist,\u00a0millest iga\u00fcks omakorda 4 teemast. Kursus on koostatud iseseisvalt\u00a0l\u00e4bimiseks. \u00d5ppematerjal\u00a0koosneb tekstiosast, l\u00fchikestest videoloengutest, juhtumikirjeldustest (n\u00e4idetest), enesekontrolli testidest ja hindamistestidest ning iga mooduli l\u00f5pus on viited allikatele ja lisamaterjalidele.<\/span><\/span><\/span><\/p>\n<p style=\"margin-bottom: 7.5pt; text-align: justify;\"><span style=\"background: white;\"><span style=\"line-height: normal;\"><span style=\"color: #565656;\">Moodulid p\u00f5hinevad Student DCE projekti raames v\u00e4lja t\u00f6\u00f6tatud avatud \u00f5ppeamaterjalidel.<\/span><\/span><\/span><\/p>\n<p><span style=\"background: white;\"><span style=\"line-height: normal;\"><span style=\"color: #565656;\">Mooduli sissejuhatav leht annab \u00fclevaate k\u00e4sitletavatest teemadest ja \u00f5pitulemustest. Iga moodul koosneb 4 teemast ja annab baasteadmised nende teemade kohta, sisaldades linke n\u00e4idetele, ressurssidele ja\/v\u00f5i videotele, mis illustreerivad ja annavad selle teema kohta lisateadmisi. Iga mooduli l\u00f5pus on hindamistest ja lehek\u00fclg t\u00e4iendavateks lugemiseks m\u00f5eldud viidetega, kui on soov teemasse p\u00f5hjalikumalt s\u00fcveneda.<\/span><\/span><\/span><\/p>\n<p dir=\"ltr\"><span style=\"line-height: 107%;\"><span style=\"color: #565656;\">Iga teema l\u00f5peb enesekontrolli testiga, mis v\u00f5imaldab\u00a0omandatud teadmisi proovile panna. Need testid on \u00fcks osa\u00a0kursusest\u00a0ja on tungivalt soovitatav need k\u00f5ik\u00a0sooritada.<\/span><\/span><\/p>\n<p dir=\"ltr\">\n<\/p><h2 dir=\"ltr\">Enesekontrolli testid<\/h2>\n<p>Iga teema l\u00f5pus on enesekontrolli harjutused, mis v\u00f5imaldavad \u00f5ppijal oma teadmisi konkreetsel teemal proovile panna. Testid on \u00fcles ehitatud p\u00f5him\u00f5ttel, et iga k\u00fcsimus on eraldi slaidil ja l\u00f5pptulemus on n\u00e4ha viimasel slaidil. Pange t\u00e4hele, et m\u00f5nele k\u00fcsimusele on v\u00f5imalik anda mitu vastust. Enesekontrolli testi k\u00fcsimustele saab vastata mitu korda ja kontrollida ka \u00f5igeid vastuseid.<\/p>\n<p style=\"margin-bottom: .0001pt; text-align: justify;\">\n<\/p><h2>Hindamistestid<\/h2>\n<p><span style=\"background: white;\"><span style=\"line-height: normal;\"><span style=\"color: #565656;\">Hindamistestides kasutatakse samu tagasisidem\u00e4rke. Iga hindamistesti saab l\u00f5petada ainult testi viimasel slaidil, kuigi k\u00fcsimustele saab vastata juhuslikus j\u00e4rjekorras. Pange t\u00e4hele, et k\u00fcsimuse all olev sinine nupp n\u00e4itab, millistele k\u00fcsimustele vastatakse. L\u00f5plikud tulemused kuvatakse, kui k\u00f5ik k\u00fcsimused on vastatud ja viimasel slaidil l\u00f5petatud.<\/span><\/span><\/span><\/p>\n<p><span style=\"line-height: 107%;\"><span style=\"color: #565656;\">Hindamisteste saab sooritada nii mitu korda kui vaja. Soovitame k\u00f5ik harjutused l\u00e4bi teha ja nendega t\u00f6\u00f6tada kuni 100%-lise tulemuse saavutamiseni, kuigi moodul loetakse l\u00e4bituks\u00a075% \u00f5igete vastustega, ning alles siis liikuda j\u00e4rgmise teema juurde.<\/span><\/span><\/p>\n","protected":false},"excerpt":{"rendered":"<p>Kursuse materjalide \u00fclesehitus Kursuse maht on 1 EAP (26 tundi \u00f5ppija t\u00f6\u00f6d) ja see koosneb 6 moodulist,\u00a0millest iga\u00fcks omakorda 4 teemast. Kursus on koostatud iseseisvalt\u00a0l\u00e4bimiseks. \u00d5ppematerjal\u00a0koosneb tekstiosast, l\u00fchikestest videoloengutest, juhtumikirjeldustest (n\u00e4idetest), enesekontrolli testidest ja hindamistestidest ning iga mooduli l\u00f5pus on &#8230;<\/p>\n","protected":false},"author":63,"featured_media":0,"parent":0,"menu_order":0,"comment_status":"closed","ping_status":"closed","template":"","meta":{"_acf_changed":false,"inline_featured_image":false,"footnotes":""},"class_list":["post-166","page","type-page","status-publish","hentry"],"acf":[],"_links":{"self":[{"href":"https:\/\/sisu.ut.ee\/sdce\/et\/wp-json\/wp\/v2\/pages\/166","targetHints":{"allow":["GET"]}}],"collection":[{"href":"https:\/\/sisu.ut.ee\/sdce\/et\/wp-json\/wp\/v2\/pages"}],"about":[{"href":"https:\/\/sisu.ut.ee\/sdce\/et\/wp-json\/wp\/v2\/types\/page"}],"author":[{"embeddable":true,"href":"https:\/\/sisu.ut.ee\/sdce\/et\/wp-json\/wp\/v2\/users\/63"}],"replies":[{"embeddable":true,"href":"https:\/\/sisu.ut.ee\/sdce\/et\/wp-json\/wp\/v2\/comments?post=166"}],"version-history":[{"count":2,"href":"https:\/\/sisu.ut.ee\/sdce\/et\/wp-json\/wp\/v2\/pages\/166\/revisions"}],"predecessor-version":[{"id":1186,"href":"https:\/\/sisu.ut.ee\/sdce\/et\/wp-json\/wp\/v2\/pages\/166\/revisions\/1186"}],"wp:attachment":[{"href":"https:\/\/sisu.ut.ee\/sdce\/et\/wp-json\/wp\/v2\/media?parent=166"}],"curies":[{"name":"wp","href":"https:\/\/api.w.org\/{rel}","templated":true}]}}