{"id":13,"date":"2024-04-04T07:48:27","date_gmt":"2024-04-04T04:48:27","guid":{"rendered":"https:\/\/sisu.ut.ee\/sdce\/module-1-4\/"},"modified":"2024-05-29T15:40:20","modified_gmt":"2024-05-29T12:40:20","slug":"module-1-4","status":"publish","type":"page","link":"https:\/\/sisu.ut.ee\/sdce\/et\/module-1-4\/","title":{"rendered":"Teema 4: \u00dcli\u00f5pilaste digitaalse kodanikuosaluse n\u00e4ited"},"content":{"rendered":"<blockquote>\r\n\t<h4 style=\"margin-bottom: 0.0001pt\">\r\n\t\t<img loading=\"lazy\" decoding=\"async\" width=\"531\" height=\"399\" class=\"alignnone wp-image-179\" style=\"width: 150px;height: 113px;float: right\" src=\"https:\/\/sisu.ut.ee\/wp-content\/uploads\/sites\/545\/sdce_clowd.png\" title=\"sdce_clowd.png\" alt=\"SDCE_clowd\" srcset=\"https:\/\/sisu.ut.ee\/wp-content\/uploads\/sites\/545\/sdce_clowd.png 531w, https:\/\/sisu.ut.ee\/wp-content\/uploads\/sites\/545\/sdce_clowd-300x225.png 300w\" sizes=\"auto, (max-width: 531px) 100vw, 531px\"><span style=\"line-height:normal\">Selle teema \u00f5pieesm\u00e4rk on anda \u00f5ppijatele ideid, kuidas digitaalne kodanikuosaluse projekt praktikas v\u00e4lja n\u00e4eb. \u00d5ppijatele tutvustatakse Euroopa \u00fcli\u00f5pilaste praktilisi n\u00e4iteid digitaalsest kodanikuosalusest.<\/span>\r\n\t<\/h4>\r\n<\/blockquote>\r\n\r\n<p style=\"margin-bottom:.0001pt\">\r\n\t\u00a0\r\n<\/p>\r\n\r\n<h3 style=\"margin-bottom: 0.0001pt\">\r\n\t<b><span><span style=\"line-height:107%\"><span>\u00dcli\u00f5pilaste \u00f5ppimine ja kodanikuosalus<\/span><\/span><\/span><\/b><img loading=\"lazy\" decoding=\"async\" width=\"536\" height=\"668\" class=\"alignnone wp-image-191\" style=\"width: 200px;height: 249px;float: right\" src=\"https:\/\/sisu.ut.ee\/wp-content\/uploads\/sites\/545\/picture_1_4.jpg\" title=\"picture_1_4.jpg\" alt=\"SDCE1-4\" srcset=\"https:\/\/sisu.ut.ee\/wp-content\/uploads\/sites\/545\/picture_1_4.jpg 536w, https:\/\/sisu.ut.ee\/wp-content\/uploads\/sites\/545\/picture_1_4-241x300.jpg 241w\" sizes=\"auto, (max-width: 536px) 100vw, 536px\">\r\n<\/h3>\r\n\r\n<p style=\"margin-bottom:.0001pt\">\r\n\t<span style=\"line-height:normal\">Teadlased on leidnud statistiliselt olulise seose kodanikuosaluse ja akadeemilise kaasatuse vahel. \u00dcli\u00f5pilased, kes tegelevad kodanikuk\u00fcsimustega akadeemilises tegevuses ja seovad teooria praktikaga, tugevdavad kriitilise m\u00f5tlemise, suhtlemise ja koost\u00f6\u00f6 v\u00f5tmep\u00e4devusi ning nad arendavad emotsionaalset intelligentsust ja kohusetundlikku empaatiat kogukonda kuuludes.<\/span>\r\n<\/p>\r\n\r\n<p style=\"margin-bottom:.0001pt\">\r\n\t\u00a0\r\n<\/p>\r\n\r\n<h3 style=\"margin-bottom: 0.0001pt\">\r\n\t<span style=\"line-height:normal\"><b><span>Kaks n\u00e4idet \u00fcli\u00f5pilaste digitaalsest kodanikuosalusest<\/span><\/b><\/span>\r\n<\/h3>\r\n\r\n<p style=\"margin-bottom:.0001pt\">\r\n\t<span style=\"line-height:normal\"><span>Iirimaa <b>Galway Mayo Tehnoloogiainstituut (GMIT)<\/b> t\u00f6\u00f6tas v\u00e4lja mooduli oma turundusvaldkonna kursuste jaoks. See moodul pakkus turundus- ja disainitudengitele vajalikke oskusi, mis toetavad vabatahtliku v\u00f5i kogukonnaprojekti v\u00e4ljat\u00f6\u00f6tamist.<\/span><\/span>\r\n<\/p>\r\n\r\n<p style=\"margin-bottom:.0001pt\">\r\n\t<span style=\"line-height:normal\"><span>\u00dcli\u00f5pilased pakkusid oma oskusi ja teadmisi kohalikele kogukondadele. Nad t\u00f6\u00f6tasid vahetult kogukondade ja vabatahtlike organisatsioonidega, abistades neid oma digilahenduste ideede ja oskustega ning rakendasid kogu mooduli jooksul \u00f5pitut reaalses elus.<\/span><\/span>\r\n<\/p>\r\n\r\n<p style=\"margin-bottom:.0001pt\">\r\n\t\u00a0\r\n<\/p>\r\n\r\n<p style=\"margin-bottom:.0001pt\">\r\n\t<span style=\"line-height:normal\"><b>Tartu Welcome Center<\/b> on mittetulundus\u00fching Tartus, Eestis. Nende eesm\u00e4rk on aidata Tartusse ja L\u00f5una-Eestisse saabuvatel uussisser\u00e4ndajatel sujuvalt kohaneda ja Eesti \u00fchiskonda sisse elada. Welcome Center pakkus uutele tulijatele teenuseid, milleks olid tasuta konsultatsioonid, registriteenused, kultuuri- ja v\u00f5rgustiku\u00fcritused ning kasulik teave. \u00dcli\u00f5pilased saavad panustada vabatahtlikena.<\/span>\r\n<\/p>\r\n\r\n<h2 style=\"margin-bottom: 0.0001pt\">\r\n\t<span style=\"line-height:normal\"><span lang=\"EN-GB\">Enesekontrolli test<\/span><\/span>\r\n<\/h2>\r\n\r\n<div class=\"h5p-iframe-wrapper\"><div class=\"video-placeholder-wrapper video-placeholder-wrapper--fixed\" style=\"height: 366px;\">\n\t\t\t    <div class=\"video-placeholder d-flex justify-content-center align-items-center\">\n\t\t\t        <div class=\"overlay text-white p-2 w-100 text-center d-block justify-content-center align-items-center\">\n\t\t\t            <div>Kolmandate osapoolte sisu n\u00e4gemiseks palun n\u00f5ustu k\u00fcpsistega.<\/div>\n\t\t\t            <button class=\"btn btn-secondary btn-sm mt-1 consent-change\">Muuda n\u00f5usolekut<\/button>\n\t\t\t        <\/div>\n\t\t\t    <\/div>\n\t\t\t<\/div>\n<\/div>\r\n","protected":false},"excerpt":{"rendered":"<p>Selle teema \u00f5pieesm\u00e4rk on anda \u00f5ppijatele ideid, kuidas digitaalne kodanikuosaluse projekt praktikas v\u00e4lja n\u00e4eb. \u00d5ppijatele tutvustatakse Euroopa \u00fcli\u00f5pilaste praktilisi n\u00e4iteid digitaalsest kodanikuosalusest. \u00a0 \u00dcli\u00f5pilaste \u00f5ppimine ja kodanikuosalus Teadlased on leidnud statistiliselt olulise seose kodanikuosaluse ja akadeemilise kaasatuse vahel. \u00dcli\u00f5pilased, kes &#8230;<\/p>\n","protected":false},"author":63,"featured_media":0,"parent":0,"menu_order":0,"comment_status":"closed","ping_status":"closed","template":"","meta":{"_acf_changed":false,"inline_featured_image":false,"footnotes":""},"class_list":["post-13","page","type-page","status-publish","hentry"],"acf":[],"_links":{"self":[{"href":"https:\/\/sisu.ut.ee\/sdce\/et\/wp-json\/wp\/v2\/pages\/13","targetHints":{"allow":["GET"]}}],"collection":[{"href":"https:\/\/sisu.ut.ee\/sdce\/et\/wp-json\/wp\/v2\/pages"}],"about":[{"href":"https:\/\/sisu.ut.ee\/sdce\/et\/wp-json\/wp\/v2\/types\/page"}],"author":[{"embeddable":true,"href":"https:\/\/sisu.ut.ee\/sdce\/et\/wp-json\/wp\/v2\/users\/63"}],"replies":[{"embeddable":true,"href":"https:\/\/sisu.ut.ee\/sdce\/et\/wp-json\/wp\/v2\/comments?post=13"}],"version-history":[{"count":3,"href":"https:\/\/sisu.ut.ee\/sdce\/et\/wp-json\/wp\/v2\/pages\/13\/revisions"}],"predecessor-version":[{"id":873,"href":"https:\/\/sisu.ut.ee\/sdce\/et\/wp-json\/wp\/v2\/pages\/13\/revisions\/873"}],"wp:attachment":[{"href":"https:\/\/sisu.ut.ee\/sdce\/et\/wp-json\/wp\/v2\/media?parent=13"}],"curies":[{"name":"wp","href":"https:\/\/api.w.org\/{rel}","templated":true}]}}