{"id":11,"date":"2024-04-04T07:48:22","date_gmt":"2024-04-04T04:48:22","guid":{"rendered":"https:\/\/sisu.ut.ee\/sdce\/module-1-3\/"},"modified":"2024-04-05T12:37:15","modified_gmt":"2024-04-05T09:37:15","slug":"module-1-3","status":"publish","type":"page","link":"https:\/\/sisu.ut.ee\/sdce\/et\/module-1-3\/","title":{"rendered":"Teema 3: Milliseid p\u00e4devusi \u00f5ppijad kui kodaniku\u00fchiskonns osalejed arendavad?"},"content":{"rendered":"<blockquote>\r\n\t<h4 style=\"margin-bottom: 0.0001pt\">\r\n\t\t<img loading=\"lazy\" decoding=\"async\" width=\"531\" height=\"399\" class=\"alignnone wp-image-179\" style=\"width: 150px;height: 113px;float: right\" src=\"https:\/\/sisu.ut.ee\/wp-content\/uploads\/sites\/545\/sdce_clowd.png\" title=\"sdce_clowd.png\" alt=\"SDCE_clowd\" srcset=\"https:\/\/sisu.ut.ee\/wp-content\/uploads\/sites\/545\/sdce_clowd.png 531w, https:\/\/sisu.ut.ee\/wp-content\/uploads\/sites\/545\/sdce_clowd-300x225.png 300w\" sizes=\"auto, (max-width: 531px) 100vw, 531px\">Selle teema \u00f5pieesm\u00e4rk on \u00f5ppida tundma digi- ja ettev\u00f5tlusp\u00e4devusi, mida \u00f5ppijad saavad digitaalse kodanikuaktiivsuse k\u00e4igus omandada.\r\n\t<\/h4>\r\n<\/blockquote>\r\n\r\n<p>\r\n\t\u00a0\r\n<\/p>\r\n\r\n<h3 style=\"margin-bottom: 0.0001pt\">\r\n\t<span style=\"line-height:normal\"><b><span>Digitaalse kodanikuosaluse p\u00e4devusraamistikud<\/span><\/b><\/span>\r\n<\/h3>\r\n\r\n<p style=\"margin-bottom:.0001pt\">\r\n\t<span style=\"line-height:normal\"><span>Euroopas on kaks raamistikku, mille alusel saab v\u00e4lja tuua p\u00e4devusi, mida \u00f5ppijad saavad kodanikuosaluse projektides osaledes arendada.<\/span><\/span>\r\n<\/p>\r\n\r\n<p style=\"margin-bottom:.0001pt\">\r\n\t<span style=\"line-height:normal\"><b><span>EntreComp<\/span><\/b><span> on Euroopa ettev\u00f5tlusp\u00e4devuste raamistik ja defineerib ettev\u00f5tlust kui valdkondade \u00fclest \u00fcldp\u00e4devust (alates isiklikust arengust kuni \u00fchiskonnas osalemiseni ja t\u00f6\u00f6turule sisenemisest kuni ettev\u00f5tmiste k\u00e4ivitamiseni).<\/span><\/span>\r\n<\/p>\r\n\r\n<p style=\"margin-bottom:.0001pt\">\r\n\t<span style=\"line-height:normal\"><b><span>DigComp<\/span><\/b><span> on Euroopa kodanike digip\u00e4devuse raamistik ja t\u00f6\u00f6vahend konkreetsete sihtr\u00fchmade digip\u00e4devuste arendamiseks hariduses ja koolitustegevustes.<\/span><\/span>\r\n<\/p>\r\n\r\n<p style=\"margin-bottom:.0001pt\">\r\n\t<span style=\"line-height:normal\"><span>M\u00f5lemad p\u00e4devusraamistikud on Euroopa Komisjonis heaks kiidetud ja kasutusel.<\/span><\/span>\r\n<\/p>\r\n\r\n<p style=\"margin-bottom:.0001pt\">\r\n\t\u00a0\r\n<\/p>\r\n\r\n<h3 style=\"margin-bottom: 0.0001pt\">\r\n\t<span style=\"line-height:normal\"><b><span lang=\"EN-GB\">EntreComp<\/span><\/b><\/span>\r\n<\/h3>\r\n\r\n<p style=\"margin-bottom:.0001pt\">\r\n\t<img loading=\"lazy\" decoding=\"async\" width=\"838\" height=\"1043\" class=\"alignnone wp-image-188\" style=\"float: right\" src=\"https:\/\/sisu.ut.ee\/wp-content\/uploads\/sites\/545\/entrecomp_2.png\" title=\"entrecomp_2.png\" alt=\"EntreComp\" srcset=\"https:\/\/sisu.ut.ee\/wp-content\/uploads\/sites\/545\/entrecomp_2.png 838w, https:\/\/sisu.ut.ee\/wp-content\/uploads\/sites\/545\/entrecomp_2-241x300.png 241w, https:\/\/sisu.ut.ee\/wp-content\/uploads\/sites\/545\/entrecomp_2-823x1024.png 823w, https:\/\/sisu.ut.ee\/wp-content\/uploads\/sites\/545\/entrecomp_2-768x956.png 768w\" sizes=\"auto, (max-width: 838px) 100vw, 838px\">\r\n<\/p>\r\n\r\n<p style=\"margin-bottom:.0001pt\">\r\n\t<span style=\"line-height:normal\"><b><span>EntreComp koosneb 3 kompetentsivaldkonnast ja 15 p\u00e4devusest, nagu on n\u00e4idatud\u00a0joonisel:<\/span><\/b><\/span>\r\n<\/p>\r\n\r\n<ol>\r\n\t<li style=\"margin-top: 0cm;margin-right: 0cm;margin-bottom: 0.0001pt\">\r\n\t\t<span style=\"line-height:normal\"><span>Kompetentsivaldkonnas <strong>IDEED JA V\u00d5IMALUSED <\/strong>(<\/span><\/span>IDEAS &amp; OPPORTUNITIES)<span style=\"line-height:normal\"><span> aitavad digitaalse kodanikuosaluse tegevused kaasa eelk\u00f5ige p\u00e4devusele <strong>EETILINE JA J\u00c4TKUSUUTLIK M\u00d5TLEMINE<\/strong> (<\/span><\/span>ETHICAL AND SUSTAINABLE THINKING)<span style=\"line-height:normal\"><span>: \u00d5ppijad m\u00f5istavad, et igasugune idee sotsiaalse probleemi lahendamiseks kasutades digivahendeid peaks p\u00f5hinema eetilistel p\u00f5him\u00f5tetel ja v\u00e4\u00e4rtustel, mis on seotud soo, v\u00f5rdsuse, \u00f5igluse, sotsiaalse \u00f5igluse ja keskkonnas\u00e4\u00e4stlikkusega.<\/span><\/span>\r\n\t<\/li>\r\n\t<li style=\"margin-top: 0cm;margin-right: 0cm;margin-bottom: 0.0001pt\">\r\n\t\tKompetentsivaldkonnas <strong>RESSURSID <\/strong>(RESOURCES) aitavad digitaalse kodanikuosaluse tegevused kaasa eelk\u00f5ige p\u00e4devusele <strong>ENESETEADVUS JA ENESET\u00d5HUSUS<\/strong> (SELF-AWARENESS &amp; SELF-EFFICACY): \u00f5ppijad, kes on kaastaud digitaalsetes kodanikuosaluse tegevustes, \u00f5pivad, kuidas nad saavad aidata kaasa sotsiaalsete muutuste tekkele.\r\n\t<\/li>\r\n\t<li style=\"margin-top:0cm;margin-right:0cm;margin-bottom:.0001pt\">\r\n\t\t<span style=\"line-height:normal\"><span>Kompetentsivaldkonnas <strong>TEGEVUSED <\/strong>(<\/span><\/span>INTO ACTION)<span style=\"line-height:normal\"><span> panustavad digitaalsed kodanikuosaluse tegevused eelk\u00f5ige p\u00e4devusele <strong>TEISTEGA T\u00d6\u00d6TAMINE <\/strong>(<\/span><\/span>WORKING WITH OTHERS)<span style=\"line-height:normal\"><span>: Digitaalne kodanikuosalus eeldab \u00f5ppijatelt teistega koost\u00f6\u00f6d. See v\u00f5ib h\u00f5lmata \u00f5petajaid, eakaaslasi ja organisatsioone, kes t\u00f6\u00f6tavad koos kogukonnaprobleemide kallal. \u00d5ppijad \u00f5pivad, kuidas luua ja hoida h\u00e4id t\u00f6\u00f6suhteid ning kuidas kasutada digivahendeid, mis h\u00f5lbustavad ja t\u00f5hustavad t\u00f6\u00f6d meeskonnaliikmete vahel.<\/span><\/span>\r\n\t<\/li>\r\n<\/ol>\r\n\r\n<p style=\"margin-bottom:.0001pt\">\r\n\t\u00a0\r\n<\/p>\r\n\r\n<h3 style=\"margin-bottom: 0.0001pt\">\r\n\t<span style=\"line-height:normal\"><b><span lang=\"EN-US\">DigComp<\/span><\/b><\/span>\r\n<\/h3>\r\n\r\n<p style=\"margin-bottom:.0001pt\">\r\n\t<span style=\"line-height:normal\"><span>\u00d5ppijad suurendavad oma digip\u00e4devusi, osaledes digitaalsetes kodanikuosaluse tegevustes. DigComp koosneb 5<strong> kompetentsivaldkonnast <\/strong>ja<strong> 21<\/strong><\/span><\/span><img loading=\"lazy\" decoding=\"async\" width=\"837\" height=\"1043\" class=\"alignnone wp-image-187\" style=\"float:right\" src=\"https:\/\/sisu.ut.ee\/wp-content\/uploads\/sites\/545\/digcomp.png\" title=\"digcomp.png\" alt=\"DigComp\" srcset=\"https:\/\/sisu.ut.ee\/wp-content\/uploads\/sites\/545\/digcomp.png 837w, https:\/\/sisu.ut.ee\/wp-content\/uploads\/sites\/545\/digcomp-241x300.png 241w, https:\/\/sisu.ut.ee\/wp-content\/uploads\/sites\/545\/digcomp-822x1024.png 822w, https:\/\/sisu.ut.ee\/wp-content\/uploads\/sites\/545\/digcomp-768x957.png 768w\" sizes=\"auto, (max-width: 837px) 100vw, 837px\"><span style=\"line-height:normal\"><span><strong> p\u00e4devusest<\/strong>. 5 kompetentsivaldkonda on illustreeritud joonisel:<\/span><\/span>\r\n<\/p>\r\n\r\n<p style=\"margin-bottom:.0001pt\">\r\n\t\u00a0\r\n<\/p>\r\n\r\n<ol>\r\n\t<li style=\"margin-top:0cm;margin-right:0cm;margin-bottom:.0001pt\">\r\n\t\t<span style=\"line-height:normal\"><span>Kompetentsivaldkonnas <b>INFO- JA ANDMEP\u00c4DEVUS <\/b>(<span style=\"text-transform:uppercase\">Information and Data literacy<\/span>)<b> <\/b>toetavad digitaalsed kodanikuoskuse tegevused eelk\u00f5ige p\u00e4devust <strong>ANDMETE, TEABE JA DIGISISU SIRVIMINE, OTSING JA FILTREERIMINE\u00a0<\/strong><\/span><\/span>(BROWSING, SEARCHING AND FILTERING DATA, INFORMATION AND DIGITAL CONTENT):<span style=\"line-height:normal\"><span>\u00a0Kodanikuosaluse tegevused n\u00f5uavad \u00f5ppijatelt uurimist\u00f6\u00f6d valdkonnas, millele nad reageerivad. Seega arendavad \u00f5ppijad v\u00f5imet t\u00f5husalt sirvida ja otsida andmeid, mis on nende vajadustele k\u00f5ige sobivaimad.<\/span><\/span>\r\n\t<\/li>\r\n\t<li style=\"margin-top:0cm;margin-right:0cm;margin-bottom:.0001pt\">\r\n\t\t<span style=\"line-height:normal\"><span>Kompetentsivaldkonnas <b>SUHTLEMINE JA KOOST\u00d6\u00d6<\/b> (FILTERING DATA, INFORMATION AND DIGITAL CONTENT) toetavad digitaalsed kodanikuoskuse tegevused p\u00e4devust <b>DIGITEHNOLOOGIA VAHENDUSEL KODAKONIKUTEGEVUSTES OSALEMINE<\/b> (ENGAGING IN CITIZENSHIP THROUGH DIGITAL TECHNOLOGIES): \u00d5ppijad arendavad oma kodanikup\u00e4devust, olles v\u00f5imelised kasutama digitehnoloogiaid, mis h\u00f5lbustavad \u00fchiskonnaelus osalemist ja oma arvamuse avaldamist olulistes avalikes k\u00fcsimustes.<\/span><\/span>\r\n\t<\/li>\r\n\t<li style=\"margin-top:0cm;margin-right:0cm;margin-bottom:.0001pt\">\r\n\t\t<span style=\"line-height:normal\"><span>Kompetentsivaldkonnas <b>DIGISISU LOOMINE<\/b> (DIGITAL CONTENT CREATION) <\/span><span>toetavad digitaalsed kodanikuoskuse tegevused eelk\u00f5ige p\u00e4devust <b>SISU ARENDAMINE<\/b> (DEVELOPING CONTENT): \u00d5ppijad oskavad valida ja kasutada sobivaid digivahendeid, mis v\u00f5imaldavad loovalt arendada \u00fchiskondlikku sisu, mis v\u00e4ljendab nende ideid, arvamusi v\u00f5i aitab h\u00f5lbustada kodanikuosaluse tegevuse elluviimist.<\/span><\/span>\r\n\t<\/li>\r\n\t<li style=\"margin-top:0cm;margin-right:0cm;margin-bottom:.0001pt\">\r\n\t\t<span style=\"line-height:normal\"><span>Kompetentsivaldkonnas <b>TURVALISUS <\/b>(SAFETY) <\/span><span>toetavad digitaalsed kodanikuoskuse tegevused eelk\u00f5ige p\u00e4devust <b>KESKKONNAKAITSE <\/b>(PROTECTING THE ENVIRONMENT): \u00d5ppijad arutavad ja jagavad teistega oma teadlikkust digitehnoloogia kasutamise m\u00f5just ning omandavad teadmisi tehnoloogia s\u00e4\u00e4stva kasutamise meetodite osas, mis v\u00e4hendavad m\u00f5ju keskkonnale.<\/span><\/span>\r\n\t<\/li>\r\n\t<li style=\"margin-top:0cm;margin-right:0cm;margin-bottom:.0001pt\">\r\n\t\t<span style=\"line-height:normal\"><span>Kompetentsivaldkonnas <b>PROBLEEMI LAHENDAMINE<\/b> (PROBLEM SOLVING) toetavad digitaalsed kodanikuoskuse tegevused eelk\u00f5ige p\u00e4devust <b>VAJADUSTE V\u00c4LJASELGITAMINE JA TEHNOLOOGILISED LAHENDUSED<\/b> (IDENTIFYING NEEDS AND TECHNOLOGICAL RESPONSES): \u00d5ppijad oskavad esmalt hinnata kogukonna vajadusi ja seej\u00e4rel valida digivahendid, mis aitavad kaasa k\u00fcsimuste v\u00f5i probleemide lahendamisele kogukonnas.<\/span><\/span>\r\n\t<\/li>\r\n<\/ol>\r\n\r\n<p style=\"margin-top:0cm;margin-right:0cm;margin-bottom:.0001pt\">\r\n\t\u00a0\r\n<\/p>\r\n\r\n<h2 style=\"margin-top: 0cm;margin-right: 0cm;margin-bottom: 0.0001pt\">\r\n\t<span style=\"line-height:normal\"><span lang=\"EN-GB\">Enesekontrolli test<\/span><\/span>\r\n<\/h2>\r\n\r\n<p style=\"margin-top:0cm;margin-right:0cm;margin-bottom:.0001pt\">\r\n\t<\/p><div class=\"h5p-iframe-wrapper\"><div class=\"video-placeholder-wrapper video-placeholder-wrapper--fixed\" style=\"height: 366px;\">\n\t\t\t    <div class=\"video-placeholder d-flex justify-content-center align-items-center\">\n\t\t\t        <div class=\"overlay text-white p-2 w-100 text-center d-block justify-content-center align-items-center\">\n\t\t\t            <div>Kolmandate osapoolte sisu n\u00e4gemiseks palun n\u00f5ustu k\u00fcpsistega.<\/div>\n\t\t\t            <button class=\"btn btn-secondary btn-sm mt-1 consent-change\">Muuda n\u00f5usolekut<\/button>\n\t\t\t        <\/div>\n\t\t\t    <\/div>\n\t\t\t<\/div>\n<\/div>\r\n\r\n","protected":false},"excerpt":{"rendered":"<p>Selle teema \u00f5pieesm\u00e4rk on \u00f5ppida tundma digi- ja ettev\u00f5tlusp\u00e4devusi, mida \u00f5ppijad saavad digitaalse kodanikuaktiivsuse k\u00e4igus omandada. \u00a0 Digitaalse kodanikuosaluse p\u00e4devusraamistikud Euroopas on kaks raamistikku, mille alusel saab v\u00e4lja tuua p\u00e4devusi, mida \u00f5ppijad saavad kodanikuosaluse projektides osaledes arendada. EntreComp on Euroopa &#8230;<\/p>\n","protected":false},"author":63,"featured_media":0,"parent":0,"menu_order":0,"comment_status":"closed","ping_status":"closed","template":"","meta":{"_acf_changed":false,"inline_featured_image":false,"footnotes":""},"class_list":["post-11","page","type-page","status-publish","hentry"],"acf":[],"_links":{"self":[{"href":"https:\/\/sisu.ut.ee\/sdce\/et\/wp-json\/wp\/v2\/pages\/11","targetHints":{"allow":["GET"]}}],"collection":[{"href":"https:\/\/sisu.ut.ee\/sdce\/et\/wp-json\/wp\/v2\/pages"}],"about":[{"href":"https:\/\/sisu.ut.ee\/sdce\/et\/wp-json\/wp\/v2\/types\/page"}],"author":[{"embeddable":true,"href":"https:\/\/sisu.ut.ee\/sdce\/et\/wp-json\/wp\/v2\/users\/63"}],"replies":[{"embeddable":true,"href":"https:\/\/sisu.ut.ee\/sdce\/et\/wp-json\/wp\/v2\/comments?post=11"}],"version-history":[{"count":3,"href":"https:\/\/sisu.ut.ee\/sdce\/et\/wp-json\/wp\/v2\/pages\/11\/revisions"}],"predecessor-version":[{"id":874,"href":"https:\/\/sisu.ut.ee\/sdce\/et\/wp-json\/wp\/v2\/pages\/11\/revisions\/874"}],"wp:attachment":[{"href":"https:\/\/sisu.ut.ee\/sdce\/et\/wp-json\/wp\/v2\/media?parent=11"}],"curies":[{"name":"wp","href":"https:\/\/api.w.org\/{rel}","templated":true}]}}