{"id":164,"date":"2024-04-04T07:48:38","date_gmt":"2024-04-04T04:48:38","guid":{"rendered":"https:\/\/sisu.ut.ee\/sdce\/study-guide-en\/"},"modified":"2024-06-26T14:40:50","modified_gmt":"2024-06-26T11:40:50","slug":"study-guide-en","status":"publish","type":"page","link":"https:\/\/sisu.ut.ee\/sdce\/de\/study-guide-en\/","title":{"rendered":"\u00dcbersicht"},"content":{"rendered":"<h2><strong>Aufbau des Kursmaterials<\/strong><\/h2>\n<p><span style=\"background: white;\"><span style=\"line-height: normal;\"><span style=\"color: #565656;\">Der Kurs ist in 6 Module gegliedert, die jeweils aus 4 Themen bestehen. Der Kurs ist so aufgebaut, dass er selbstst\u00e4ndig absolviert werden kann. Er besteht aus Lekt\u00fcreabschnitte, kurzen Videos, Praxisbeispielen, Tests zur Selbsteinsch\u00e4tzung und abschlie\u00dfenden Modultests sowie aus zus\u00e4tzlichen Ressourcen f\u00fcr jedes Modul. Der Kurs umfasst insgesamt 1 ECTS, das entspricht einen Arbeitsumfang von 25 Stunden.<\/span><\/span><\/span><\/p>\n<p style=\"margin-bottom: 7.5pt; text-align: justify;\"><span style=\"background: white;\"><span style=\"line-height: normal;\"><span style=\"color: #565656;\">Die Module wurden als <i>Open Educational Resources (OERs)<\/i> im Rahmen des Projektes <i>Students as Digital Civic Engagers<\/i> entwickelt und sind kostenfrei zug\u00e4nglich.<\/span><\/span><\/span><\/p>\n<p><span style=\"line-height: 107%;\"><span style=\"color: #565656;\">Zu Beginn jedes Moduls wird ein \u00dcberblick \u00fcber die Inhalte gegeben. Jedes Modul besteht aus 4 Themen und bietet ein grundlegendes Wissen zum Thema. Es stellt Links zu Praxisbeispielen, Videos und weiterf\u00fchrenden Ressourcen zu Verf\u00fcgung. Jedes Thema endet mit einem Schnelltest, mit dem die erworbenen Kenntnisse und F\u00e4higkeiten \u00fcberpr\u00fcft werden k\u00f6nnen.<\/span><\/span><\/p>\n<p dir=\"ltr\">\n<\/p><h2 dir=\"ltr\"><strong>Schnelltests<\/strong><\/h2>\n<p style=\"margin-bottom: 7.5pt; text-align: justify;\"><span style=\"background: white;\"><span style=\"line-height: normal;\"><span style=\"color: #565656;\">Am Ende jedes Themas gibt es einen Schnelltest, mit denen die Studierenden ihre erworbenen Kenntnisse und F\u00e4higkeiten \u00fcberpr\u00fcfen k\u00f6nnen. Bei den Schnelltests sind Mehrfachantworten m\u00f6glich. Die Fragen des Schnelltests k\u00f6nnen mehrmals beantwortet werden und die richtigen Antworten k\u00f6nnen abschlie\u00dfend \u00fcberpr\u00fcft werden.<\/span><\/span><\/span><\/p>\n<p style=\"margin-bottom: .0001pt; text-align: justify;\">\n<\/p><h2><strong><span style=\"background: white;\"><span style=\"line-height: normal;\"><span style=\"color: #565656;\">Modultests<\/span><\/span><\/span><\/strong><\/h2>\n<p><span style=\"background: white;\"><span style=\"line-height: normal;\"><span style=\"color: #565656;\">Die Modultests verwenden die gleiche Form der R\u00fcckmeldung. Die Modultests k\u00f6nnen nur am Ende jedes Moduls absolviert werden. Dabei zeigt die blaue Leiste unterhalb der Frage an, welche Fragen bereits beantwortet wurden. Das Ergebnis wird erst dann angezeigt, wenn alle Fragen beantwortet wurden.<\/span><\/span><\/span><\/p>\n<p><span style=\"line-height: 107%;\"><span style=\"color: #565656;\">Die Modultests k\u00f6nnen so oft wie m\u00f6glich durchgef\u00fchrt werden. Es wird empfohlen, alle Fragen so oft zu bearbeiten, bis eine Punktzahl von 100 % erreicht wurde; erst dann sollte das n\u00e4chste Modul begonnen werden. Zum Bestehen des Moduls reicht allerdings eine Punktanzahl von 75% aus.<\/span><\/span><\/p>\n","protected":false},"excerpt":{"rendered":"<p>Aufbau des Kursmaterials Der Kurs ist in 6 Module gegliedert, die jeweils aus 4 Themen bestehen. Der Kurs ist so aufgebaut, dass er selbstst\u00e4ndig absolviert werden kann. Er besteht aus Lekt\u00fcreabschnitte, kurzen Videos, Praxisbeispielen, Tests zur Selbsteinsch\u00e4tzung und abschlie\u00dfenden Modultests &#8230;<\/p>\n","protected":false},"author":63,"featured_media":0,"parent":0,"menu_order":0,"comment_status":"closed","ping_status":"closed","template":"","meta":{"_acf_changed":false,"inline_featured_image":false,"footnotes":""},"class_list":["post-164","page","type-page","status-publish","hentry"],"acf":[],"_links":{"self":[{"href":"https:\/\/sisu.ut.ee\/sdce\/de\/wp-json\/wp\/v2\/pages\/164","targetHints":{"allow":["GET"]}}],"collection":[{"href":"https:\/\/sisu.ut.ee\/sdce\/de\/wp-json\/wp\/v2\/pages"}],"about":[{"href":"https:\/\/sisu.ut.ee\/sdce\/de\/wp-json\/wp\/v2\/types\/page"}],"author":[{"embeddable":true,"href":"https:\/\/sisu.ut.ee\/sdce\/de\/wp-json\/wp\/v2\/users\/63"}],"replies":[{"embeddable":true,"href":"https:\/\/sisu.ut.ee\/sdce\/de\/wp-json\/wp\/v2\/comments?post=164"}],"version-history":[{"count":2,"href":"https:\/\/sisu.ut.ee\/sdce\/de\/wp-json\/wp\/v2\/pages\/164\/revisions"}],"predecessor-version":[{"id":1190,"href":"https:\/\/sisu.ut.ee\/sdce\/de\/wp-json\/wp\/v2\/pages\/164\/revisions\/1190"}],"wp:attachment":[{"href":"https:\/\/sisu.ut.ee\/sdce\/de\/wp-json\/wp\/v2\/media?parent=164"}],"curies":[{"name":"wp","href":"https:\/\/api.w.org\/{rel}","templated":true}]}}