{"id":155,"date":"2024-04-04T07:48:37","date_gmt":"2024-04-04T04:48:37","guid":{"rendered":"https:\/\/sisu.ut.ee\/sdce\/module-6-4-en-3\/"},"modified":"2024-04-05T12:37:07","modified_gmt":"2024-04-05T09:37:07","slug":"module-6-4-en-3","status":"publish","type":"page","link":"https:\/\/sisu.ut.ee\/sdce\/de\/module-6-4-en-3\/","title":{"rendered":"Thema 4: Digitale Tools zur Verbreitung von b\u00fcrgerschaftlichem Engagement"},"content":{"rendered":"<blockquote>\r\n\t<h4>\r\n\t\t<img loading=\"lazy\" decoding=\"async\" width=\"531\" height=\"399\" class=\"alignnone wp-image-179\" style=\"width: 150px;height: 113px;float: right\" src=\"https:\/\/sisu.ut.ee\/wp-content\/uploads\/sites\/545\/sdce_clowd.png\" title=\"sdce_clowd.png\" alt=\"SDCE_clowd\" srcset=\"https:\/\/sisu.ut.ee\/wp-content\/uploads\/sites\/545\/sdce_clowd.png 531w, https:\/\/sisu.ut.ee\/wp-content\/uploads\/sites\/545\/sdce_clowd-300x225.png 300w\" sizes=\"auto, (max-width: 531px) 100vw, 531px\">Dieses Thema stellt verschiedene digitale Tools und Plattformen vor, welche Studierende nutzen k\u00f6nnen, um ihr Projekt bekannt zu machen. Die Studierenden erwerben Wissen dar\u00fcber, welche Tools sich f\u00fcr welche Zwecke am besten eignen. Diese reichen vom Hosting einer Website bis zur Nutzung von Social Media f\u00fcr Marketingzwecke.\r\n\t<\/h4>\r\n<\/blockquote>\r\n\r\n<p>\r\n\t\u00a0\r\n<\/p>\r\n\r\n<h3>\r\n\t<img loading=\"lazy\" decoding=\"async\" width=\"536\" height=\"668\" class=\"alignnone wp-image-231\" style=\"width: 200px;height: 249px;float: right\" src=\"https:\/\/sisu.ut.ee\/wp-content\/uploads\/sites\/545\/picture6-4.jpg\" title=\"picture6-4.jpg\" alt=\"SDCE6-4\" srcset=\"https:\/\/sisu.ut.ee\/wp-content\/uploads\/sites\/545\/picture6-4.jpg 536w, https:\/\/sisu.ut.ee\/wp-content\/uploads\/sites\/545\/picture6-4-241x300.jpg 241w\" sizes=\"auto, (max-width: 536px) 100vw, 536px\">\r\n<\/h3>\r\n\r\n<h3>\r\n\t<b><span lang=\"DE-AT\"><span style=\"line-height:107%\">Digitale Tools zum Verbreiten eines Projekts zu digitalem studentischem Engagement<\/span><\/span><\/b>\r\n<\/h3>\r\n\r\n<p>\r\n\t<span lang=\"DE-AT\"><span style=\"line-height:107%\">Die Wahl der passenden digitalen Tools kann zum Erfolg eines Projektes zu digitalem studentischem Engagement beitragen.<\/span><\/span>\r\n<\/p>\r\n\r\n<p>\r\n\t<span lang=\"DE-AT\"><span style=\"line-height:107%\">Im Folgenden werden verschiedene digitale Tools vorgestellt, die f\u00fcr das Marketing eines Projektes genutzt werden k\u00f6nnen.<\/span><\/span>\r\n<\/p>\r\n\r\n<p>\r\n\t<span lang=\"DE-AT\"><span style=\"line-height:107%\">Da die finanziellen Mittel f\u00fcr Projekte zu digitalem studentischem Engagement h\u00e4ufig begrenzt sind, empfiehlt es sich, wenn m\u00f6glich, auf digitale Tools, die kostenlos zu Verf\u00fcgung gestellt werden, zur\u00fcckzugreifen.<\/span><\/span>\r\n<\/p>\r\n\r\n<p>\r\n\t\u00a0\r\n<\/p>\r\n\r\n<h3>\r\n\t<b><span lang=\"DE-AT\"><span style=\"line-height:107%\">Vom Tool zur Strategie<\/span><\/span><\/b>\r\n<\/h3>\r\n\r\n<p>\r\n\t<span lang=\"DE-AT\"><span style=\"line-height:107%\"><span>Digitale Tools eigenen sich f\u00fcr die Umsetzung der Marketingstrategie f\u00fcr ein Projekt. Im folgenden Video geht es darum, wie digitale Tools das b\u00fcrgerschaftliche Engagement in lokalen Gemeinschaften f\u00f6rdern kann: <\/span><\/span><\/span>\r\n<\/p>\r\n\r\n<p>\r\n\t<img loading=\"lazy\" decoding=\"async\" width=\"1716\" height=\"1094\" class=\"alignnone wp-image-232\" style=\"width: 300px;height: 191px\" src=\"https:\/\/sisu.ut.ee\/wp-content\/uploads\/sites\/545\/sdce_video6-4.png\" title=\"sdce_video6-4.png\" alt=\"SDCEvideo6-4\" srcset=\"https:\/\/sisu.ut.ee\/wp-content\/uploads\/sites\/545\/sdce_video6-4.png 1716w, https:\/\/sisu.ut.ee\/wp-content\/uploads\/sites\/545\/sdce_video6-4-300x191.png 300w, https:\/\/sisu.ut.ee\/wp-content\/uploads\/sites\/545\/sdce_video6-4-1024x653.png 1024w, https:\/\/sisu.ut.ee\/wp-content\/uploads\/sites\/545\/sdce_video6-4-768x490.png 768w, https:\/\/sisu.ut.ee\/wp-content\/uploads\/sites\/545\/sdce_video6-4-1536x979.png 1536w\" sizes=\"auto, (max-width: 1716px) 100vw, 1716px\"><span lang=\"EN-US\"><span style=\"line-height:107%\"><span>\u00a0<\/span><\/span><\/span><a data-url=\"https:\/\/www.youtube.com\/watch?v=nppvMyznqHc\" href=\"https:\/\/www.youtube.com\/watch?v=nppvMyznqHc\" target=\"_blank\" title=\"\" rel=\"noopener\">https:\/\/www.youtube.com\/watch?v=nppvMyznqHc<\/a>\r\n<\/p>\r\n\r\n<p>\r\n\t\u00a0\r\n<\/p>\r\n\r\n<h3>\r\n\t<b><span lang=\"DE\"><span style=\"line-height:107%\">Digitale Tools zur Verbreitung des Projektes<\/span><\/span><\/b>\r\n<\/h3>\r\n\r\n<p>\r\n\t<b><span lang=\"DE\"><span style=\"line-height:107%\">CANVA<\/span><\/span><\/b>\r\n<\/p>\r\n\r\n<p>\r\n\t<span lang=\"DE\"><span style=\"line-height:107%\">CANVA ist eine webbasierte Grafikdesign-Plattform zur Erstellung verschiedener visueller Inhalte wie Poster, Pr\u00e4sentationen, Lebensl\u00e4ufe, Infografiken, Kalender, Brosch\u00fcren usw. Nutzer*innen k\u00f6nnen aus \u00fcber 250.000 kostenlosen Vorlagen eine geeignete Vorlage ausw\u00e4hlen und Elemente (Text, Fotos usw.) per Drag-and-Drop in das Design einf\u00fcgen. Mit CANVA k\u00f6nnen digitale Posts, Poster, Videos, Vortragsfolien etc. graphisch ansprechend gestaltet werden. Die Nutzung von CANVA f\u00fcr private oder kommerzielle Zwecke ist kostenlos.<\/span><\/span><br><a data-url=\"http:\/\/www.canva.com\/\" href=\"http:\/\/www.canva.com\/\" target=\"_blank\" title=\"\" rel=\"noopener\">Link zu Canva<\/a>\r\n<\/p>\r\n\r\n<p>\r\n\t\u00a0\r\n<\/p>\r\n\r\n<p>\r\n\t<b><span lang=\"DE\"><span style=\"line-height:107%\">WORDPRESS<\/span><\/span><\/b>\r\n<\/p>\r\n\r\n<p>\r\n\t<span lang=\"DE-AT\"><span style=\"line-height:107%\">Urspr\u00fcnglich wurde WORDPRESS vor allem von Einzelpersonen und Organisationen zum Bloggen verwendet. Es kann aber auch zur Erstellung von Websites genutzt werden. Die Drag-and-Drop-Funktion erleichtert das Entwerfen einer Website.<\/span><\/span>\r\n<\/p>\r\n\r\n<p>\r\n\t<span lang=\"DE-AT\"><span style=\"line-height:107%\"><span>WORDPRESS verf\u00fcgt \u00fcber eine gro\u00dfe Anzahl von Plugins und kann daher mit anderen Tools kombiniert werden. Es kann auch mit mobilen Endger\u00e4ten gut genutzt werden.<\/span><\/span><\/span><br><a data-url=\"http:\/\/www.wordpress.com\/\" href=\"http:\/\/www.wordpress.com\/\" target=\"_blank\" title=\"\" rel=\"noopener\">Link zu WordPress<\/a>\r\n<\/p>\r\n\r\n<p>\r\n\t\u00a0\r\n<\/p>\r\n\r\n<p>\r\n\t<b><span lang=\"DE\"><span style=\"line-height:107%\">Stock Photo Sources<\/span><\/span><\/b>\r\n<\/p>\r\n\r\n<p>\r\n\t<span lang=\"DE-AT\"><span style=\"line-height:107%\">Visuell ansprechende Inhalte sind f\u00fcr die wirksame Verbreitung eines Projektes sehr wichtig, v.a. auf Social Media-Plattformen.<\/span><\/span>\r\n<\/p>\r\n\r\n<p>\r\n\t<span lang=\"DE-AT\"><span style=\"line-height:107%\">Dabei ist es wichtig, Bilder zu nutzen, deren Verwendung erlaubt, d.h. stattgegeben wurde. Ansonsten m\u00fcssen Lizenzgeb\u00fchren bezahlt werden.<\/span><\/span>\r\n<\/p>\r\n\r\n<p>\r\n\t<span lang=\"DE-AT\"><span style=\"line-height:107%\">Die folgenden Websites eignen sich f\u00fcr die Recherche und Beschaffung von urheberrechtsfreien Fotos:<\/span><\/span>\r\n<\/p>\r\n\r\n<p>\r\n\t\u00a0\r\n<\/p>\r\n\r\n<ul>\r\n\t<li>\r\n\t\t<a data-url=\"https:\/\/www.pexels.com\/\" href=\"https:\/\/www.pexels.com\/\" target=\"_blank\" title=\"\" rel=\"noopener\">Pexel<\/a>\r\n\t<\/li>\r\n\t<li>\r\n\t\t<a data-url=\"https:\/\/unsplash.com\/\" href=\"https:\/\/unsplash.com\/\" target=\"_blank\" title=\"\" rel=\"noopener\">Unsplash<\/a>\r\n\t<\/li>\r\n\t<li>\r\n\t\t<a data-url=\"https:\/\/pixabay.com\/\" href=\"https:\/\/pixabay.com\/\" target=\"_blank\" title=\"\" rel=\"noopener\">Pixabay<\/a>\r\n\t<\/li>\r\n<\/ul>\r\n\r\n<p>\r\n\t\u00a0\r\n<\/p>\r\n\r\n<p>\r\n\t<b><span lang=\"DE-AT\"><span style=\"line-height:107%\">Versenden von Newsletter mit MAILCHIMP<\/span><\/span><\/b>\r\n<\/p>\r\n\r\n<p>\r\n\t<span lang=\"DE-AT\"><span style=\"line-height:107%\">Das Verfassen und Verbreiten von Newsletter ist eine gute M\u00f6glichkeit, interessierte Personen \u00fcber den Fortschritt des Projekts auf dem Laufenden zu halten und sie dar\u00fcber zu informieren, wie sie sich am Projekt beteiligen oder dieses unterst\u00fctzen k\u00f6nnen.<\/span><\/span>\r\n<\/p>\r\n\r\n<p>\r\n\t<span lang=\"DE-AT\"><span style=\"line-height:107%\"><span>MAILCHIMP ist ein Online-Tool zur E-Mail-Automatisierung. Sie k\u00f6nnen E-Mails anhand einer Verteilerliste versenden. MAILCHIMP kann auch zur Erstellung automatisierter E-Mail-Marketingkampagnen verwendet werden.<\/span><\/span><\/span><br><a data-url=\"https:\/\/mailchimp.com\/\" href=\"https:\/\/mailchimp.com\/\" target=\"_blank\" title=\"\" rel=\"noopener\">Link zu Mailchimp<\/a>\r\n<\/p>\r\n\r\n<p>\r\n\t\u00a0\r\n<\/p>\r\n\r\n<p>\r\n\t<b><span lang=\"DE\"><span style=\"line-height:107%\">POWTOON f\u00fcr <i>Storytelling<\/i><\/span><\/span><\/b>\r\n<\/p>\r\n\r\n<p>\r\n\t<span lang=\"DE\"><span style=\"line-height:107%\">POWTOON ist ein Pr\u00e4sentations- und Animationsprogramm, das eingesetzt werden kann, um Inhalte ansprechend und interaktiv zu gestalten. Es erm\u00f6glicht Nutzer*innen, Themen mithilfe eines kurzen und einfachen \u201ePowtoon\u201c gezielt zu vermitteln. Verschiedene Funktionen stehen zur Verf\u00fcgung, wie z. B. eine personalisierte Sprachausgabe. Mit POWTOON k\u00f6nnen Videos und Pr\u00e4sentationen in Form von Animationen erstellt werden. Dies ist ideal f\u00fcr das Umsetzung der Methode des <i>Storytelling<\/i> im digitalen Raum.\u00a0<\/span><\/span><br><a data-url=\"https:\/\/www.googleadservices.com\/pagead\/aclk?sa=L&amp;ai=DChcSEwjmubil_bTvAhXK7e0KHYuhBUAYABAAGgJkZw&amp;ae=2&amp;ohost=www.google.com&amp;cid=CAESQOD2VKU0tTViFG-5ar3EGRbpx3eB4YNRdpiBRSauKC7ZOOfhRkS32Fowp0y9WzY47vrkAm69KnTLsbS0-ZSc7qU&amp;sig=AOD64_22zT57sC67UpeF4wPtu-LWbOQcEw&amp;q&amp;adurl&amp;ved=2ahUKEwi1wrKl_bTvAhVMVBUIHWRjDGgQ0Qx6BAgCEAE\" href=\"https:\/\/www.googleadservices.com\/pagead\/aclk?sa=L&amp;ai=DChcSEwjmubil_bTvAhXK7e0KHYuhBUAYABAAGgJkZw&amp;ae=2&amp;ohost=www.google.com&amp;cid=CAESQOD2VKU0tTViFG-5ar3EGRbpx3eB4YNRdpiBRSauKC7ZOOfhRkS32Fowp0y9WzY47vrkAm69KnTLsbS0-ZSc7qU&amp;sig=AOD64_22zT57sC67UpeF4wPtu-LWbOQcEw&amp;q&amp;adurl&amp;ved=2ahUKEwi1wrKl_bTvAhVMVBUIHWRjDGgQ0Qx6BAgCEAE\" target=\"_blank\" title=\"\" rel=\"noopener\">Link zu PowToon<\/a>\r\n<\/p>\r\n\r\n<p>\r\n\t\u00a0\r\n<\/p>\r\n\r\n<p>\r\n\t\u00a0\r\n<\/p>\r\n\r\n<h3>\r\n\t<b><span lang=\"DE-AT\"><span style=\"line-height:107%\">Social Media-Plattformen zur Verbreitung eines Projektes zu digitalem studentischem Engagement<\/span><\/span><\/b>\r\n<\/h3>\r\n\r\n<p>\r\n\t<span lang=\"DE-AT\"><span style=\"line-height:107%\">Der Inhalt und das Anliegen des je konkreten Projektes zu digitalem studentischem Engagement k\u00f6nnen bestimmen, welche Social Media-Plattform sich f\u00fcr die Verbreitung des Projekts eignen.<\/span><\/span>\r\n<\/p>\r\n\r\n<p>\r\n\t<span lang=\"DE-AT\"><span style=\"line-height:107%\">In der Wahl einer geeigneten Social Media-Plattform ist es wichtig, von der Zielgruppe auszugehen, die durch das Projekt unterst\u00fctzt werden sollen. Welche Plattform w\u00fcrde diese Gruppe nutzen?<\/span><\/span>\r\n<\/p>\r\n\r\n<p>\r\n\t<span lang=\"DE-AT\"><span style=\"line-height:107%\">Aber auch andere Aspekte gilt es bei der Wahl der Plattform zu bedenken. Wenn die Termine von Projekttreffen etwa ver\u00f6ffentlicht oder per Livestream \u00fcbertragen werden sollen, eignet sich z. B. Facebook. <\/span><\/span>\r\n<\/p>\r\n\r\n<p>\r\n\t<span><span style=\"line-height:107%\">Plattformen wie Instagram oder TikTok eignen sich dann, wenn das Projekt vor allem visuell pr\u00e4sentiert werden soll.<\/span><\/span>\r\n<\/p>\r\n\r\n<p>\r\n\t<span><span style=\"line-height:107%\">Twitter bietet nicht nur die M\u00f6glichkeit, dass Nutzer*innen als Follower das Projekt laufend mitverfolgen k\u00f6nnen, sondern auch Beitr\u00e4ge zum Projekt mitteilen und ver\u00f6ffentlichen k\u00f6nnen.<\/span><\/span>\r\n<\/p>\r\n\r\n<p>\r\n\t\u00a0\r\n<\/p>\r\n\r\n<h2>\r\n\t<b><span><span style=\"line-height:107%\">Schnelltest<\/span><\/span><\/b>\r\n<\/h2>\r\n\r\n<div class=\"h5p-iframe-wrapper\"><div class=\"video-placeholder-wrapper video-placeholder-wrapper--fixed\" style=\"height: 366px;\">\n\t\t\t    <div class=\"video-placeholder d-flex justify-content-center align-items-center\">\n\t\t\t        <div class=\"overlay text-white p-2 w-100 text-center d-block justify-content-center align-items-center\">\n\t\t\t            <div>To view third-party content, please accept cookies.<\/div>\n\t\t\t            <button class=\"btn btn-secondary btn-sm mt-1 consent-change\">Change consent<\/button>\n\t\t\t        <\/div>\n\t\t\t    <\/div>\n\t\t\t<\/div>\n<\/div>\r\n","protected":false},"excerpt":{"rendered":"<p>Dieses Thema stellt verschiedene digitale Tools und Plattformen vor, welche Studierende nutzen k\u00f6nnen, um ihr Projekt bekannt zu machen. Die Studierenden erwerben Wissen dar\u00fcber, welche Tools sich f\u00fcr welche Zwecke am besten eignen. Diese reichen vom Hosting einer Website bis &#8230;<\/p>\n","protected":false},"author":63,"featured_media":0,"parent":0,"menu_order":0,"comment_status":"closed","ping_status":"closed","template":"","meta":{"_acf_changed":false,"inline_featured_image":false,"footnotes":""},"class_list":["post-155","page","type-page","status-publish","hentry"],"acf":[],"_links":{"self":[{"href":"https:\/\/sisu.ut.ee\/sdce\/de\/wp-json\/wp\/v2\/pages\/155","targetHints":{"allow":["GET"]}}],"collection":[{"href":"https:\/\/sisu.ut.ee\/sdce\/de\/wp-json\/wp\/v2\/pages"}],"about":[{"href":"https:\/\/sisu.ut.ee\/sdce\/de\/wp-json\/wp\/v2\/types\/page"}],"author":[{"embeddable":true,"href":"https:\/\/sisu.ut.ee\/sdce\/de\/wp-json\/wp\/v2\/users\/63"}],"replies":[{"embeddable":true,"href":"https:\/\/sisu.ut.ee\/sdce\/de\/wp-json\/wp\/v2\/comments?post=155"}],"version-history":[{"count":3,"href":"https:\/\/sisu.ut.ee\/sdce\/de\/wp-json\/wp\/v2\/pages\/155\/revisions"}],"predecessor-version":[{"id":775,"href":"https:\/\/sisu.ut.ee\/sdce\/de\/wp-json\/wp\/v2\/pages\/155\/revisions\/775"}],"wp:attachment":[{"href":"https:\/\/sisu.ut.ee\/sdce\/de\/wp-json\/wp\/v2\/media?parent=155"}],"curies":[{"name":"wp","href":"https:\/\/api.w.org\/{rel}","templated":true}]}}