{"id":154,"date":"2024-04-04T07:48:37","date_gmt":"2024-04-04T04:48:37","guid":{"rendered":"https:\/\/sisu.ut.ee\/sdce\/module-6-3-en-3\/"},"modified":"2024-04-05T12:37:07","modified_gmt":"2024-04-05T09:37:07","slug":"module-6-3-en-3","status":"publish","type":"page","link":"https:\/\/sisu.ut.ee\/sdce\/de\/module-6-3-en-3\/","title":{"rendered":"Thema 3: Mission-Driven Marketing"},"content":{"rendered":"<blockquote>\r\n\t<h4>\r\n\t\t<img loading=\"lazy\" decoding=\"async\" width=\"531\" height=\"399\" class=\"alignnone wp-image-179\" style=\"width: 150px;height: 113px;float: right\" src=\"https:\/\/sisu.ut.ee\/wp-content\/uploads\/sites\/545\/sdce_clowd.png\" title=\"sdce_clowd.png\" alt=\"SDCE_clowd\" srcset=\"https:\/\/sisu.ut.ee\/wp-content\/uploads\/sites\/545\/sdce_clowd.png 531w, https:\/\/sisu.ut.ee\/wp-content\/uploads\/sites\/545\/sdce_clowd-300x225.png 300w\" sizes=\"auto, (max-width: 531px) 100vw, 531px\">Dieses Thema behandelt das Konzept des <i>Mission-Driven Marketing<\/i> und wie es zum Erfolg eines Projektes zu digitalem studentischem Engagement beitragen kann. Die Studierenden eignen sich ein Verst\u00e4ndnis \u00fcber das Konzept des <i>Mission-Driven Marketing<\/i> an. Sie lernen, wie sie ein Mission-Statement entwickeln und welche M\u00f6glichkeiten sich dadurch f\u00fcr die Umsetzung des Projektes ergeben.\r\n\t<\/h4>\r\n<\/blockquote>\r\n\r\n<p>\r\n\t\u00a0\r\n<\/p>\r\n\r\n<h3>\r\n\t<img loading=\"lazy\" decoding=\"async\" width=\"536\" height=\"668\" class=\"alignnone wp-image-228\" style=\"width: 200px;height: 249px;float: right\" src=\"https:\/\/sisu.ut.ee\/wp-content\/uploads\/sites\/545\/picture6-3.jpg\" title=\"picture6-3.jpg\" alt=\"SDCE6-3\" srcset=\"https:\/\/sisu.ut.ee\/wp-content\/uploads\/sites\/545\/picture6-3.jpg 536w, https:\/\/sisu.ut.ee\/wp-content\/uploads\/sites\/545\/picture6-3-241x300.jpg 241w\" sizes=\"auto, (max-width: 536px) 100vw, 536px\">\r\n<\/h3>\r\n\r\n<h3>\r\n\t<b><span lang=\"DE-AT\"><span style=\"line-height:107%\">Was ist <i>Mission-Driven Marketing?<\/i><\/span><\/span><\/b>\r\n<\/h3>\r\n\r\n<p>\r\n\t<i><span lang=\"DE-AT\"><span style=\"line-height:107%\">Mission-Driven Marketing<\/span><\/span><\/i><span lang=\"DE-AT\"><span style=\"line-height:107%\"> bedeutet, dass die Mission einer Organisation einen zentralen Bestandteil der Marketingstrategie darstellt.<\/span><\/span>\r\n<\/p>\r\n\r\n<p>\r\n\t<span lang=\"DE-AT\"><span style=\"line-height:107%\">Im Rahmen eines Projekts zu digitalem studentischem Engagement k\u00f6nnte dies in etwa so aussehen, dass die Aufgabe und das Ziel des Projekts der \u00d6ffentlichkeit bekannt gemacht werden, um so die Mission des Projektes zu verbreiten.<\/span><\/span>\r\n<\/p>\r\n\r\n<p>\r\n\t<span lang=\"DE-AT\"><span style=\"line-height:107%\">Dies kann durch die Erstellung eines <b>Mission-Statement<\/b> und eines <b>Vision-Statement<\/b> erreicht werden.<\/span><\/span>\r\n<\/p>\r\n\r\n<p>\r\n\t\u00a0\r\n<\/p>\r\n\r\n<h3>\r\n\t<b><span lang=\"DE\"><span style=\"line-height:107%\">Mission-Statement versus Vision-Statement<\/span><\/span><\/b>\r\n<\/h3>\r\n\r\n<p>\r\n\t<span lang=\"DE-AT\"><span style=\"line-height:107%\">Ein Mission-Statement konzentriert sich auf die Ziele eines Projektes. Es beschreibt die wichtigsten Ziele des Projektes und warum es Sinn macht, diese zu verfolgen.<\/span><\/span>\r\n<\/p>\r\n\r\n<p>\r\n\t<span lang=\"DE-AT\"><span style=\"line-height:107%\">Ein Vision-Statement fasst die vision\u00e4ren, sozialen und \u00f6kologischen Anliegen eines Projekts nicht nur inhaltlich, sondern auch emotional zusammen und bietet eine Vision f\u00fcr die Zukunft. Die Projektziele werden in Hinblick auf diese Zukunftsvision beschrieben.<\/span><\/span>\r\n<\/p>\r\n\r\n<p>\r\n\t\u00a0\r\n<\/p>\r\n\r\n<h3>\r\n\tDas folgende Video gibt eine vertiefende Erkl\u00e4rung zur Unterscheidung von Mission-Statement und Vision-Statement:\r\n<\/h3>\r\n\r\n<p>\r\n\t<img loading=\"lazy\" decoding=\"async\" width=\"1716\" height=\"1094\" class=\"alignnone wp-image-229\" style=\"width: 300px;height: 191px\" src=\"https:\/\/sisu.ut.ee\/wp-content\/uploads\/sites\/545\/sdce_video6-3-1.png\" title=\"sdce_video6-3-1.png\" alt=\"SDCEvideo6-3-1\" srcset=\"https:\/\/sisu.ut.ee\/wp-content\/uploads\/sites\/545\/sdce_video6-3-1.png 1716w, https:\/\/sisu.ut.ee\/wp-content\/uploads\/sites\/545\/sdce_video6-3-1-300x191.png 300w, https:\/\/sisu.ut.ee\/wp-content\/uploads\/sites\/545\/sdce_video6-3-1-1024x653.png 1024w, https:\/\/sisu.ut.ee\/wp-content\/uploads\/sites\/545\/sdce_video6-3-1-768x490.png 768w, https:\/\/sisu.ut.ee\/wp-content\/uploads\/sites\/545\/sdce_video6-3-1-1536x979.png 1536w\" sizes=\"auto, (max-width: 1716px) 100vw, 1716px\"><span lang=\"EN-GB\"><span style=\"line-height:107%\"><span>\u00a0<\/span><\/span><\/span><span lang=\"EN-IE\"><span style=\"line-height:107%\"><span>https:\/\/youtu.be\/lJUrQKY_A5g?t=12<\/span><\/span><\/span>\r\n<\/p>\r\n\r\n<h3>\r\n\t\u00a0\r\n<\/h3>\r\n\r\n<h3>\r\n\t<b><span lang=\"DE-AT\"><span style=\"line-height:107%\">Inspiration f\u00fcr die Entwicklung eines Mission-Statement<\/span><\/span><\/b>\r\n<\/h3>\r\n\r\n<p>\r\n\t<span lang=\"DE-AT\"><span style=\"line-height:107%\">Im folgenden Link finden Sie Beispiele f\u00fcr Mission-Statements:<\/span><\/span>\r\n<\/p>\r\n\r\n<p>\r\n\t<a data-url=\"https:\/\/drive.google.com\/file\/d\/18Pk4-XiFYYfcCqUM8ZpLAVHhubtBBeED\/view\" href=\"https:\/\/drive.google.com\/file\/d\/18Pk4-XiFYYfcCqUM8ZpLAVHhubtBBeED\/view\" target=\"_blank\" title=\"\" rel=\"noopener\">Mission Statement Examples<\/a>\r\n<\/p>\r\n\r\n<p>\r\n\t\u00a0\r\n<\/p>\r\n\r\n<h3>\r\n\tIn diesem Video wird erkl\u00e4rt, wie ein Mission-Statement erstellt wird:\r\n<\/h3>\r\n\r\n<p>\r\n\t<img loading=\"lazy\" decoding=\"async\" width=\"1716\" height=\"1094\" class=\"alignnone wp-image-230\" style=\"width:300px;height:191px\" src=\"https:\/\/sisu.ut.ee\/wp-content\/uploads\/sites\/545\/sdce_video6-3-2.png\" title=\"sdce_video6-3-2.png\" alt=\"SDCEvideo6-3-2\" srcset=\"https:\/\/sisu.ut.ee\/wp-content\/uploads\/sites\/545\/sdce_video6-3-2.png 1716w, https:\/\/sisu.ut.ee\/wp-content\/uploads\/sites\/545\/sdce_video6-3-2-300x191.png 300w, https:\/\/sisu.ut.ee\/wp-content\/uploads\/sites\/545\/sdce_video6-3-2-1024x653.png 1024w, https:\/\/sisu.ut.ee\/wp-content\/uploads\/sites\/545\/sdce_video6-3-2-768x490.png 768w, https:\/\/sisu.ut.ee\/wp-content\/uploads\/sites\/545\/sdce_video6-3-2-1536x979.png 1536w\" sizes=\"auto, (max-width: 1716px) 100vw, 1716px\"><span lang=\"EN-IE\"><span style=\"line-height:107%\"><span>\u00a0<\/span><\/span><\/span><span><span style=\"line-height:107%\"><span><a href=\"https:\/\/youtu.be\/lJUrQKY_A5g?t=12\">https:\/\/youtu.be\/lJUrQKY_A5g?t=12<\/a><\/span><\/span><\/span>\r\n<\/p>\r\n\r\n<p>\r\n\t\u00a0\r\n<\/p>\r\n\r\n<h3>\r\n\t<b><span lang=\"DE-AT\"><span style=\"line-height:107%\">Mission-Statement und Marketing<\/span><\/span><\/b>\r\n<\/h3>\r\n\r\n<p>\r\n\t<span lang=\"EN-US\"><span style=\"line-height:107%\"><span><span lang=\"DE-AT\"><span style=\"line-height:107%\"><span>Sobald ein Mission-Statement f\u00fcr das Projekt erarbeitet wurde, geht es nun darum, zu \u00fcberlegen, wie dieses f\u00fcr das Marketing des Projektes genutzt werden kann. Es gilt die Marketingstrategie eines Projektes mit dem Mission-Statement abzustimmen.<\/span><\/span><\/span><\/span><\/span><\/span>\r\n<\/p>\r\n\r\n<p>\r\n\t\u00a0\r\n<\/p>\r\n\r\n<h2>\r\n\t<b><span lang=\"DE\"><span style=\"line-height:107%\">Schnelltest<\/span><\/span><\/b>\r\n<\/h2>\r\n\r\n<div class=\"h5p-iframe-wrapper\"><div class=\"video-placeholder-wrapper video-placeholder-wrapper--fixed\" style=\"height: 366px;\">\n\t\t\t    <div class=\"video-placeholder d-flex justify-content-center align-items-center\">\n\t\t\t        <div class=\"overlay text-white p-2 w-100 text-center d-block justify-content-center align-items-center\">\n\t\t\t            <div>To view third-party content, please accept cookies.<\/div>\n\t\t\t            <button class=\"btn btn-secondary btn-sm mt-1 consent-change\">Change consent<\/button>\n\t\t\t        <\/div>\n\t\t\t    <\/div>\n\t\t\t<\/div>\n<\/div>\r\n","protected":false},"excerpt":{"rendered":"<p>Dieses Thema behandelt das Konzept des Mission-Driven Marketing und wie es zum Erfolg eines Projektes zu digitalem studentischem Engagement beitragen kann. Die Studierenden eignen sich ein Verst\u00e4ndnis \u00fcber das Konzept des Mission-Driven Marketing an. Sie lernen, wie sie ein Mission-Statement &#8230;<\/p>\n","protected":false},"author":63,"featured_media":0,"parent":0,"menu_order":0,"comment_status":"closed","ping_status":"closed","template":"","meta":{"_acf_changed":false,"inline_featured_image":false,"footnotes":""},"class_list":["post-154","page","type-page","status-publish","hentry"],"acf":[],"_links":{"self":[{"href":"https:\/\/sisu.ut.ee\/sdce\/de\/wp-json\/wp\/v2\/pages\/154","targetHints":{"allow":["GET"]}}],"collection":[{"href":"https:\/\/sisu.ut.ee\/sdce\/de\/wp-json\/wp\/v2\/pages"}],"about":[{"href":"https:\/\/sisu.ut.ee\/sdce\/de\/wp-json\/wp\/v2\/types\/page"}],"author":[{"embeddable":true,"href":"https:\/\/sisu.ut.ee\/sdce\/de\/wp-json\/wp\/v2\/users\/63"}],"replies":[{"embeddable":true,"href":"https:\/\/sisu.ut.ee\/sdce\/de\/wp-json\/wp\/v2\/comments?post=154"}],"version-history":[{"count":3,"href":"https:\/\/sisu.ut.ee\/sdce\/de\/wp-json\/wp\/v2\/pages\/154\/revisions"}],"predecessor-version":[{"id":776,"href":"https:\/\/sisu.ut.ee\/sdce\/de\/wp-json\/wp\/v2\/pages\/154\/revisions\/776"}],"wp:attachment":[{"href":"https:\/\/sisu.ut.ee\/sdce\/de\/wp-json\/wp\/v2\/media?parent=154"}],"curies":[{"name":"wp","href":"https:\/\/api.w.org\/{rel}","templated":true}]}}