{"id":153,"date":"2024-04-04T07:48:37","date_gmt":"2024-04-04T04:48:37","guid":{"rendered":"https:\/\/sisu.ut.ee\/sdce\/module-6-2-en-3\/"},"modified":"2024-04-05T12:37:07","modified_gmt":"2024-04-05T09:37:07","slug":"module-6-2-en-3","status":"publish","type":"page","link":"https:\/\/sisu.ut.ee\/sdce\/de\/module-6-2-en-3\/","title":{"rendered":"Thema 2: Aufbau eines Netzwerks zu digitalem studentischem Engagement"},"content":{"rendered":"<blockquote>\r\n\t<h4>\r\n\t\t<img loading=\"lazy\" decoding=\"async\" width=\"531\" height=\"399\" class=\"alignnone wp-image-179\" style=\"width: 150px;height: 113px;float: right\" src=\"https:\/\/sisu.ut.ee\/wp-content\/uploads\/sites\/545\/sdce_clowd.png\" title=\"sdce_clowd.png\" alt=\"SDCE_clowd\" srcset=\"https:\/\/sisu.ut.ee\/wp-content\/uploads\/sites\/545\/sdce_clowd.png 531w, https:\/\/sisu.ut.ee\/wp-content\/uploads\/sites\/545\/sdce_clowd-300x225.png 300w\" sizes=\"auto, (max-width: 531px) 100vw, 531px\">Dieses Thema enth\u00e4lt Informationen dar\u00fcber, wie Studierende und Lehrende ein Netzwerk f\u00fcr b\u00fcrgerschaftliches Engagement an der Universit\u00e4t aufbauen k\u00f6nnen. Die Studierenden erwerben ein Verst\u00e4ndnis daf\u00fcr, welche Bedeutung das <i>Storytelling<\/i> f\u00fcr das Marketing eines Projektes hat und wie dieses zur Verbreitung des Projektes beitragen kann.\r\n\t<\/h4>\r\n<\/blockquote>\r\n\r\n<p>\r\n\t\u00a0\r\n<\/p>\r\n\r\n<h3>\r\n\t<img loading=\"lazy\" decoding=\"async\" width=\"536\" height=\"668\" class=\"alignnone wp-image-226\" style=\"width: 200px;height: 249px;float: right\" src=\"https:\/\/sisu.ut.ee\/wp-content\/uploads\/sites\/545\/picture_2_1.jpg\" title=\"picture_2_1.jpg\" alt=\"SDCE6-2\" srcset=\"https:\/\/sisu.ut.ee\/wp-content\/uploads\/sites\/545\/picture_2_1.jpg 536w, https:\/\/sisu.ut.ee\/wp-content\/uploads\/sites\/545\/picture_2_1-241x300.jpg 241w\" sizes=\"auto, (max-width: 536px) 100vw, 536px\">\r\n<\/h3>\r\n\r\n<h3>\r\n\t<b><span lang=\"DE-AT\"><span style=\"line-height:107%\">Aufbau und Entwicklung eines Netzwerks f\u00fcr b\u00fcrgerschaftliches Engagement von Studierenden<\/span><\/span><\/b>\r\n<\/h3>\r\n\r\n<p>\r\n\t<span lang=\"DE-AT\"><span style=\"line-height:107%\">Es ist wichtig, im Projektverlauf daf\u00fcr zu sorgen, dass das Anliegen des Projektes zu digitalem studentischem Engagement verbreitet wird.<\/span><\/span>\r\n<\/p>\r\n\r\n<p>\r\n\t<span lang=\"DE-AT\"><span style=\"line-height:107%\">Indem sich das Projektteam darum bem\u00fcht, dass das Projekt an Hochschulen und der lokalen Umgebung bekannt wird, kann sich das Anliegen des Projektes etablieren, sodass auch eine m\u00f6gliche Fortsetzung des Projektes auf breite Zustimmung und Unterst\u00fctzung trifft.<\/span><\/span>\r\n<\/p>\r\n\r\n<p>\r\n\t\u00a0\r\n<\/p>\r\n\r\n<h3>\r\n\t<b><span lang=\"DE-AT\"><span style=\"line-height:107%\">Schaffung eines positiven Umfelds<\/span><\/span><\/b>\r\n<\/h3>\r\n\r\n<p>\r\n\t<span lang=\"DE-AT\"><span style=\"line-height:107%\">Die Vermittlung von Glaubw\u00fcrdigkeit eines Projektes an potentielle Zielgruppen tr\u00e4gt dazu bei, ein positives Umfeld zu schaffen und Interesse zu wecken. Dadurch kann das Projekt eher durch \u201eMundpropaganda\u201c Verbreitung finden. Aber auch <i>Storytelling<\/i> kann als Methode eingesetzt werden, um Interesse an dem Projekt zu stiften.<\/span><\/span>\r\n<\/p>\r\n\r\n<p>\r\n\t\u00a0\r\n<\/p>\r\n\r\n<h3>\r\n\t<b><span lang=\"DE-AT\"><span style=\"line-height:107%\">Ein positives Narrativ herstellen<\/span><\/span><\/b>\r\n<\/h3>\r\n\r\n<p>\r\n\t<span lang=\"DE-AT\"><span style=\"line-height:107%\">Bei der Entwicklung eines Projektes zu digitalem studentischem Engagement ist es wichtig, sich zu \u00fcberlegen, welche St\u00e4rken, Potentiale und Besonderheiten das Projekt aufzuweisen hat. F\u00fcr das Marketing eines Projektes kann die Methode des <i>Storytelling<\/i> angewandt werden. Dabei werden anhand einer Geschichte die positiven Aspekte des Projektes hervorgehoben.<\/span><\/span>\r\n<\/p>\r\n\r\n<p>\r\n\t<br>\u00a0\r\n<\/p>\r\n\r\n<h4 style=\"margin-left: 40px\">\r\n\t<em>\u201eThe most powerful person in the world is the story-teller. The storyteller sets the vision, values and agenda of an entire generation that is to come.\u201c<\/em>\r\n<\/h4>\r\n\r\n<p style=\"margin-left: 40px\">\r\n\t<em>Steve Jobs<\/em>\r\n<\/p>\r\n\r\n<h3>\r\n\t\u00a0\r\n<\/h3>\r\n\r\n<h3>\r\n\t<b><span lang=\"DE-AT\"><span style=\"line-height:107%\">Wie <i>Storytelling<\/i> eingesetzt werden kann<\/span><\/span><\/b>\r\n<\/h3>\r\n\r\n<p>\r\n\t<i><span lang=\"DE-AT\"><span style=\"line-height:107%\">Storytelling<\/span><\/span><\/i><span lang=\"DE-AT\"><span style=\"line-height:107%\"> kann als wirkungsvolle Methode eingesetzt werden, um ein Projekt zu digitalem studentischem Engagement zu verbreiten. Dabei bieten sich vor allem Erfolgsgeschichten an. Indem diese Geschichten z. B. auf der Website des Projektes oder auf Social Media-Plattformen ver\u00f6ffentlicht werden, kann Interesse und Neugier an dem Projekt gestiftet und Teilnehmer*innen gewonnen werden. <\/span><\/span>\r\n<\/p>\r\n\r\n<p>\r\n\t<span lang=\"DE-AT\"><span style=\"line-height:107%\">Warum ist Storytelling sinnvoll? Menschen h\u00f6ren und lesen gerne Geschichten, da durch sie u.a. Gef\u00fchle der Empathie entstehen k\u00f6nnen. Empathie kann dazu beitragen, Verbindungen und Kontakte zu anderen herzustellen. Indem Geschichten von Personen erz\u00e4hlt werden, die Unterst\u00fctzung durch ein Projekt zu digitalem studentischem Engagement erfahren haben oder die sich im Projekt engagiert haben, k\u00f6nnen neue Interessent*innen angesprochen werden.<\/span><\/span>\r\n<\/p>\r\n\r\n<p>\r\n\t\u00a0\r\n<\/p>\r\n\r\n<h3>\r\n\t<b><span lang=\"DE\"><span style=\"line-height:107%\">Social Media nutzen<\/span><\/span><\/b>\r\n<\/h3>\r\n\r\n<p>\r\n\t<span lang=\"DE\"><span style=\"line-height:107%\">Social Media-Plattformen bieten sich an, um die Geschichten aus dem Projekt zu verbreiten. Daf\u00fcr k\u00f6nnen z. B. auch Videos zur Verbreitung von wichtigen Botschaften oder Erfahrungsberichten von Mitglieder*innen verwendet werden. Social Media-Plattformen k\u00f6nnen zus\u00e4tzlich daf\u00fcr verwendet werden, um Mitglieder*innen \u00fcber Projektziele laufend informiert zu halten oder Livestreams zu wichtigen Updates zu verbreiten. <\/span><\/span>\r\n<\/p>\r\n\r\n<p>\r\n\t\u00a0\r\n<\/p>\r\n\r\n<h3>\r\n\tErfahren Sie mehr \u00fcber die \u201eMacht des Geschichtenerz\u00e4hlens\u201c in dem folgenden TED TALK:\r\n<\/h3>\r\n\r\n<p>\r\n\t\u00a0\r\n<\/p>\r\n\r\n<p>\r\n\t<img loading=\"lazy\" decoding=\"async\" width=\"1716\" height=\"1094\" class=\"alignnone wp-image-227\" style=\"width: 300px;height: 191px\" src=\"https:\/\/sisu.ut.ee\/wp-content\/uploads\/sites\/545\/sdce_video6-2.png\" title=\"sdce_video6-2.png\" alt=\"SDCEvideo6_2\" srcset=\"https:\/\/sisu.ut.ee\/wp-content\/uploads\/sites\/545\/sdce_video6-2.png 1716w, https:\/\/sisu.ut.ee\/wp-content\/uploads\/sites\/545\/sdce_video6-2-300x191.png 300w, https:\/\/sisu.ut.ee\/wp-content\/uploads\/sites\/545\/sdce_video6-2-1024x653.png 1024w, https:\/\/sisu.ut.ee\/wp-content\/uploads\/sites\/545\/sdce_video6-2-768x490.png 768w, https:\/\/sisu.ut.ee\/wp-content\/uploads\/sites\/545\/sdce_video6-2-1536x979.png 1536w\" sizes=\"auto, (max-width: 1716px) 100vw, 1716px\">https:\/\/www.youtube.com\/watch?v=Nj-hdQMa3uA\r\n<\/p>\r\n\r\n<h2>\r\n\t\u00a0\r\n<\/h2>\r\n\r\n<h2>\r\n\t<b><span lang=\"DE\"><span style=\"line-height:107%\">Schnelltest<\/span><\/span><\/b>\r\n<\/h2>\r\n\r\n<div class=\"h5p-iframe-wrapper\"><div class=\"video-placeholder-wrapper video-placeholder-wrapper--fixed\" style=\"height: 366px;\">\n\t\t\t    <div class=\"video-placeholder d-flex justify-content-center align-items-center\">\n\t\t\t        <div class=\"overlay text-white p-2 w-100 text-center d-block justify-content-center align-items-center\">\n\t\t\t            <div>To view third-party content, please accept cookies.<\/div>\n\t\t\t            <button class=\"btn btn-secondary btn-sm mt-1 consent-change\">Change consent<\/button>\n\t\t\t        <\/div>\n\t\t\t    <\/div>\n\t\t\t<\/div>\n<\/div>\r\n","protected":false},"excerpt":{"rendered":"<p>Dieses Thema enth\u00e4lt Informationen dar\u00fcber, wie Studierende und Lehrende ein Netzwerk f\u00fcr b\u00fcrgerschaftliches Engagement an der Universit\u00e4t aufbauen k\u00f6nnen. Die Studierenden erwerben ein Verst\u00e4ndnis daf\u00fcr, welche Bedeutung das Storytelling f\u00fcr das Marketing eines Projektes hat und wie dieses zur Verbreitung &#8230;<\/p>\n","protected":false},"author":63,"featured_media":0,"parent":0,"menu_order":0,"comment_status":"closed","ping_status":"closed","template":"","meta":{"_acf_changed":false,"inline_featured_image":false,"footnotes":""},"class_list":["post-153","page","type-page","status-publish","hentry"],"acf":[],"_links":{"self":[{"href":"https:\/\/sisu.ut.ee\/sdce\/de\/wp-json\/wp\/v2\/pages\/153","targetHints":{"allow":["GET"]}}],"collection":[{"href":"https:\/\/sisu.ut.ee\/sdce\/de\/wp-json\/wp\/v2\/pages"}],"about":[{"href":"https:\/\/sisu.ut.ee\/sdce\/de\/wp-json\/wp\/v2\/types\/page"}],"author":[{"embeddable":true,"href":"https:\/\/sisu.ut.ee\/sdce\/de\/wp-json\/wp\/v2\/users\/63"}],"replies":[{"embeddable":true,"href":"https:\/\/sisu.ut.ee\/sdce\/de\/wp-json\/wp\/v2\/comments?post=153"}],"version-history":[{"count":3,"href":"https:\/\/sisu.ut.ee\/sdce\/de\/wp-json\/wp\/v2\/pages\/153\/revisions"}],"predecessor-version":[{"id":777,"href":"https:\/\/sisu.ut.ee\/sdce\/de\/wp-json\/wp\/v2\/pages\/153\/revisions\/777"}],"wp:attachment":[{"href":"https:\/\/sisu.ut.ee\/sdce\/de\/wp-json\/wp\/v2\/media?parent=153"}],"curies":[{"name":"wp","href":"https:\/\/api.w.org\/{rel}","templated":true}]}}