{"id":152,"date":"2024-04-04T07:48:37","date_gmt":"2024-04-04T04:48:37","guid":{"rendered":"https:\/\/sisu.ut.ee\/sdce\/module-6-1-en-3\/"},"modified":"2024-04-05T12:37:08","modified_gmt":"2024-04-05T09:37:08","slug":"module-6-1-en-3","status":"publish","type":"page","link":"https:\/\/sisu.ut.ee\/sdce\/de\/module-6-1-en-3\/","title":{"rendered":"Thema 1: Glaubw\u00fcrdigkeit und Vertrauen im Projektteam aufbauen"},"content":{"rendered":"<blockquote>\r\n\t<h4>\r\n\t\t<img loading=\"lazy\" decoding=\"async\" width=\"531\" height=\"399\" class=\"alignnone wp-image-179\" style=\"width: 150px;height: 113px;float: right\" src=\"https:\/\/sisu.ut.ee\/wp-content\/uploads\/sites\/545\/sdce_clowd.png\" title=\"sdce_clowd.png\" alt=\"SDCE_clowd\" srcset=\"https:\/\/sisu.ut.ee\/wp-content\/uploads\/sites\/545\/sdce_clowd.png 531w, https:\/\/sisu.ut.ee\/wp-content\/uploads\/sites\/545\/sdce_clowd-300x225.png 300w\" sizes=\"auto, (max-width: 531px) 100vw, 531px\">Dieses Thema befasst sich mit dem Aufbau eines Projektteams. Aufbauend auf den Inhalten von Modul 3 erweitern die Studierenden ihr Verst\u00e4ndnis davon, wie sie eine Gruppe von Personen zusammenstellen, die ein Projekt zu digitalem studentischem Engagement umsetzen. Sie vertiefen ihr Wissen dar\u00fcber, wie die F\u00e4higkeiten, welche die Teammitglieder*innen mitbringen, im Projekt sinnvoll eingesetzt werden k\u00f6nnen.\r\n\t<\/h4>\r\n<\/blockquote>\r\n\r\n<h3>\r\n\t\u00a0\r\n<\/h3>\r\n\r\n<h3>\r\n\t<img loading=\"lazy\" decoding=\"async\" width=\"584\" height=\"572\" class=\"alignnone wp-image-224\" style=\"width: 200px;height: 196px;float: right\" src=\"https:\/\/sisu.ut.ee\/wp-content\/uploads\/sites\/545\/picture6-1.jpg\" title=\"picture6-1.jpg\" alt=\"SDCE6-1\" srcset=\"https:\/\/sisu.ut.ee\/wp-content\/uploads\/sites\/545\/picture6-1.jpg 584w, https:\/\/sisu.ut.ee\/wp-content\/uploads\/sites\/545\/picture6-1-300x294.jpg 300w\" sizes=\"auto, (max-width: 584px) 100vw, 584px\">\r\n<\/h3>\r\n\r\n<h3>\r\n\t<b><span lang=\"DE-AT\"><span style=\"line-height:107%\">Der Aufbau von Glaubw\u00fcrdigkeit und Vertrauen ist essentiell.<\/span><\/span><\/b>\r\n<\/h3>\r\n\r\n<p>\r\n\t<span lang=\"DE-AT\"><span style=\"line-height:107%\">Vertrauen ist wichtig f\u00fcr das Marketing eines Projektes zu digitalem studentischem Engagement. Das Ziel eines Projekts muss glaubw\u00fcrdig vermittelt werden, sodass einzelne Personen oder bestimmte Vereinigungen (z. B. Organisationen) f\u00fcr das Projekt gewonnen werden k\u00f6nnen.<\/span><\/span>\r\n<\/p>\r\n\r\n<p>\r\n\t<span lang=\"DE-AT\"><span style=\"line-height:107%\">Vertrauen und Glaubw\u00fcrdigkeit k\u00f6nnen sowohl intern als auch extern eine Rolle spielen. Wenn es innerhalb des Projektes (intern) an Glaubw\u00fcrdigkeit mangelt, d.h. wenn die Teammitglieder*innen selbst nicht \u201ehinter dem Projekt stehen\u201c, wird es schwierig, Freiwillige zu finden, die bereit sind, sich am Projekt zu beteiligen. Wenn sich Menschen au\u00dferhalb des Projektes nicht f\u00fcr dieses interessieren, kann es an externer Glaubw\u00fcrdigkeit an den Zielen und der Projektidee fehlen.<\/span><\/span>\r\n<\/p>\r\n\r\n<p>\r\n\t\u00a0\r\n<\/p>\r\n\r\n<h3>\r\n\t<b><span lang=\"DE-AT\"><span style=\"line-height:107%\">Wie Vertrauen aufgebaut werden kann<\/span><\/span><\/b>\r\n<\/h3>\r\n\r\n<p>\r\n\t<span lang=\"DE-AT\"><span style=\"line-height:107%\">Ein Weg zum Aufbau von Glaubw\u00fcrdigkeit und Vertrauen innerhalb als auch au\u00dferhalb eines Projektes zu digitalem studentischem Engagement besteht darin, geeignete Projektleitungen auszuw\u00e4hlen, die sich f\u00fcr das Projekt begeistern.<\/span><\/span>\r\n<\/p>\r\n\r\n<p>\r\n\t<span lang=\"DE-AT\"><span style=\"line-height:107%\">Es gibt drei Schritte, die im Verlauf eines Projektes zu digitalem studentischem Engagement befolgt werden k\u00f6nnen, um eine Kultur des Vertrauens zu schaffen.<\/span><\/span>\r\n<\/p>\r\n\r\n<p>\r\n\t<b><span lang=\"DE-AT\"><span style=\"line-height:107%\">Aufbau von Vertrauen im Projektteam<\/span><\/span><\/b>\r\n<\/p>\r\n\r\n<p>\r\n\t<b><span lang=\"DE-AT\"><span style=\"line-height:107%\">Schritt 1 <\/span><\/span><\/b><span lang=\"DE-AT\"><span style=\"line-height:107%\">Der erste Schritt besteht darin, potenzielle Probleme und Konflikte gemeinsam im Team anzugehen und sich nicht gegenseitig als Konkurrenten zu sehen.<\/span><\/span>\r\n<\/p>\r\n\r\n<p>\r\n\t<span lang=\"DE-AT\"><span style=\"line-height:107%\">Innerhalb des Projektteams ist es wichtig, sich an den Wert der gemeinsamen Zusammenarbeit zu erinnern, die einen positiven Einfluss auf das im Zentrum stehende b\u00fcrgerschaftliche Engagement aus\u00fcbt. Passieren Fehler, so ist es wichtig, dass diese gemeinsam bearbeitet werden. Eine Kultur des Vertrauens und gegenseitigen Unterst\u00fctzens innerhalb des Projektteams tr\u00e4gt dazu bei, dass das Projekt zum Erfolg wird. <\/span><\/span>\r\n<\/p>\r\n\r\n<p>\r\n\t<b><span lang=\"DE-AT\"><span style=\"line-height:107%\">Schritt 2 <\/span><\/span><\/b><span lang=\"DE-AT\"><span style=\"line-height:107%\">Der zweite Schritt besteht darin, klar miteinander zu kommunizieren, um Vertrauen herzustellen. Dazu z\u00e4hlt Transparenz bei der Weitergabe von Informationen innerhalb des Projektes, sodass alle auf demselben Wissensstand sind, sich niemand ausgeschlossen f\u00fchlt und keine falschen Informationen entstehen k\u00f6nnen.<\/span><\/span>\r\n<\/p>\r\n\r\n<p>\r\n\t<b><span lang=\"DE-AT\"><span style=\"line-height:107%\">Schritt 3 <\/span><\/span><\/b><span lang=\"DE-AT\"><span style=\"line-height:107%\">Der dritte Schritt besteht darin, eine tragf\u00e4hige Kommunikationsbasis herzustellen und best\u00e4ndig umzusetzen.<\/span><\/span>\r\n<\/p>\r\n\r\n<p>\r\n\t<span lang=\"DE-AT\"><span style=\"line-height:107%\">Eine der wichtigsten Quellen f\u00fcr Vertrauen ist es, einander zuzuh\u00f6ren. Indem man F\u00e4higkeiten wie aktives Zuh\u00f6ren \u00fcbt und sicherstellt, dass jedes Teammitglied geh\u00f6rt wird, kann vielen Problemen vorgebeugt werden. Indem die Teammitglieder*innen einander aktiv zuh\u00f6ren, wird dazu beigetragen, ein \u201astarkes Team\u2018 aufzubauen, in dem jede*r respektiert wird.<\/span><\/span>\r\n<\/p>\r\n\r\n<p>\r\n\t\u00a0\r\n<\/p>\r\n\r\n<h3>\r\n\t<b><span lang=\"DE-AT\"><span style=\"line-height:107%\">Aufbau von Vertrauen im Projektteam in einer digitalen Umgebung<\/span><\/span><\/b>\r\n<\/h3>\r\n\r\n<p>\r\n\t<span><span style=\"line-height:107%\">Angesichts der Tatsache, dass sich unsere Welt durch die COVID-19-Pandemie sehr ver\u00e4ndert hat, ist es wichtig, zu ber\u00fccksichtigen, inwiefern Vertrauen in einer digitalen Umgebung aufgebaut werden kann.<\/span><\/span>\r\n<\/p>\r\n\r\n<p>\r\n\t<span><span style=\"line-height:107%\">Folgende Punkte geben Hilfestellung, Vertrauen im digitalen Raum herzustellen:<\/span><\/span>\r\n<\/p>\r\n\r\n<ol>\r\n\t<li>\r\n\t\t<span><span style=\"line-height:107%\">In 1:1-Meetings, d.h. dem Treffen von zwei Personen, ist es leichter, ein Vertrauensverh\u00e4ltnis aufzubauen als in einer Gruppe mit mehreren Personen.<\/span><\/span>\r\n\t<\/li>\r\n\t<li>\r\n\t\t<span><span style=\"line-height:107%\">Positive Signale und R\u00fcckmeldungen tragen zu einer wertsch\u00e4tzenden Atmosph\u00e4re im Team bei.<\/span><\/span>\r\n\t<\/li>\r\n\t<li>\r\n\t\t<span><span style=\"line-height:107%\"><span>Das Setzen von kurzfristigen Zielen ermutigt die Teammitglieder*innen daran zu arbeiten, um diese zu erreichen. <\/span><\/span><\/span>\r\n\t<\/li>\r\n<\/ol>\r\n\r\n<p>\r\n\t\u00a0\r\n<\/p>\r\n\r\n<h3>\r\n\tIn diesem TED TALK werden 7 Werkzeuge erl\u00e4utert, die beim Aufbau eines Unternehmens, in dem Vertrauen eine grundlegende Rolle spielt, ber\u00fccksichtigt werden k\u00f6nnen.\r\n<\/h3>\r\n\r\n<p>\r\n\t<img loading=\"lazy\" decoding=\"async\" width=\"1716\" height=\"1094\" class=\"alignnone wp-image-225\" style=\"width: 300px;height: 191px\" src=\"https:\/\/sisu.ut.ee\/wp-content\/uploads\/sites\/545\/sdce_video6-1.png\" title=\"sdce_video6-1.png\" alt=\"SDCE_video6-1\" srcset=\"https:\/\/sisu.ut.ee\/wp-content\/uploads\/sites\/545\/sdce_video6-1.png 1716w, https:\/\/sisu.ut.ee\/wp-content\/uploads\/sites\/545\/sdce_video6-1-300x191.png 300w, https:\/\/sisu.ut.ee\/wp-content\/uploads\/sites\/545\/sdce_video6-1-1024x653.png 1024w, https:\/\/sisu.ut.ee\/wp-content\/uploads\/sites\/545\/sdce_video6-1-768x490.png 768w, https:\/\/sisu.ut.ee\/wp-content\/uploads\/sites\/545\/sdce_video6-1-1536x979.png 1536w\" sizes=\"auto, (max-width: 1716px) 100vw, 1716px\"><span><span style=\"line-height:107%\"><span><a href=\"https:\/\/youtu.be\/lJUrQKY_A5g?t=12\">https:\/\/youtu.be\/lJUrQKY_A5g?t=12<\/a><\/span><\/span><\/span>\r\n<\/p>\r\n\r\n<h2>\r\n\t<b><span lang=\"DE\"><span style=\"line-height:107%\">Schnelltest<\/span><\/span><\/b>\r\n<\/h2>\r\n\r\n<div class=\"h5p-iframe-wrapper\"><div class=\"video-placeholder-wrapper video-placeholder-wrapper--fixed\" style=\"height: 366px;\">\n\t\t\t    <div class=\"video-placeholder d-flex justify-content-center align-items-center\">\n\t\t\t        <div class=\"overlay text-white p-2 w-100 text-center d-block justify-content-center align-items-center\">\n\t\t\t            <div>To view third-party content, please accept cookies.<\/div>\n\t\t\t            <button class=\"btn btn-secondary btn-sm mt-1 consent-change\">Change consent<\/button>\n\t\t\t        <\/div>\n\t\t\t    <\/div>\n\t\t\t<\/div>\n<\/div>\r\n","protected":false},"excerpt":{"rendered":"<p>Dieses Thema befasst sich mit dem Aufbau eines Projektteams. Aufbauend auf den Inhalten von Modul 3 erweitern die Studierenden ihr Verst\u00e4ndnis davon, wie sie eine Gruppe von Personen zusammenstellen, die ein Projekt zu digitalem studentischem Engagement umsetzen. Sie vertiefen ihr &#8230;<\/p>\n","protected":false},"author":63,"featured_media":0,"parent":0,"menu_order":0,"comment_status":"closed","ping_status":"closed","template":"","meta":{"_acf_changed":false,"inline_featured_image":false,"footnotes":""},"class_list":["post-152","page","type-page","status-publish","hentry"],"acf":[],"_links":{"self":[{"href":"https:\/\/sisu.ut.ee\/sdce\/de\/wp-json\/wp\/v2\/pages\/152","targetHints":{"allow":["GET"]}}],"collection":[{"href":"https:\/\/sisu.ut.ee\/sdce\/de\/wp-json\/wp\/v2\/pages"}],"about":[{"href":"https:\/\/sisu.ut.ee\/sdce\/de\/wp-json\/wp\/v2\/types\/page"}],"author":[{"embeddable":true,"href":"https:\/\/sisu.ut.ee\/sdce\/de\/wp-json\/wp\/v2\/users\/63"}],"replies":[{"embeddable":true,"href":"https:\/\/sisu.ut.ee\/sdce\/de\/wp-json\/wp\/v2\/comments?post=152"}],"version-history":[{"count":3,"href":"https:\/\/sisu.ut.ee\/sdce\/de\/wp-json\/wp\/v2\/pages\/152\/revisions"}],"predecessor-version":[{"id":778,"href":"https:\/\/sisu.ut.ee\/sdce\/de\/wp-json\/wp\/v2\/pages\/152\/revisions\/778"}],"wp:attachment":[{"href":"https:\/\/sisu.ut.ee\/sdce\/de\/wp-json\/wp\/v2\/media?parent=152"}],"curies":[{"name":"wp","href":"https:\/\/api.w.org\/{rel}","templated":true}]}}