{"id":150,"date":"2024-04-04T07:48:37","date_gmt":"2024-04-04T04:48:37","guid":{"rendered":"https:\/\/sisu.ut.ee\/sdce\/module-5-4-en-3\/"},"modified":"2024-04-05T12:37:08","modified_gmt":"2024-04-05T09:37:08","slug":"module-5-4-en-3","status":"publish","type":"page","link":"https:\/\/sisu.ut.ee\/sdce\/de\/module-5-4-en-3\/","title":{"rendered":"Thema 4: Soziale Verantwortung von Unternehmen nutzen"},"content":{"rendered":"<blockquote>\r\n\t<h4>\r\n\t\t<img loading=\"lazy\" decoding=\"async\" width=\"531\" height=\"399\" class=\"alignnone wp-image-179\" style=\"width: 150px;height: 113px;float: right\" src=\"https:\/\/sisu.ut.ee\/wp-content\/uploads\/sites\/545\/sdce_clowd.png\" title=\"sdce_clowd.png\" alt=\"SDCE_clowd\" srcset=\"https:\/\/sisu.ut.ee\/wp-content\/uploads\/sites\/545\/sdce_clowd.png 531w, https:\/\/sisu.ut.ee\/wp-content\/uploads\/sites\/545\/sdce_clowd-300x225.png 300w\" sizes=\"auto, (max-width: 531px) 100vw, 531px\">Dieses Thema hebt die Bedeutung der sozialen Verantwortung <i>(corporate social responsibility)<\/i> von Unternehmen hervor und welche Rolle diese f\u00fcr die L\u00f6sung potenzieller gesellschaftlicher Probleme einnehmen kann. Die Studierenden entwickeln ein Verst\u00e4ndnis f\u00fcr die soziale Verantwortung von Unternehmen und wie sie diese sinnvoll f\u00fcr die Entwicklung eines Projektes zu digitalem studentischem Engagement einbeziehen k\u00f6nnen.\r\n\t<\/h4>\r\n<\/blockquote>\r\n\r\n<p>\r\n\t\u00a0\r\n<\/p>\r\n\r\n<h3>\r\n\t<img loading=\"lazy\" decoding=\"async\" width=\"551\" height=\"720\" class=\"alignnone wp-image-189\" style=\"width: 200px;height: 261px;float: right\" src=\"https:\/\/sisu.ut.ee\/wp-content\/uploads\/sites\/545\/picture4.jpg\" title=\"picture4.jpg\" alt=\"SDCE5-4\" srcset=\"https:\/\/sisu.ut.ee\/wp-content\/uploads\/sites\/545\/picture4.jpg 551w, https:\/\/sisu.ut.ee\/wp-content\/uploads\/sites\/545\/picture4-230x300.jpg 230w\" sizes=\"auto, (max-width: 551px) 100vw, 551px\">\r\n<\/h3>\r\n\r\n<h3>\r\n\t<b><span><span style=\"line-height:107%\">Was ist soziale Verantwortung von Unternehmen?<\/span><\/span><\/b>\r\n<\/h3>\r\n\r\n<p>\r\n\t<span><span style=\"line-height:107%\">Soziale Verantwortung von Unternehmen (Corporate Social Responsibility) bedeutet, dass Unternehmen Verantwortung f\u00fcr die Gesellschaft im Kontext ihres Wirkungsbereichs \u00fcbernehmen. Unternehmen gehen dabei freiwillig \u00fcber ihre konkreten Arbeitsbedingungen und M\u00f6glichkeiten, die gesetzlich vorgeschrieben sind, hinaus, um einen positiven Einfluss auf die Gesellschaft auszu\u00fcben.<\/span><\/span>\r\n<\/p>\r\n\r\n<p>\r\n\t<span><span style=\"line-height:107%\">Soziale Verantwortung kann etwa in Form von Fairtrade-Produkten, verbesserten Arbeitsbedingungen oder Sponsoring f\u00fcr wohlt\u00e4tige Zwecke vorliegen.<\/span><\/span>\r\n<\/p>\r\n\r\n<p>\r\n\t\u00a0\r\n<\/p>\r\n\r\n<h3>\r\n\t<b><span><span style=\"line-height:107%\">Warum ist soziale Verantwortung wichtig?<\/span><\/span><\/b>\r\n<\/h3>\r\n\r\n<p>\r\n\t<span><span style=\"line-height:107%\">\u00dcbernehmen Unternehmen soziale Verantwortung, profitieren alle davon, von den Verbraucher*innen bis zum Unternehmen selbst. Verbraucher*innen k\u00f6nnen bei ihrer Entscheidung, in einem sozial verantwortlichen Unternehmen zu kaufen, davon ausgehen, einen Beitrag f\u00fcr eine \u2019gute Sache\u2019 zu leisten. Das Unternehmen wiederum kann durch sein Engagement f\u00fcr ethische Belange seinen Ruf und Bekanntheitsgrad und seinen Kundenstamm erweitern. Und nat\u00fcrlich profitiert die Gesellschaft im Allgemeinen davon, wenn sich Unternehmen der sozialen Verantwortung verschreiben.<\/span><\/span>\r\n<\/p>\r\n\r\n<p>\r\n\t\u00a0\r\n<\/p>\r\n\r\n<h3>\r\n\t<b><span lang=\"DE-AT\"><span style=\"line-height:107%\">Aufbau einer Strategie f\u00fcr soziale Verantwortung<\/span><\/span><\/b>\r\n<\/h3>\r\n\r\n<p>\r\n\t<span lang=\"DE-AT\"><span style=\"line-height:107%\">Hier geht es darum, zu \u00fcberlegen, was ein Projekt zu digitalem studentischem Engagement leisten soll. Was sind die St\u00e4rken des Projekts? Diese k\u00f6nnen im Bereich Marketing bis hin zur effektiven Nutzung verschiedener Kommunikationskan\u00e4le liegen. Es ist wichtig, sich auf die St\u00e4rken des Projektes zu konzentrieren und diese zu forcieren. Dabei empfiehlt es sich, die St\u00e4rken im Projekt gemeinsam mit den Teammitglieder*innen zu bestimmen. Au\u00dferdem ist es ratsam, alle Ausgaben, die im Verlauf des Projektes get\u00e4tigt werden, dahingehend zu \u00fcberpr\u00fcfen, ob sie auch dem Auftrag des Projektes dienen.<\/span><\/span>\r\n<\/p>\r\n\r\n<p>\r\n\t\u00a0\r\n<\/p>\r\n\r\n<p>\r\n\tIn dem folgenden Video wird die Bedeutung der sozialen Verantwortung von Unternehmen erkl\u00e4rt:\r\n<\/p>\r\n\r\n<p>\r\n\t<img loading=\"lazy\" decoding=\"async\" width=\"1716\" height=\"1094\" class=\"alignnone wp-image-223\" style=\"width: 300px;height: 191px\" src=\"https:\/\/sisu.ut.ee\/wp-content\/uploads\/sites\/545\/sdce_video5-4.png\" title=\"sdce_video5-4.png\" alt=\"SDCE_video_5-4\" srcset=\"https:\/\/sisu.ut.ee\/wp-content\/uploads\/sites\/545\/sdce_video5-4.png 1716w, https:\/\/sisu.ut.ee\/wp-content\/uploads\/sites\/545\/sdce_video5-4-300x191.png 300w, https:\/\/sisu.ut.ee\/wp-content\/uploads\/sites\/545\/sdce_video5-4-1024x653.png 1024w, https:\/\/sisu.ut.ee\/wp-content\/uploads\/sites\/545\/sdce_video5-4-768x490.png 768w, https:\/\/sisu.ut.ee\/wp-content\/uploads\/sites\/545\/sdce_video5-4-1536x979.png 1536w\" sizes=\"auto, (max-width: 1716px) 100vw, 1716px\"><span><span style=\"line-height:107%\"><span><a href=\"https:\/\/www.youtube.com\/watch?v=dwh93cjDeT0\">https:\/\/www.youtube.com\/watch?v=dwh93cjDeT0<\/a> <\/span><\/span><\/span>\r\n<\/p>\r\n\r\n<p>\r\n\t\u00a0\r\n<\/p>\r\n\r\n<h2>\r\n\t<b><span lang=\"DE\"><span style=\"line-height:107%\">Schnelltest<\/span><\/span><\/b>\r\n<\/h2>\r\n\r\n<div class=\"h5p-iframe-wrapper\"><div class=\"video-placeholder-wrapper video-placeholder-wrapper--fixed\" style=\"height: 366px;\">\n\t\t\t    <div class=\"video-placeholder d-flex justify-content-center align-items-center\">\n\t\t\t        <div class=\"overlay text-white p-2 w-100 text-center d-block justify-content-center align-items-center\">\n\t\t\t            <div>To view third-party content, please accept cookies.<\/div>\n\t\t\t            <button class=\"btn btn-secondary btn-sm mt-1 consent-change\">Change consent<\/button>\n\t\t\t        <\/div>\n\t\t\t    <\/div>\n\t\t\t<\/div>\n<\/div>\r\n","protected":false},"excerpt":{"rendered":"<p>Dieses Thema hebt die Bedeutung der sozialen Verantwortung (corporate social responsibility) von Unternehmen hervor und welche Rolle diese f\u00fcr die L\u00f6sung potenzieller gesellschaftlicher Probleme einnehmen kann. Die Studierenden entwickeln ein Verst\u00e4ndnis f\u00fcr die soziale Verantwortung von Unternehmen und wie sie &#8230;<\/p>\n","protected":false},"author":63,"featured_media":0,"parent":0,"menu_order":0,"comment_status":"closed","ping_status":"closed","template":"","meta":{"_acf_changed":false,"inline_featured_image":false,"footnotes":""},"class_list":["post-150","page","type-page","status-publish","hentry"],"acf":[],"_links":{"self":[{"href":"https:\/\/sisu.ut.ee\/sdce\/de\/wp-json\/wp\/v2\/pages\/150","targetHints":{"allow":["GET"]}}],"collection":[{"href":"https:\/\/sisu.ut.ee\/sdce\/de\/wp-json\/wp\/v2\/pages"}],"about":[{"href":"https:\/\/sisu.ut.ee\/sdce\/de\/wp-json\/wp\/v2\/types\/page"}],"author":[{"embeddable":true,"href":"https:\/\/sisu.ut.ee\/sdce\/de\/wp-json\/wp\/v2\/users\/63"}],"replies":[{"embeddable":true,"href":"https:\/\/sisu.ut.ee\/sdce\/de\/wp-json\/wp\/v2\/comments?post=150"}],"version-history":[{"count":3,"href":"https:\/\/sisu.ut.ee\/sdce\/de\/wp-json\/wp\/v2\/pages\/150\/revisions"}],"predecessor-version":[{"id":779,"href":"https:\/\/sisu.ut.ee\/sdce\/de\/wp-json\/wp\/v2\/pages\/150\/revisions\/779"}],"wp:attachment":[{"href":"https:\/\/sisu.ut.ee\/sdce\/de\/wp-json\/wp\/v2\/media?parent=150"}],"curies":[{"name":"wp","href":"https:\/\/api.w.org\/{rel}","templated":true}]}}