{"id":149,"date":"2024-04-04T07:48:37","date_gmt":"2024-04-04T04:48:37","guid":{"rendered":"https:\/\/sisu.ut.ee\/sdce\/module-5-3-en-3\/"},"modified":"2024-04-05T12:37:08","modified_gmt":"2024-04-05T09:37:08","slug":"module-5-3-en-3","status":"publish","type":"page","link":"https:\/\/sisu.ut.ee\/sdce\/de\/module-5-3-en-3\/","title":{"rendered":"Thema 3: Crowdfunding f\u00fcr freiwilliges studentisches Engagement"},"content":{"rendered":"<blockquote>\r\n\t<h4>\r\n\t\t<img loading=\"lazy\" decoding=\"async\" width=\"531\" height=\"399\" class=\"alignnone wp-image-179\" style=\"width: 150px;height: 113px;float: right\" src=\"https:\/\/sisu.ut.ee\/wp-content\/uploads\/sites\/545\/sdce_clowd.png\" title=\"sdce_clowd.png\" alt=\"SDCE_clowd\" srcset=\"https:\/\/sisu.ut.ee\/wp-content\/uploads\/sites\/545\/sdce_clowd.png 531w, https:\/\/sisu.ut.ee\/wp-content\/uploads\/sites\/545\/sdce_clowd-300x225.png 300w\" sizes=\"auto, (max-width: 531px) 100vw, 531px\">Dieses Thema behandelt das Konzept des <i>Crowdfunding<\/i> und geht auf verschiedene Formen der Finanzierung ein, die Studierende nutzen k\u00f6nnen, um Projekte zu digitalem studentischem Engagement zu verwirklichen. Die Studierende lernen unterschiedliche Plattformen und Tools f\u00fcr <i>Crowdfunding<\/i> kennen und wie sie diese zur Finanzierung ihrer Projekte einsetzen k\u00f6nnen.\r\n\t<\/h4>\r\n<\/blockquote>\r\n\r\n<p>\r\n\t\u00a0\r\n<\/p>\r\n\r\n<p>\r\n\t<img loading=\"lazy\" decoding=\"async\" width=\"536\" height=\"668\" class=\"alignnone wp-image-221\" style=\"width: 200px;height: 249px;float: right\" src=\"https:\/\/sisu.ut.ee\/wp-content\/uploads\/sites\/545\/picture5-3.jpg\" title=\"picture5-3.jpg\" alt=\"SDCE5-3\" srcset=\"https:\/\/sisu.ut.ee\/wp-content\/uploads\/sites\/545\/picture5-3.jpg 536w, https:\/\/sisu.ut.ee\/wp-content\/uploads\/sites\/545\/picture5-3-241x300.jpg 241w\" sizes=\"auto, (max-width: 536px) 100vw, 536px\">\r\n<\/p>\r\n\r\n<h3>\r\n\t<b><span lang=\"DE-AT\"><span style=\"line-height:107%\">Was ist Crowdfunding?<\/span><\/span><\/b>\r\n<\/h3>\r\n\r\n<p style=\"text-align:justify\">\r\n\t<span lang=\"DE-AT\"><span style=\"line-height:107%\">Beim Crowdfunding unterst\u00fctzen viele Menschen (eine \u201eCrowd\u201c) die Finanzierung eines Projektes bzw. eines Produktes. Es kann ein n\u00fctzlicher Weg sein, eine erste Finanzierung f\u00fcr Projekte, bestimmte Anliegen, Startups oder kleinere Unternehmen zu erm\u00f6glichen, indem viele kleine Spendenbetr\u00e4ge von mehreren Menschen gesammelt werden.<\/span><\/span>\r\n<\/p>\r\n\r\n<p style=\"text-align:justify\">\r\n\t<span lang=\"DE-AT\"><span style=\"line-height:107%\">Beim Crowdfunding muss ein Projekt oder ein Unternehmen die Crowdfunder davon \u00fcberzeugen, dass ihr Projekt es wert ist, finanziert zu werden. Die \u201eKunst des Geschichtenerz\u00e4hlens\u201c kann dabei sehr hilfreich sein.<\/span><\/span>\r\n<\/p>\r\n\r\n<p style=\"text-align:justify\">\r\n\t<span lang=\"DE-AT\"><span style=\"line-height:107%\">Es gibt vier verschiedene Formen von Crowdfunding: Spenden, Kredit, Gegenleistungen und Anteilsk\u00e4ufe.<\/span><\/span>\r\n<\/p>\r\n\r\n<ol>\r\n\t<li style=\"text-align: justify\">\r\n\t\t<b><span lang=\"DE-AT\"><span style=\"line-height:107%\">Spenden<\/span><\/span><\/b><span lang=\"DE-AT\"><span style=\"line-height:107%\">: Beim spendenbasierten Crowdfunding erwarten die Unterst\u00fctzer*innen keine Gegenleistung, sondern spenden aus Interesse und freiwilliger Unterst\u00fctzung f\u00fcr das Projekt.<\/span><\/span>\r\n\t<\/li>\r\n\t<li style=\"text-align: justify\">\r\n\t\t<b><span lang=\"DE-AT\"><span style=\"line-height:107%\">Kredit: <\/span><\/span><\/b><span lang=\"DE-AT\"><span style=\"line-height:107%\">Eine auf Kredit basierende Spende funktioniert wie eine Kreditvergabe. Die Spender*innen gew\u00e4hren einen Kredit, der von den Empf\u00e4nger*innen innerhalb eines bestimmten Zeitraums mit Zinsen zur\u00fcckgezahlt werden muss.<\/span><\/span>\r\n\t<\/li>\r\n\t<li style=\"text-align: justify\">\r\n\t\t<b><span lang=\"DE-AT\"><span style=\"line-height:107%\">Gegenleistungen oder Tauschleistungen<\/span><\/span><\/b><span lang=\"DE-AT\"><span style=\"line-height:107%\">: Die Spender*innen erhalten eine Gegenleistung f\u00fcr ihre Spende. In der Regel handelt es sich dabei um ein kleines Geschenk wie z. B. ein T-Shirt oder etwas, das mit dem Projekt bzw. dem Unternehmen, das unterst\u00fctzt wird, in Verbindung steht. Spender*innen k\u00f6nnen auch das Produkt, deren Herstellung durch die Spende unterst\u00fctzt wird, als Gegenleistung erhalten.\u00a0<\/span><\/span>\r\n\t<\/li>\r\n\t<li style=\"text-align: justify\">\r\n\t\t<b><span lang=\"DE-AT\"><span style=\"line-height:107%\">Anteilskauf: <\/span><\/span><\/b><span lang=\"DE-AT\"><span style=\"line-height:107%\">In einigen F\u00e4llen erhalten Spender*innen im Austausch gegen ihre Spende einen Anteil an dem gef\u00f6rderten Unternehmen (das meist in der H\u00f6he des von ihnen gespendeten Betrags).<\/span><\/span>\r\n\t<\/li>\r\n<\/ol>\r\n\r\n<p>\r\n\t\u00a0\r\n<\/p>\r\n\r\n<h3>\r\n\t<b><span><span style=\"line-height:107%\">Crowdfunding-Websites<\/span><\/span><\/b>\r\n<\/h3>\r\n\r\n<p>\r\n\t<span><span style=\"line-height:107%\">Es ist wichtig, die passende Crowdfunding-Website auszuw\u00e4hlen, damit die f\u00fcr ein Projekt bzw. ein Produkt organisierte Kampagne erfolgreich ist.<\/span><\/span>\r\n<\/p>\r\n\r\n<p>\r\n\t<b><span><span style=\"line-height:107%\">Kickstarter<\/span><\/span><\/b><span><span style=\"line-height:107%\"> ist eine Crowdfunding-Website, die auf Gegenleistungen basiert. Seit der Gr\u00fcndung im Jahr 2009 wurden im Rahmen von <i>Kickstarter<\/i> Milliardenbetr\u00e4ge f\u00fcr \u00fcber 100.000 verschiedene Projekte gesammelt. Sobald die gew\u00fcnschte Geldsumme erreicht ist, werden in der Regel Gegenleistungen, z. B. bestimmte Produkte oder Dienstleistungen an die Spender*innen \u00fcbermittelt.<\/span><\/span><br><a data-url=\"https:\/\/www.kickstarter.com\/\" href=\"https:\/\/www.kickstarter.com\/\" target=\"_blank\" title=\"\" rel=\"noopener\">Link zu Kickstarter<\/a>\r\n<\/p>\r\n\r\n<p>\r\n\t\u00a0\r\n<\/p>\r\n\r\n<p>\r\n\t<b><span><span style=\"line-height:107%\">GoFundMe <\/span><\/span><\/b><span><span style=\"line-height:107%\">ist eine spendenbasierte Crowdfunding-Website. Obwohl sie in der Regel f\u00fcr wohlt\u00e4tige Zwecke genutzt wird, k\u00f6nnen auch Unternehmen die Plattform nutzen, um Spenden f\u00fcr ihre Kampagne zu sammeln.<\/span><\/span><br><a data-url=\"https:\/\/www.gofundme.com\/\" href=\"https:\/\/www.gofundme.com\/\" target=\"_blank\" title=\"\" rel=\"noopener\">Link zu GoFundMe<\/a>\r\n<\/p>\r\n\r\n<p>\r\n\t\u00a0\r\n<\/p>\r\n\r\n<p>\r\n\t<b><span><span style=\"line-height:107%\">LendingClub<\/span><\/span><\/b><span><span style=\"line-height:107%\"> ist eine auf Fremdleihen basierte Crowdfunding-Website. Sie nutzt die Methode der \u201ePeer-to-Peer-Kreditvergabe\u201c und bietet Privatkredite und Finanzierungen f\u00fcr kleine Unternehmen \u00fcber einen Zeitraum von 3 bis 5 Jahren an.<\/span><\/span><br><a data-url=\"https:\/\/www.lendingclub.com\/\" href=\"https:\/\/www.lendingclub.com\/\" target=\"_blank\" title=\"\" rel=\"noopener\">Link zu LendingClub<\/a>\r\n<\/p>\r\n\r\n<p>\r\n\t\u00a0\r\n<\/p>\r\n\r\n<p>\r\n\t<b><span><span style=\"line-height:107%\">Hubbub<\/span><\/span><\/b><span><span style=\"line-height:107%\"> arbeitet mit Hochschulen zusammen und bietet sich besonders f\u00fcr Crowdfunding f\u00fcr Studierenden- und Alumniprojekte an. Studierende k\u00f6nnen durch die Verwendung von <i>Hubbub<\/i> eine Reihe von unternehmerischen Kompetenzen entwickeln: Von der Erstellung des Crowdfunding-Pitches bis hin zur Verbreitung des Projektes in unterschiedlichen Kommunikationskan\u00e4len, der gesamte Prozess bietet Lernm\u00f6glichkeiten in Sachen Marketing.<\/span><\/span><br><a data-url=\"https:\/\/www.hubbub.net\/\" href=\"https:\/\/www.hubbub.net\/\" target=\"_blank\" title=\"\" rel=\"noopener\">Link zu Hubbub<\/a>\r\n<\/p>\r\n\r\n<p>\r\n\t\u00a0\r\n<\/p>\r\n\r\n<p>\r\n\t<span lang=\"DE-AT\"><span style=\"line-height:107%\">Hubbub verfolgt zwei Ziele:<\/span><\/span>\r\n<\/p>\r\n\r\n<ol>\r\n\t<li>\r\n\t\t<span lang=\"DE-AT\"><span style=\"line-height:107%\">Hubbub bietet digitale Fundraising-L\u00f6sungen f\u00fcr den Bildungs- und Non-Profit-Sektor an und m\u00f6chte Organisationen dabei helfen, Crowdfunding-Kampagnen \u00fcber Mobilger\u00e4te, das Internet und sozialen Medien durchzuf\u00fchren.\u00a0<\/span><\/span>\r\n\t<\/li>\r\n\t<li>\r\n\t\t<span lang=\"DE-AT\"><span style=\"line-height:107%\"><span>Hubbub geben Einzelpersonen, die Crowdfunding-Kampagnen f\u00fcr wohlt\u00e4tige Zwecke erstellen wollen, auf ihrer Plattform kostenlos Anleitung <\/span><\/span><\/span>(<a href=\"https:\/\/www.hubbub.net\/solutions\/crowdfunding\">https:\/\/www.hubbub.net\/solutions\/crowdfunding<\/a>)\u00a0\r\n\t<\/li>\r\n<\/ol>\r\n\r\n<p>\r\n\t\u00a0\r\n<\/p>\r\n\r\n<h3>\r\n\t<b><span><span style=\"line-height:107%\">Tipps f\u00fcr erfolgreiches Crowdfunding<\/span><\/span><\/b>\r\n<\/h3>\r\n\r\n<p>\r\n\t<b><span><span style=\"line-height:107%\">1. Eine erfolgreiche Kampagne besticht mit einer guten Geschichte.<\/span><\/span><\/b><span><span style=\"line-height:107%\"> Menschen sind dann bereit, in eine Kampagne zu investieren, wenn sie diese ansprechend, interessant und n\u00fctzlich finden. Mit einer originellen Geschichte zur Kampange gelingt es, sich mit dem eigenen Projekt von der Masse abzuheben. Dabei kann es hilfreich sein, verschiedene Plattformen und Socia Media-Websites zu nutzen und z. B. anhand von einem kurzen Video zu erkl\u00e4ren, weshalb es Sinn macht und wichtig ist, f\u00fcr die Kampagne zu spenden.<\/span><\/span>\r\n<\/p>\r\n\r\n<p>\r\n\t<b><span><span style=\"line-height:107%\">2. Eine klare, transparente und nachvollziehbare Kommunikation ist wichtig.<\/span><\/span><\/b><span><span style=\"line-height:107%\"> Im Verlauf der Fundraising-Kampagne ist es wichtig, die Unterst\u00fctzer*innen auf dem Laufenden zu halten. W\u00e4hrend des Crowdfundings kann es zu Verz\u00f6gerungen kommen; daher ist es wichtig, dass die Unterst\u00fctzer*innen \u00fcber diese informiert sind. Ebenso sollen nach Beendigung der Fundraising-Kampagne die Unterst\u00fctzer*innen \u00fcber die n\u00e4chsten Schritte im Projekt informiert werden. Durch den laufenden Kontakt bleiben soziale Netzwerke aufrecht.<\/span><\/span>\r\n<\/p>\r\n\r\n<p style=\"text-align:justify\">\r\n\t<b><span lang=\"DE-AT\"><span style=\"line-height:107%\">3. <\/span><\/span><\/b><b><span lang=\"DE-AT\"><span style=\"line-height:107%\">Eine gute Vorbereitung auf die Fundraising-Kampagne ist unverzichtbar.<\/span><\/span><\/b><span lang=\"DE-AT\"><span style=\"line-height:107%\"> Es ist wenig zielf\u00fchrend, mit der Kampagne ohne Vorbereitung zu starten und davon auszugehen, dass die Geldgeber*innen von selbst auf die Kampagne sto\u00dfen werden. Bereits vor dem offiziellen der Start der Kampagne gilt es, auf das bevorstehende Crowdfunding (z. B. auf Social Media-Plattformen) hinzuweisen. Auch Mund-zu-Mund-Propaganda kann f\u00fcr die Kampagne sehr n\u00fctzlich sein, indem Bekannten und Kolleg*innen von der Kampagne im Vorfeld berichtet wird. Es ist also wichtig, sich ausreichend Zeit f\u00fcr die Planung der Kampagne zu nehmen.<\/span><\/span>\r\n<\/p>\r\n\r\n<p>\r\n\t\u00a0\r\n<\/p>\r\n\r\n<h3>\r\n\tIn dem folgenden Video wird Anleitung dazu gegeben, wie man eine gute <i>Crowdfunding-Story<\/i> schreibt:\r\n<\/h3>\r\n\r\n<p>\r\n\t<img loading=\"lazy\" decoding=\"async\" width=\"1716\" height=\"1094\" class=\"alignnone wp-image-222\" style=\"width: 300px;height: 191px\" src=\"https:\/\/sisu.ut.ee\/wp-content\/uploads\/sites\/545\/sdce_video5-3.png\" title=\"sdce_video5-3.png\" alt=\"SDCE_video5-3\" srcset=\"https:\/\/sisu.ut.ee\/wp-content\/uploads\/sites\/545\/sdce_video5-3.png 1716w, https:\/\/sisu.ut.ee\/wp-content\/uploads\/sites\/545\/sdce_video5-3-300x191.png 300w, https:\/\/sisu.ut.ee\/wp-content\/uploads\/sites\/545\/sdce_video5-3-1024x653.png 1024w, https:\/\/sisu.ut.ee\/wp-content\/uploads\/sites\/545\/sdce_video5-3-768x490.png 768w, https:\/\/sisu.ut.ee\/wp-content\/uploads\/sites\/545\/sdce_video5-3-1536x979.png 1536w\" sizes=\"auto, (max-width: 1716px) 100vw, 1716px\"><a href=\"https:\/\/www.youtube.com\/watch?v=6fqfQdpYzeQ\">https:\/\/www.youtube.com\/watch?v=6fqfQdpYzeQ<\/a>\r\n<\/p>\r\n\r\n<h2>\r\n\t\u00a0\r\n<\/h2>\r\n\r\n<h2>\r\n\t<b>Schnelltest<\/b>\r\n<\/h2>\r\n\r\n<div class=\"h5p-iframe-wrapper\"><div class=\"video-placeholder-wrapper video-placeholder-wrapper--fixed\" style=\"height: 366px;\">\n\t\t\t    <div class=\"video-placeholder d-flex justify-content-center align-items-center\">\n\t\t\t        <div class=\"overlay text-white p-2 w-100 text-center d-block justify-content-center align-items-center\">\n\t\t\t            <div>To view third-party content, please accept cookies.<\/div>\n\t\t\t            <button class=\"btn btn-secondary btn-sm mt-1 consent-change\">Change consent<\/button>\n\t\t\t        <\/div>\n\t\t\t    <\/div>\n\t\t\t<\/div>\n<\/div>\r\n","protected":false},"excerpt":{"rendered":"<p>Dieses Thema behandelt das Konzept des Crowdfunding und geht auf verschiedene Formen der Finanzierung ein, die Studierende nutzen k\u00f6nnen, um Projekte zu digitalem studentischem Engagement zu verwirklichen. Die Studierende lernen unterschiedliche Plattformen und Tools f\u00fcr Crowdfunding kennen und wie sie &#8230;<\/p>\n","protected":false},"author":63,"featured_media":0,"parent":0,"menu_order":0,"comment_status":"closed","ping_status":"closed","template":"","meta":{"_acf_changed":false,"inline_featured_image":false,"footnotes":""},"class_list":["post-149","page","type-page","status-publish","hentry"],"acf":[],"_links":{"self":[{"href":"https:\/\/sisu.ut.ee\/sdce\/de\/wp-json\/wp\/v2\/pages\/149","targetHints":{"allow":["GET"]}}],"collection":[{"href":"https:\/\/sisu.ut.ee\/sdce\/de\/wp-json\/wp\/v2\/pages"}],"about":[{"href":"https:\/\/sisu.ut.ee\/sdce\/de\/wp-json\/wp\/v2\/types\/page"}],"author":[{"embeddable":true,"href":"https:\/\/sisu.ut.ee\/sdce\/de\/wp-json\/wp\/v2\/users\/63"}],"replies":[{"embeddable":true,"href":"https:\/\/sisu.ut.ee\/sdce\/de\/wp-json\/wp\/v2\/comments?post=149"}],"version-history":[{"count":3,"href":"https:\/\/sisu.ut.ee\/sdce\/de\/wp-json\/wp\/v2\/pages\/149\/revisions"}],"predecessor-version":[{"id":780,"href":"https:\/\/sisu.ut.ee\/sdce\/de\/wp-json\/wp\/v2\/pages\/149\/revisions\/780"}],"wp:attachment":[{"href":"https:\/\/sisu.ut.ee\/sdce\/de\/wp-json\/wp\/v2\/media?parent=149"}],"curies":[{"name":"wp","href":"https:\/\/api.w.org\/{rel}","templated":true}]}}