{"id":148,"date":"2024-04-04T07:48:37","date_gmt":"2024-04-04T04:48:37","guid":{"rendered":"https:\/\/sisu.ut.ee\/sdce\/module-5-2-en-3\/"},"modified":"2024-04-05T12:37:08","modified_gmt":"2024-04-05T09:37:08","slug":"module-5-2-en-3","status":"publish","type":"page","link":"https:\/\/sisu.ut.ee\/sdce\/de\/module-5-2-en-3\/","title":{"rendered":"Thema 2: Schlaglichter auf Lean Startups"},"content":{"rendered":"<blockquote>\r\n\t<h4>\r\n\t\t<img loading=\"lazy\" decoding=\"async\" width=\"531\" height=\"399\" class=\"alignnone wp-image-179\" style=\"width: 150px;height: 113px;float: right\" src=\"https:\/\/sisu.ut.ee\/wp-content\/uploads\/sites\/545\/sdce_clowd.png\" title=\"sdce_clowd.png\" alt=\"SDCE_clowd\" srcset=\"https:\/\/sisu.ut.ee\/wp-content\/uploads\/sites\/545\/sdce_clowd.png 531w, https:\/\/sisu.ut.ee\/wp-content\/uploads\/sites\/545\/sdce_clowd-300x225.png 300w\" sizes=\"auto, (max-width: 531px) 100vw, 531px\"><span lang=\"DE-AT\"><span style=\"line-height:107%\"><span style=\",sans-serif\"><span style=\"color:#1f3763\">Dieses Thema befasst sich mit M\u00f6glichkeiten zur Finanzierung eines Projektes zu digitalem studentischem Engagement. Die Studierenden lernen die Methode des <i>Lean Startup<\/i> kennen und eruieren, wie Technologieunternehmen bei der Finanzierung ihres Projektes helfen k\u00f6nnen.<\/span><\/span><\/span><\/span>\r\n\t<\/h4>\r\n<\/blockquote>\r\n\r\n<p>\r\n\t\u00a0\r\n<\/p>\r\n\r\n<h3>\r\n\t<img loading=\"lazy\" decoding=\"async\" width=\"536\" height=\"668\" class=\"alignnone wp-image-207\" style=\"width: 200px;height: 249px;float: right\" src=\"https:\/\/sisu.ut.ee\/wp-content\/uploads\/sites\/545\/picture5-2.jpg\" title=\"picture5-2.jpg\" alt=\"SDCE5-2\" srcset=\"https:\/\/sisu.ut.ee\/wp-content\/uploads\/sites\/545\/picture5-2.jpg 536w, https:\/\/sisu.ut.ee\/wp-content\/uploads\/sites\/545\/picture5-2-241x300.jpg 241w\" sizes=\"auto, (max-width: 536px) 100vw, 536px\">\r\n<\/h3>\r\n\r\n<h3>\r\n\t<b><span lang=\"DE-AT\"><span style=\"line-height:107%\">Was ist <i>Lean Startup<\/i>?<\/span><\/span><\/b>\r\n<\/h3>\r\n\r\n<p>\r\n\t<i><span lang=\"DE-AT\"><span style=\"line-height:107%\">Lean Startup<\/span><\/span><\/i><span lang=\"DE-AT\"><span style=\"line-height:107%\"> ist eine ideale Methode, um ein Projekt zu digitalem studentischem Engagement zu entwickeln. Es basiert auf einen wissenschaftlich erprobten Ansatz f\u00fcr die Entwicklung von Projekten, Dienstleistungen oder Produkten. Anhand der Methode des <i>Lean Startup<\/i> lernen Studierende, wie sie ein Projekt aufbauen und verwalten und wie sie die daf\u00fcr relevanten Zielgruppen erreichen k\u00f6nnen.<\/span><\/span>\r\n<\/p>\r\n\r\n<p>\r\n\t\u00a0\r\n<\/p>\r\n\r\n<h3>\r\n\t<b><span lang=\"DE-AT\"><span style=\"line-height:107%\">Innovationen als Ausgangspunkt f\u00fcr Projekte zu digitalem studentischem Engagement<\/span><\/span><\/b>\r\n<\/h3>\r\n\r\n<p>\r\n\t<span lang=\"DE-AT\"><span style=\"line-height:107%\">Bei Innovationen geht es darum, neue Wege zu finden, um Problemstellungen anzugehen. Innovationen k\u00f6nnen daher eine ideale Ausgangslage f\u00fcr ein Projekt zu digitalem studentischem Engagement sein.<\/span><\/span>\r\n<\/p>\r\n\r\n<p>\r\n\t<span lang=\"DE-AT\"><span style=\"line-height:107%\">Die Entwicklung von Innovationen kann Bestandteil eines Projektes zu digitalem studentischem Engagement sein, etwa um verbesserte digitale Dienstleistungen anzubieten. \u2013 Doch Innovationen passieren nicht einfach so, sondern m\u00fcssen angesto\u00dfen werden<\/span><\/span>\r\n<\/p>\r\n\r\n<p>\r\n\t<b><span><span style=\"line-height:107%\">Schaffen eines innovativen Umfelds<\/span><\/span><\/b>\r\n<\/p>\r\n\r\n<p>\r\n\t<span><span style=\"line-height:107%\">Die Entwicklung von kreativen Ideen und Innovationen braucht Anerkennung. Daher ist es wichtig, Teammitglieder*innen zu ermutigen, ihre Ideen auszutauschen und gemeinsam alternative Wege zu finden, um eine Problemstellung zu bearbeiten. Durch verschiedene Methoden kann die Kreativit\u00e4t und der Innovationsgeist von Teammitglieder*innen gef\u00f6rdert werden, z. B. durch Brainstorming zu einem bestimmten Thema, Boxen zum Einwerfen von Vorschl\u00e4gen und Ideen etc. <\/span><\/span>\r\n<\/p>\r\n\r\n<p>\r\n\t\u00a0\r\n<\/p>\r\n\r\n<h3>\r\n\t<b><span><span style=\"line-height:107%\">Wie kann die Methode des Lean Startup helfen?<\/span><\/span><\/b>\r\n<\/h3>\r\n\r\n<p>\r\n\t<span><span style=\"line-height:107%\">Mithilfe der Methode des <i>Lean Startup<\/i> wird der Prozess f\u00fcr die Entwicklung eines Projekts, eines Produkts oder einer Dienstleistung unterst\u00fctzt. Die Zielgruppe des Projekts, des Produkts oder der Dienstleistung steht dabei von Anfang an im Mittelpunkt.<\/span><\/span>\r\n<\/p>\r\n\r\n<p>\r\n\t<b><span><span style=\"line-height:107%\">Die Methode des <i>Lean Startup<\/i> umfasst 4 Kernprinzipien:<\/span><\/span><\/b>\r\n<\/p>\r\n\r\n<ol>\r\n\t<li>\r\n\t\t<b><span lang=\"DE-AT\"><span style=\"line-height:107%\">Unternehmertum eignet sich f\u00fcr jede Projektidee: <\/span><\/span><\/b><span lang=\"DE-AT\"><span style=\"line-height:107%\">Jede Person, die eine Idee f\u00fcr ein Projekt hat, kann die Methode des <i>Lean Startup<\/i> anwenden. Die <i>Lean Startup<\/i>-Methode ist in der Projektplanung hilfreich, um Ressourcen f\u00fcr das Projekt gezielt einzusetzen.<\/span><\/span>\r\n\t<\/li>\r\n\t<li>\r\n\t\t<b><span lang=\"DE-AT\"><span style=\"line-height:107%\">Erfolgreiches Unternehmertum bedeutet Management: <\/span><\/span><\/b><span lang=\"DE-AT\"><span style=\"line-height:107%\">In vielen Projekten wird davon ausgegangen, dass das Management von Projekten vernachl\u00e4ssigbar ist, v.a. dann, wenn sich bei den Projekten nur ein paar wenige Personen beteiligen. Dies ist allerdings ein Trugschluss, denn das Management von Projekten ist ein zentraler Bestandteil jedes Projekts und dient dazu, z.<\/span><\/span><span><span style=\"line-height:107%\"> B. um in <\/span><\/span><span lang=\"DE-AT\"><span style=\"line-height:107%\">schwierigen Situationen reagieren zu k\u00f6nnen, um mit Interessensvertretungen in Kontakt zu treten oder um Teammitglieder*innen in der Entscheidungsfindung anzuleiten.<\/span><\/span>\r\n\t<\/li>\r\n\t<li>\r\n\t\t<b><span lang=\"DE-AT\"><span style=\"line-height:107%\">Nachhaltiges Lernen: <\/span><\/span><\/b><span lang=\"DE-AT\"><span style=\"line-height:107%\">Nachhaltiges Lernen bedeutet, dass im Verlauf eines Projektes laufend Feedback (z. B. von Teammitglieder*innen, Praxispartner*innen) eingeholt wird und dass bei zuk\u00fcnftigen Entscheidungen die Ergebnisse dieses Feedbacks einbezogen werden. Laufendes Feedback kann eruieren, ob ein Projekt nachhaltig ist, d.h. zu langfristigen Ver\u00e4nderungen beitragen kann.<\/span><\/span>\r\n\t<\/li>\r\n\t<li>\r\n\t\t<b><span lang=\"DE-AT\"><span style=\"line-height:107%\">Einnahmen-Ausgaben-Monitoring: <\/span><\/span><\/b><span lang=\"DE-AT\"><span style=\"line-height:107%\">Um die Durchf\u00fchrbarkeit und Nachhaltigkeit eines Projektes zu unterst\u00fctzen, braucht es ein gutes Monitoring der Einnahmen und Ausgaben im Projekt, wie z. B. Bestandsaufnahme \u00fcber den inhaltlichen und finanziellen Projektfortschritt, Festlegung von Meilensteinen f\u00fcr das Projekt sowie Entscheidungsfindung auf der Grundlage von Feedback.<\/span><\/span>\r\n\t<\/li>\r\n<\/ol>\r\n\r\n<p>\r\n\t\u00a0\r\n<\/p>\r\n\r\n<h3>\r\n\t<b><span lang=\"DE-AT\"><span style=\"line-height:107%\">Sustainable Business Model Canvas<\/span><\/span><\/b>\r\n<\/h3>\r\n\r\n<p>\r\n\t<span lang=\"DE-AT\"><span style=\"line-height:107%\">Das <i>Sustainable Business Model Canvas<\/i> ist ein n\u00fctzliches Instrument f\u00fcr die Ausarbeitung einer Idee hin zu einem tragf\u00e4higen Gesch\u00e4ftsmodell. Dabei greift es auch die \u00f6kologischen und sozialen Folgen, die ein Projekt haben kann, auf. F\u00fcr Projekte zu digitalem studentischem Engagement kann das <i>Sustainable Business Model Canvas <\/i>hilfreich sein, da es darauf abzielt, positive Wirkungen und Effekte auf die Gesellschaft zu verst\u00e4rken und negative zu verringern.<\/span><\/span>\r\n<\/p>\r\n\r\n<p>\r\n\t<b><span><span style=\"line-height:107%\">4 Schritte des <i>Sustainable Business Model Canvas<\/i><\/span><\/span><\/b>\r\n<\/p>\r\n\r\n<p>\r\n\t<b><span lang=\"DE-AT\"><span style=\"line-height:107%\">Schritt 1<\/span><\/span><\/b><span lang=\"DE-AT\"><span style=\"line-height:107%\">: Zun\u00e4chst gilt es darum, <\/span><\/span><span><span style=\"line-height:107%\">sich mit den 11 Schl\u00fcsselelementen des <i>Sustainable Business Model Canvas <\/i>vertraut zu machen. Diese werden hier stichwortartig genannt:<\/span><\/span>\r\n<\/p>\r\n\r\n<ul>\r\n\t<li>\r\n\t\t<span><span lang=\"DE-AT\"><span style=\"line-height:107%\">Projektwert \u2013 <\/span><\/span><span><span style=\"line-height:107%\">Beziehungen zu Kund*innen bzw. Praxispartner*innen <\/span><\/span><span lang=\"DE-AT\"><span style=\"line-height:107%\">\u2013 Kommunikationskan\u00e4le \u2013 Interessen der Kund*innen bzw. Praxispartner*innen<\/span><\/span><\/span>\r\n\t<\/li>\r\n\t<li>\r\n\t\t<span><span lang=\"DE-AT\"><span style=\"line-height:107%\">Zentrale Parnter*innen \u2013 zentrale Aktivit\u00e4ten \u2013 zentrale Ressourcen<\/span><\/span><\/span>\r\n\t<\/li>\r\n\t<li>\r\n\t\t<span><span lang=\"EN-US\"><span style=\"line-height:107%\">Budgetstruktur \u2013 Ausgaben \u2013 Einnahmen<\/span><\/span><\/span>\r\n\t<\/li>\r\n\t<li>\r\n\t\t<span><span lang=\"EN-US\"><span style=\"line-height:107%\">\u00d6kosoziale Kosten \u2013 \u00f6kosozialer Nutzen<\/span><\/span><\/span>\r\n\t<\/li>\r\n<\/ul>\r\n\r\n<p>\r\n\t<b><span><span style=\"line-height:107%\">Schritt 2:<\/span><\/span><\/b><span><span style=\"line-height:107%\"> Das Arbeiten im Team hilft, ein gemeinsames Verst\u00e4ndnis des Projekts und weitere Idee f\u00fcr die Entwicklung des Projekts zu finden.<\/span><\/span>\r\n<\/p>\r\n\r\n<p>\r\n\t<span><span style=\"line-height:107%\"><strong>Schritt 3:<\/strong> Ein weiterer Schritt besteht darin, die eigenen oder im Team entwickelten Ideen und \u00dcberlegungen anderen vorzustellen und zu pr\u00e4sentieren. Das kann vor anderen Teammitglieder*innen sein oder vor Lehrenden, sofern das Projekt Teil einer Lehrveranstaltung an der Hochschule ist. Wichtig ist dabei, um Feedback zu bitten, das f\u00fcr die weitere Entwicklung des Projekts wichtige Impulse geben kann.<\/span><\/span>\r\n<\/p>\r\n\r\n<p>\r\n\t<b><span><span style=\"line-height:107%\"><span>Schritt 4:<\/span><\/span><\/span><\/b><span><span style=\"line-height:107%\"><span> Nun gilt es Meilensteine und Ziele f\u00fcr das Projekt festzulegen und weitere detaillierte Pl\u00e4ne zum Projekt zu erstellen. Alle Vorlagen k\u00f6nnen je nach Bedarf adaptiert werden.<\/span><\/span><\/span>\r\n<\/p>\r\n\r\n<p>\r\n\t\u00a0\r\n<\/p>\r\n\r\n<h3>\r\n\t<span lang=\"DE-AT\"><span style=\"line-height:107%\">Eine Zusammenfassung von dem Buch \u201eThe Lean Startup\u201c wird in diesem Video bereitgestellt:<\/span><\/span>\r\n<\/h3>\r\n\r\n<p>\r\n\t<img loading=\"lazy\" decoding=\"async\" width=\"1716\" height=\"1094\" class=\"alignnone wp-image-209\" style=\"width: 300px;height: 191px\" src=\"https:\/\/sisu.ut.ee\/wp-content\/uploads\/sites\/545\/sdce_video5-2.png\" title=\"sdce_video5-2.png\" alt=\"SDCE_video_5-2\" srcset=\"https:\/\/sisu.ut.ee\/wp-content\/uploads\/sites\/545\/sdce_video5-2.png 1716w, https:\/\/sisu.ut.ee\/wp-content\/uploads\/sites\/545\/sdce_video5-2-300x191.png 300w, https:\/\/sisu.ut.ee\/wp-content\/uploads\/sites\/545\/sdce_video5-2-1024x653.png 1024w, https:\/\/sisu.ut.ee\/wp-content\/uploads\/sites\/545\/sdce_video5-2-768x490.png 768w, https:\/\/sisu.ut.ee\/wp-content\/uploads\/sites\/545\/sdce_video5-2-1536x979.png 1536w\" sizes=\"auto, (max-width: 1716px) 100vw, 1716px\"><a href=\"https:\/\/www.youtube.com\/watch?v=RSaIOCHbuYw\">https:\/\/www.youtube.com\/watch?v=RSaIOCHbuYw<\/a>\r\n<\/p>\r\n\r\n<p>\r\n\t\u00a0\r\n<\/p>\r\n\r\n<p>\r\n\t\u00a0\r\n<\/p>\r\n\r\n<h2>\r\n\t<b>Schnelltest<\/b>\r\n<\/h2>\r\n\r\n<div class=\"h5p-iframe-wrapper\"><div class=\"video-placeholder-wrapper video-placeholder-wrapper--fixed\" style=\"height: 366px;\">\n\t\t\t    <div class=\"video-placeholder d-flex justify-content-center align-items-center\">\n\t\t\t        <div class=\"overlay text-white p-2 w-100 text-center d-block justify-content-center align-items-center\">\n\t\t\t            <div>To view third-party content, please accept cookies.<\/div>\n\t\t\t            <button class=\"btn btn-secondary btn-sm mt-1 consent-change\">Change consent<\/button>\n\t\t\t        <\/div>\n\t\t\t    <\/div>\n\t\t\t<\/div>\n<\/div>\r\n","protected":false},"excerpt":{"rendered":"<p>Dieses Thema befasst sich mit M\u00f6glichkeiten zur Finanzierung eines Projektes zu digitalem studentischem Engagement. Die Studierenden lernen die Methode des Lean Startup kennen und eruieren, wie Technologieunternehmen bei der Finanzierung ihres Projektes helfen k\u00f6nnen. \u00a0 Was ist Lean Startup? Lean &#8230;<\/p>\n","protected":false},"author":63,"featured_media":0,"parent":0,"menu_order":0,"comment_status":"closed","ping_status":"closed","template":"","meta":{"_acf_changed":false,"inline_featured_image":false,"footnotes":""},"class_list":["post-148","page","type-page","status-publish","hentry"],"acf":[],"_links":{"self":[{"href":"https:\/\/sisu.ut.ee\/sdce\/de\/wp-json\/wp\/v2\/pages\/148","targetHints":{"allow":["GET"]}}],"collection":[{"href":"https:\/\/sisu.ut.ee\/sdce\/de\/wp-json\/wp\/v2\/pages"}],"about":[{"href":"https:\/\/sisu.ut.ee\/sdce\/de\/wp-json\/wp\/v2\/types\/page"}],"author":[{"embeddable":true,"href":"https:\/\/sisu.ut.ee\/sdce\/de\/wp-json\/wp\/v2\/users\/63"}],"replies":[{"embeddable":true,"href":"https:\/\/sisu.ut.ee\/sdce\/de\/wp-json\/wp\/v2\/comments?post=148"}],"version-history":[{"count":3,"href":"https:\/\/sisu.ut.ee\/sdce\/de\/wp-json\/wp\/v2\/pages\/148\/revisions"}],"predecessor-version":[{"id":781,"href":"https:\/\/sisu.ut.ee\/sdce\/de\/wp-json\/wp\/v2\/pages\/148\/revisions\/781"}],"wp:attachment":[{"href":"https:\/\/sisu.ut.ee\/sdce\/de\/wp-json\/wp\/v2\/media?parent=148"}],"curies":[{"name":"wp","href":"https:\/\/api.w.org\/{rel}","templated":true}]}}