{"id":147,"date":"2024-04-04T07:48:36","date_gmt":"2024-04-04T04:48:36","guid":{"rendered":"https:\/\/sisu.ut.ee\/sdce\/module-5-1-en-3\/"},"modified":"2024-04-05T12:37:08","modified_gmt":"2024-04-05T09:37:08","slug":"module-5-1-en-3","status":"publish","type":"page","link":"https:\/\/sisu.ut.ee\/sdce\/de\/module-5-1-en-3\/","title":{"rendered":"Thema 1: Absch\u00e4tzung und Planung des Projektbudgets"},"content":{"rendered":"<blockquote>\r\n\t<h4>\r\n\t\t<img loading=\"lazy\" decoding=\"async\" width=\"531\" height=\"399\" class=\"alignnone wp-image-179\" style=\"width: 150px;height: 113px;float: right\" src=\"https:\/\/sisu.ut.ee\/wp-content\/uploads\/sites\/545\/sdce_clowd.png\" title=\"sdce_clowd.png\" alt=\"SDCE_clowd\" srcset=\"https:\/\/sisu.ut.ee\/wp-content\/uploads\/sites\/545\/sdce_clowd.png 531w, https:\/\/sisu.ut.ee\/wp-content\/uploads\/sites\/545\/sdce_clowd-300x225.png 300w\" sizes=\"auto, (max-width: 531px) 100vw, 531px\">Dieses Thema zeigt, wie Studierende den finanziellen Aufwand f\u00fcr ein Projekt zu digitalem studentischem Engagement einsch\u00e4tzen k\u00f6nnen, welche Faktoren dabei zu ber\u00fccksichtigen sind und wie diese budgetiert werden. Die Lernziele bestehen darin, ein Verst\u00e4ndnis f\u00fcr die Budgetierung eines Projektes zu schaffen, welche Faktoren daf\u00fcr beachtet werden m\u00fcssen und welche Methoden es gibt, um ein Projekt finanziell abzusichern.\r\n\t<\/h4>\r\n<\/blockquote>\r\n\r\n<h3>\r\n\t<img loading=\"lazy\" decoding=\"async\" width=\"413\" height=\"540\" class=\"alignnone wp-image-202\" style=\"width: 200px;height: 262px;float: right\" src=\"https:\/\/sisu.ut.ee\/wp-content\/uploads\/sites\/545\/picture5-1.jpg\" title=\"picture5-1.jpg\" alt=\"SDCE5-1\" srcset=\"https:\/\/sisu.ut.ee\/wp-content\/uploads\/sites\/545\/picture5-1.jpg 413w, https:\/\/sisu.ut.ee\/wp-content\/uploads\/sites\/545\/picture5-1-229x300.jpg 229w\" sizes=\"auto, (max-width: 413px) 100vw, 413px\">\r\n<\/h3>\r\n\r\n<p>\r\n\t\u00a0\r\n<\/p>\r\n\r\n<h3>\r\n\t<b><span lang=\"DE-AT\"><span style=\"line-height:107%\">Warum ist die Planung eines Projektbudgets wichtig?<\/span><\/span><\/b>\r\n<\/h3>\r\n\r\n<p>\r\n\t<span lang=\"DE-AT\"><span style=\"line-height:107%\">Ein Projekt kann nur dann umgesetzt werden, wenn es \u00fcber die entsprechenden Ressourcen verf\u00fcgt. Die Ermittlung des Ressourcenbedarfs und die Beschaffung dieser Ressourcen vor Beginn eines Projektes sind daher von entscheidender Bedeutung. Eine sorgf\u00e4ltige Planung ist erforderlich, um die Rahmenbedingungen daf\u00fcr zu schaffen, dass das Projekt seine Wirkung entfalten kann. <\/span><\/span>\r\n<\/p>\r\n\r\n<p>\r\n\t<span lang=\"DE-AT\"><span style=\"line-height:107%\">Ein Projektbudget umfasst eine Sch\u00e4tzung der Gesamtkosten f\u00fcr die verschiedenen Phasen eines Projektes. Dazu geh\u00f6ren Kosten f\u00fcr die Einrichtung eines Arbeitsplatzes, Materialien, Ausstattung, Raummiete f\u00fcr Arbeitspl\u00e4tze und Sitzungen, Reisekosten, Werbekosten usw.<\/span><\/span>\r\n<\/p>\r\n\r\n<p>\r\n\t\u00a0\r\n<\/p>\r\n\r\n<h3>\r\n\t<b><span lang=\"DE-AT\"><span style=\"line-height:107%\">Gr\u00fcnde f\u00fcr die Planung eines Projektbudgets<\/span><\/span><\/b>\r\n<\/h3>\r\n\r\n<p>\r\n\t<span lang=\"DE-AT\"><span style=\"line-height:107%\">Die Erstellung eines Projektbudgets dient dazu, dass alle mit dem Projekt verbundenen Kosten und andere unerwartete Ausgaben, die w\u00e4hrend der Laufzeit des Projekts anfallen k\u00f6nnen, gedeckt sind. <\/span><\/span>\r\n<\/p>\r\n\r\n<p>\r\n\t<span lang=\"DE-AT\"><span style=\"line-height:107%\">Auf Basis der Budgetplanung kann ein Finanzbedarf an potentielle F\u00f6rderer und Sponsoren mitteilt und angeben werden, wie viele Mittel in welcher Projektphase ben\u00f6tigt werden. <\/span><\/span>\r\n<\/p>\r\n\r\n<p>\r\n\t\u00a0\r\n<\/p>\r\n\r\n<h3>\r\n\t<b><span lang=\"DE-AT\"><span style=\"line-height:107%\">Wie ein Projektbudget erstellt wird<\/span><\/span><\/b>\r\n<\/h3>\r\n\r\n<p>\r\n\t<span lang=\"DE-AT\"><span style=\"line-height:107%\">Bei der Erarbeitung eines Projektbudgets m\u00fcssen die einzelnen Kostenstellen berechnet werden. Das Budget muss gr\u00fcndlich erstellt werden, damit gew\u00e4hrleistet werden kann, dass keine Kategorien \u00fcbersehen werden, die sich auf die Sicherung der Finanzierung eines Projektes auswirken k\u00f6nnen.\u00a0 <\/span><\/span>\r\n<\/p>\r\n\r\n<p>\r\n\t<span lang=\"DE-AT\"><span style=\"line-height:107%\">Bei der Erstellung eines Projektbudgets gilt es, eine Reihe von wichtigen Aspekten zu ber\u00fccksichtigen und verschiedene Schritte zur Kostenabsch\u00e4tzung f\u00fcr ein Budget anzuwenden.<\/span><\/span>\r\n<\/p>\r\n\r\n<p>\r\n\tFolgende Schritte gilt es bei der Erstellung eines Projektbudgets zu beachten:\r\n<\/p>\r\n\r\n<p>\r\n\t\u00a0\r\n<\/p>\r\n\r\n<table class=\"table table-hover\" border=\"0\" cellpadding=\"5\" cellspacing=\"0\" style=\"width: 100%\">\r\n\t<tbody>\r\n\t\t<tr>\r\n\t\t\t<td>\r\n\t\t\t\t<p>\r\n\t\t\t\t\t<strong>1. <\/strong><b>Erstellen einer Aufgabenliste<\/b>\r\n\t\t\t\t<\/p>\r\n\r\n\t\t\t\t<p>\r\n\t\t\t\t\t<img loading=\"lazy\" decoding=\"async\" width=\"640\" height=\"640\" class=\"alignnone wp-image-198\" style=\"width: 110px;height: 110px;float: left\" src=\"https:\/\/sisu.ut.ee\/wp-content\/uploads\/sites\/545\/brief-4510896_640.png\" title=\"brief-4510896_640.png\" alt=\"List\" srcset=\"https:\/\/sisu.ut.ee\/wp-content\/uploads\/sites\/545\/brief-4510896_640.png 640w, https:\/\/sisu.ut.ee\/wp-content\/uploads\/sites\/545\/brief-4510896_640-300x300.png 300w, https:\/\/sisu.ut.ee\/wp-content\/uploads\/sites\/545\/brief-4510896_640-150x150.png 150w\" sizes=\"auto, (max-width: 640px) 100vw, 640px\">Durch die Erstellung einer Aufgabenliste kann auf einen Blick gesehen werden, welche Aufgaben bei jedem Meilenstein des Projekts zu erledigen sind. Anhand einer Aufgabenliste sehen die Teammitglieder*innen, was in jeder Phase des Projekts zu tun ist und wer daf\u00fcr verantwortlich ist. Die Aufgaben im Verlauf eines Projektes k\u00f6nnen auch w\u00e4hrend der Planungsphase des Projekts festgelegt werden. Auf diese wird in Modul 4 n\u00e4her eingegangen.\r\n\t\t\t\t<\/p>\r\n\t\t\t<\/td>\r\n\t\t<\/tr>\r\n\t\t<tr>\r\n\t\t\t<td>\r\n\t\t\t\t<p>\r\n\t\t\t\t\t<strong>2. <\/strong><b>Recherche der Kosten f\u00fcr jede Aufgabe<\/b>\r\n\t\t\t\t<\/p>\r\n\r\n\t\t\t\t<p>\r\n\t\t\t\t\t<img loading=\"lazy\" decoding=\"async\" width=\"640\" height=\"371\" class=\"alignnone wp-image-200\" style=\"width: 100px;height: 64px;float: left;margin-right:10px\" src=\"https:\/\/sisu.ut.ee\/wp-content\/uploads\/sites\/545\/account-3924281_640.jpg\" title=\"account-3924281_640.jpg\" alt=\"Account\" srcset=\"https:\/\/sisu.ut.ee\/wp-content\/uploads\/sites\/545\/account-3924281_640.jpg 640w, https:\/\/sisu.ut.ee\/wp-content\/uploads\/sites\/545\/account-3924281_640-300x174.jpg 300w\" sizes=\"auto, (max-width: 640px) 100vw, 640px\">F\u00fcr die Erstellung eines Projektbudgets gilt es, f\u00fcr jede Aufgabe die ben\u00f6tigten Ressourcen zu recherchieren und die daf\u00fcr erforderlichen Kosten zu veranschlagen. Wichtig bei diesem Schritt ist es, einen realistischen Zeitrahmen f\u00fcr jede Aufgabe anzugeben. Abschlie\u00dfend sollen alle Kostenstellen addiert werden \u2013 so wird das vorl\u00e4ufige Projektbudget ersichtlich. Die Eingabe aller Angaben in ein \u00fcbersichtliches Arbeitsblatt kann in dieser Phase sehr hilfreich sein. Es empfiehlt sich, das Arbeitsblatt in zwei Spalten zu unterteilen: Eine Spalte ist f\u00fcr \u201eAufgaben\u201c, die andere f\u00fcr \u201eKostenvoranschlag\u201c vorgesehen. So kann auf einen Blick gesehen werden, welche Kosten f\u00fcr die Bearbeitung einer jeden Aufgabe erforderlich sind.\r\n\t\t\t\t<\/p>\r\n\t\t\t<\/td>\r\n\t\t<\/tr>\r\n\t\t<tr>\r\n\t\t\t<td>\r\n\t\t\t\t<p>\r\n\t\t\t\t\t<strong>3. <\/strong><b>Einplanung von unvorhergesehenen Ausgaben<\/b>\r\n\t\t\t\t<\/p>\r\n\r\n\t\t\t\t<p>\r\n\t\t\t\t\t<img loading=\"lazy\" decoding=\"async\" width=\"640\" height=\"418\" class=\"alignnone wp-image-199\" style=\"width: 110px;height: 72px;float: left\" src=\"https:\/\/sisu.ut.ee\/wp-content\/uploads\/sites\/545\/piggy-bank-970340_640.jpg\" title=\"piggy-bank-970340_640.jpg\" alt=\"Pig\" srcset=\"https:\/\/sisu.ut.ee\/wp-content\/uploads\/sites\/545\/piggy-bank-970340_640.jpg 640w, https:\/\/sisu.ut.ee\/wp-content\/uploads\/sites\/545\/piggy-bank-970340_640-300x196.jpg 300w\" sizes=\"auto, (max-width: 640px) 100vw, 640px\">Unvorhergesehene Kosten einzuplanen, ist f\u00fcr alle Projektbudgets \u00e4u\u00dferst wichtig, da nie davon ausgegangen werden kann, dass nicht zus\u00e4tzliche unerwartete Kosten im Verlauf eines Projektes auftreten k\u00f6nnen. Ein guter Richtwert f\u00fcr einen Zuschlag f\u00fcr unerwartete Ausgaben sind 10 % der gesamten Projektkosten. Auf diese Weise kann sichergestellt werden, dass die Kosten f\u00fcr das Projekt im Rahmen des veranschlagten Budgets bleiben.\r\n\t\t\t\t<\/p>\r\n\r\n\t\t\t\t<p>\r\n\t\t\t\t\tAbschlie\u00dfend ist es ratsam, eine andere Person zu bitten, einen pr\u00fcfenden Blick auf die Budgetplanung zu werfen. Dadurch kann sichergestellt werden, dass alle Aspekte ber\u00fccksichtigt und kein wichtiger Kostenpunkt vergessen wurden.\r\n\t\t\t\t<\/p>\r\n\t\t\t<\/td>\r\n\t\t<\/tr>\r\n\t<\/tbody>\r\n<\/table>\r\n\r\n<p>\r\n\t\u00a0\r\n<\/p>\r\n\r\n<h3>\r\n\t<span lang=\"DE-AT\"><span style=\"line-height:107%\">Dieses Video informiert \u00fcber Grundlagen der Erstellung eines Projektbudgets:<\/span><\/span>\r\n<\/h3>\r\n\r\n<p>\r\n\t<img loading=\"lazy\" decoding=\"async\" width=\"1716\" height=\"1094\" class=\"alignnone wp-image-203\" style=\"width: 300px;height: 191px\" src=\"https:\/\/sisu.ut.ee\/wp-content\/uploads\/sites\/545\/sdce_video5-1.png\" title=\"sdce_video5-1.png\" alt=\"SDCE_video_5-1\" srcset=\"https:\/\/sisu.ut.ee\/wp-content\/uploads\/sites\/545\/sdce_video5-1.png 1716w, https:\/\/sisu.ut.ee\/wp-content\/uploads\/sites\/545\/sdce_video5-1-300x191.png 300w, https:\/\/sisu.ut.ee\/wp-content\/uploads\/sites\/545\/sdce_video5-1-1024x653.png 1024w, https:\/\/sisu.ut.ee\/wp-content\/uploads\/sites\/545\/sdce_video5-1-768x490.png 768w, https:\/\/sisu.ut.ee\/wp-content\/uploads\/sites\/545\/sdce_video5-1-1536x979.png 1536w\" sizes=\"auto, (max-width: 1716px) 100vw, 1716px\"><a href=\"https:\/\/www.youtube.com\/watch?v=EyPFi0YO32M\">https:\/\/www.youtube.com\/watch?v=EyPFi0YO32M<\/a>\r\n<\/p>\r\n\r\n<p>\r\n\t\u00a0\r\n<\/p>\r\n\r\n<h2>\r\n\t<b>Schnelltest<\/b>\r\n<\/h2>\r\n\r\n<div class=\"h5p-iframe-wrapper\"><div class=\"video-placeholder-wrapper video-placeholder-wrapper--fixed\" style=\"height: 366px;\">\n\t\t\t    <div class=\"video-placeholder d-flex justify-content-center align-items-center\">\n\t\t\t        <div class=\"overlay text-white p-2 w-100 text-center d-block justify-content-center align-items-center\">\n\t\t\t            <div>To view third-party content, please accept cookies.<\/div>\n\t\t\t            <button class=\"btn btn-secondary btn-sm mt-1 consent-change\">Change consent<\/button>\n\t\t\t        <\/div>\n\t\t\t    <\/div>\n\t\t\t<\/div>\n<\/div>\r\n","protected":false},"excerpt":{"rendered":"<p>Dieses Thema zeigt, wie Studierende den finanziellen Aufwand f\u00fcr ein Projekt zu digitalem studentischem Engagement einsch\u00e4tzen k\u00f6nnen, welche Faktoren dabei zu ber\u00fccksichtigen sind und wie diese budgetiert werden. Die Lernziele bestehen darin, ein Verst\u00e4ndnis f\u00fcr die Budgetierung eines Projektes zu &#8230;<\/p>\n","protected":false},"author":63,"featured_media":0,"parent":0,"menu_order":0,"comment_status":"closed","ping_status":"closed","template":"","meta":{"_acf_changed":false,"inline_featured_image":false,"footnotes":""},"class_list":["post-147","page","type-page","status-publish","hentry"],"acf":[],"_links":{"self":[{"href":"https:\/\/sisu.ut.ee\/sdce\/de\/wp-json\/wp\/v2\/pages\/147","targetHints":{"allow":["GET"]}}],"collection":[{"href":"https:\/\/sisu.ut.ee\/sdce\/de\/wp-json\/wp\/v2\/pages"}],"about":[{"href":"https:\/\/sisu.ut.ee\/sdce\/de\/wp-json\/wp\/v2\/types\/page"}],"author":[{"embeddable":true,"href":"https:\/\/sisu.ut.ee\/sdce\/de\/wp-json\/wp\/v2\/users\/63"}],"replies":[{"embeddable":true,"href":"https:\/\/sisu.ut.ee\/sdce\/de\/wp-json\/wp\/v2\/comments?post=147"}],"version-history":[{"count":3,"href":"https:\/\/sisu.ut.ee\/sdce\/de\/wp-json\/wp\/v2\/pages\/147\/revisions"}],"predecessor-version":[{"id":782,"href":"https:\/\/sisu.ut.ee\/sdce\/de\/wp-json\/wp\/v2\/pages\/147\/revisions\/782"}],"wp:attachment":[{"href":"https:\/\/sisu.ut.ee\/sdce\/de\/wp-json\/wp\/v2\/media?parent=147"}],"curies":[{"name":"wp","href":"https:\/\/api.w.org\/{rel}","templated":true}]}}