{"id":145,"date":"2024-04-04T07:48:36","date_gmt":"2024-04-04T04:48:36","guid":{"rendered":"https:\/\/sisu.ut.ee\/sdce\/module-4-4-en-3\/"},"modified":"2024-04-05T12:37:08","modified_gmt":"2024-04-05T09:37:08","slug":"module-4-4-en-3","status":"publish","type":"page","link":"https:\/\/sisu.ut.ee\/sdce\/de\/module-4-4-en-3\/","title":{"rendered":"Thema 4: Evaluierung des Projekts"},"content":{"rendered":"<blockquote>\r\n\t<h4>\r\n\t\t<img loading=\"lazy\" decoding=\"async\" width=\"531\" height=\"399\" class=\"alignnone wp-image-179\" style=\"width: 150px;height: 113px;float: right\" src=\"https:\/\/sisu.ut.ee\/wp-content\/uploads\/sites\/545\/sdce_clowd.png\" title=\"sdce_clowd.png\" alt=\"SDCE_clowd\" srcset=\"https:\/\/sisu.ut.ee\/wp-content\/uploads\/sites\/545\/sdce_clowd.png 531w, https:\/\/sisu.ut.ee\/wp-content\/uploads\/sites\/545\/sdce_clowd-300x225.png 300w\" sizes=\"auto, (max-width: 531px) 100vw, 531px\">Dieses Thema behandelt konkrete Schritte der Evaluierung eines Projekts und erl\u00e4utert, warum sie im Rahmen des Projektmanagements durchgef\u00fchrt werden sollen. Die Studierenden lernen Methoden kennen, wie sie ein Projekt evaluieren und k\u00f6nnen die Vorteile einer Projektevaluierung f\u00fcr die Projektentwicklung und die Arbeit im Team benennen.\r\n\t<\/h4>\r\n<\/blockquote>\r\n\r\n<h4>\r\n\t\u00a0\r\n<\/h4>\r\n\r\n<h3>\r\n\t<img loading=\"lazy\" decoding=\"async\" width=\"536\" height=\"668\" class=\"alignnone wp-image-220\" style=\"width: 200px;height: 249px;float: right\" src=\"https:\/\/sisu.ut.ee\/wp-content\/uploads\/sites\/545\/picture4-4.jpg\" title=\"picture4-4.jpg\" alt=\"SDCE4-4\" srcset=\"https:\/\/sisu.ut.ee\/wp-content\/uploads\/sites\/545\/picture4-4.jpg 536w, https:\/\/sisu.ut.ee\/wp-content\/uploads\/sites\/545\/picture4-4-241x300.jpg 241w\" sizes=\"auto, (max-width: 536px) 100vw, 536px\">\r\n<\/h3>\r\n\r\n<h3>\r\n\t<b><span lang=\"DE-AT\"><span style=\"line-height:107%\">Was ist Evaluierung und warum sollte man die Wirkungen eines Projekts bewerten?<\/span><\/span><\/b>\r\n<\/h3>\r\n\r\n<p>\r\n\t<span lang=\"DE-AT\"><span style=\"line-height:107%\">Evaluierung ist ein strukturierter Prozess, bei dem die Aktivit\u00e4ten eines Projekts bewertet werden.<\/span><\/span>\r\n<\/p>\r\n\r\n<p>\r\n\t<span lang=\"DE-AT\"><span style=\"line-height:107%\">Dabei werden kontinuierlich Informationen und Feedback \u00fcber das Projekt eingeholt und diese werden interpretiert, um zu sehen, inwiefern das Projekt erfolgreich war.<\/span><\/span>\r\n<\/p>\r\n\r\n<p>\r\n\t<span lang=\"DE-AT\"><span style=\"line-height:107%\">Die Evaluation eines Projektes kann auch dessen Schwachstellen aufzeigen. Dadurch ist es m\u00f6glich, zu erkennen, wo Ver\u00e4nderungen vorgenommen werden m\u00fcssen. <\/span><\/span>\r\n<\/p>\r\n\r\n<p>\r\n\t\u00a0\r\n<\/p>\r\n\r\n<h3>\r\n\t<b><span lang=\"DE-AT\"><span style=\"line-height:107%\">Die Evaluierung eines Projektes kann Folgendes bewirken:<\/span><\/span><\/b>\r\n<\/h3>\r\n\r\n<ul>\r\n\t<li>\r\n\t\t<span lang=\"DE-AT\"><span style=\"line-height:107%\">Aus Erfahrungen zu lernen: Was ist gut gelaufen? Was k\u00f6nnte in Zukunft besser gemacht werden?<\/span><\/span>\r\n\t<\/li>\r\n\t<li>\r\n\t\t<span lang=\"DE-AT\"><span style=\"line-height:107%\">\u00dcberpr\u00fcfung des Fortschritts: Macht das Projekt Fortschritte? Werden die Projektziele erreicht?<\/span><\/span>\r\n\t<\/li>\r\n\t<li>\r\n\t\t<span lang=\"DE\"><span style=\"line-height:107%\">Einen Plan f\u00fcr ein weiterf\u00fchrendes Projekt aufzusetzen, mit einem Zeitplan.\u00a0<\/span><\/span>\r\n\t<\/li>\r\n\t<li>\r\n\t\t<span lang=\"DE-AT\"><span style=\"line-height:107%\">Dokumentation der Fortschritte des Projektes; dies kann hilfreich gegen\u00fcber Geldgebern und Interessengruppen sein.<\/span><\/span>\r\n\t<\/li>\r\n<\/ul>\r\n\r\n<p>\r\n\t\u00a0\r\n<\/p>\r\n\r\n<h3>\r\n\t<b><span lang=\"DE-AT\"><span style=\"line-height:107%\">Wie die Wirkungen und der Erfolg eines Projekts zu digitalem studentischem Engagement bewerten werden k\u00f6nnen:<\/span><\/span><\/b>\r\n<\/h3>\r\n\r\n<ul>\r\n\t<li>\r\n\t\t<span><span lang=\"DE-AT\"><span style=\"line-height:107%\">Aus den vielen M\u00f6glichkeiten, um ein Projekt zu evaluieren, gibt es jene, die darin besteht, sich die Situation bei Abschluss des Projektes zu digitalem studentischem Engagement vorzustellen. <\/span><\/span><\/span>\r\n\t<\/li>\r\n\t<li>\r\n\t\t<span><span lang=\"DE-AT\"><span style=\"line-height:107%\">Stellen Sie sich vor, was bei dem Projekt gut gelaufen ist: Hat das Projekt das erreicht, was Sie sich im Projektteam vorgenommen haben? \u00dcberlegen Sie, was im Verlauf des Projekts weniger gut gelaufen sein k\u00f6nnte und wie Sie das h\u00e4tten anders l\u00f6sen k\u00f6nnen.<\/span><\/span><\/span>\r\n\t<\/li>\r\n<\/ul>\r\n\r\n<p>\r\n\t<span lang=\"DE-AT\"><span style=\"line-height:107%\">Das, was das Projekt zu digitalem studentischem Engagement erreicht hat, wird als Wirkung des Projekts bezeichnet (Impact). Wirkungen sind die Ver\u00e4nderungen und Unterschiede, die durch die Durchf\u00fchrung des Projekts entstanden sind. <\/span><\/span>\r\n<\/p>\r\n\r\n<p>\r\n\t<span lang=\"DE-AT\"><span style=\"line-height:107%\">Wirkungen k\u00f6nnen vier Akteure, die sich an Projekten zu digitalem studentischem Engagement beteiligt haben, betreffen: <\/span><\/span>\r\n<\/p>\r\n\r\n<ul>\r\n\t<li>\r\n\t\t<span lang=\"EN-GB\"><span style=\"line-height:107%\">Die Projektmitglieder*innen<\/span><\/span>\r\n\t<\/li>\r\n\t<li>\r\n\t\t<span lang=\"DE-AT\"><span style=\"line-height:107%\">Die Hochschuleinrichtung, an die das Projekt angebunden ist<\/span><\/span>\r\n\t<\/li>\r\n\t<li>\r\n\t\t<span lang=\"EN-IE\"><span style=\"line-height:107%\">F\u00f6rderer des Projektes<\/span><\/span>\r\n\t<\/li>\r\n\t<li>\r\n\t\t<span lang=\"EN-IE\"><span style=\"line-height:107%\">Die Praxispartner*innen<\/span><\/span>\r\n\t<\/li>\r\n<\/ul>\r\n\r\n<p>\r\n\t<span lang=\"DE-AT\"><span style=\"line-height:107%\">Wenn die Wirkung eines Projektes bewertet werden soll, gilt es unterschiedliche Datenquellen daf\u00fcr zu nutzen.<\/span><\/span>\r\n<\/p>\r\n\r\n<p>\r\n\t<span lang=\"DE-AT\"><span style=\"line-height:107%\">Anhand dieser Datenquellen k\u00f6nnen die Wirkungen eines Projekts ermittelt werden. Zu den Datenquellen geh\u00f6ren Frageb\u00f6gen, Umfragen, Interviews, Fokusgruppen und Beobachtungen. Es ist wichtig, in verschiedenen Phasen des Projekts R\u00fcckmeldungen einzuholen, da sie dazu beitragen k\u00f6nnen, dass etwaige Probleme fr\u00fchzeitig erkannt und noch im Verlauf des Projektes bearbeitet werden k\u00f6nnen.<\/span><\/span>\r\n<\/p>\r\n\r\n<p>\r\n\t<span lang=\"DE-AT\"><span style=\"line-height:107%\">Wenn anhand dieser Datenquellen Informationen und Feedback gesammelt wurde, gilt es, diese auszuwerten und entsprechende Schl\u00fcsse f\u00fcr das zuk\u00fcnftige Vorgehen zu ziehen. Dabei werden bisherige Erfolge im Projekt und die Projektziele bewertet. Ist das Projekt auf \u201edem richtigen Weg\u201c? Wurden die Projektziele erreicht? <\/span><\/span><span lang=\"EN-US\"><span style=\"line-height:107%\">Was m\u00fcsste anders gemacht werden?<\/span><\/span>\r\n<\/p>\r\n\r\n<p>\r\n\t\u00a0\r\n<\/p>\r\n\r\n<h2>\r\n\t<b><span lang=\"DE-AT\"><span style=\"line-height:107%\">Schnelltest<\/span><\/span><\/b>\r\n<\/h2>\r\n\r\n<div class=\"h5p-iframe-wrapper\"><div class=\"video-placeholder-wrapper video-placeholder-wrapper--fixed\" style=\"height: 366px;\">\n\t\t\t    <div class=\"video-placeholder d-flex justify-content-center align-items-center\">\n\t\t\t        <div class=\"overlay text-white p-2 w-100 text-center d-block justify-content-center align-items-center\">\n\t\t\t            <div>To view third-party content, please accept cookies.<\/div>\n\t\t\t            <button class=\"btn btn-secondary btn-sm mt-1 consent-change\">Change consent<\/button>\n\t\t\t        <\/div>\n\t\t\t    <\/div>\n\t\t\t<\/div>\n<\/div>\r\n","protected":false},"excerpt":{"rendered":"<p>Dieses Thema behandelt konkrete Schritte der Evaluierung eines Projekts und erl\u00e4utert, warum sie im Rahmen des Projektmanagements durchgef\u00fchrt werden sollen. Die Studierenden lernen Methoden kennen, wie sie ein Projekt evaluieren und k\u00f6nnen die Vorteile einer Projektevaluierung f\u00fcr die Projektentwicklung und &#8230;<\/p>\n","protected":false},"author":63,"featured_media":0,"parent":0,"menu_order":0,"comment_status":"closed","ping_status":"closed","template":"","meta":{"_acf_changed":false,"inline_featured_image":false,"footnotes":""},"class_list":["post-145","page","type-page","status-publish","hentry"],"acf":[],"_links":{"self":[{"href":"https:\/\/sisu.ut.ee\/sdce\/de\/wp-json\/wp\/v2\/pages\/145","targetHints":{"allow":["GET"]}}],"collection":[{"href":"https:\/\/sisu.ut.ee\/sdce\/de\/wp-json\/wp\/v2\/pages"}],"about":[{"href":"https:\/\/sisu.ut.ee\/sdce\/de\/wp-json\/wp\/v2\/types\/page"}],"author":[{"embeddable":true,"href":"https:\/\/sisu.ut.ee\/sdce\/de\/wp-json\/wp\/v2\/users\/63"}],"replies":[{"embeddable":true,"href":"https:\/\/sisu.ut.ee\/sdce\/de\/wp-json\/wp\/v2\/comments?post=145"}],"version-history":[{"count":3,"href":"https:\/\/sisu.ut.ee\/sdce\/de\/wp-json\/wp\/v2\/pages\/145\/revisions"}],"predecessor-version":[{"id":783,"href":"https:\/\/sisu.ut.ee\/sdce\/de\/wp-json\/wp\/v2\/pages\/145\/revisions\/783"}],"wp:attachment":[{"href":"https:\/\/sisu.ut.ee\/sdce\/de\/wp-json\/wp\/v2\/media?parent=145"}],"curies":[{"name":"wp","href":"https:\/\/api.w.org\/{rel}","templated":true}]}}