{"id":143,"date":"2024-04-04T07:48:36","date_gmt":"2024-04-04T04:48:36","guid":{"rendered":"https:\/\/sisu.ut.ee\/sdce\/module-4-2-en-3\/"},"modified":"2024-04-05T12:37:08","modified_gmt":"2024-04-05T09:37:08","slug":"module-4-2-en-3","status":"publish","type":"page","link":"https:\/\/sisu.ut.ee\/sdce\/de\/module-4-2-en-3\/","title":{"rendered":"Thema 2: Wie Schwierigkeiten in St\u00e4rken umgewandelt werden k\u00f6nnen"},"content":{"rendered":"<blockquote>\r\n\t<h4>\r\n\t\t<img loading=\"lazy\" decoding=\"async\" width=\"531\" height=\"399\" class=\"alignnone wp-image-179\" style=\"width: 150px;height: 113px;float: right\" src=\"https:\/\/sisu.ut.ee\/wp-content\/uploads\/sites\/545\/sdce_clowd.png\" title=\"sdce_clowd.png\" alt=\"SDCE_clowd\" srcset=\"https:\/\/sisu.ut.ee\/wp-content\/uploads\/sites\/545\/sdce_clowd.png 531w, https:\/\/sisu.ut.ee\/wp-content\/uploads\/sites\/545\/sdce_clowd-300x225.png 300w\" sizes=\"auto, (max-width: 531px) 100vw, 531px\">Dieses Thema umfasst Wissen dar\u00fcber, wie negative Ereignisse im Projektverlauf in positive Lernm\u00f6glichkeiten \u00fcberf\u00fchrt werden k\u00f6nnen. Die Studierenden sind in der Lage, das Konzept der kontinuierlichen Praxisreflexion zu verstehen und dessen Vorteile f\u00fcr die eigene Entwicklung und die Arbeit im Team zu erkennen.\r\n\t<\/h4>\r\n\r\n\t<p>\r\n\t\t\u00a0\r\n\t<\/p>\r\n<\/blockquote>\r\n\r\n<p>\r\n\t<img loading=\"lazy\" decoding=\"async\" width=\"536\" height=\"668\" class=\"alignnone wp-image-217\" style=\"width: 200px;height: 249px;float: right\" src=\"https:\/\/sisu.ut.ee\/wp-content\/uploads\/sites\/545\/picture_ds.jpg\" title=\"picture_ds.jpg\" alt=\"SDCE4-2\" srcset=\"https:\/\/sisu.ut.ee\/wp-content\/uploads\/sites\/545\/picture_ds.jpg 536w, https:\/\/sisu.ut.ee\/wp-content\/uploads\/sites\/545\/picture_ds-241x300.jpg 241w\" sizes=\"auto, (max-width: 536px) 100vw, 536px\">Im Verlauf eines Projektes k\u00f6nnen Hindernisse und R\u00fcckschl\u00e4ge auftreten, vor allem dann, wenn etwas nicht so l\u00e4uft, wie es vom Projektteam oder einzelnen Teammitglieder*innen erhofft wurde. Hier gilt es vor Augen zu haben, dass fehlgeschlagene Bem\u00fchungen als Lernanl\u00e4sse betrachtet werden k\u00f6nnen und dazu ermutigen, andere Perspektiven zu entwerfen und alternative Schritte in Angriff zu nehmen.\r\n<\/p>\r\n\r\n<p>\r\n\t\u00a0\r\n<\/p>\r\n\r\n<h3>\r\n\t<b><span lang=\"DE\"><span style=\"line-height:107%\">Wie Schwierigkeiten und R\u00fcckschl\u00e4ge in Lernanl\u00e4sse verwandelt werden k\u00f6nnen:<\/span><\/span><\/b>\r\n<\/h3>\r\n\r\n<p>\r\n\t<span lang=\"DE\"><span style=\"line-height:107%\">Eine M\u00f6glichkeit, mit Schwierigkeiten und R\u00fcckschl\u00e4gen im Projekt umzugehen, besteht darin, zun\u00e4chst einmal herauszufinden, was schiefgelaufen ist. Danach kann das Projektteam gemeinsam \u00fcberlegen, wie zuk\u00fcnftig mit dieser Art von Problemen umgegangen werden kann und wie diese vermieden werden k\u00f6nnen.<\/span><\/span>\r\n<\/p>\r\n\r\n<p>\r\n\t<span lang=\"DE\"><span style=\"line-height:107%\">Durch die Betrachtung von Schwierigkeiten und R\u00fcckschl\u00e4ge als etwas, das zu Projekten \u201edazugeh\u00f6rt\u201c und mit denen ein Projektteam im Verlauf eines Projektes konfrontiert sein wird, k\u00f6nnen die Teammitglieder*innen Widerstandskraft gewinnen und Teamgeist entwickeln. Sie k\u00f6nnen die F\u00e4higkeit aufbauen, diese Art von Hindernissen in Zukunft besser zu \u00fcberwinden. Auch eine kontinuierliche Reflexion der einzelnen Projektschritte kann helfen, besser f\u00fcr aufkommende Schwierigkeiten gewappnet zu sein.<\/span><\/span>\r\n<\/p>\r\n\r\n<p>\r\n\t<span lang=\"DE\"><span style=\"line-height:107%\">Eine kontinuierliche Praxisreflexion, die Schwierigkeiten als Lernanl\u00e4sse begreift, steht einer starren Denkweise entgegen. Daraus entsteht die Haltung, aus Fehlern zu lernen und Fehler als Gelegenheiten zu sehen, pers\u00f6nliche St\u00e4rke und Widerstandskraft zu entwickeln.<\/span><\/span>\r\n<\/p>\r\n\r\n<p>\r\n\t\u00a0\r\n<\/p>\r\n\r\n<h3>\r\n\t<span lang=\"DE\"><span style=\"line-height:107%\"><span>Der TED-Talk von Carol Dweck gibt Einblick in das Konzept des Growth Mindset: <\/span><\/span><\/span>\r\n<\/h3>\r\n\r\n<p>\r\n\t<img loading=\"lazy\" decoding=\"async\" width=\"1716\" height=\"1094\" class=\"alignnone wp-image-218\" style=\"width: 300px;height: 191px\" src=\"https:\/\/sisu.ut.ee\/wp-content\/uploads\/sites\/545\/sdce_video4_2.png\" title=\"sdce_video4_2.png\" alt=\"SDCEvideo4_2\" srcset=\"https:\/\/sisu.ut.ee\/wp-content\/uploads\/sites\/545\/sdce_video4_2.png 1716w, https:\/\/sisu.ut.ee\/wp-content\/uploads\/sites\/545\/sdce_video4_2-300x191.png 300w, https:\/\/sisu.ut.ee\/wp-content\/uploads\/sites\/545\/sdce_video4_2-1024x653.png 1024w, https:\/\/sisu.ut.ee\/wp-content\/uploads\/sites\/545\/sdce_video4_2-768x490.png 768w, https:\/\/sisu.ut.ee\/wp-content\/uploads\/sites\/545\/sdce_video4_2-1536x979.png 1536w\" sizes=\"auto, (max-width: 1716px) 100vw, 1716px\">https:\/\/www.youtube.com\/watch?v=_X0mgOOSpLU\r\n<\/p>\r\n\r\n<h2>\r\n\t\u00a0\r\n<\/h2>\r\n\r\n<h2>\r\n\t<b><span lang=\"DE\"><span style=\"line-height:107%\">Schnelltest<\/span><\/span><\/b>\r\n<\/h2>\r\n\r\n<div class=\"h5p-iframe-wrapper\"><div class=\"video-placeholder-wrapper video-placeholder-wrapper--fixed\" style=\"height: 366px;\">\n\t\t\t    <div class=\"video-placeholder d-flex justify-content-center align-items-center\">\n\t\t\t        <div class=\"overlay text-white p-2 w-100 text-center d-block justify-content-center align-items-center\">\n\t\t\t            <div>To view third-party content, please accept cookies.<\/div>\n\t\t\t            <button class=\"btn btn-secondary btn-sm mt-1 consent-change\">Change consent<\/button>\n\t\t\t        <\/div>\n\t\t\t    <\/div>\n\t\t\t<\/div>\n<\/div>\r\n\r\n<p>\r\n\t\u00a0\r\n<\/p>\r\n","protected":false},"excerpt":{"rendered":"<p>Dieses Thema umfasst Wissen dar\u00fcber, wie negative Ereignisse im Projektverlauf in positive Lernm\u00f6glichkeiten \u00fcberf\u00fchrt werden k\u00f6nnen. Die Studierenden sind in der Lage, das Konzept der kontinuierlichen Praxisreflexion zu verstehen und dessen Vorteile f\u00fcr die eigene Entwicklung und die Arbeit im &#8230;<\/p>\n","protected":false},"author":63,"featured_media":0,"parent":0,"menu_order":0,"comment_status":"closed","ping_status":"closed","template":"","meta":{"_acf_changed":false,"inline_featured_image":false,"footnotes":""},"class_list":["post-143","page","type-page","status-publish","hentry"],"acf":[],"_links":{"self":[{"href":"https:\/\/sisu.ut.ee\/sdce\/de\/wp-json\/wp\/v2\/pages\/143","targetHints":{"allow":["GET"]}}],"collection":[{"href":"https:\/\/sisu.ut.ee\/sdce\/de\/wp-json\/wp\/v2\/pages"}],"about":[{"href":"https:\/\/sisu.ut.ee\/sdce\/de\/wp-json\/wp\/v2\/types\/page"}],"author":[{"embeddable":true,"href":"https:\/\/sisu.ut.ee\/sdce\/de\/wp-json\/wp\/v2\/users\/63"}],"replies":[{"embeddable":true,"href":"https:\/\/sisu.ut.ee\/sdce\/de\/wp-json\/wp\/v2\/comments?post=143"}],"version-history":[{"count":3,"href":"https:\/\/sisu.ut.ee\/sdce\/de\/wp-json\/wp\/v2\/pages\/143\/revisions"}],"predecessor-version":[{"id":785,"href":"https:\/\/sisu.ut.ee\/sdce\/de\/wp-json\/wp\/v2\/pages\/143\/revisions\/785"}],"wp:attachment":[{"href":"https:\/\/sisu.ut.ee\/sdce\/de\/wp-json\/wp\/v2\/media?parent=143"}],"curies":[{"name":"wp","href":"https:\/\/api.w.org\/{rel}","templated":true}]}}