{"id":140,"date":"2024-04-04T07:48:36","date_gmt":"2024-04-04T04:48:36","guid":{"rendered":"https:\/\/sisu.ut.ee\/sdce\/module-3-4-en-3\/"},"modified":"2024-04-05T12:37:08","modified_gmt":"2024-04-05T09:37:08","slug":"module-3-4-en-3","status":"publish","type":"page","link":"https:\/\/sisu.ut.ee\/sdce\/de\/module-3-4-en-3\/","title":{"rendered":"Thema 4: Entwicklung und Bereitstellung von L\u00f6sungen im Rahmen von digitalem studentischem Engagement"},"content":{"rendered":"<blockquote>\r\n\t<h4>\r\n\t\t<img loading=\"lazy\" decoding=\"async\" width=\"531\" height=\"399\" class=\"alignnone wp-image-179\" style=\"width: 150px;height: 113px;float: right\" src=\"https:\/\/sisu.ut.ee\/wp-content\/uploads\/sites\/545\/sdce_clowd.png\" title=\"sdce_clowd.png\" alt=\"SDCE_clowd\" srcset=\"https:\/\/sisu.ut.ee\/wp-content\/uploads\/sites\/545\/sdce_clowd.png 531w, https:\/\/sisu.ut.ee\/wp-content\/uploads\/sites\/545\/sdce_clowd-300x225.png 300w\" sizes=\"auto, (max-width: 531px) 100vw, 531px\">In diesem Thema geht es darum, L\u00f6sungen f\u00fcr soziale Problemlagen zu finden, die im Rahmen eines Projektes zu digitalem studentischem Engagement entwickelt werden k\u00f6nnen. Lernziels dieses Themas ist es, dass Studierende erkennen, wie digitale Technologien die Gestaltung und Durchf\u00fchrung eines Projekts zu digitalem studentischem Engagement positiv beeinflussen k\u00f6nnen.\r\n\t<\/h4>\r\n<\/blockquote>\r\n\r\n<p>\r\n\t\u00a0\r\n<\/p>\r\n\r\n<h3 style=\"margin-bottom: 0.0001pt\">\r\n\t<img loading=\"lazy\" decoding=\"async\" width=\"536\" height=\"668\" class=\"alignnone wp-image-213\" style=\"width: 200px;height: 249px;float: right\" src=\"https:\/\/sisu.ut.ee\/wp-content\/uploads\/sites\/545\/picture3_4.jpg\" title=\"picture3_4.jpg\" alt=\"SDCE3-4\" srcset=\"https:\/\/sisu.ut.ee\/wp-content\/uploads\/sites\/545\/picture3_4.jpg 536w, https:\/\/sisu.ut.ee\/wp-content\/uploads\/sites\/545\/picture3_4-241x300.jpg 241w\" sizes=\"auto, (max-width: 536px) 100vw, 536px\">\r\n<\/h3>\r\n\r\n<h3 style=\"margin-bottom: 0.0001pt\">\r\n\t<span style=\"line-height:normal\"><span style=\"vertical-align:baseline\"><b><span lang=\"DE-AT\"><span style=\"color:black\">Fallstudien zu digitalem studentischem Engagement<\/span><\/span><\/b><\/span><\/span>\r\n<\/h3>\r\n\r\n<p style=\"margin-bottom:.0001pt\">\r\n\t<span style=\"line-height:normal\"><span style=\"vertical-align:baseline\"><span lang=\"DE-AT\"><span style=\"color:black\">Im Rahmen dieses Themas werden einige Fallstudien, die im Rahmen des Projektes <i>Students as Digital Civic Engagers<\/i> erhoben wurden, n\u00e4her in den Blick genommen. Die Fallstudien dienen als Beispiele, die zeigen, wie im Rahmen von b\u00fcrgerschaftlichem Engagement digitale Technologie genutzt wird und welche L\u00f6sungen f\u00fcr bestimmte Probleme dadurch geschaffen werden k\u00f6nnen.<\/span><\/span><\/span><\/span>\r\n<\/p>\r\n\r\n<p style=\"margin-bottom:.0001pt\">\r\n\t\u00a0\r\n<\/p>\r\n\r\n<h3 style=\"margin-bottom: 0.0001pt\">\r\n\t<span style=\"line-height:normal\"><span style=\"vertical-align:baseline\"><b><span lang=\"DE-AT\"><span style=\"color:black\">Erarbeitung von digitalen L\u00f6sungen<\/span><\/span><\/b><\/span><\/span>\r\n<\/h3>\r\n\r\n<p style=\"margin-bottom:.0001pt\">\r\n\t<span style=\"line-height:normal\"><span style=\"vertical-align:baseline\"><span lang=\"EN-IE\" style=\"color:black\"><span lang=\"DE-AT\"><span style=\"line-height:107%\"><span>Das<i> STARTER Programm der Universit\u00e4t Tartu<\/i> <\/span><\/span><\/span><span lang=\"DE-AT\"><span style=\"line-height:107%\"><span><span style=\"color:black\">in Estland richtet sich an Studierende, <\/span><\/span><\/span><\/span><span lang=\"DE-AT\"><span style=\"line-height:107%\"><span>die den Prozess der Entwicklung einer Idee bis hin zur Einf\u00fchrung eines Produkts oder einer Dienstleistung kennen lernen m\u00f6chten. Durch die COVID-19-Pandemie waren die Studierenden mit neuen Problemen konfrontiert, f\u00fcr die sie digitale L\u00f6sungen erarbeitet haben.<\/span><\/span><\/span> <\/span><\/span><\/span>\r\n<\/p>\r\n\r\n<p style=\"margin-bottom:.0001pt\">\r\n\t<a data-url=\"https:\/\/starteridea.ee\/startertartu\/\" href=\"https:\/\/starteridea.ee\/startertartu\/\" target=\"_blank\" title=\"\" rel=\"noopener\">Link zum STARTER Programm der Universit\u00e4t Tartu<\/a>\r\n<\/p>\r\n\r\n<p style=\"margin-bottom:.0001pt\">\r\n\t\u00a0\r\n<\/p>\r\n\r\n<h3 style=\"margin-bottom: 0.0001pt\">\r\n\t<span style=\"line-height:normal\"><span style=\"vertical-align:baseline\"><b><span lang=\"DE-AT\"><span style=\"color:black\">Digitale L\u00f6sungen, die im Rahmen des STARTER-Programms erarbeitet wurden:<\/span><\/span><\/b><\/span><\/span>\r\n<\/h3>\r\n\r\n<ul>\r\n\t<li style=\"margin-top:0cm;margin-right:0cm;margin-bottom:.0001pt\">\r\n\t\t<span style=\"line-height:normal\"><span><span style=\"vertical-align:baseline\"><span lang=\"DE-AT\"><span style=\"color:black\">Ein <\/span><\/span><span lang=\"DE-AT\">Roboter zum Pfl\u00fccken von Erdbeeren (da aufgrund der COVID-19-Pandemie die Erntehelfer*innen nicht ins Land kommen konnten<\/span><span lang=\"DE-AT\"><span style=\"color:black\">)<\/span><\/span><\/span><\/span><\/span>\r\n\t<\/li>\r\n\t<li style=\"margin-top:0cm;margin-right:0cm;margin-bottom:.0001pt\">\r\n\t\t<span style=\"line-height:normal\"><span><span style=\"vertical-align:baseline\"><span lang=\"DE-AT\">die Entwicklung einer Software f\u00fcr \u00e4ltere Menschen in Pflegeheimen, damit diese mit ihren Angeh\u00f6rigen in Kontakt treten konnten (da es aufgrund der Pandemie nicht erlaubt war, Pflegeheime zu besuchen)<\/span><\/span><\/span><\/span>\r\n\t<\/li>\r\n\t<li>\r\n\t\t<span><span style=\"vertical-align:baseline\"><span lang=\"DE-AT\"><span style=\"line-height:107%\"><span style=\"color:black\">Interaktive 3D-Modelle zur Vereinfachung der Veranstaltungsplanung etc.<\/span><\/span><\/span><\/span><\/span>\r\n\t<\/li>\r\n\t<li>\r\n\t\t<span><span style=\"vertical-align:baseline\"><span lang=\"DE-AT\"><span style=\"line-height:107%\">Die Erfindung einer Online-App, die aufzeigt, wie Abfall ordnungsgem\u00e4\u00df sortiert wird<\/span><\/span><\/span><\/span>\r\n\t<\/li>\r\n<\/ul>\r\n\r\n<p style=\"margin-bottom:.0001pt\">\r\n\t<span style=\"vertical-align:baseline\"><b><span lang=\"DE-AT\"><span style=\"line-height:107%\"><span style=\"color:black\">Die SORTER-App<\/span><\/span><\/span><\/b><\/span>\r\n<\/p>\r\n\r\n<p style=\"text-align:justify\">\r\n\t<span style=\"vertical-align:baseline\"><span lang=\"DE-AT\"><span style=\"line-height:107%\"><span style=\"color:black\">Studierende k\u00f6nnen das eigene Fachwissen im Studium nutzen, um L\u00f6sungen f\u00fcr gesellschaftlich relevante Probleme zu erarbeiten. Dies war der Fall im Rahmen des STARTER Programms, bei dem eine App zur M\u00fclltrennung entwickelt wurde.<\/span><\/span><\/span><\/span>\r\n<\/p>\r\n\r\n<p style=\"text-align:justify\">\r\n\t<span style=\"vertical-align:baseline\"><span lang=\"DE-AT\"><span style=\"line-height:107%\"><span style=\"color:black\">Die SORTER-App ist eine App, mit der Personen ihre Abf\u00e4lle scannen k\u00f6nnen. Die App zeigt an, wie sie die entsprechenden Abf\u00e4lle richtig entsorgen k\u00f6nnen und welche Abfalltonne sie daf\u00fcr verwenden sollten.<\/span><\/span><\/span><\/span>\r\n<\/p>\r\n\r\n<p style=\"text-align:justify\">\r\n\t<span style=\"vertical-align:baseline\"><span lang=\"DE-AT\"><span style=\"line-height:107%\"><span style=\"color:black\">Ein Student, der die Entwicklung der SORTER-App initiiert hat, studierte Abfallwirtschaft und erkannte, dass B\u00fcrger*innen oft unsicher sind, welche Abf\u00e4lle wo entsorgt werden sollten oder welche davon recycelt werden k\u00f6nnen. Die App kommt den Bed\u00fcrfnissen der estnischen Bev\u00f6lkerung entgegen, da in Estland der Kreislaufwirtschaft ein hoher Stellenwert zukommt, bei der vorhandene Materialien und Produkte so lange wie m\u00f6glich genutzt, wiederverwendet, repariert oder recycelt werden.<\/span><\/span><\/span><\/span>\r\n<\/p>\r\n\r\n<p style=\"margin-bottom:.0001pt;text-align:justify\">\r\n\t<span style=\"line-height:normal\"><span style=\"vertical-align:baseline\"><span lang=\"DE-AT\"><span style=\"color:black\">Die Studierenden nutzten eine Reihe von digitalen Tools f\u00fcr die Entwicklung und Verbreitung der SORTER-App wie Interviews mit Alumni, Videoclips, Verwendung von Mailinglisten etc. Auf Social-Media-Plattformen wie Facebook, LinkedIn und Instagram machten sie ebenso auf die SORTER-App aufmerksam.<\/span><\/span><\/span><\/span>\r\n<\/p>\r\n\r\n<p style=\"margin-bottom:.0001pt\">\r\n\t\u00a0\r\n<\/p>\r\n\r\n<h3 style=\"margin-bottom: 0.0001pt\">\r\n\t<span style=\"line-height:normal\"><span style=\"vertical-align:baseline\"><b><span lang=\"DE-AT\">P5 Medicine Center<\/span><\/b><\/span><\/span>\r\n<\/h3>\r\n\r\n<p style=\"margin-bottom:.0001pt\">\r\n\t<span style=\"line-height:normal\"><span style=\"vertical-align:baseline\"><span lang=\"DE\"><span style=\"color:black\">Das <\/span><\/span><i><span lang=\"DE\"><span style=\"color:black\">P5 Medicine Centre<\/span><\/span><\/i><span lang=\"DE\"><span style=\"color:black\"> ist ein Zentrum f\u00fcr digitale Gesundheitsf\u00fcrsorge und Forschung, das sich auf den Einsatz von digitaler Technologie im Gesundheitswesen konzentriert. Es wurde auf Basis der Idee gegr\u00fcndet, dass die Arbeit im Gesundheitswesen durch digitale Technologie verbessert werden kann und dass diese einen Mehrwehrt f\u00fcr das Gesundheitssystem darstellt. Das <\/span><\/span><i><span lang=\"DE\"><span style=\"color:black\">P5 Medicine Centre<\/span><\/span><\/i><span lang=\"DE\"><span style=\"color:black\"> nutzt digitale Tools und Plattformen, um mit B\u00fcrger*innen in Kontakt zu treten. Es setzt sich aus einem multidisziplin\u00e4ren Team von \u00c4rzt*innen, Krankenpfleger*innen, Psycholog*innen und Ern\u00e4hrungswissenschaftler*innen zusammen.<\/span><\/span><\/span><\/span>\r\n<\/p>\r\n\r\n<p style=\"margin-bottom:.0001pt;text-align:justify\">\r\n\t<span style=\"line-height:normal\"><span style=\"vertical-align:baseline\"><span lang=\"DE\"><span style=\"color:black\">Als die COVID-19-Pandemie im Fr\u00fchjahr 2020 ausbrach, gab es einen gro\u00dfen Bedarf in der Bev\u00f6lkerung, verl\u00e4ssliche Informationen \u00fcber das COVID-19-Virus und den Umgang damit zu erhalten. Daraufhin richtet das Team des <\/span><\/span><i><span lang=\"DE\"><span style=\"color:black\">P5 Medicine Centre<\/span><\/span><\/i><span lang=\"DE\"><span style=\"color:black\"> einen Online-Helpdesk ein, <\/span><\/span><span lang=\"DE-AT\"><span style=\"color:black\">\u00fcber den B\u00fcrger*innen mit Fachleuten des Gesundheitswesens Kontakt aufnehmen konnten, um sich \u00fcber Themen rund um die COVID-19-Pandemie (z. B. Beschr\u00e4nkungen, Krankheitsverlauf etc.) zu informieren. Allerdings verf\u00fcgte das <\/span><\/span><i><span lang=\"DE\"><span style=\"color:black\">P5 Medicine Centre<\/span><\/span><\/i><span lang=\"DE\"><span style=\"color:black\"> f\u00fcr diese dringliche Aufgabe nur <\/span><\/span><span lang=\"DE-AT\"><span style=\"color:black\">\u00fcber sehr begrenzte Personalressourcen. Es galt also eine L\u00f6sung zu finden, um die Vielzahl an Fragen der B\u00fcrger*innen zu beantworten. <\/span><\/span><\/span><\/span>\r\n<\/p>\r\n\r\n<p style=\"margin-bottom:.0001pt;text-align:justify\">\r\n\t<span style=\"line-height:normal\"><span style=\"vertical-align:baseline\"><span lang=\"EN-US\" style=\"color:black\"><span lang=\"DE-AT\"><span style=\"line-height:107%\"><span><span style=\"color:black\">Das Team des <\/span><\/span><\/span><\/span><i><span lang=\"DE\"><span style=\"line-height:107%\"><span><span style=\"color:black\">P5 Medicine Centre<\/span><\/span><\/span><\/span><\/i><span lang=\"DE\"><span style=\"line-height:107%\"><span><span style=\"color:black\"> beschloss daher, Medizinstudierende als freiwillig Helfende aufzunehmen und gab ihnen die Aufgabe, eine L\u00f6sung f\u00fcr den \u00fcberlasteten Online-Helpdesk zu finden. <\/span><\/span><\/span><\/span><span lang=\"DE-AT\"><span style=\"line-height:107%\"><span><span style=\"color:black\">Innerhalb von zwei Wochen gelang es den Studierenden, die Wartezeit, bis die Anrufenden die M\u00f6glichkeit hatten, mit einer Fachperson zu sprechen, zu verk\u00fcrzen. Sie entwickelten eine digitale L\u00f6sung, bei der die an den Helpdesk gestellte Frage per E-Mail an eine fachkundige Person weitergeleitet wurde. Das trug zur Verk\u00fcrzung der Wartezeit bei. Insgesamt engagierten sich rund 200 Studierende im Rahmen des <\/span><\/span><\/span><\/span><i><span lang=\"DE\"><span style=\"line-height:107%\"><span><span style=\"color:black\">P5 Medicine Centre<\/span><\/span><\/span><\/span><\/i><span lang=\"DE\"><span style=\"line-height:107%\"><span><span style=\"color:black\">, wobei ein Gro\u00dfteil davon ebenso als Auskunftsperson beim Online-Helpdesk t\u00e4tig war.<\/span><\/span><\/span><\/span><\/span><\/span><\/span>\r\n<\/p>\r\n\r\n<h2>\r\n\t\u00a0\r\n<\/h2>\r\n\r\n<h2>\r\n\t<span style=\"line-height:normal\"><span style=\"vertical-align:baseline\"><b><span lang=\"DE-AT\"><span style=\"color:black\">Schnelltest<\/span><\/span><\/b><\/span><\/span>\r\n<\/h2>\r\n\r\n<div class=\"h5p-iframe-wrapper\"><div class=\"video-placeholder-wrapper video-placeholder-wrapper--fixed\" style=\"height: 366px;\">\n\t\t\t    <div class=\"video-placeholder d-flex justify-content-center align-items-center\">\n\t\t\t        <div class=\"overlay text-white p-2 w-100 text-center d-block justify-content-center align-items-center\">\n\t\t\t            <div>To view third-party content, please accept cookies.<\/div>\n\t\t\t            <button class=\"btn btn-secondary btn-sm mt-1 consent-change\">Change consent<\/button>\n\t\t\t        <\/div>\n\t\t\t    <\/div>\n\t\t\t<\/div>\n<\/div>\r\n","protected":false},"excerpt":{"rendered":"<p>In diesem Thema geht es darum, L\u00f6sungen f\u00fcr soziale Problemlagen zu finden, die im Rahmen eines Projektes zu digitalem studentischem Engagement entwickelt werden k\u00f6nnen. Lernziels dieses Themas ist es, dass Studierende erkennen, wie digitale Technologien die Gestaltung und Durchf\u00fchrung eines &#8230;<\/p>\n","protected":false},"author":63,"featured_media":0,"parent":0,"menu_order":0,"comment_status":"closed","ping_status":"closed","template":"","meta":{"_acf_changed":false,"inline_featured_image":false,"footnotes":""},"class_list":["post-140","page","type-page","status-publish","hentry"],"acf":[],"_links":{"self":[{"href":"https:\/\/sisu.ut.ee\/sdce\/de\/wp-json\/wp\/v2\/pages\/140","targetHints":{"allow":["GET"]}}],"collection":[{"href":"https:\/\/sisu.ut.ee\/sdce\/de\/wp-json\/wp\/v2\/pages"}],"about":[{"href":"https:\/\/sisu.ut.ee\/sdce\/de\/wp-json\/wp\/v2\/types\/page"}],"author":[{"embeddable":true,"href":"https:\/\/sisu.ut.ee\/sdce\/de\/wp-json\/wp\/v2\/users\/63"}],"replies":[{"embeddable":true,"href":"https:\/\/sisu.ut.ee\/sdce\/de\/wp-json\/wp\/v2\/comments?post=140"}],"version-history":[{"count":3,"href":"https:\/\/sisu.ut.ee\/sdce\/de\/wp-json\/wp\/v2\/pages\/140\/revisions"}],"predecessor-version":[{"id":787,"href":"https:\/\/sisu.ut.ee\/sdce\/de\/wp-json\/wp\/v2\/pages\/140\/revisions\/787"}],"wp:attachment":[{"href":"https:\/\/sisu.ut.ee\/sdce\/de\/wp-json\/wp\/v2\/media?parent=140"}],"curies":[{"name":"wp","href":"https:\/\/api.w.org\/{rel}","templated":true}]}}