{"id":139,"date":"2024-04-04T07:48:36","date_gmt":"2024-04-04T04:48:36","guid":{"rendered":"https:\/\/sisu.ut.ee\/sdce\/module-3-3-en-3\/"},"modified":"2024-04-05T12:37:08","modified_gmt":"2024-04-05T09:37:08","slug":"module-3-3-en-3","status":"publish","type":"page","link":"https:\/\/sisu.ut.ee\/sdce\/de\/module-3-3-en-3\/","title":{"rendered":"Thema 3: Der Einsatz von digitaler Technologie zur Erweiterung des b\u00fcrgerschaftlichen Engagements"},"content":{"rendered":"<blockquote>\r\n\t<h4>\r\n\t\t<img loading=\"lazy\" decoding=\"async\" width=\"531\" height=\"399\" class=\"alignnone wp-image-179\" style=\"width: 150px;height: 113px;float: right\" src=\"https:\/\/sisu.ut.ee\/wp-content\/uploads\/sites\/545\/sdce_clowd.png\" title=\"sdce_clowd.png\" alt=\"SDCE_clowd\" srcset=\"https:\/\/sisu.ut.ee\/wp-content\/uploads\/sites\/545\/sdce_clowd.png 531w, https:\/\/sisu.ut.ee\/wp-content\/uploads\/sites\/545\/sdce_clowd-300x225.png 300w\" sizes=\"auto, (max-width: 531px) 100vw, 531px\">Dieses Thema zeigt Gr\u00fcnde auf, warum Studierende digitale Technologien im Rahmen ihres b\u00fcrgerschaftlichen Engagements nutzen. Das Lernziel dieses Themas besteht darin, dass Studierende verschiedene digitale Tools kennenlernen und erfahren, wie sie diese in der Umsetzung ihres digitalen studentischen Engagements einsetzen k\u00f6nnen.\r\n\t<\/h4>\r\n<\/blockquote>\r\n\r\n<p>\r\n\t\u00a0\r\n<\/p>\r\n\r\n<h3>\r\n\t<img loading=\"lazy\" decoding=\"async\" width=\"536\" height=\"668\" class=\"alignnone wp-image-212\" style=\"width: 200px;height: 249px;float: right\" src=\"https:\/\/sisu.ut.ee\/wp-content\/uploads\/sites\/545\/picture3_3.jpg\" title=\"picture3_3.jpg\" alt=\"SDCE3-3\" srcset=\"https:\/\/sisu.ut.ee\/wp-content\/uploads\/sites\/545\/picture3_3.jpg 536w, https:\/\/sisu.ut.ee\/wp-content\/uploads\/sites\/545\/picture3_3-241x300.jpg 241w\" sizes=\"auto, (max-width: 536px) 100vw, 536px\">\r\n<\/h3>\r\n\r\n<h3>\r\n\t<span style=\"line-height:normal\"><span style=\"vertical-align:baseline\"><b><span lang=\"DE-AT\"><span style=\"color:black\">Einbindung von digitaler Technologie<\/span><\/span><\/b><\/span><\/span>\r\n<\/h3>\r\n\r\n<p>\r\n\t<span style=\"line-height:normal\"><span style=\"vertical-align:baseline\"><span lang=\"DE-AT\"><span style=\"color:black\">Zu Beginn eines Projektes zu digitalem studentischem Engagement ist es wichtig, zu \u00fcberlegen, wie digitale Technologie eingesetzt werden kann, um die Durchf\u00fchrung des Projektes zu unterst\u00fctzen.<\/span><\/span><\/span><\/span>\r\n<\/p>\r\n\r\n<p>\r\n\t<span style=\"line-height:normal\"><span style=\"vertical-align:baseline\"><span lang=\"DE-AT\"><span style=\"color:black\">Digitale Technologie kann in vielerlei Hinsicht unterst\u00fctzend sein: Von der Suche nach alternativen M\u00f6glichkeiten f\u00fcr Besprechungen und Treffen bis hin zu projektrelevanten Bereichen wie Marketing.<\/span><\/span><\/span><\/span>\r\n<\/p>\r\n\r\n<p>\r\n\t\u00a0\r\n<\/p>\r\n\r\n<h3>\r\n\t<span style=\"line-height:normal\"><span style=\"vertical-align:baseline\"><b><span lang=\"DE-AT\"><span style=\"color:black\">Digitale Technologie nutzen, um Gleichgesinnte zu finden<\/span><\/span><\/b><\/span><\/span>\r\n<\/h3>\r\n\r\n<p>\r\n\t<span style=\"line-height:normal\"><span style=\"vertical-align:baseline\"><span lang=\"DE-AT\"><span style=\"color:black\">Es gibt viele digitale Tools und Plattformen, die Studierende nutzen k\u00f6nnen, um Gleichgesinnte zu finden, die sich f\u00fcr \u00e4hnliche Themen interessieren. Social Media-Plattformen wie Facebook k\u00f6nnen helfen, mit Gleichgesinnten in Kontakt zu kommen. Daneben kann nach Gruppen, Vereinen etc. gesucht werden, die in der lokalen Umgebung aktiv sind.<\/span><\/span><\/span><\/span>\r\n<\/p>\r\n\r\n<p>\r\n\t\u00a0\r\n<\/p>\r\n\r\n<h3>\r\n\t<span style=\"line-height:normal\"><span style=\"vertical-align:baseline\"><b><span lang=\"DE-AT\"><span style=\"color:black\">Tools zum Kn\u00fcpfen von Kontakten<\/span><\/span><\/b><\/span><\/span>\r\n<\/h3>\r\n\r\n<p>\r\n\t<span style=\"line-height:normal\"><span style=\"vertical-align:baseline\"><span lang=\"DE-AT\"><span style=\"color:black\">Die folgenden digitalen Tools k\u00f6nnen helfen, mit Gleichgesinnten in Kontakt zu kommen.<\/span><\/span><\/span><\/span>\r\n<\/p>\r\n\r\n<p>\r\n\t<span style=\"line-height:normal\"><span style=\"vertical-align:baseline\"><b><span lang=\"DE-AT\"><span style=\"color:black\">Meetup <\/span><\/span><\/b><span lang=\"DE-AT\"><span style=\"color:black\">ist ein Tool, mithilfe dessen Kontakt zu Menschen mit \u00e4hnlichen Interessen hergestellt werden kann. Das Tool kann sowohl f\u00fcr berufliche als auch f\u00fcr private Zwecke genutzt werden. Benutzer*innen k\u00f6nnen verschiedenen Gruppen zu bestimmten Themen beitreten oder nach Veranstaltungen in der Umgebung suchen.<\/span><\/span><\/span><\/span>\r\n<\/p>\r\n\r\n<p>\r\n\t<span style=\"line-height:normal\"><span style=\"vertical-align:baseline\"><span lang=\"EN-US\" style=\"color:black\"><span lang=\"DE-AT\"><span style=\"line-height:107%\"><span><span style=\"color:black\">Hier gehts zur Website:\u00a0<\/span><\/span><\/span><\/span><\/span><\/span><\/span><span style=\"line-height:normal\"><span style=\"vertical-align:baseline\"><a href=\"https:\/\/www.meetup.com\/\">https:\/\/www.meetup.com\/<\/a><\/span><\/span>\r\n<\/p>\r\n\r\n<p>\r\n\t\u00a0\r\n<\/p>\r\n\r\n<p>\r\n\t<span style=\"line-height:normal\"><span style=\"vertical-align:baseline\"><b><span lang=\"DE-AT\"><span style=\"color:black\">MeetMe<\/span><\/span><\/b><span lang=\"DE-AT\"><span style=\"color:black\"> ist eine f\u00fcr Android und iOS verf\u00fcgbare App, die es Menschen mit \u00e4hnlichen Interessen erm\u00f6glicht, miteinander zu kommunizieren. Dazu kann ein Live-Chat-Service genutzt werden.<\/span><\/span><\/span><\/span>\r\n<\/p>\r\n\r\n<p>\r\n\t<span lang=\"DE-AT\"><span style=\"line-height:107%\"><span><span style=\"color:black\">Hier gehts zur Website:\u00a0<\/span><\/span><\/span><\/span><span style=\"line-height:normal\"><span style=\"vertical-align:baseline\"><a href=\"https:\/\/www.meetme.com\/\">https:\/\/www.meetme.com\/#home<\/a><\/span><\/span>\r\n<\/p>\r\n\r\n<p>\r\n\t\u00a0\r\n<\/p>\r\n\r\n<h3>\r\n\t<span style=\"line-height:normal\"><span style=\"vertical-align:baseline\"><b><span lang=\"DE-AT\"><span style=\"color:black\">Kommunikations-Tools<\/span><\/span><\/b><\/span><\/span>\r\n<\/h3>\r\n\r\n<p>\r\n\t<span style=\"line-height:normal\"><span style=\"vertical-align:baseline\"><span lang=\"DE-AT\"><span style=\"color:black\">Sobald sich eine Gruppe von gleichgesinnten Studierenden zusammengefunden hat, ist der n\u00e4chste Schritt, ein Treffen zu organisieren und die M\u00f6glichkeiten zum Start eines Projektes zu digitalem studentischem Engagement auszuloten.<\/span><\/span><\/span><\/span>\r\n<\/p>\r\n\r\n<p>\r\n\t<span style=\"line-height:normal\"><span style=\"vertical-align:baseline\"><span lang=\"DE-AT\"><span style=\"color:black\">Die folgenden Tools k\u00f6nnen helfen, Online-Treffen abzuhalten, um z. B. in einem ersten Schritt ein Brainstorming zu einem bestimmten Themenbereich durchzuf\u00fchren.<\/span><\/span><\/span><\/span>\r\n<\/p>\r\n\r\n<p>\r\n\t<span style=\"line-height:normal\"><span style=\"vertical-align:baseline\"><span lang=\"EN-US\" style=\"color:black\"><b><span lang=\"DE-AT\"><span style=\"line-height:107%\"><span><span style=\"color:black\">Zoom <\/span><\/span><\/span><\/span><\/b><span lang=\"DE-AT\"><span style=\"line-height:107%\"><span><span style=\"color:black\">ist ein Videokonferenz-Tool. Mit Zoom k\u00f6nnen Online-Treffen einfach organisiert und durchgef\u00fchrt werden. Benutzer*innen k\u00f6nnen dabei an einem virtuellen Whiteboard ein Brainstorming umsetzen und gemeinsam an Projekten arbeiten, indem Dokumente auf den Bildschirmen, die anderen hochladen, kommentiert werden. <\/span><\/span><\/span><\/span><\/span><\/span><\/span><a data-url=\"https:\/\/zoom.us\/\" href=\"https:\/\/zoom.us\/\" target=\"_blank\" title=\"\" rel=\"noopener\">Link zu ZOOM<\/a>\r\n<\/p>\r\n\r\n<p>\r\n\t\u00a0\r\n<\/p>\r\n\r\n<p>\r\n\t<span style=\"line-height:normal\"><span style=\"vertical-align:baseline\"><b><span lang=\"DE-AT\"><span style=\"color:black\">Facebook Live<\/span><\/span><\/b><span lang=\"DE-AT\"><span style=\"color:black\"> ist ein Tool, mit dem Benutzer*innen Videos live \u00fcber eine Facebook-Seite oder -Gruppe streamen k\u00f6nnen. Dies kann f\u00fcr die Aufzeichnung von Vortr\u00e4gen, Veranstaltungen und Treffen genutzt werden.<\/span><\/span><\/span><\/span>\r\n<\/p>\r\n\r\n<p>\r\n\t<b><span lang=\"DE-AT\"><span style=\"line-height:107%\"><span><span style=\"color:black\">Webex i<\/span><\/span><\/span><\/span><\/b><span lang=\"DE-AT\"><span style=\"line-height:107%\"><span><span style=\"color:black\">st ein Tool, das es Benutzer*innen erm\u00f6glicht, Online-Gespr\u00e4che mit bis zu 100 Teilnehmer*innen zu durchzu\u00fchren. Es kann auch zur Bildschirmfreigabe oder zum Austausch von Dokumenten zwischen mehreren Personen verwendet werden. <\/span><\/span><\/span><\/span><a data-url=\"https:\/\/www.webex.com\/\" href=\"https:\/\/www.webex.com\/\" target=\"_blank\" title=\"\" rel=\"noopener\">Link zu WEBEX<\/a>\r\n<\/p>\r\n\r\n<p>\r\n\t\u00a0\r\n<\/p>\r\n\r\n<h3>\r\n\t<span style=\"line-height:normal\"><span style=\"vertical-align:baseline\"><b><span lang=\"DE-AT\"><span style=\"color:black\">Projektmanagement-Tools<\/span><\/span><\/b><\/span><\/span>\r\n<\/h3>\r\n\r\n<p>\r\n\t<span style=\"line-height:normal\"><span style=\"vertical-align:baseline\"><span lang=\"DE-AT\"><span style=\"color:black\">Projektmanagement-Tools erm\u00f6glichen es, Projekte auf einfache und effektive Weise zu organisieren, zu planen und zu verwalten. Sie unterst\u00fctzen dabei, dass alle Beteiligten auf dem Laufenden sind, was die n\u00e4chsten Arbeitsschritte sind und in welchem Abschnitt im Projektverlauf sich die Teammitglieder*innen befinden.<\/span><\/span><\/span><\/span>\r\n<\/p>\r\n\r\n<p>\r\n\t<span style=\"line-height:normal\"><span style=\"vertical-align:baseline\"><span lang=\"DE-AT\"><span style=\"color:black\">Es gibt viele verschiedene Projektmanagement-Tools:<\/span><\/span><\/span><\/span>\r\n<\/p>\r\n\r\n<p>\r\n\t<span style=\"line-height:normal\"><span style=\"vertical-align:baseline\"><span lang=\"DE-AT\"><span style=\"color:black\">Mit <b>Trello <\/b>k\u00f6nnen Sie Boards, Listen und Karten erstellen, die helfen, Projekte zu digitalem studentischem Engagement zu organisieren. Mit dem Board k\u00f6nnen Benutzer*innen Quellen wie Blogs, Websites oder Nachrichtenartikel teilen, sodass alle Benutzer*innen darauf zugreifen k\u00f6nnen.<\/span><\/span><\/span><\/span>\r\n<\/p>\r\n\r\n<p>\r\n\t<span style=\"line-height:normal\"><span style=\"vertical-align:baseline\"><span lang=\"EN-US\" style=\"color:black\"><span lang=\"DE-AT\"><span style=\"line-height:107%\"><span><span style=\"color:black\">Mit jeder Tafel k\u00f6nnen Sie Elemente aus vielen verschiedenen Quellen wie Blogs, Websites und Nachrichtenartikeln teilen, damit Ihre Benutzer schnell auf Informationen zugreifen k\u00f6nnen. Trello kann auch als kostenlose Version genutzt werden. <\/span><\/span><\/span><\/span><\/span><\/span><\/span><a data-url=\"https:\/\/trello.com\/en\" href=\"https:\/\/trello.com\/en\" target=\"_blank\" title=\"\" rel=\"noopener\">Link zu TRELLO<\/a>\r\n<\/p>\r\n\r\n<p>\r\n\tMicrosoft Teams bietet ihren Nutzer*innen eine Plattform zur Teamarbeit. MS Teams nutzt vor allem Chats anstelle von E-Mails. Jedes Teammitglied kann gleichzeitig auf dieselben Dateien zugreifen und daran arbeiten und hat jeweils die aktuelle Version zu Verf\u00fcgung. <a data-url=\"https:\/\/www.microsoft.com\/en-ie\/microsoft-teams\/group-chat-software\" href=\"https:\/\/www.microsoft.com\/en-ie\/microsoft-teams\/group-chat-software\" target=\"_blank\" title=\"\" rel=\"noopener\">Link zu MS Teams<\/a>\r\n<\/p>\r\n\r\n<p>\r\n\t\u00a0\r\n<\/p>\r\n\r\n<h3>\r\n\t<span style=\"line-height:normal\"><span style=\"vertical-align:baseline\"><b><span lang=\"DE-AT\"><span style=\"color:black\">Die Toolbox zu digitalem studentischem Engagement<\/span><\/span><\/b><\/span><\/span>\r\n<\/h3>\r\n\r\n<p>\r\n\t<span style=\"line-height:normal\"><span style=\"vertical-align:baseline\"><span lang=\"EN-US\" style=\"color:black\"><span lang=\"DE-AT\"><span style=\"line-height:107%\"><span><span style=\"color:black\">Die Toolbox zu digitalem studentischem Engagement stellt eine Reihe weiterer digitaler Tools zu Verf\u00fcgung, die Studierende und Lehrende im Rahmen von Projekten zu digitalem studentischem Engagement nutzen k\u00f6nnen.<\/span><\/span><\/span><\/span><\/span><\/span><\/span>\r\n<\/p>\r\n\r\n<p>\r\n\t<a data-url=\"https:\/\/www.studentcivicengagers.eu\/toolkit-de\/\" href=\"https:\/\/www.studentcivicengagers.eu\/toolkit-de\/\" target=\"_blank\" title=\"\" rel=\"noopener\">Toolbox zu digitalem studentischem Engagement<\/a>\r\n<\/p>\r\n\r\n<h2>\r\n\t\u00a0\r\n<\/h2>\r\n\r\n<h2>\r\n\t<b>Schnelltest<\/b>\r\n<\/h2>\r\n\r\n<div class=\"h5p-iframe-wrapper\"><div class=\"video-placeholder-wrapper video-placeholder-wrapper--fixed\" style=\"height: 366px;\">\n\t\t\t    <div class=\"video-placeholder d-flex justify-content-center align-items-center\">\n\t\t\t        <div class=\"overlay text-white p-2 w-100 text-center d-block justify-content-center align-items-center\">\n\t\t\t            <div>To view third-party content, please accept cookies.<\/div>\n\t\t\t            <button class=\"btn btn-secondary btn-sm mt-1 consent-change\">Change consent<\/button>\n\t\t\t        <\/div>\n\t\t\t    <\/div>\n\t\t\t<\/div>\n<\/div>\r\n","protected":false},"excerpt":{"rendered":"<p>Dieses Thema zeigt Gr\u00fcnde auf, warum Studierende digitale Technologien im Rahmen ihres b\u00fcrgerschaftlichen Engagements nutzen. Das Lernziel dieses Themas besteht darin, dass Studierende verschiedene digitale Tools kennenlernen und erfahren, wie sie diese in der Umsetzung ihres digitalen studentischen Engagements einsetzen &#8230;<\/p>\n","protected":false},"author":63,"featured_media":0,"parent":0,"menu_order":0,"comment_status":"closed","ping_status":"closed","template":"","meta":{"_acf_changed":false,"inline_featured_image":false,"footnotes":""},"class_list":["post-139","page","type-page","status-publish","hentry"],"acf":[],"_links":{"self":[{"href":"https:\/\/sisu.ut.ee\/sdce\/de\/wp-json\/wp\/v2\/pages\/139","targetHints":{"allow":["GET"]}}],"collection":[{"href":"https:\/\/sisu.ut.ee\/sdce\/de\/wp-json\/wp\/v2\/pages"}],"about":[{"href":"https:\/\/sisu.ut.ee\/sdce\/de\/wp-json\/wp\/v2\/types\/page"}],"author":[{"embeddable":true,"href":"https:\/\/sisu.ut.ee\/sdce\/de\/wp-json\/wp\/v2\/users\/63"}],"replies":[{"embeddable":true,"href":"https:\/\/sisu.ut.ee\/sdce\/de\/wp-json\/wp\/v2\/comments?post=139"}],"version-history":[{"count":3,"href":"https:\/\/sisu.ut.ee\/sdce\/de\/wp-json\/wp\/v2\/pages\/139\/revisions"}],"predecessor-version":[{"id":788,"href":"https:\/\/sisu.ut.ee\/sdce\/de\/wp-json\/wp\/v2\/pages\/139\/revisions\/788"}],"wp:attachment":[{"href":"https:\/\/sisu.ut.ee\/sdce\/de\/wp-json\/wp\/v2\/media?parent=139"}],"curies":[{"name":"wp","href":"https:\/\/api.w.org\/{rel}","templated":true}]}}