{"id":137,"date":"2024-04-04T07:48:35","date_gmt":"2024-04-04T04:48:35","guid":{"rendered":"https:\/\/sisu.ut.ee\/sdce\/module-3-1-en-3\/"},"modified":"2024-04-05T12:37:08","modified_gmt":"2024-04-05T09:37:08","slug":"module-3-1-en-3","status":"publish","type":"page","link":"https:\/\/sisu.ut.ee\/sdce\/de\/module-3-1-en-3\/","title":{"rendered":"Thema 1: Was beinhalten erfolgreiche Projekte zu digitalem studentischem Engagement?"},"content":{"rendered":"<blockquote>\r\n\t<h4>\r\n\t\t<img loading=\"lazy\" decoding=\"async\" width=\"531\" height=\"399\" class=\"alignnone wp-image-179\" style=\"width: 150px;height: 113px;float: right\" src=\"https:\/\/sisu.ut.ee\/wp-content\/uploads\/sites\/545\/sdce_clowd.png\" title=\"sdce_clowd.png\" alt=\"SDCE_clowd\" srcset=\"https:\/\/sisu.ut.ee\/wp-content\/uploads\/sites\/545\/sdce_clowd.png 531w, https:\/\/sisu.ut.ee\/wp-content\/uploads\/sites\/545\/sdce_clowd-300x225.png 300w\" sizes=\"auto, (max-width: 531px) 100vw, 531px\">In diesem Thema werden Gemeinsamkeiten zwischen verschiedenen Projekten des digitalen studentischen Engagements benannt, um anhand diesen zu verdeutlichen, was den Erfolg eines Projekts zu digitalem studentischem Engagement ausmacht. Zu den Lernzielen dieses Themas geh\u00f6rt ein Verst\u00e4ndnis daf\u00fcr zu entwickeln, was ein gutes Projekt zu digitalem studentischem Engagement kennzeichnet und wie Studierende mit der Planung eines eigenen Projekts zu digitalem studentischem Engagement beginnen k\u00f6nnen.\r\n\t<\/h4>\r\n<\/blockquote>\r\n\r\n<p>\r\n\t\u00a0\r\n<\/p>\r\n\r\n<p>\r\n\t<img loading=\"lazy\" decoding=\"async\" width=\"536\" height=\"668\" class=\"alignnone wp-image-210\" style=\"width: 200px;height: 249px;float: right\" src=\"https:\/\/sisu.ut.ee\/wp-content\/uploads\/sites\/545\/picture3_1.jpg\" title=\"picture3_1.jpg\" alt=\"SDCE3-1\" srcset=\"https:\/\/sisu.ut.ee\/wp-content\/uploads\/sites\/545\/picture3_1.jpg 536w, https:\/\/sisu.ut.ee\/wp-content\/uploads\/sites\/545\/picture3_1-241x300.jpg 241w\" sizes=\"auto, (max-width: 536px) 100vw, 536px\">\r\n<\/p>\r\n\r\n<p>\r\n\t<span style=\"line-height:normal\"><span style=\"vertical-align:baseline\"><span lang=\"DE-AT\"><span style=\"color:black\">Es gibt mehrere Faktoren, die ber\u00fccksichtigt werden k\u00f6nnen, sodass Projekte zu digitalem studentischem Engagement zum Erfolg werden und lokalen Gemeinschaften zugutekommen.<\/span><\/span><\/span><\/span>\r\n<\/p>\r\n\r\n<p>\r\n\t<span lang=\"DE-AT\"><span style=\"line-height:107%\"><span><span style=\"color:black\">Die folgenden Konzepte k\u00f6nnen dazu beitragen, dass ein Projekt zu digitalem studentischem Engagement bestm\u00f6gliche Ergebnisse erzielt:<\/span><\/span><\/span><\/span><span style=\"line-height:normal\"><span style=\"vertical-align:baseline\"><span lang=\"EN-US\" style=\"color:black\"> <\/span><\/span><\/span>\r\n<\/p>\r\n\r\n<p>\r\n\t\u00a0\r\n<\/p>\r\n\r\n<h3>\r\n\t<b>Direktes Service und Forschendes Lernen<\/b>\r\n<\/h3>\r\n\r\n<p>\r\n\t<span style=\"line-height:normal\"><span style=\"vertical-align:baseline\"><b><span lang=\"DE-AT\"><span style=\"color:black\">Direktes Service <\/span><\/span><\/b><span lang=\"DE-AT\"><span style=\"color:black\">bedeutet, dass pers\u00f6nliche Zeit und Hingabe in ein Projekt zu digitalem studentischem Engagement investiert werden, um lokale Gemeinschaften in ihren jeweiligen Bedarfen und Problemstellungen mit einer konkreten Dienstleistung zu unterst\u00fctzen.<\/span><\/span><\/span><\/span>\r\n<\/p>\r\n\r\n<p>\r\n\t<span style=\"line-height:normal\"><span style=\"vertical-align:baseline\"><span lang=\"DE-AT\"><span style=\"color:black\">Bei<b> Forschendem Lernen <\/b>geht<b> <\/b>es darum, mit lokalen Gemeinschaften in Kontakt zu treten und zu erkunden bzw. zu erforschen, in welcher Weise diese von aktuellen sozialen, \u00f6kologischen oder wirtschaftlichen Problemen betroffen sind bzw. wie diese Herausforderungen gel\u00f6st werden k\u00f6nnen. Praxisforschung kann dazu einen wichtigen Beitrag leisten.<\/span><\/span><\/span><\/span>\r\n<\/p>\r\n\r\n<p>\r\n\t<span style=\"line-height:normal\"><span style=\"vertical-align:baseline\"><span lang=\"DE-AT\"><span style=\"color:black\">Mit diesen beiden Aspekten kann erreicht werden, dass eine L\u00f6sung f\u00fcr ein gesellschaftlich relevantes Problem in einem Projekt zu digitalem studentischem Engagement erarbeitet wird und dass die Praxispartner*innen \u201ehinter dem Projekt stehen\u201c.<\/span><\/span><\/span><\/span>\r\n<\/p>\r\n\r\n<p>\r\n\t\u00a0\r\n<\/p>\r\n\r\n<h3>\r\n\t<span style=\"line-height:normal\"><span style=\"vertical-align:baseline\"><b><span lang=\"DE-AT\"><span style=\"color:black\">Interessensvertretung im Bildungsbereich sowie Kompetenzaufbau <\/span><\/span><\/b><\/span><\/span>\r\n<\/h3>\r\n\r\n<p>\r\n\t<span style=\"line-height:normal\"><span style=\"vertical-align:baseline\"><span lang=\"DE\"><span style=\"color:black\">Im Rahmen einer <b>Interessensvertretung im Bildungsbereich<\/b> arbeiten Personen aus unterschiedlichen Sektoren, wie Hochschulen und lokale Gemeinschaften, zusammen, um die Interessen von Personengruppen mit einer weniger starken Stimme zu vertreten (z.B. wohnungslose Menschen). <\/span><\/span><span lang=\"DE-AT\"><span style=\"color:black\">Dies kann zu Interessensvertretung f\u00fchren, indem im Projekt M\u00f6glichkeiten genutzt werden, um Ver\u00e4nderungen durchzusetzen, z. B. durch das Verfassen von Petitionen, der Organisation von Protesten oder dem Schreiben von Briefen, um Unternehmen oder Regierungsvertretungen zu Ver\u00e4nderungen zu bewegen.<\/span><\/span><\/span><\/span>\r\n<\/p>\r\n\r\n<p>\r\n\t<span style=\"line-height:normal\"><span style=\"vertical-align:baseline\"><span lang=\"DE-AT\"><span style=\"color:black\">Im Rahmen von<b> Kompetenzaufbau <\/b>werden die St\u00e4rken einer lokalen Gemeinschaft ermittelt. Diese werden dann aktiv f\u00fcr die Bearbeitung von Problemstellungen der Gemeinschaft genutzt und eingesetzt.<\/span><\/span><\/span><\/span>\r\n<\/p>\r\n\r\n<p>\r\n\t\u00a0\r\n<\/p>\r\n\r\n<h3>\r\n\t<span style=\"line-height:normal\"><span style=\"vertical-align:baseline\"><b><span lang=\"DE-AT\"><span style=\"color:black\">Politisches Engagement und Soziale Verantwortung <\/span><\/span><\/b><\/span><\/span>\r\n<\/h3>\r\n\r\n<p>\r\n\t<span style=\"line-height:normal\"><span style=\"vertical-align:baseline\"><b><span lang=\"DE-AT\"><span style=\"color:black\">Politisches Engagement<\/span><\/span><\/b><span lang=\"DE-AT\"><span style=\"color:black\"> bedeutet, dass andere ermutigt werden, sich aktiv an demokratischen Prozessen zu beteiligen und sich politisch f\u00fcr gesellschaftliche Anliegen einzusetzen.<\/span><\/span><\/span><\/span>\r\n<\/p>\r\n\r\n<p>\r\n\t<span style=\"line-height:normal\"><span style=\"vertical-align:baseline\"><b><span lang=\"DE-AT\"><span style=\"color:black\">Soziale Verantwortung<\/span><\/span><\/b><span lang=\"DE-AT\"><span style=\"color:black\"> bezieht sich darauf, dass sich alle Handlungen im Verlauf eines Projektes zu digitalem studentischem Engagement positiv und in verantwortungsvoller Weise auf lokale Gemeinschaften auswirken.<\/span><\/span><\/span><\/span>\r\n<\/p>\r\n\r\n<p>\r\n\t\u00a0\r\n<\/p>\r\n\r\n<h3>\r\n\t<span style=\"line-height:normal\"><span style=\"vertical-align:baseline\"><b><span lang=\"DE-AT\"><span style=\"color:black\">Spendenaktionen und Beteiligung an Vereinen <\/span><\/span><\/b><\/span><\/span>\r\n<\/h3>\r\n\r\n<p>\r\n\t<span style=\"line-height:normal\"><span style=\"vertical-align:baseline\"><b><span lang=\"DE-AT\"><span style=\"color:black\">Spendenaktionen<\/span><\/span><\/b><span lang=\"DE-AT\"><span style=\"color:black\"> k\u00f6nnen daf\u00fcr sorgen, dass bestimmte Ressourcen, die ben\u00f6tigt werden, denen zugutekommen, die sie auch brauchen (z. B. durch Fundraising von gemeinn\u00fctzigen Projekten, durch Sach- oder Geldspenden).<\/span><\/span><\/span><\/span>\r\n<\/p>\r\n\r\n<p>\r\n\t<span style=\"line-height:normal\"><span style=\"vertical-align:baseline\"><span lang=\"DE-AT\"><span style=\"color:black\">Durch die <b>Beteiligung an gemeinn\u00fctzigen Vereinen<\/b> k\u00f6nnen bestimmte Gemeinschaftsprojekte unterst\u00fctzt werden. Dadurch k\u00f6nnen Netzwerke aufgebaut werden, die f\u00fcr die Erstellung eines Projektes zu digitalem studentischem Engagement hilfreich sein k\u00f6nnen.<\/span><\/span><\/span><\/span>\r\n<\/p>\r\n\r\n<p>\r\n\t\u00a0\r\n<\/p>\r\n\r\n<h3>\r\n\t<span style=\"line-height:normal\"><span style=\"vertical-align:baseline\"><b><span lang=\"DE-AT\"><span style=\"color:black\">Best-Practice \u2013 Das Starter Programm der Universit\u00e4t Tartu<\/span><\/span><\/b><\/span><\/span>\r\n<\/h3>\r\n\r\n<p>\r\n\t<span lang=\"DE-AT\"><span style=\"line-height:107%\"><span>Das <i>Starter Programm der Universit\u00e4t Tartu<\/i> umfasst eine extra-curriculare Aktivit\u00e4t, bei der Studierende eine unternehmerische Einstellung entwickeln und Unternehmergeist entfacht wird. Es bestand aus einem dreimonatigen Programm, das eine Auftaktveranstaltung, mehrere Schulungen und Workshops, eine Veranstaltung zum <i>Networking<\/i>, Mentoringsitzungen und eine abschlie\u00dfende Pr\u00e4sentation beinhaltete. Das Programm richtete sich an Studierende, die den Prozess der Entwicklung einer Idee bis hin zur Einf\u00fchrung eines Produkts oder einer Dienstleistung kennen lernen wollten. W\u00e4hrend dieses Prozesses erkundeten die Studierenden die Bed\u00fcrfnis- und Problemlagen in der Praxis und versuchten, daf\u00fcr L\u00f6sungen zu entwickeln. Im Rahmen des <i>Starter Programms<\/i> arbeiteten die Studierenden-Teams unter der Verwendung von digitaler Technologie und Kommunikationskan\u00e4len an ihren Ideen zur L\u00f6sung bestimmter sozialer Probleme in Estland. Oftmals entwickelten sie dabei neue digitale Gesch\u00e4ftsideen und k\u00fcmmerten sich darum, ihre L\u00f6sungen in der jeweiligen Praxisgemeinschaft umzusetzen. Das Engagement der Studierenden beschr\u00e4nkte sich also nicht nur auf die Erfindung einer digitalen L\u00f6sung f\u00fcr ein soziales Problem in ihrer unmittelbaren Umgebung, sondern in vielen F\u00e4llen dienten diese L\u00f6sungen direkt der Gemeinschaft.<\/span><\/span><\/span>\r\n<\/p>\r\n\r\n<p>\r\n\t<a data-url=\"https:\/\/www.studentcivicengagers.eu\/guide-to-digital-civic-engagement-de\/\" href=\"https:\/\/www.studentcivicengagers.eu\/guide-to-digital-civic-engagement-de\/\" target=\"_blank\" title=\"\" rel=\"noopener\">Weitere Fallstudien (Beispiele) im Handbuch zu digitalem studentischem Engagement<\/a>\r\n<\/p>\r\n\r\n<p>\r\n\t\u00a0\r\n<\/p>\r\n\r\n<h2>\r\n\t<span style=\"line-height:normal\"><span style=\"vertical-align:baseline\"><b><span lang=\"DE-AT\"><span style=\"color:black\">Schnelltest<\/span><\/span><\/b><\/span><\/span>\r\n<\/h2>\r\n\r\n<div class=\"h5p-iframe-wrapper\"><div class=\"video-placeholder-wrapper video-placeholder-wrapper--fixed\" style=\"height: 366px;\">\n\t\t\t    <div class=\"video-placeholder d-flex justify-content-center align-items-center\">\n\t\t\t        <div class=\"overlay text-white p-2 w-100 text-center d-block justify-content-center align-items-center\">\n\t\t\t            <div>To view third-party content, please accept cookies.<\/div>\n\t\t\t            <button class=\"btn btn-secondary btn-sm mt-1 consent-change\">Change consent<\/button>\n\t\t\t        <\/div>\n\t\t\t    <\/div>\n\t\t\t<\/div>\n<\/div>\r\n","protected":false},"excerpt":{"rendered":"<p>In diesem Thema werden Gemeinsamkeiten zwischen verschiedenen Projekten des digitalen studentischen Engagements benannt, um anhand diesen zu verdeutlichen, was den Erfolg eines Projekts zu digitalem studentischem Engagement ausmacht. Zu den Lernzielen dieses Themas geh\u00f6rt ein Verst\u00e4ndnis daf\u00fcr zu entwickeln, was &#8230;<\/p>\n","protected":false},"author":63,"featured_media":0,"parent":0,"menu_order":0,"comment_status":"closed","ping_status":"closed","template":"","meta":{"_acf_changed":false,"inline_featured_image":false,"footnotes":""},"class_list":["post-137","page","type-page","status-publish","hentry"],"acf":[],"_links":{"self":[{"href":"https:\/\/sisu.ut.ee\/sdce\/de\/wp-json\/wp\/v2\/pages\/137","targetHints":{"allow":["GET"]}}],"collection":[{"href":"https:\/\/sisu.ut.ee\/sdce\/de\/wp-json\/wp\/v2\/pages"}],"about":[{"href":"https:\/\/sisu.ut.ee\/sdce\/de\/wp-json\/wp\/v2\/types\/page"}],"author":[{"embeddable":true,"href":"https:\/\/sisu.ut.ee\/sdce\/de\/wp-json\/wp\/v2\/users\/63"}],"replies":[{"embeddable":true,"href":"https:\/\/sisu.ut.ee\/sdce\/de\/wp-json\/wp\/v2\/comments?post=137"}],"version-history":[{"count":3,"href":"https:\/\/sisu.ut.ee\/sdce\/de\/wp-json\/wp\/v2\/pages\/137\/revisions"}],"predecessor-version":[{"id":790,"href":"https:\/\/sisu.ut.ee\/sdce\/de\/wp-json\/wp\/v2\/pages\/137\/revisions\/790"}],"wp:attachment":[{"href":"https:\/\/sisu.ut.ee\/sdce\/de\/wp-json\/wp\/v2\/media?parent=137"}],"curies":[{"name":"wp","href":"https:\/\/api.w.org\/{rel}","templated":true}]}}