{"id":135,"date":"2024-04-04T07:48:35","date_gmt":"2024-04-04T04:48:35","guid":{"rendered":"https:\/\/sisu.ut.ee\/sdce\/module-2-4-en-3\/"},"modified":"2024-04-05T12:37:09","modified_gmt":"2024-04-05T09:37:09","slug":"module-2-4-en-3","status":"publish","type":"page","link":"https:\/\/sisu.ut.ee\/sdce\/de\/module-2-4-en-3\/","title":{"rendered":"Thema 4: M\u00f6glichkeiten zur Kompetenzentwicklung: Digitales studentisches Engagement und die Entwicklung von digitalen und unternehmerischen Kompetenzen"},"content":{"rendered":"<blockquote>\r\n\t<h4 style=\"margin-bottom: 0.0001pt\">\r\n\t\t<img loading=\"lazy\" decoding=\"async\" width=\"531\" height=\"399\" class=\"alignnone wp-image-179\" style=\"width: 150px;height: 113px;float: right\" src=\"https:\/\/sisu.ut.ee\/wp-content\/uploads\/sites\/545\/sdce_clowd.png\" title=\"sdce_clowd.png\" alt=\"SDCE_clowd\" srcset=\"https:\/\/sisu.ut.ee\/wp-content\/uploads\/sites\/545\/sdce_clowd.png 531w, https:\/\/sisu.ut.ee\/wp-content\/uploads\/sites\/545\/sdce_clowd-300x225.png 300w\" sizes=\"auto, (max-width: 531px) 100vw, 531px\">In diesem Thema wird zu den europ\u00e4ischen Kompetenzrahmen DigComp und EntreComp zur\u00fcckgekehrt und darauf eingegangen, welche digitalen und unternehmerischen Kompetenzen Studierende entwickeln, wenn sie an Aktivit\u00e4ten des digitalen studentischen Engagements teilnehmen. Die Studierenden werden mit den Kompetenzen <i>b\u00fcrgerschaftliches Engagement durch digitale Technologie<\/i> (DigComp) und <i>ethisches und nachhaltiges Denken<\/i> (EntreComp) vertraut gemacht.\r\n\t<\/h4>\r\n<\/blockquote>\r\n\r\n<p style=\"margin-bottom:.0001pt\">\r\n\t\u00a0\r\n<\/p>\r\n\r\n<p style=\"margin-bottom:.0001pt\">\r\n\tStudierende, die sich an Aktivit\u00e4ten des digitalen studentischen Engagements beteiligen, entwickeln eine Vielzahl an digitalen Kompetenzen. Diese sind im DigComp, dem europ\u00e4ischen Referenzrahmen f\u00fcr digitale Kompetenzen, beschrieben. Er wurde von der EU-Kommission genehmigt und dient als Instrument zur F\u00f6rderung der digitalen Kompetenzen von bestimmten Zielgruppen in Bildungs- und Weiterbildungsinstitutionen.\r\n<\/p>\r\n\r\n<p style=\"margin-bottom:.0001pt\">\r\n\t\u00a0\r\n<\/p>\r\n\r\n<h3 style=\"margin-bottom: 0.0001pt\">\r\n\t<strong>DigComp besteht aus 5 Kompetenzbereiche und 21 Kompetenzen, wie unten abgebildet:<\/strong>\r\n<\/h3>\r\n\r\n<p style=\"margin-bottom:.0001pt\">\r\n\t<img loading=\"lazy\" decoding=\"async\" width=\"353\" height=\"314\" class=\"alignnone wp-image-204\" style=\"float: right;width: 400px;height: 377px\" src=\"https:\/\/sisu.ut.ee\/wp-content\/uploads\/sites\/545\/digcomp_2.png\" title=\"digcomp_2.png\" alt=\"DigComp_2\" srcset=\"https:\/\/sisu.ut.ee\/wp-content\/uploads\/sites\/545\/digcomp_2.png 353w, https:\/\/sisu.ut.ee\/wp-content\/uploads\/sites\/545\/digcomp_2-300x267.png 300w\" sizes=\"auto, (max-width: 353px) 100vw, 353px\">\r\n<\/p>\r\n\r\n<p style=\"margin-bottom:.0001pt;text-align:justify\">\r\n\t<span style=\"line-height:115%\"><span lang=\"DE-AT\"><span style=\"line-height:115%\">Die Beteiligung an Aktivit\u00e4ten des digitalen studentischen Engagements erm\u00f6glicht den Studierenden die Entwicklung der Kompetenz <\/span><\/span><i><span lang=\"DE\"><span style=\"line-height:115%\"><span style=\"color:black\">b\u00fcrgerschaftliches Engagement durch digitale Technologie<\/span><\/span><\/span><\/i><span lang=\"DE-AT\"><span style=\"line-height:115%\">. Diese Kompetenz wird dem Kompetenzbereich Kommunikation und Kooperation zugeordnet. Dabei geht es darum, dass Studierende lernen, mit Hilfe digitaler Technologie zu interagieren, zu kommunizieren und zusammenzuarbeiten und sich dabei der kulturellen und generationsbedingten Vielfalt bewusst sein.<\/span><\/span><\/span>\r\n<\/p>\r\n\r\n<p style=\"margin-bottom:.0001pt;text-align:justify\">\r\n\t<span style=\"line-height:115%\"><span lang=\"DE-AT\"><span style=\"line-height:115%\">Die Kompetenz <\/span><\/span><i><span lang=\"DE\"><span style=\"line-height:115%\"><span style=\"color:black\">b\u00fcrgerschaftliches Engagement durch digitale Technologie<\/span><\/span><\/span><\/i> <span lang=\"DE-AT\"><span style=\"line-height:115%\">bezieht sich auf die Teilhabe von Studierenden an der Gesellschaft durch die Nutzung \u00f6ffentlicher und privater digitaler Dienste und dr\u00fcckt sich in Form von Selbstbestimmung aus in der Nutzung von geeigneter digitaler Technologie f\u00fcr die Partizipation an demokratischen Prozessen.<\/span><\/span><\/span>\r\n<\/p>\r\n\r\n<p style=\"margin-bottom:.0001pt;text-align:justify\">\r\n\t<span lang=\"DE-AT\"><span style=\"line-height:107%\"><span>Die Beteiligung an Aktivit\u00e4ten des digitalen studentischen Engagements erm\u00f6glicht es den Studierenden auch, unternehmerische Kompetenzen zu entwickeln. Diese sind im EntreComp, dem europ\u00e4ischen Referenzrahmen f\u00fcr unternehmerische Kompetenzen, zusammengefasst. Er umfasst eine Beschreibung der Kenntnisse, F\u00e4higkeiten und Haltungen, die Menschen brauchen, um unternehmerisch t\u00e4tig zu sein und wie sie ihre T\u00e4tigkeit an gesellschaftlich vertretbaren sozialen und kulturellen Werten orientieren.<\/span><\/span><\/span>\r\n<\/p>\r\n\r\n<p style=\"margin-bottom:.0001pt\">\r\n\t\u00a0\r\n<\/p>\r\n\r\n<p style=\"margin-bottom:.0001pt\">\r\n\t<span style=\"line-height:115%\"><span lang=\"EN-GB\"><span style=\"line-height:115%\">Link: <\/span><\/span><a href=\"https:\/\/ec.europa.eu\/jrc\/en\/entrecomp\/competence-areas-and-learning-progress\"><span><span style=\"line-height:115%\">https:\/\/ec.europa.eu\/jrc\/en\/entrecomp\/competence-areas-and-learning-progress<\/span><\/span><\/a><\/span>\r\n<\/p>\r\n\r\n<p style=\"margin-bottom:.0001pt\">\r\n\t\u00a0\r\n<\/p>\r\n\r\n<h3 style=\"margin-bottom: 0.0001pt\">\r\n\t\u00a0\r\n<\/h3>\r\n\r\n<h3 style=\"margin-bottom: 0.0001pt\">\r\n\t<strong>Der EntreComp besteht aus 3 Kompetenzbereichen und 15 Kompetenzen, wie in der Abbildung dargestellt:<\/strong>\r\n<\/h3>\r\n\r\n<p style=\"margin-bottom:.0001pt\">\r\n\t\u00a0\r\n<\/p>\r\n\r\n<p style=\"margin-bottom:.0001pt\">\r\n\t<span style=\"line-height:115%\"><span lang=\"DE-AT\"><span style=\"line-height:115%\"><span style=\"color:black\">Studierende, die sich an Aktivit\u00e4ten des digitalen studentischen Engagements beteiligen, entwickeln eine Vielzahl an unternehmerischen Kompetenzen. <\/span><\/span><\/span><span lang=\"DE-AT\"><span style=\"line-height:115%\">Diese liegen darin, ein Problem in einer lokalen Gemeinschaft zu erkennen, das nach einer L\u00f6sung verlangt, und sich mit anderen zusammenzuschlie\u00dfen, um auf kreative Weise\u00a0Wege f\u00fcr die Bearbeitung dieses Problems zu finden.<\/span><\/span><\/span>\r\n<\/p>\r\n\r\n<p style=\"margin-bottom:.0001pt\">\r\n\t<span style=\"line-height:115%\"><span lang=\"DE-AT\"><span style=\"line-height:115%\">Eine Kompetenz, die Studierende durch Aktivit\u00e4ten des digitalen studentischen Engagements erwerben, besteht\u00a0in der Entwicklung von <b>ethischem und nachhaltigem Denken<\/b>. Studierende setzen sich dabei mit der Bewertung der Folgen und Auswirkungen von Ideen, M\u00f6glichkeiten und Handlungen im Rahmen ihres digitalen Engagements auseinander:<\/span><\/span><\/span>\r\n<\/p>\r\n\r\n<p style=\"margin-bottom:.0001pt\">\r\n\t<span style=\"line-height:115%\"><span lang=\"DE-AT\"><span style=\"line-height:115%\">\u2013 Bewertung der Folgen von Ideen und geplanten Ma\u00dfnahmen f\u00fcr die Praxispartner*innen, die Gesellschaft und die Umwelt.<\/span><\/span><\/span>\r\n<\/p>\r\n\r\n<p style=\"margin-bottom:.0001pt\">\r\n\t<span style=\"line-height:115%\"><span lang=\"DE-AT\"><span style=\"line-height:115%\">\u2013 Reflexion der Nachhaltigkeit der mit dem Engagement verbundenen sozialen, kulturellen und wirtschaftlichen Zielen<\/span><\/span><\/span>\r\n<\/p>\r\n\r\n<p style=\"margin-bottom:.0001pt\">\r\n\t\u00a0\r\n<\/p>\r\n\r\n<p style=\"margin-top:0cm;margin-right:0cm;margin-bottom:.0001pt;margin-left:36.0pt\">\r\n\t<span style=\"line-height:115%\"><span lang=\"DE-AT\"><span style=\"line-height:107%\"><span>\u2013 Verantwortungsvolles Handeln in Hinblick auf m\u00f6gliche zuk\u00fcnftige Auswirkungen<\/span><\/span><\/span><\/span>\r\n<\/p>\r\n\r\n<p style=\"margin-bottom:.0001pt\">\r\n\t<span lang=\"EN-GB\"><span style=\"line-height:107%\"><span>Link: <a href=\"https:\/\/ec.europa.eu\/jrc\/en\/entrecomp\">https:\/\/ec.europa.eu\/jrc\/en\/entrecomp<\/a><\/span><\/span><\/span>\r\n<\/p>\r\n\r\n<h3 style=\"margin-bottom: 0.0001pt\">\r\n\t\u00a0\r\n<\/h3>\r\n\r\n<h3 style=\"margin-bottom: 0.0001pt\">\r\n\tVideo \u00fcber den europ\u00e4ischen Referenzrahmen f\u00fcr digitale Kompetenzen:\r\n<\/h3>\r\n\r\n<p style=\"margin-bottom:.0001pt\">\r\n\t<img loading=\"lazy\" decoding=\"async\" width=\"1716\" height=\"1094\" class=\"alignnone wp-image-206\" style=\"width: 300px;height: 191px\" src=\"https:\/\/sisu.ut.ee\/wp-content\/uploads\/sites\/545\/sdce_video2-4.png\" title=\"sdce_video2-4.png\" alt=\"SDCE_video2-4\" srcset=\"https:\/\/sisu.ut.ee\/wp-content\/uploads\/sites\/545\/sdce_video2-4.png 1716w, https:\/\/sisu.ut.ee\/wp-content\/uploads\/sites\/545\/sdce_video2-4-300x191.png 300w, https:\/\/sisu.ut.ee\/wp-content\/uploads\/sites\/545\/sdce_video2-4-1024x653.png 1024w, https:\/\/sisu.ut.ee\/wp-content\/uploads\/sites\/545\/sdce_video2-4-768x490.png 768w, https:\/\/sisu.ut.ee\/wp-content\/uploads\/sites\/545\/sdce_video2-4-1536x979.png 1536w\" sizes=\"auto, (max-width: 1716px) 100vw, 1716px\">https:\/\/fb.watch\/aMVet-HlyW\/\r\n<\/p>\r\n\r\n<h2 style=\"margin-bottom: 0.0001pt\">\r\n\t\u00a0\r\n<\/h2>\r\n\r\n<h2 style=\"margin-bottom: 0.0001pt\">\r\n\t<span style=\"line-height:115%\"><b><span lang=\"DE-AT\"><span style=\"line-height:115%\">Schnelltest<\/span><\/span><\/b><\/span>\r\n<\/h2>\r\n\r\n<p style=\"margin-bottom:.0001pt\">\r\n\t<\/p><div class=\"h5p-iframe-wrapper\"><div class=\"video-placeholder-wrapper video-placeholder-wrapper--fixed\" style=\"height: 366px;\">\n\t\t\t    <div class=\"video-placeholder d-flex justify-content-center align-items-center\">\n\t\t\t        <div class=\"overlay text-white p-2 w-100 text-center d-block justify-content-center align-items-center\">\n\t\t\t            <div>To view third-party content, please accept cookies.<\/div>\n\t\t\t            <button class=\"btn btn-secondary btn-sm mt-1 consent-change\">Change consent<\/button>\n\t\t\t        <\/div>\n\t\t\t    <\/div>\n\t\t\t<\/div>\n<\/div>\r\n\r\n","protected":false},"excerpt":{"rendered":"<p>In diesem Thema wird zu den europ\u00e4ischen Kompetenzrahmen DigComp und EntreComp zur\u00fcckgekehrt und darauf eingegangen, welche digitalen und unternehmerischen Kompetenzen Studierende entwickeln, wenn sie an Aktivit\u00e4ten des digitalen studentischen Engagements teilnehmen. Die Studierenden werden mit den Kompetenzen b\u00fcrgerschaftliches Engagement durch &#8230;<\/p>\n","protected":false},"author":63,"featured_media":0,"parent":0,"menu_order":0,"comment_status":"closed","ping_status":"closed","template":"","meta":{"_acf_changed":false,"inline_featured_image":false,"footnotes":""},"class_list":["post-135","page","type-page","status-publish","hentry"],"acf":[],"_links":{"self":[{"href":"https:\/\/sisu.ut.ee\/sdce\/de\/wp-json\/wp\/v2\/pages\/135","targetHints":{"allow":["GET"]}}],"collection":[{"href":"https:\/\/sisu.ut.ee\/sdce\/de\/wp-json\/wp\/v2\/pages"}],"about":[{"href":"https:\/\/sisu.ut.ee\/sdce\/de\/wp-json\/wp\/v2\/types\/page"}],"author":[{"embeddable":true,"href":"https:\/\/sisu.ut.ee\/sdce\/de\/wp-json\/wp\/v2\/users\/63"}],"replies":[{"embeddable":true,"href":"https:\/\/sisu.ut.ee\/sdce\/de\/wp-json\/wp\/v2\/comments?post=135"}],"version-history":[{"count":3,"href":"https:\/\/sisu.ut.ee\/sdce\/de\/wp-json\/wp\/v2\/pages\/135\/revisions"}],"predecessor-version":[{"id":791,"href":"https:\/\/sisu.ut.ee\/sdce\/de\/wp-json\/wp\/v2\/pages\/135\/revisions\/791"}],"wp:attachment":[{"href":"https:\/\/sisu.ut.ee\/sdce\/de\/wp-json\/wp\/v2\/media?parent=135"}],"curies":[{"name":"wp","href":"https:\/\/api.w.org\/{rel}","templated":true}]}}