{"id":134,"date":"2024-04-04T07:48:35","date_gmt":"2024-04-04T04:48:35","guid":{"rendered":"https:\/\/sisu.ut.ee\/sdce\/module-2-3-en-3\/"},"modified":"2024-04-05T12:37:09","modified_gmt":"2024-04-05T09:37:09","slug":"module-2-3-en-3","status":"publish","type":"page","link":"https:\/\/sisu.ut.ee\/sdce\/de\/module-2-3-en-3\/","title":{"rendered":"Thema 3:  Ein Projekt mit dem Service-Learning Ansatz durchf\u00fchren"},"content":{"rendered":"<blockquote>\r\n\t<h4 style=\"margin-bottom: 0.0001pt\">\r\n\t\t<img loading=\"lazy\" decoding=\"async\" width=\"531\" height=\"399\" class=\"alignnone wp-image-179\" style=\"width: 150px;height: 113px;float: right\" src=\"https:\/\/sisu.ut.ee\/wp-content\/uploads\/sites\/545\/sdce_clowd.png\" title=\"sdce_clowd.png\" alt=\"SDCE_clowd\" srcset=\"https:\/\/sisu.ut.ee\/wp-content\/uploads\/sites\/545\/sdce_clowd.png 531w, https:\/\/sisu.ut.ee\/wp-content\/uploads\/sites\/545\/sdce_clowd-300x225.png 300w\" sizes=\"auto, (max-width: 531px) 100vw, 531px\">Dieses Thema f\u00fchrt in das didaktische Konzept des Service-Learning ein und erl\u00e4utert, welches Potential dieser Lehr- und Lernansatz f\u00fcr die Entwicklung des b\u00fcrgerschaftlichen Engagements von Studierenden hat. Nach der Auseinandersetzung mit diesen Inhalten k\u00f6nnen die Studierenden das Konzept des Service-Learning erkl\u00e4ren, ihren Wert f\u00fcr die Entwicklung des b\u00fcrgerschaftlichen Engagements erkennen und Beispiele aus der Praxis dazu anf\u00fchren.\r\n\t<\/h4>\r\n<\/blockquote>\r\n\r\n<p style=\"margin-bottom:.0001pt\">\r\n\t\u00a0\r\n<\/p>\r\n\r\n<h3 style=\"margin-bottom: 0.0001pt\">\r\n\t<img loading=\"lazy\" decoding=\"async\" width=\"536\" height=\"668\" class=\"alignnone wp-image-196\" style=\"width: 200px;height: 249px;float: right\" src=\"https:\/\/sisu.ut.ee\/wp-content\/uploads\/sites\/545\/picture_2_3.jpg\" title=\"picture_2_3.jpg\" alt=\"SDCE2-3\" srcset=\"https:\/\/sisu.ut.ee\/wp-content\/uploads\/sites\/545\/picture_2_3.jpg 536w, https:\/\/sisu.ut.ee\/wp-content\/uploads\/sites\/545\/picture_2_3-241x300.jpg 241w\" sizes=\"auto, (max-width: 536px) 100vw, 536px\">\r\n<\/h3>\r\n\r\n<h3 style=\"margin-bottom: 0.0001pt;text-align: justify\">\r\n\t<span style=\"line-height:115%\"><b><span lang=\"DE-AT\"><span style=\"line-height:115%\">Das Konzept des Service-Learning<\/span><\/span><\/b><\/span>\r\n<\/h3>\r\n\r\n<p style=\"margin-bottom: 0.0001pt\">\r\n\t<span style=\"line-height:115%\"><span lang=\"DE-AT\"><span style=\"line-height:115%\">Service-Learning wird realisiert, wenn Lernen durch eine Dienstleistung (Service) in einer lokalen Gemeinschaft und einer anschlie\u00dfenden Reflexion (Learning) dar\u00fcber erfolgt. Service-Learning tr\u00e4gt damit nicht nur zu einem besseren Verst\u00e4ndnis des Praxisfeldes, in dem die Dienstleistung ausgef\u00fchrt wird, bei,\u00a0sondern hilft auch die f\u00fcr die Arbeit in einem bestimmten Praxisfeld erforderlichen F\u00e4higkeiten zu \u00fcben.<\/span><\/span><\/span>\r\n<\/p>\r\n\r\n<p style=\"margin-bottom: 0.0001pt\">\r\n\t<span style=\"line-height:115%\"><span lang=\"DE-AT\"><span style=\"line-height:115%\">Service-Learning stellt ein didaktisches Konzept dar, das vielerlei Lernerfahrungen bietet. Studierende erweitern etwa ihr Verst\u00e4ndnis der Lerninhalte in ihrem Studium durch den hergestellten Praxisbezug und erwerben F\u00fchrungskompetenzen.<\/span><\/span><\/span>\r\n<\/p>\r\n\r\n<p style=\"margin-bottom:.0001pt\">\r\n\t\u00a0\r\n<\/p>\r\n\r\n<h3 style=\"margin-bottom: 0.0001pt\">\r\n\t<span style=\"line-height:115%\"><b><span lang=\"DE-AT\"><span style=\"line-height:115%\">Service-Learning beinhaltet folgende Aspekte:<\/span><\/span><\/b><\/span>\r\n<\/h3>\r\n\r\n<p style=\"margin-bottom:.0001pt\">\r\n\t<span style=\"line-height:115%\"><b><span lang=\"DE-AT\"><span style=\"line-height:115%\">1. Wechselseitiger Nutzen:<\/span><\/span><\/b><span lang=\"DE-AT\"><span style=\"line-height:115%\"> Service-Learning bezieht sowohl die Bed\u00fcrfnisse und Anliegen der Praxispartner*innen mit ein als auch das soziale Lernen der Studierenden.<\/span><\/span><\/span>\r\n<\/p>\r\n\r\n<p style=\"margin-bottom:.0001pt\">\r\n\t<span style=\"line-height:115%\"><b><span lang=\"DE-AT\"><span style=\"line-height:115%\">2. Reflexion:<\/span><\/span><\/b><span lang=\"DE-AT\"><span style=\"line-height:115%\"> Die angeleitete Reflexion hilft den Studierenden, ihre Erfahrungen in der Praxis zu reflektieren und zu erkennen, was sie gelernt haben.<\/span><\/span><\/span>\r\n<\/p>\r\n\r\n<p style=\"margin-bottom:.0001pt\">\r\n\t<span style=\"line-height:115%\"><b><span lang=\"DE-AT\"><span style=\"line-height:115%\">3. Verbindung zur Lehrveranstaltung: <\/span><\/span><\/b><span lang=\"DE-AT\"><span style=\"line-height:115%\">Die Aktivit\u00e4ten der Studierenden werden auf vorher festgelegte Lernziele bezogen und unterst\u00fctzen ihr Lernen durch Erfahrung.<\/span><\/span><\/span>\r\n<\/p>\r\n\r\n<p style=\"margin-bottom:.0001pt\">\r\n\t\u00a0\r\n<\/p>\r\n\r\n<h3 style=\"margin-bottom: 0.0001pt\">\r\n\t<span style=\"line-height:115%\"><b><span lang=\"EN-GB\"><span style=\"line-height:115%\">Beispiele f\u00fcr Service-Learning<\/span><\/span><\/b><\/span>\r\n<\/h3>\r\n\r\n<ul>\r\n\t<li style=\"margin-bottom:.0001pt\">\r\n\t\t<span style=\"line-height:115%\"><span lang=\"DE-AT\"><span style=\"line-height:115%\">Starter Programm der Universit\u00e4t Tartu <i>(Estland)<\/i><\/span><\/span><\/span>\r\n\t<\/li>\r\n\t<li class=\"MsoNoSpacing\" style=\"margin-top:0cm;margin-right:0cm;margin-bottom:.0001pt\">\r\n\t\t<span style=\"line-height:115%\"><span lang=\"DE-AT\"><span style=\"line-height:115%\">Bewusstsein f\u00fcr Demenz schaffen an der Queen\u2018s University Belfast <i>(Nordirland)<\/i> <\/span><\/span><\/span>\r\n\t<\/li>\r\n<\/ul>\r\n\r\n<p style=\"margin-bottom:.0001pt\">\r\n\t<span style=\"line-height:115%\"><span lang=\"DE-AT\"><span style=\"line-height:107%\"><span>Beide werden im Handbuch zu digitalem studentischem Engagement beschrieben. Klicken Sie <\/span><\/span><\/span><\/span><a data-url=\"https:\/\/www.studentcivicengagers.eu\/guide-to-digital-civic-engagement-de\/\" href=\"https:\/\/www.studentcivicengagers.eu\/guide-to-digital-civic-engagement-de\/\" target=\"_blank\" title=\"\" rel=\"noopener\">hier<\/a>, um mehr zu erfahren.\r\n<\/p>\r\n\r\n<p style=\"margin-bottom:.0001pt\">\r\n\t\u00a0\r\n<\/p>\r\n\r\n<p style=\"margin-bottom:.0001pt\">\r\n\t<b>Beispiel einer Fallstudie: Freiwilliges Engagement \u2013 Starter Programm der Universit\u00e4t Tartu<\/b>\r\n<\/p>\r\n\r\n<p style=\"margin-bottom:.0001pt\">\r\n\tDas <i>Starter Programm der Universit\u00e4t Tartu<\/i> umfasst eine extra-curriculare Aktivit\u00e4t, bei der Studierende eine unternehmerische Einstellung entwickeln und Unternehmergeist entfacht wird. Es besteht aus einem dreimonatigen Programm, das eine Auftaktveranstaltung, mehrere Schulungen und Workshops, eine Veranstaltung zum <i>Networking<\/i>, Mentoringsitzungen und eine abschlie\u00dfende Pr\u00e4sentation beinhaltet.\r\n<\/p>\r\n\r\n<p style=\"margin-bottom:.0001pt\">\r\n\t<span style=\"line-height:115%\"><a href=\"https:\/\/starteridea.ee\/startertartu\/\"><span style=\"color:#1155cc\">https:\/\/starteridea.ee\/startertartu\/<\/span><\/a><\/span>\r\n<\/p>\r\n\r\n<p style=\"margin-bottom:.0001pt\">\r\n\t\u00a0\r\n<\/p>\r\n\r\n<h3 style=\"margin-bottom: 0.0001pt\">\r\n\tIn diesem TED-Vortrag erz\u00e4hlt ein Student \u00fcber sein b\u00fcrgerschaftliches Engagement:\r\n<\/h3>\r\n\r\n<p style=\"margin-bottom:.0001pt\">\r\n\t<img loading=\"lazy\" decoding=\"async\" width=\"1716\" height=\"1094\" class=\"alignnone wp-image-197\" style=\"width: 300px;height: 191px\" src=\"https:\/\/sisu.ut.ee\/wp-content\/uploads\/sites\/545\/sdce_video_2-3.png\" title=\"sdce_video_2-3.png\" alt=\"SDCE_video_2-3\" srcset=\"https:\/\/sisu.ut.ee\/wp-content\/uploads\/sites\/545\/sdce_video_2-3.png 1716w, https:\/\/sisu.ut.ee\/wp-content\/uploads\/sites\/545\/sdce_video_2-3-300x191.png 300w, https:\/\/sisu.ut.ee\/wp-content\/uploads\/sites\/545\/sdce_video_2-3-1024x653.png 1024w, https:\/\/sisu.ut.ee\/wp-content\/uploads\/sites\/545\/sdce_video_2-3-768x490.png 768w, https:\/\/sisu.ut.ee\/wp-content\/uploads\/sites\/545\/sdce_video_2-3-1536x979.png 1536w\" sizes=\"auto, (max-width: 1716px) 100vw, 1716px\"><a href=\"https:\/\/www.youtube.com\/watch?v=wqrHkM_6dsM&amp;t=1s\"><span style=\"color:#1155cc\">https:\/\/www.youtube.com\/watch?v=wqrHkM_6dsM&amp;t=1s<\/span><\/a>\r\n<\/p>\r\n\r\n<h2>\r\n\t\u00a0\r\n<\/h2>\r\n\r\n<h2>\r\n\t<span style=\"line-height:115%\"><b><span lang=\"EN-GB\"><span style=\"line-height:115%\">Schnelltest<\/span><\/span><\/b><\/span>\r\n<\/h2>\r\n\r\n<div class=\"h5p-iframe-wrapper\"><div class=\"video-placeholder-wrapper video-placeholder-wrapper--fixed\" style=\"height: 366px;\">\n\t\t\t    <div class=\"video-placeholder d-flex justify-content-center align-items-center\">\n\t\t\t        <div class=\"overlay text-white p-2 w-100 text-center d-block justify-content-center align-items-center\">\n\t\t\t            <div>To view third-party content, please accept cookies.<\/div>\n\t\t\t            <button class=\"btn btn-secondary btn-sm mt-1 consent-change\">Change consent<\/button>\n\t\t\t        <\/div>\n\t\t\t    <\/div>\n\t\t\t<\/div>\n<\/div>\r\n","protected":false},"excerpt":{"rendered":"<p>Dieses Thema f\u00fchrt in das didaktische Konzept des Service-Learning ein und erl\u00e4utert, welches Potential dieser Lehr- und Lernansatz f\u00fcr die Entwicklung des b\u00fcrgerschaftlichen Engagements von Studierenden hat. Nach der Auseinandersetzung mit diesen Inhalten k\u00f6nnen die Studierenden das Konzept des Service-Learning &#8230;<\/p>\n","protected":false},"author":63,"featured_media":0,"parent":0,"menu_order":0,"comment_status":"closed","ping_status":"closed","template":"","meta":{"_acf_changed":false,"inline_featured_image":false,"footnotes":""},"class_list":["post-134","page","type-page","status-publish","hentry"],"acf":[],"_links":{"self":[{"href":"https:\/\/sisu.ut.ee\/sdce\/de\/wp-json\/wp\/v2\/pages\/134","targetHints":{"allow":["GET"]}}],"collection":[{"href":"https:\/\/sisu.ut.ee\/sdce\/de\/wp-json\/wp\/v2\/pages"}],"about":[{"href":"https:\/\/sisu.ut.ee\/sdce\/de\/wp-json\/wp\/v2\/types\/page"}],"author":[{"embeddable":true,"href":"https:\/\/sisu.ut.ee\/sdce\/de\/wp-json\/wp\/v2\/users\/63"}],"replies":[{"embeddable":true,"href":"https:\/\/sisu.ut.ee\/sdce\/de\/wp-json\/wp\/v2\/comments?post=134"}],"version-history":[{"count":3,"href":"https:\/\/sisu.ut.ee\/sdce\/de\/wp-json\/wp\/v2\/pages\/134\/revisions"}],"predecessor-version":[{"id":792,"href":"https:\/\/sisu.ut.ee\/sdce\/de\/wp-json\/wp\/v2\/pages\/134\/revisions\/792"}],"wp:attachment":[{"href":"https:\/\/sisu.ut.ee\/sdce\/de\/wp-json\/wp\/v2\/media?parent=134"}],"curies":[{"name":"wp","href":"https:\/\/api.w.org\/{rel}","templated":true}]}}